{"id":1025,"date":"2023-04-26T09:00:14","date_gmt":"2023-04-26T09:00:14","guid":{"rendered":"https:\/\/www.avistahideawayphuketresort.com\/accommodations-in-phuket-luxury\/deluxe-duplex-suite\/"},"modified":"2023-07-04T02:58:38","modified_gmt":"2023-07-04T02:58:38","slug":"deluxe-duplex-suite","status":"publish","type":"page","link":"https:\/\/www.avistahideawayphuketresort.com\/es\/accommodations-in-phuket-luxury\/deluxe-duplex-suite\/","title":{"rendered":"SANTI DUPLEX SUITE CON BA\u00d1ERA DE HIDROMASAJE, 1 CAMA KING"},"content":{"rendered":"<p style=\"text-align: center;\">Suite d\u00faplex en Phuket<br \/>\nSi buscas un santuario espacioso, la Suite D\u00faplex Santi con Ba\u00f1era de Hidromasaje y Beneficios Rendez-Vue ofrece 140 metros cuadrados de pura clase y lujo. Entre todas las suites privadas disponibles en Patong, esta suite se encuentra entre las mejores. Ofrece algunos de los mejores puntos de vista de todo el complejo, siendo el tipo de lujo que solo puedes esperar de las mejores suites d\u00faplex. Phuket est\u00e1 bendecido con una belleza natural infinita, y la terraza privada en la azotea te permite disfrutar de una vista impresionante de todas sus maravillas. La azotea tambi\u00e9n cuenta con una mesa de comedor y una zona de estar para una experiencia \u00fanica y privada al aire libre. Una escalera de caracol conduce al dormitorio de abajo con una cama king size, donde otra terraza te permite disfrutar de un m\u00e1gico ba\u00f1o en tu jacuzzi de clase mundial. Como una de las mejores suites con jacuzzi en Phuket, esta selecci\u00f3n seguramente te sorprender\u00e1.<br \/>\n\u00a1Benef\u00edciate de la mejor tarifa garantizada al reservar directamente! Disfruta de un 10% adicional de descuento en tu estad\u00eda con Accor ALL.<\/p>\n","protected":false},"excerpt":{"rendered":"<p>Suite d\u00faplex en Phuket Si buscas un santuario espacioso, la Suite D\u00faplex Santi con Ba\u00f1era de Hidromasaje y Beneficios Rendez-Vue ofrece 140 metros cuadrados de pura clase y lujo. Entre todas las suites privadas disponibles en Patong, esta suite se encuentra entre las mejores. Ofrece algunos de los mejores puntos de vista de todo el [&hellip;]<\/p>\n","protected":false},"author":55,"featured_media":0,"parent":990,"menu_order":8,"comment_status":"closed","ping_status":"closed","template":"template-room.php","meta":{"footnotes":""},"categories":[44],"class_list":["post-1025","page","type-page","status-publish","hentry","category-suites-es"],"acf":[],"yoast_head":"<!-- This site is optimized with the Yoast SEO plugin v26.9 - https:\/\/yoast.com\/product\/yoast-seo-wordpress\/ -->\n<title>SANTI DUPLEX SUITE CON BA\u00d1ERA DE HIDROMASAJE, 1 CAMA KING - Avista Hideaway Phuket Patong<\/title>\n<meta name=\"robots\" content=\"index, follow, max-snippet:-1, max-image-preview:large, max-video-preview:-1\" \/>\n<link rel=\"canonical\" href=\"https:\/\/www.avistahideawayphuketresort.com\/es\/accommodations-in-phuket-luxury\/deluxe-duplex-suite\/\" \/>\n<meta property=\"og:locale\" content=\"es_ES\" \/>\n<meta property=\"og:type\" content=\"article\" \/>\n<meta property=\"og:title\" content=\"SANTI DUPLEX SUITE CON BA\u00d1ERA DE HIDROMASAJE, 1 CAMA KING - Avista Hideaway Phuket Patong\" \/>\n<meta property=\"og:description\" content=\"Suite d\u00faplex en Phuket Si buscas un santuario espacioso, la Suite D\u00faplex Santi con Ba\u00f1era de Hidromasaje y Beneficios Rendez-Vue ofrece 140 metros cuadrados de pura clase y lujo. Entre todas las suites privadas disponibles en Patong, esta suite se encuentra entre las mejores. Ofrece algunos de los mejores puntos de vista de todo el [&hellip;]\" \/>\n<meta property=\"og:url\" content=\"https:\/\/www.avistahideawayphuketresort.com\/es\/accommodations-in-phuket-luxury\/deluxe-duplex-suite\/\" \/>\n<meta property=\"og:site_name\" content=\"Avista Hideaway Phuket Patong\" \/>\n<meta property=\"article:modified_time\" content=\"2023-07-04T02:58:38+00:00\" \/>\n<meta name=\"twitter:card\" content=\"summary_large_image\" \/>\n<meta name=\"twitter:label1\" content=\"Tiempo de lectura\" \/>\n\t<meta name=\"twitter:data1\" content=\"1 minuto\" \/>\n<script type=\"application\/ld+json\" class=\"yoast-schema-graph\">{\"@context\":\"https:\/\/schema.org\",\"@graph\":[{\"@type\":\"WebPage\",\"@id\":\"https:\/\/www.avistahideawayphuketresort.com\/es\/accommodations-in-phuket-luxury\/deluxe-duplex-suite\/\",\"url\":\"https:\/\/www.avistahideawayphuketresort.com\/es\/accommodations-in-phuket-luxury\/deluxe-duplex-suite\/\",\"name\":\"SANTI DUPLEX SUITE CON BA\u00d1ERA DE HIDROMASAJE, 1 CAMA KING - Avista Hideaway Phuket Patong\",\"isPartOf\":{\"@id\":\"https:\/\/www.avistahideawayphuketresort.com\/#website\"},\"datePublished\":\"2023-04-26T09:00:14+00:00\",\"dateModified\":\"2023-07-04T02:58:38+00:00\",\"breadcrumb\":{\"@id\":\"https:\/\/www.avistahideawayphuketresort.com\/es\/accommodations-in-phuket-luxury\/deluxe-duplex-suite\/#breadcrumb\"},\"inLanguage\":\"es\",\"potentialAction\":[{\"@type\":\"ReadAction\",\"target\":[\"https:\/\/www.avistahideawayphuketresort.com\/es\/accommodations-in-phuket-luxury\/deluxe-duplex-suite\/\"]}]},{\"@type\":\"BreadcrumbList\",\"@id\":\"https:\/\/www.avistahideawayphuketresort.com\/es\/accommodations-in-phuket-luxury\/deluxe-duplex-suite\/#breadcrumb\",\"itemListElement\":[{\"@type\":\"ListItem\",\"position\":1,\"name\":\"Home\",\"item\":\"https:\/\/www.avistahideawayphuketresort.com\/es\/\"},{\"@type\":\"ListItem\",\"position\":2,\"name\":\"Habitaciones &#038; Suites\",\"item\":\"https:\/\/www.avistahideawayphuketresort.com\/es\/accommodations-in-phuket-luxury\/\"},{\"@type\":\"ListItem\",\"position\":3,\"name\":\"SANTI DUPLEX SUITE CON BA\u00d1ERA DE HIDROMASAJE, 1 CAMA KING\"}]},{\"@type\":\"WebSite\",\"@id\":\"https:\/\/www.avistahideawayphuketresort.com\/#website\",\"url\":\"https:\/\/www.avistahideawayphuketresort.com\/\",\"name\":\"Avista Hideaway Phuket Patong\",\"description\":\"\",\"potentialAction\":[{\"@type\":\"SearchAction\",\"target\":{\"@type\":\"EntryPoint\",\"urlTemplate\":\"https:\/\/www.avistahideawayphuketresort.com\/?s={search_term_string}\"},\"query-input\":{\"@type\":\"PropertyValueSpecification\",\"valueRequired\":true,\"valueName\":\"search_term_string\"}}],\"inLanguage\":\"es\"}]}<\/script>\n<!-- \/ Yoast SEO plugin. -->","yoast_head_json":{"title":"SANTI DUPLEX SUITE CON BA\u00d1ERA DE HIDROMASAJE, 1 CAMA KING - Avista Hideaway Phuket Patong","robots":{"index":"index","follow":"follow","max-snippet":"max-snippet:-1","max-image-preview":"max-image-preview:large","max-video-preview":"max-video-preview:-1"},"canonical":"https:\/\/www.avistahideawayphuketresort.com\/es\/accommodations-in-phuket-luxury\/deluxe-duplex-suite\/","og_locale":"es_ES","og_type":"article","og_title":"SANTI DUPLEX SUITE CON BA\u00d1ERA DE HIDROMASAJE, 1 CAMA KING - Avista Hideaway Phuket Patong","og_description":"Suite d\u00faplex en Phuket Si buscas un santuario espacioso, la Suite D\u00faplex Santi con Ba\u00f1era de Hidromasaje y Beneficios Rendez-Vue ofrece 140 metros cuadrados de pura clase y lujo. Entre todas las suites privadas disponibles en Patong, esta suite se encuentra entre las mejores. Ofrece algunos de los mejores puntos de vista de todo el [&hellip;]","og_url":"https:\/\/www.avistahideawayphuketresort.com\/es\/accommodations-in-phuket-luxury\/deluxe-duplex-suite\/","og_site_name":"Avista Hideaway Phuket Patong","article_modified_time":"2023-07-04T02:58:38+00:00","twitter_card":"summary_large_image","twitter_misc":{"Tiempo de lectura":"1 minuto"},"schema":{"@context":"https:\/\/schema.org","@graph":[{"@type":"WebPage","@id":"https:\/\/www.avistahideawayphuketresort.com\/es\/accommodations-in-phuket-luxury\/deluxe-duplex-suite\/","url":"https:\/\/www.avistahideawayphuketresort.com\/es\/accommodations-in-phuket-luxury\/deluxe-duplex-suite\/","name":"SANTI DUPLEX SUITE CON BA\u00d1ERA DE HIDROMASAJE, 1 CAMA KING - Avista Hideaway Phuket Patong","isPartOf":{"@id":"https:\/\/www.avistahideawayphuketresort.com\/#website"},"datePublished":"2023-04-26T09:00:14+00:00","dateModified":"2023-07-04T02:58:38+00:00","breadcrumb":{"@id":"https:\/\/www.avistahideawayphuketresort.com\/es\/accommodations-in-phuket-luxury\/deluxe-duplex-suite\/#breadcrumb"},"inLanguage":"es","potentialAction":[{"@type":"ReadAction","target":["https:\/\/www.avistahideawayphuketresort.com\/es\/accommodations-in-phuket-luxury\/deluxe-duplex-suite\/"]}]},{"@type":"BreadcrumbList","@id":"https:\/\/www.avistahideawayphuketresort.com\/es\/accommodations-in-phuket-luxury\/deluxe-duplex-suite\/#breadcrumb","itemListElement":[{"@type":"ListItem","position":1,"name":"Home","item":"https:\/\/www.avistahideawayphuketresort.com\/es\/"},{"@type":"ListItem","position":2,"name":"Habitaciones &#038; Suites","item":"https:\/\/www.avistahideawayphuketresort.com\/es\/accommodations-in-phuket-luxury\/"},{"@type":"ListItem","position":3,"name":"SANTI DUPLEX SUITE CON BA\u00d1ERA DE HIDROMASAJE, 1 CAMA KING"}]},{"@type":"WebSite","@id":"https:\/\/www.avistahideawayphuketresort.com\/#website","url":"https:\/\/www.avistahideawayphuketresort.com\/","name":"Avista Hideaway Phuket Patong","description":"","potentialAction":[{"@type":"SearchAction","target":{"@type":"EntryPoint","urlTemplate":"https:\/\/www.avistahideawayphuketresort.com\/?s={search_term_string}"},"query-input":{"@type":"PropertyValueSpecification","valueRequired":true,"valueName":"search_term_string"}}],"inLanguage":"es"}]}},"_links":{"self":[{"href":"https:\/\/www.avistahideawayphuketresort.com\/es\/wp-json\/wp\/v2\/pages\/1025","targetHints":{"allow":["GET"]}}],"collection":[{"href":"https:\/\/www.avistahideawayphuketresort.com\/es\/wp-json\/wp\/v2\/pages"}],"about":[{"href":"https:\/\/www.avistahideawayphuketresort.com\/es\/wp-json\/wp\/v2\/types\/page"}],"author":[{"embeddable":true,"href":"https:\/\/www.avistahideawayphuketresort.com\/es\/wp-json\/wp\/v2\/users\/55"}],"replies":[{"embeddable":true,"href":"https:\/\/www.avistahideawayphuketresort.com\/es\/wp-json\/wp\/v2\/comments?post=1025"}],"version-history":[{"count":0,"href":"https:\/\/www.avistahideawayphuketresort.com\/es\/wp-json\/wp\/v2\/pages\/1025\/revisions"}],"up":[{"embeddable":true,"href":"https:\/\/www.avistahideawayphuketresort.com\/es\/wp-json\/wp\/v2\/pages\/990"}],"wp:attachment":[{"href":"https:\/\/www.avistahideawayphuketresort.com\/es\/wp-json\/wp\/v2\/media?parent=1025"}],"wp:term":[{"taxonomy":"category","embeddable":true,"href":"https:\/\/www.avistahideawayphuketresort.com\/es\/wp-json\/wp\/v2\/categories?post=1025"}],"curies":[{"name":"wp","href":"https:\/\/api.w.org\/{rel}","templated":true}]}}