{"id":1035,"date":"2023-04-26T09:14:23","date_gmt":"2023-04-26T09:14:23","guid":{"rendered":"https:\/\/www.avistahideawayphuketresort.com\/accommodations-in-phuket-luxury\/sawan-hideaway-private-plunge-pool-suite\/"},"modified":"2023-07-04T03:26:41","modified_gmt":"2023-07-04T03:26:41","slug":"sawan-hideaway-private-plunge-pool-suite","status":"publish","type":"page","link":"https:\/\/www.avistahideawayphuketresort.com\/es\/accommodations-in-phuket-luxury\/sawan-hideaway-private-plunge-pool-suite\/","title":{"rendered":"SUITE PRIVADA CON PISCINA DE INMERSI\u00d3N EN SAWAN HIDEAWAY, 1 CAMA KING."},"content":{"rendered":"<p style=\"text-align: center;\">La joya de la corona de todas nuestras opciones de alojamiento es la Suite Avista Hideaway Sawan Hideaway Private Plunge Pool, con 1 cama king y beneficios de Rendez-Vue. Esta suite cuenta con impresionantes 145 metros cuadrados de extravagancia sin igual. De todas las suites con piscina privada que ofrece Phuket, esta es inigualable en decadencia, estilo, elegancia y confort. Ya sea en interiores o exteriores, las posibilidades son infinitas. Con una piscina privada, una cama king size con dosel, tumbonas extragrandes, \u00e1reas de estar lujosas, una ducha exterior y una ba\u00f1era al aire libre para disfrutar de una cena m\u00e1gica en la mesa de comedor exterior, esta suite es la reina de las suites de lujo. Phuket te invita a Avista Hideaway para vivir la c\u00faspide de la vida de 5 estrellas.<br \/>\n\u00a1Beneficiate de la mejor tarifa garantizada al reservar directamente! Disfruta de un 10% adicional de descuento en tu estad\u00eda con Accor ALL.<\/p>\n","protected":false},"excerpt":{"rendered":"<p>La joya de la corona de todas nuestras opciones de alojamiento es la Suite Avista Hideaway Sawan Hideaway Private Plunge Pool, con 1 cama king y beneficios de Rendez-Vue. Esta suite cuenta con impresionantes 145 metros cuadrados de extravagancia sin igual. De todas las suites con piscina privada que ofrece Phuket, esta es inigualable en [&hellip;]<\/p>\n","protected":false},"author":55,"featured_media":0,"parent":990,"menu_order":9,"comment_status":"closed","ping_status":"closed","template":"template-room.php","meta":{"footnotes":""},"categories":[44],"class_list":["post-1035","page","type-page","status-publish","hentry","category-suites-es"],"acf":[],"yoast_head":"<!-- This site is optimized with the Yoast SEO plugin v26.9 - https:\/\/yoast.com\/product\/yoast-seo-wordpress\/ -->\n<title>SUITE PRIVADA CON PISCINA DE INMERSI\u00d3N EN SAWAN HIDEAWAY, 1 CAMA KING. - Avista Hideaway Phuket Patong<\/title>\n<meta name=\"robots\" content=\"index, follow, max-snippet:-1, max-image-preview:large, max-video-preview:-1\" \/>\n<link rel=\"canonical\" href=\"https:\/\/www.avistahideawayphuketresort.com\/es\/accommodations-in-phuket-luxury\/sawan-hideaway-private-plunge-pool-suite\/\" \/>\n<meta property=\"og:locale\" content=\"es_ES\" \/>\n<meta property=\"og:type\" content=\"article\" \/>\n<meta property=\"og:title\" content=\"SUITE PRIVADA CON PISCINA DE INMERSI\u00d3N EN SAWAN HIDEAWAY, 1 CAMA KING. - Avista Hideaway Phuket Patong\" \/>\n<meta property=\"og:description\" content=\"La joya de la corona de todas nuestras opciones de alojamiento es la Suite Avista Hideaway Sawan Hideaway Private Plunge Pool, con 1 cama king y beneficios de Rendez-Vue. Esta suite cuenta con impresionantes 145 metros cuadrados de extravagancia sin igual. De todas las suites con piscina privada que ofrece Phuket, esta es inigualable en [&hellip;]\" \/>\n<meta property=\"og:url\" content=\"https:\/\/www.avistahideawayphuketresort.com\/es\/accommodations-in-phuket-luxury\/sawan-hideaway-private-plunge-pool-suite\/\" \/>\n<meta property=\"og:site_name\" content=\"Avista Hideaway Phuket Patong\" \/>\n<meta property=\"article:modified_time\" content=\"2023-07-04T03:26:41+00:00\" \/>\n<meta name=\"twitter:card\" content=\"summary_large_image\" \/>\n<meta name=\"twitter:label1\" content=\"Tiempo de lectura\" \/>\n\t<meta name=\"twitter:data1\" content=\"1 minuto\" \/>\n<script type=\"application\/ld+json\" class=\"yoast-schema-graph\">{\"@context\":\"https:\/\/schema.org\",\"@graph\":[{\"@type\":\"WebPage\",\"@id\":\"https:\/\/www.avistahideawayphuketresort.com\/es\/accommodations-in-phuket-luxury\/sawan-hideaway-private-plunge-pool-suite\/\",\"url\":\"https:\/\/www.avistahideawayphuketresort.com\/es\/accommodations-in-phuket-luxury\/sawan-hideaway-private-plunge-pool-suite\/\",\"name\":\"SUITE PRIVADA CON PISCINA DE INMERSI\u00d3N EN SAWAN HIDEAWAY, 1 CAMA KING. - Avista Hideaway Phuket Patong\",\"isPartOf\":{\"@id\":\"https:\/\/www.avistahideawayphuketresort.com\/#website\"},\"datePublished\":\"2023-04-26T09:14:23+00:00\",\"dateModified\":\"2023-07-04T03:26:41+00:00\",\"breadcrumb\":{\"@id\":\"https:\/\/www.avistahideawayphuketresort.com\/es\/accommodations-in-phuket-luxury\/sawan-hideaway-private-plunge-pool-suite\/#breadcrumb\"},\"inLanguage\":\"es\",\"potentialAction\":[{\"@type\":\"ReadAction\",\"target\":[\"https:\/\/www.avistahideawayphuketresort.com\/es\/accommodations-in-phuket-luxury\/sawan-hideaway-private-plunge-pool-suite\/\"]}]},{\"@type\":\"BreadcrumbList\",\"@id\":\"https:\/\/www.avistahideawayphuketresort.com\/es\/accommodations-in-phuket-luxury\/sawan-hideaway-private-plunge-pool-suite\/#breadcrumb\",\"itemListElement\":[{\"@type\":\"ListItem\",\"position\":1,\"name\":\"Home\",\"item\":\"https:\/\/www.avistahideawayphuketresort.com\/es\/\"},{\"@type\":\"ListItem\",\"position\":2,\"name\":\"Habitaciones &#038; Suites\",\"item\":\"https:\/\/www.avistahideawayphuketresort.com\/es\/accommodations-in-phuket-luxury\/\"},{\"@type\":\"ListItem\",\"position\":3,\"name\":\"SUITE PRIVADA CON PISCINA DE INMERSI\u00d3N EN SAWAN HIDEAWAY, 1 CAMA KING.\"}]},{\"@type\":\"WebSite\",\"@id\":\"https:\/\/www.avistahideawayphuketresort.com\/#website\",\"url\":\"https:\/\/www.avistahideawayphuketresort.com\/\",\"name\":\"Avista Hideaway Phuket Patong\",\"description\":\"\",\"potentialAction\":[{\"@type\":\"SearchAction\",\"target\":{\"@type\":\"EntryPoint\",\"urlTemplate\":\"https:\/\/www.avistahideawayphuketresort.com\/?s={search_term_string}\"},\"query-input\":{\"@type\":\"PropertyValueSpecification\",\"valueRequired\":true,\"valueName\":\"search_term_string\"}}],\"inLanguage\":\"es\"}]}<\/script>\n<!-- \/ Yoast SEO plugin. -->","yoast_head_json":{"title":"SUITE PRIVADA CON PISCINA DE INMERSI\u00d3N EN SAWAN HIDEAWAY, 1 CAMA KING. - Avista Hideaway Phuket Patong","robots":{"index":"index","follow":"follow","max-snippet":"max-snippet:-1","max-image-preview":"max-image-preview:large","max-video-preview":"max-video-preview:-1"},"canonical":"https:\/\/www.avistahideawayphuketresort.com\/es\/accommodations-in-phuket-luxury\/sawan-hideaway-private-plunge-pool-suite\/","og_locale":"es_ES","og_type":"article","og_title":"SUITE PRIVADA CON PISCINA DE INMERSI\u00d3N EN SAWAN HIDEAWAY, 1 CAMA KING. - Avista Hideaway Phuket Patong","og_description":"La joya de la corona de todas nuestras opciones de alojamiento es la Suite Avista Hideaway Sawan Hideaway Private Plunge Pool, con 1 cama king y beneficios de Rendez-Vue. Esta suite cuenta con impresionantes 145 metros cuadrados de extravagancia sin igual. De todas las suites con piscina privada que ofrece Phuket, esta es inigualable en [&hellip;]","og_url":"https:\/\/www.avistahideawayphuketresort.com\/es\/accommodations-in-phuket-luxury\/sawan-hideaway-private-plunge-pool-suite\/","og_site_name":"Avista Hideaway Phuket Patong","article_modified_time":"2023-07-04T03:26:41+00:00","twitter_card":"summary_large_image","twitter_misc":{"Tiempo de lectura":"1 minuto"},"schema":{"@context":"https:\/\/schema.org","@graph":[{"@type":"WebPage","@id":"https:\/\/www.avistahideawayphuketresort.com\/es\/accommodations-in-phuket-luxury\/sawan-hideaway-private-plunge-pool-suite\/","url":"https:\/\/www.avistahideawayphuketresort.com\/es\/accommodations-in-phuket-luxury\/sawan-hideaway-private-plunge-pool-suite\/","name":"SUITE PRIVADA CON PISCINA DE INMERSI\u00d3N EN SAWAN HIDEAWAY, 1 CAMA KING. - Avista Hideaway Phuket Patong","isPartOf":{"@id":"https:\/\/www.avistahideawayphuketresort.com\/#website"},"datePublished":"2023-04-26T09:14:23+00:00","dateModified":"2023-07-04T03:26:41+00:00","breadcrumb":{"@id":"https:\/\/www.avistahideawayphuketresort.com\/es\/accommodations-in-phuket-luxury\/sawan-hideaway-private-plunge-pool-suite\/#breadcrumb"},"inLanguage":"es","potentialAction":[{"@type":"ReadAction","target":["https:\/\/www.avistahideawayphuketresort.com\/es\/accommodations-in-phuket-luxury\/sawan-hideaway-private-plunge-pool-suite\/"]}]},{"@type":"BreadcrumbList","@id":"https:\/\/www.avistahideawayphuketresort.com\/es\/accommodations-in-phuket-luxury\/sawan-hideaway-private-plunge-pool-suite\/#breadcrumb","itemListElement":[{"@type":"ListItem","position":1,"name":"Home","item":"https:\/\/www.avistahideawayphuketresort.com\/es\/"},{"@type":"ListItem","position":2,"name":"Habitaciones &#038; Suites","item":"https:\/\/www.avistahideawayphuketresort.com\/es\/accommodations-in-phuket-luxury\/"},{"@type":"ListItem","position":3,"name":"SUITE PRIVADA CON PISCINA DE INMERSI\u00d3N EN SAWAN HIDEAWAY, 1 CAMA KING."}]},{"@type":"WebSite","@id":"https:\/\/www.avistahideawayphuketresort.com\/#website","url":"https:\/\/www.avistahideawayphuketresort.com\/","name":"Avista Hideaway Phuket Patong","description":"","potentialAction":[{"@type":"SearchAction","target":{"@type":"EntryPoint","urlTemplate":"https:\/\/www.avistahideawayphuketresort.com\/?s={search_term_string}"},"query-input":{"@type":"PropertyValueSpecification","valueRequired":true,"valueName":"search_term_string"}}],"inLanguage":"es"}]}},"_links":{"self":[{"href":"https:\/\/www.avistahideawayphuketresort.com\/es\/wp-json\/wp\/v2\/pages\/1035","targetHints":{"allow":["GET"]}}],"collection":[{"href":"https:\/\/www.avistahideawayphuketresort.com\/es\/wp-json\/wp\/v2\/pages"}],"about":[{"href":"https:\/\/www.avistahideawayphuketresort.com\/es\/wp-json\/wp\/v2\/types\/page"}],"author":[{"embeddable":true,"href":"https:\/\/www.avistahideawayphuketresort.com\/es\/wp-json\/wp\/v2\/users\/55"}],"replies":[{"embeddable":true,"href":"https:\/\/www.avistahideawayphuketresort.com\/es\/wp-json\/wp\/v2\/comments?post=1035"}],"version-history":[{"count":0,"href":"https:\/\/www.avistahideawayphuketresort.com\/es\/wp-json\/wp\/v2\/pages\/1035\/revisions"}],"up":[{"embeddable":true,"href":"https:\/\/www.avistahideawayphuketresort.com\/es\/wp-json\/wp\/v2\/pages\/990"}],"wp:attachment":[{"href":"https:\/\/www.avistahideawayphuketresort.com\/es\/wp-json\/wp\/v2\/media?parent=1035"}],"wp:term":[{"taxonomy":"category","embeddable":true,"href":"https:\/\/www.avistahideawayphuketresort.com\/es\/wp-json\/wp\/v2\/categories?post=1035"}],"curies":[{"name":"wp","href":"https:\/\/api.w.org\/{rel}","templated":true}]}}