{"id":1059,"date":"2023-05-02T06:21:48","date_gmt":"2023-05-02T06:21:48","guid":{"rendered":"https:\/\/www.avistahideawayphuketresort.com\/phuket-spa-wellness\/aqua-spa-in-phuket\/"},"modified":"2023-07-04T08:57:54","modified_gmt":"2023-07-04T08:57:54","slug":"aqua-spa-in-phuket","status":"publish","type":"page","link":"https:\/\/www.avistahideawayphuketresort.com\/es\/phuket-spa-wellness\/aqua-spa-in-phuket\/","title":{"rendered":"Aqua Spa"},"content":{"rendered":"<p style=\"text-align: center;\">El rejuvenecimiento comienza cuando empiezas a liberar la mente y relajarte en el regazo de la belleza esc\u00e9nica en Aqua Spa, el Mejor Spa en Phuket. Siente c\u00f3mo el estr\u00e9s se desvanece mientras la suave brisa de Phuket acaricia tu cuerpo, uniendo fuerzas con las manos curativas de nuestros expertos terapeutas de masaje y belleza. Nuestros spas est\u00e1n dise\u00f1ados para llevarte a un estado de dicha con un ambiente relajante. Deja que tu cuerpo y mente sean sanados, sin preocupaciones y aliviados del estr\u00e9s con una variedad de tratamientos mientras est\u00e1s en Aqua Spa en Phuket.<\/p>\n","protected":false},"excerpt":{"rendered":"<p>El rejuvenecimiento comienza cuando empiezas a liberar la mente y relajarte en el regazo de la belleza esc\u00e9nica en Aqua Spa, el Mejor Spa en Phuket. Siente c\u00f3mo el estr\u00e9s se desvanece mientras la suave brisa de Phuket acaricia tu cuerpo, uniendo fuerzas con las manos curativas de nuestros expertos terapeutas de masaje y belleza. [&hellip;]<\/p>\n","protected":false},"author":55,"featured_media":0,"parent":1047,"menu_order":2,"comment_status":"closed","ping_status":"closed","template":"","meta":{"footnotes":""},"categories":[],"class_list":["post-1059","page","type-page","status-publish","hentry"],"acf":[],"yoast_head":"<!-- This site is optimized with the Yoast SEO plugin v26.9 - https:\/\/yoast.com\/product\/yoast-seo-wordpress\/ -->\n<title>Spa in Phuket | Phuket Luxury Spa | Avista Hideaway Phuket Patong<\/title>\n<meta name=\"description\" content=\"Experience traditional Thai full-body massage at the Best Spa in Phuket, Aqua Spa at Avista Hideaway. Just lie down, relax and relieve your stress.\" \/>\n<meta name=\"robots\" content=\"index, follow, max-snippet:-1, max-image-preview:large, max-video-preview:-1\" \/>\n<link rel=\"canonical\" href=\"https:\/\/www.avistahideawayphuketresort.com\/es\/phuket-spa-wellness\/aqua-spa-in-phuket\/\" \/>\n<meta property=\"og:locale\" content=\"es_ES\" \/>\n<meta property=\"og:type\" content=\"article\" \/>\n<meta property=\"og:title\" content=\"Spa in Phuket | Phuket Luxury Spa | Avista Hideaway Phuket Patong\" \/>\n<meta property=\"og:description\" content=\"Experience traditional Thai full-body massage at the Best Spa in Phuket, Aqua Spa at Avista Hideaway. Just lie down, relax and relieve your stress.\" \/>\n<meta property=\"og:url\" content=\"https:\/\/www.avistahideawayphuketresort.com\/es\/phuket-spa-wellness\/aqua-spa-in-phuket\/\" \/>\n<meta property=\"og:site_name\" content=\"Avista Hideaway Phuket Patong\" \/>\n<meta property=\"article:modified_time\" content=\"2023-07-04T08:57:54+00:00\" \/>\n<meta name=\"twitter:card\" content=\"summary_large_image\" \/>\n<meta name=\"twitter:label1\" content=\"Tiempo de lectura\" \/>\n\t<meta name=\"twitter:data1\" content=\"1 minuto\" \/>\n<script type=\"application\/ld+json\" class=\"yoast-schema-graph\">{\"@context\":\"https:\/\/schema.org\",\"@graph\":[{\"@type\":\"WebPage\",\"@id\":\"https:\/\/www.avistahideawayphuketresort.com\/es\/phuket-spa-wellness\/aqua-spa-in-phuket\/\",\"url\":\"https:\/\/www.avistahideawayphuketresort.com\/es\/phuket-spa-wellness\/aqua-spa-in-phuket\/\",\"name\":\"Spa in Phuket | Phuket Luxury Spa | Avista Hideaway Phuket Patong\",\"isPartOf\":{\"@id\":\"https:\/\/www.avistahideawayphuketresort.com\/#website\"},\"datePublished\":\"2023-05-02T06:21:48+00:00\",\"dateModified\":\"2023-07-04T08:57:54+00:00\",\"description\":\"Experience traditional Thai full-body massage at the Best Spa in Phuket, Aqua Spa at Avista Hideaway. Just lie down, relax and relieve your stress.\",\"breadcrumb\":{\"@id\":\"https:\/\/www.avistahideawayphuketresort.com\/es\/phuket-spa-wellness\/aqua-spa-in-phuket\/#breadcrumb\"},\"inLanguage\":\"es\",\"potentialAction\":[{\"@type\":\"ReadAction\",\"target\":[\"https:\/\/www.avistahideawayphuketresort.com\/es\/phuket-spa-wellness\/aqua-spa-in-phuket\/\"]}]},{\"@type\":\"BreadcrumbList\",\"@id\":\"https:\/\/www.avistahideawayphuketresort.com\/es\/phuket-spa-wellness\/aqua-spa-in-phuket\/#breadcrumb\",\"itemListElement\":[{\"@type\":\"ListItem\",\"position\":1,\"name\":\"Home\",\"item\":\"https:\/\/www.avistahideawayphuketresort.com\/es\/\"},{\"@type\":\"ListItem\",\"position\":2,\"name\":\"Spa &#038; Bienestar\",\"item\":\"https:\/\/www.avistahideawayphuketresort.com\/es\/phuket-spa-wellness\/\"},{\"@type\":\"ListItem\",\"position\":3,\"name\":\"Aqua Spa\"}]},{\"@type\":\"WebSite\",\"@id\":\"https:\/\/www.avistahideawayphuketresort.com\/#website\",\"url\":\"https:\/\/www.avistahideawayphuketresort.com\/\",\"name\":\"Avista Hideaway Phuket Patong\",\"description\":\"\",\"potentialAction\":[{\"@type\":\"SearchAction\",\"target\":{\"@type\":\"EntryPoint\",\"urlTemplate\":\"https:\/\/www.avistahideawayphuketresort.com\/?s={search_term_string}\"},\"query-input\":{\"@type\":\"PropertyValueSpecification\",\"valueRequired\":true,\"valueName\":\"search_term_string\"}}],\"inLanguage\":\"es\"}]}<\/script>\n<!-- \/ Yoast SEO plugin. -->","yoast_head_json":{"title":"Spa in Phuket | Phuket Luxury Spa | Avista Hideaway Phuket Patong","description":"Experience traditional Thai full-body massage at the Best Spa in Phuket, Aqua Spa at Avista Hideaway. Just lie down, relax and relieve your stress.","robots":{"index":"index","follow":"follow","max-snippet":"max-snippet:-1","max-image-preview":"max-image-preview:large","max-video-preview":"max-video-preview:-1"},"canonical":"https:\/\/www.avistahideawayphuketresort.com\/es\/phuket-spa-wellness\/aqua-spa-in-phuket\/","og_locale":"es_ES","og_type":"article","og_title":"Spa in Phuket | Phuket Luxury Spa | Avista Hideaway Phuket Patong","og_description":"Experience traditional Thai full-body massage at the Best Spa in Phuket, Aqua Spa at Avista Hideaway. Just lie down, relax and relieve your stress.","og_url":"https:\/\/www.avistahideawayphuketresort.com\/es\/phuket-spa-wellness\/aqua-spa-in-phuket\/","og_site_name":"Avista Hideaway Phuket Patong","article_modified_time":"2023-07-04T08:57:54+00:00","twitter_card":"summary_large_image","twitter_misc":{"Tiempo de lectura":"1 minuto"},"schema":{"@context":"https:\/\/schema.org","@graph":[{"@type":"WebPage","@id":"https:\/\/www.avistahideawayphuketresort.com\/es\/phuket-spa-wellness\/aqua-spa-in-phuket\/","url":"https:\/\/www.avistahideawayphuketresort.com\/es\/phuket-spa-wellness\/aqua-spa-in-phuket\/","name":"Spa in Phuket | Phuket Luxury Spa | Avista Hideaway Phuket Patong","isPartOf":{"@id":"https:\/\/www.avistahideawayphuketresort.com\/#website"},"datePublished":"2023-05-02T06:21:48+00:00","dateModified":"2023-07-04T08:57:54+00:00","description":"Experience traditional Thai full-body massage at the Best Spa in Phuket, Aqua Spa at Avista Hideaway. Just lie down, relax and relieve your stress.","breadcrumb":{"@id":"https:\/\/www.avistahideawayphuketresort.com\/es\/phuket-spa-wellness\/aqua-spa-in-phuket\/#breadcrumb"},"inLanguage":"es","potentialAction":[{"@type":"ReadAction","target":["https:\/\/www.avistahideawayphuketresort.com\/es\/phuket-spa-wellness\/aqua-spa-in-phuket\/"]}]},{"@type":"BreadcrumbList","@id":"https:\/\/www.avistahideawayphuketresort.com\/es\/phuket-spa-wellness\/aqua-spa-in-phuket\/#breadcrumb","itemListElement":[{"@type":"ListItem","position":1,"name":"Home","item":"https:\/\/www.avistahideawayphuketresort.com\/es\/"},{"@type":"ListItem","position":2,"name":"Spa &#038; Bienestar","item":"https:\/\/www.avistahideawayphuketresort.com\/es\/phuket-spa-wellness\/"},{"@type":"ListItem","position":3,"name":"Aqua Spa"}]},{"@type":"WebSite","@id":"https:\/\/www.avistahideawayphuketresort.com\/#website","url":"https:\/\/www.avistahideawayphuketresort.com\/","name":"Avista Hideaway Phuket Patong","description":"","potentialAction":[{"@type":"SearchAction","target":{"@type":"EntryPoint","urlTemplate":"https:\/\/www.avistahideawayphuketresort.com\/?s={search_term_string}"},"query-input":{"@type":"PropertyValueSpecification","valueRequired":true,"valueName":"search_term_string"}}],"inLanguage":"es"}]}},"_links":{"self":[{"href":"https:\/\/www.avistahideawayphuketresort.com\/es\/wp-json\/wp\/v2\/pages\/1059","targetHints":{"allow":["GET"]}}],"collection":[{"href":"https:\/\/www.avistahideawayphuketresort.com\/es\/wp-json\/wp\/v2\/pages"}],"about":[{"href":"https:\/\/www.avistahideawayphuketresort.com\/es\/wp-json\/wp\/v2\/types\/page"}],"author":[{"embeddable":true,"href":"https:\/\/www.avistahideawayphuketresort.com\/es\/wp-json\/wp\/v2\/users\/55"}],"replies":[{"embeddable":true,"href":"https:\/\/www.avistahideawayphuketresort.com\/es\/wp-json\/wp\/v2\/comments?post=1059"}],"version-history":[{"count":0,"href":"https:\/\/www.avistahideawayphuketresort.com\/es\/wp-json\/wp\/v2\/pages\/1059\/revisions"}],"up":[{"embeddable":true,"href":"https:\/\/www.avistahideawayphuketresort.com\/es\/wp-json\/wp\/v2\/pages\/1047"}],"wp:attachment":[{"href":"https:\/\/www.avistahideawayphuketresort.com\/es\/wp-json\/wp\/v2\/media?parent=1059"}],"wp:term":[{"taxonomy":"category","embeddable":true,"href":"https:\/\/www.avistahideawayphuketresort.com\/es\/wp-json\/wp\/v2\/categories?post=1059"}],"curies":[{"name":"wp","href":"https:\/\/api.w.org\/{rel}","templated":true}]}}