{"id":1114,"date":"2023-05-02T08:45:02","date_gmt":"2023-05-02T08:45:02","guid":{"rendered":"https:\/\/www.avistahideawayphuketresort.com\/phuket-spa-wellness\/aqua-spa-in-phuket\/aqua-spa-menu\/body-wrap-treatments\/aloe-cucumber-wrap\/"},"modified":"2023-07-04T10:40:52","modified_gmt":"2023-07-04T10:40:52","slug":"aloe-cucumber-wrap","status":"publish","type":"page","link":"https:\/\/www.avistahideawayphuketresort.com\/es\/phuket-spa-wellness\/aqua-spa-in-phuket\/aqua-spa-menu\/body-wrap-treatments\/aloe-cucumber-wrap\/","title":{"rendered":"Envoltura de Aloe y Pepino &#8211; 2,000 THB"},"content":{"rendered":"<p style=\"text-align: center;\">Excelente para quemaduras solares o piel sensible, la combinaci\u00f3n de Aloe Vera y Pepino reducir\u00e1 el enrojecimiento y la irritaci\u00f3n para calmar la piel.<br \/>\n45 Minutos\/\u0e3f2,000<\/p>\n","protected":false},"excerpt":{"rendered":"<p>Excelente para quemaduras solares o piel sensible, la combinaci\u00f3n de Aloe Vera y Pepino reducir\u00e1 el enrojecimiento y la irritaci\u00f3n para calmar la piel. 45 Minutos\/\u0e3f2,000<\/p>\n","protected":false},"author":55,"featured_media":0,"parent":1102,"menu_order":2,"comment_status":"closed","ping_status":"closed","template":"","meta":{"footnotes":""},"categories":[],"class_list":["post-1114","page","type-page","status-publish","hentry"],"acf":[],"yoast_head":"<!-- This site is optimized with the Yoast SEO plugin v26.9 - https:\/\/yoast.com\/product\/yoast-seo-wordpress\/ -->\n<title>Envoltura de Aloe y Pepino - 2,000 THB - Avista Hideaway Phuket Patong<\/title>\n<meta name=\"robots\" content=\"index, follow, max-snippet:-1, max-image-preview:large, max-video-preview:-1\" \/>\n<link rel=\"canonical\" href=\"https:\/\/www.avistahideawayphuketresort.com\/es\/phuket-spa-wellness\/aqua-spa-in-phuket\/aqua-spa-menu\/body-wrap-treatments\/aloe-cucumber-wrap\/\" \/>\n<meta property=\"og:locale\" content=\"es_ES\" \/>\n<meta property=\"og:type\" content=\"article\" \/>\n<meta property=\"og:title\" content=\"Envoltura de Aloe y Pepino - 2,000 THB - Avista Hideaway Phuket Patong\" \/>\n<meta property=\"og:description\" content=\"Excelente para quemaduras solares o piel sensible, la combinaci\u00f3n de Aloe Vera y Pepino reducir\u00e1 el enrojecimiento y la irritaci\u00f3n para calmar la piel. 45 Minutos\/\u0e3f2,000\" \/>\n<meta property=\"og:url\" content=\"https:\/\/www.avistahideawayphuketresort.com\/es\/phuket-spa-wellness\/aqua-spa-in-phuket\/aqua-spa-menu\/body-wrap-treatments\/aloe-cucumber-wrap\/\" \/>\n<meta property=\"og:site_name\" content=\"Avista Hideaway Phuket Patong\" \/>\n<meta property=\"article:modified_time\" content=\"2023-07-04T10:40:52+00:00\" \/>\n<meta name=\"twitter:card\" content=\"summary_large_image\" \/>\n<meta name=\"twitter:label1\" content=\"Tiempo de lectura\" \/>\n\t<meta name=\"twitter:data1\" content=\"1 minuto\" \/>\n<script type=\"application\/ld+json\" class=\"yoast-schema-graph\">{\"@context\":\"https:\/\/schema.org\",\"@graph\":[{\"@type\":\"WebPage\",\"@id\":\"https:\/\/www.avistahideawayphuketresort.com\/es\/phuket-spa-wellness\/aqua-spa-in-phuket\/aqua-spa-menu\/body-wrap-treatments\/aloe-cucumber-wrap\/\",\"url\":\"https:\/\/www.avistahideawayphuketresort.com\/es\/phuket-spa-wellness\/aqua-spa-in-phuket\/aqua-spa-menu\/body-wrap-treatments\/aloe-cucumber-wrap\/\",\"name\":\"Envoltura de Aloe y Pepino - 2,000 THB - Avista Hideaway Phuket Patong\",\"isPartOf\":{\"@id\":\"https:\/\/www.avistahideawayphuketresort.com\/#website\"},\"datePublished\":\"2023-05-02T08:45:02+00:00\",\"dateModified\":\"2023-07-04T10:40:52+00:00\",\"breadcrumb\":{\"@id\":\"https:\/\/www.avistahideawayphuketresort.com\/es\/phuket-spa-wellness\/aqua-spa-in-phuket\/aqua-spa-menu\/body-wrap-treatments\/aloe-cucumber-wrap\/#breadcrumb\"},\"inLanguage\":\"es\",\"potentialAction\":[{\"@type\":\"ReadAction\",\"target\":[\"https:\/\/www.avistahideawayphuketresort.com\/es\/phuket-spa-wellness\/aqua-spa-in-phuket\/aqua-spa-menu\/body-wrap-treatments\/aloe-cucumber-wrap\/\"]}]},{\"@type\":\"BreadcrumbList\",\"@id\":\"https:\/\/www.avistahideawayphuketresort.com\/es\/phuket-spa-wellness\/aqua-spa-in-phuket\/aqua-spa-menu\/body-wrap-treatments\/aloe-cucumber-wrap\/#breadcrumb\",\"itemListElement\":[{\"@type\":\"ListItem\",\"position\":1,\"name\":\"Home\",\"item\":\"https:\/\/www.avistahideawayphuketresort.com\/es\/\"},{\"@type\":\"ListItem\",\"position\":2,\"name\":\"Spa &#038; Bienestar\",\"item\":\"https:\/\/www.avistahideawayphuketresort.com\/es\/phuket-spa-wellness\/\"},{\"@type\":\"ListItem\",\"position\":3,\"name\":\"Aqua Spa\",\"item\":\"https:\/\/www.avistahideawayphuketresort.com\/es\/phuket-spa-wellness\/aqua-spa-in-phuket\/\"},{\"@type\":\"ListItem\",\"position\":4,\"name\":\"Menu Aqua Spa\",\"item\":\"https:\/\/www.avistahideawayphuketresort.com\/es\/phuket-spa-wellness\/aqua-spa-in-phuket\/aqua-spa-menu\/\"},{\"@type\":\"ListItem\",\"position\":5,\"name\":\"Tratamientos de Envoltura Corporal\",\"item\":\"https:\/\/www.avistahideawayphuketresort.com\/es\/phuket-spa-wellness\/aqua-spa-in-phuket\/aqua-spa-menu\/body-wrap-treatments\/\"},{\"@type\":\"ListItem\",\"position\":6,\"name\":\"Envoltura de Aloe y Pepino &#8211; 2,000 THB\"}]},{\"@type\":\"WebSite\",\"@id\":\"https:\/\/www.avistahideawayphuketresort.com\/#website\",\"url\":\"https:\/\/www.avistahideawayphuketresort.com\/\",\"name\":\"Avista Hideaway Phuket Patong\",\"description\":\"\",\"potentialAction\":[{\"@type\":\"SearchAction\",\"target\":{\"@type\":\"EntryPoint\",\"urlTemplate\":\"https:\/\/www.avistahideawayphuketresort.com\/?s={search_term_string}\"},\"query-input\":{\"@type\":\"PropertyValueSpecification\",\"valueRequired\":true,\"valueName\":\"search_term_string\"}}],\"inLanguage\":\"es\"}]}<\/script>\n<!-- \/ Yoast SEO plugin. -->","yoast_head_json":{"title":"Envoltura de Aloe y Pepino - 2,000 THB - Avista Hideaway Phuket Patong","robots":{"index":"index","follow":"follow","max-snippet":"max-snippet:-1","max-image-preview":"max-image-preview:large","max-video-preview":"max-video-preview:-1"},"canonical":"https:\/\/www.avistahideawayphuketresort.com\/es\/phuket-spa-wellness\/aqua-spa-in-phuket\/aqua-spa-menu\/body-wrap-treatments\/aloe-cucumber-wrap\/","og_locale":"es_ES","og_type":"article","og_title":"Envoltura de Aloe y Pepino - 2,000 THB - Avista Hideaway Phuket Patong","og_description":"Excelente para quemaduras solares o piel sensible, la combinaci\u00f3n de Aloe Vera y Pepino reducir\u00e1 el enrojecimiento y la irritaci\u00f3n para calmar la piel. 45 Minutos\/\u0e3f2,000","og_url":"https:\/\/www.avistahideawayphuketresort.com\/es\/phuket-spa-wellness\/aqua-spa-in-phuket\/aqua-spa-menu\/body-wrap-treatments\/aloe-cucumber-wrap\/","og_site_name":"Avista Hideaway Phuket Patong","article_modified_time":"2023-07-04T10:40:52+00:00","twitter_card":"summary_large_image","twitter_misc":{"Tiempo de lectura":"1 minuto"},"schema":{"@context":"https:\/\/schema.org","@graph":[{"@type":"WebPage","@id":"https:\/\/www.avistahideawayphuketresort.com\/es\/phuket-spa-wellness\/aqua-spa-in-phuket\/aqua-spa-menu\/body-wrap-treatments\/aloe-cucumber-wrap\/","url":"https:\/\/www.avistahideawayphuketresort.com\/es\/phuket-spa-wellness\/aqua-spa-in-phuket\/aqua-spa-menu\/body-wrap-treatments\/aloe-cucumber-wrap\/","name":"Envoltura de Aloe y Pepino - 2,000 THB - Avista Hideaway Phuket Patong","isPartOf":{"@id":"https:\/\/www.avistahideawayphuketresort.com\/#website"},"datePublished":"2023-05-02T08:45:02+00:00","dateModified":"2023-07-04T10:40:52+00:00","breadcrumb":{"@id":"https:\/\/www.avistahideawayphuketresort.com\/es\/phuket-spa-wellness\/aqua-spa-in-phuket\/aqua-spa-menu\/body-wrap-treatments\/aloe-cucumber-wrap\/#breadcrumb"},"inLanguage":"es","potentialAction":[{"@type":"ReadAction","target":["https:\/\/www.avistahideawayphuketresort.com\/es\/phuket-spa-wellness\/aqua-spa-in-phuket\/aqua-spa-menu\/body-wrap-treatments\/aloe-cucumber-wrap\/"]}]},{"@type":"BreadcrumbList","@id":"https:\/\/www.avistahideawayphuketresort.com\/es\/phuket-spa-wellness\/aqua-spa-in-phuket\/aqua-spa-menu\/body-wrap-treatments\/aloe-cucumber-wrap\/#breadcrumb","itemListElement":[{"@type":"ListItem","position":1,"name":"Home","item":"https:\/\/www.avistahideawayphuketresort.com\/es\/"},{"@type":"ListItem","position":2,"name":"Spa &#038; Bienestar","item":"https:\/\/www.avistahideawayphuketresort.com\/es\/phuket-spa-wellness\/"},{"@type":"ListItem","position":3,"name":"Aqua Spa","item":"https:\/\/www.avistahideawayphuketresort.com\/es\/phuket-spa-wellness\/aqua-spa-in-phuket\/"},{"@type":"ListItem","position":4,"name":"Menu Aqua Spa","item":"https:\/\/www.avistahideawayphuketresort.com\/es\/phuket-spa-wellness\/aqua-spa-in-phuket\/aqua-spa-menu\/"},{"@type":"ListItem","position":5,"name":"Tratamientos de Envoltura Corporal","item":"https:\/\/www.avistahideawayphuketresort.com\/es\/phuket-spa-wellness\/aqua-spa-in-phuket\/aqua-spa-menu\/body-wrap-treatments\/"},{"@type":"ListItem","position":6,"name":"Envoltura de Aloe y Pepino &#8211; 2,000 THB"}]},{"@type":"WebSite","@id":"https:\/\/www.avistahideawayphuketresort.com\/#website","url":"https:\/\/www.avistahideawayphuketresort.com\/","name":"Avista Hideaway Phuket Patong","description":"","potentialAction":[{"@type":"SearchAction","target":{"@type":"EntryPoint","urlTemplate":"https:\/\/www.avistahideawayphuketresort.com\/?s={search_term_string}"},"query-input":{"@type":"PropertyValueSpecification","valueRequired":true,"valueName":"search_term_string"}}],"inLanguage":"es"}]}},"_links":{"self":[{"href":"https:\/\/www.avistahideawayphuketresort.com\/es\/wp-json\/wp\/v2\/pages\/1114","targetHints":{"allow":["GET"]}}],"collection":[{"href":"https:\/\/www.avistahideawayphuketresort.com\/es\/wp-json\/wp\/v2\/pages"}],"about":[{"href":"https:\/\/www.avistahideawayphuketresort.com\/es\/wp-json\/wp\/v2\/types\/page"}],"author":[{"embeddable":true,"href":"https:\/\/www.avistahideawayphuketresort.com\/es\/wp-json\/wp\/v2\/users\/55"}],"replies":[{"embeddable":true,"href":"https:\/\/www.avistahideawayphuketresort.com\/es\/wp-json\/wp\/v2\/comments?post=1114"}],"version-history":[{"count":0,"href":"https:\/\/www.avistahideawayphuketresort.com\/es\/wp-json\/wp\/v2\/pages\/1114\/revisions"}],"up":[{"embeddable":true,"href":"https:\/\/www.avistahideawayphuketresort.com\/es\/wp-json\/wp\/v2\/pages\/1102"}],"wp:attachment":[{"href":"https:\/\/www.avistahideawayphuketresort.com\/es\/wp-json\/wp\/v2\/media?parent=1114"}],"wp:term":[{"taxonomy":"category","embeddable":true,"href":"https:\/\/www.avistahideawayphuketresort.com\/es\/wp-json\/wp\/v2\/categories?post=1114"}],"curies":[{"name":"wp","href":"https:\/\/api.w.org\/{rel}","templated":true}]}}