{"id":1126,"date":"2023-05-02T08:49:27","date_gmt":"2023-05-02T08:49:27","guid":{"rendered":"https:\/\/www.avistahideawayphuketresort.com\/phuket-spa-wellness\/aqua-spa-in-phuket\/aqua-spa-menu\/body-scrub-treatments\/"},"modified":"2023-07-04T10:43:51","modified_gmt":"2023-07-04T10:43:51","slug":"body-scrub-treatments","status":"publish","type":"page","link":"https:\/\/www.avistahideawayphuketresort.com\/es\/phuket-spa-wellness\/aqua-spa-in-phuket\/aqua-spa-menu\/body-scrub-treatments\/","title":{"rendered":"Tratamientos de Exfoliaci\u00f3n Corporal"},"content":{"rendered":"<p style=\"text-align: center;\">Nuestro cuerpo necesita el mismo cuidado que nuestro rostro y cuello, ya que las c\u00e9lulas de la piel de nuestro cuerpo se desprenden regularmente para dar lugar a una piel nueva y m\u00e1s saludable. A medida que envejecemos, este proceso se vuelve m\u00e1s lento, y para darle un impulso, debemos tratarnos con un exfoliante corporal.<br \/>\nConsentir tu piel es el mejor cuidado personal que puedes darte. Los exfoliantes corporales deber\u00edan ser un elemento b\u00e1sico en tu rutina de belleza. Un exfoliante corporal es un tratamiento de spa que exfolia la piel de tu cuerpo, dej\u00e1ndola fresca, suave, hidratada y suave. Se frota vigorosamente un producto granulado en la piel, se masajea y luego se enjuaga para revelar una capa hidratada de piel fresca, limpia y suave. Hay muchos beneficios en usar un exfoliante corporal, ya que exfolia la piel, eliminando las c\u00e9lulas muertas, eliminando la piel dura y escamosa, dej\u00e1ndola suave y lisa. Los productos de exfoliaci\u00f3n suelen incluir una base oleosa que hidrata y suaviza la piel mientras se exfolia. Un exfoliante tambi\u00e9n puede ser refrescante y mejorar la circulaci\u00f3n de la sangre y la linfa en la superficie de la piel, ayudando a combatir la celulitis y mejorar el tono de la piel. El exfoliante funciona como un excelente exfoliante corporal, eliminando la piel muerta y dejando una piel suave y refinada.<\/p>\n","protected":false},"excerpt":{"rendered":"<p>Nuestro cuerpo necesita el mismo cuidado que nuestro rostro y cuello, ya que las c\u00e9lulas de la piel de nuestro cuerpo se desprenden regularmente para dar lugar a una piel nueva y m\u00e1s saludable. A medida que envejecemos, este proceso se vuelve m\u00e1s lento, y para darle un impulso, debemos tratarnos con un exfoliante corporal. [&hellip;]<\/p>\n","protected":false},"author":55,"featured_media":0,"parent":1071,"menu_order":2,"comment_status":"closed","ping_status":"closed","template":"","meta":{"footnotes":""},"categories":[],"class_list":["post-1126","page","type-page","status-publish","hentry"],"acf":[],"yoast_head":"<!-- This site is optimized with the Yoast SEO plugin v26.9 - https:\/\/yoast.com\/product\/yoast-seo-wordpress\/ -->\n<title>Tratamientos de Exfoliaci\u00f3n Corporal - Avista Hideaway Phuket Patong<\/title>\n<meta name=\"robots\" content=\"index, follow, max-snippet:-1, max-image-preview:large, max-video-preview:-1\" \/>\n<link rel=\"canonical\" href=\"https:\/\/www.avistahideawayphuketresort.com\/es\/phuket-spa-wellness\/aqua-spa-in-phuket\/aqua-spa-menu\/body-scrub-treatments\/\" \/>\n<meta property=\"og:locale\" content=\"es_ES\" \/>\n<meta property=\"og:type\" content=\"article\" \/>\n<meta property=\"og:title\" content=\"Tratamientos de Exfoliaci\u00f3n Corporal - Avista Hideaway Phuket Patong\" \/>\n<meta property=\"og:description\" content=\"Nuestro cuerpo necesita el mismo cuidado que nuestro rostro y cuello, ya que las c\u00e9lulas de la piel de nuestro cuerpo se desprenden regularmente para dar lugar a una piel nueva y m\u00e1s saludable. A medida que envejecemos, este proceso se vuelve m\u00e1s lento, y para darle un impulso, debemos tratarnos con un exfoliante corporal. [&hellip;]\" \/>\n<meta property=\"og:url\" content=\"https:\/\/www.avistahideawayphuketresort.com\/es\/phuket-spa-wellness\/aqua-spa-in-phuket\/aqua-spa-menu\/body-scrub-treatments\/\" \/>\n<meta property=\"og:site_name\" content=\"Avista Hideaway Phuket Patong\" \/>\n<meta property=\"article:modified_time\" content=\"2023-07-04T10:43:51+00:00\" \/>\n<meta name=\"twitter:card\" content=\"summary_large_image\" \/>\n<meta name=\"twitter:label1\" content=\"Tiempo de lectura\" \/>\n\t<meta name=\"twitter:data1\" content=\"1 minuto\" \/>\n<script type=\"application\/ld+json\" class=\"yoast-schema-graph\">{\"@context\":\"https:\/\/schema.org\",\"@graph\":[{\"@type\":\"WebPage\",\"@id\":\"https:\/\/www.avistahideawayphuketresort.com\/es\/phuket-spa-wellness\/aqua-spa-in-phuket\/aqua-spa-menu\/body-scrub-treatments\/\",\"url\":\"https:\/\/www.avistahideawayphuketresort.com\/es\/phuket-spa-wellness\/aqua-spa-in-phuket\/aqua-spa-menu\/body-scrub-treatments\/\",\"name\":\"Tratamientos de Exfoliaci\u00f3n Corporal - Avista Hideaway Phuket Patong\",\"isPartOf\":{\"@id\":\"https:\/\/www.avistahideawayphuketresort.com\/#website\"},\"datePublished\":\"2023-05-02T08:49:27+00:00\",\"dateModified\":\"2023-07-04T10:43:51+00:00\",\"breadcrumb\":{\"@id\":\"https:\/\/www.avistahideawayphuketresort.com\/es\/phuket-spa-wellness\/aqua-spa-in-phuket\/aqua-spa-menu\/body-scrub-treatments\/#breadcrumb\"},\"inLanguage\":\"es\",\"potentialAction\":[{\"@type\":\"ReadAction\",\"target\":[\"https:\/\/www.avistahideawayphuketresort.com\/es\/phuket-spa-wellness\/aqua-spa-in-phuket\/aqua-spa-menu\/body-scrub-treatments\/\"]}]},{\"@type\":\"BreadcrumbList\",\"@id\":\"https:\/\/www.avistahideawayphuketresort.com\/es\/phuket-spa-wellness\/aqua-spa-in-phuket\/aqua-spa-menu\/body-scrub-treatments\/#breadcrumb\",\"itemListElement\":[{\"@type\":\"ListItem\",\"position\":1,\"name\":\"Home\",\"item\":\"https:\/\/www.avistahideawayphuketresort.com\/es\/\"},{\"@type\":\"ListItem\",\"position\":2,\"name\":\"Spa &#038; Bienestar\",\"item\":\"https:\/\/www.avistahideawayphuketresort.com\/es\/phuket-spa-wellness\/\"},{\"@type\":\"ListItem\",\"position\":3,\"name\":\"Aqua Spa\",\"item\":\"https:\/\/www.avistahideawayphuketresort.com\/es\/phuket-spa-wellness\/aqua-spa-in-phuket\/\"},{\"@type\":\"ListItem\",\"position\":4,\"name\":\"Menu Aqua Spa\",\"item\":\"https:\/\/www.avistahideawayphuketresort.com\/es\/phuket-spa-wellness\/aqua-spa-in-phuket\/aqua-spa-menu\/\"},{\"@type\":\"ListItem\",\"position\":5,\"name\":\"Tratamientos de Exfoliaci\u00f3n Corporal\"}]},{\"@type\":\"WebSite\",\"@id\":\"https:\/\/www.avistahideawayphuketresort.com\/#website\",\"url\":\"https:\/\/www.avistahideawayphuketresort.com\/\",\"name\":\"Avista Hideaway Phuket Patong\",\"description\":\"\",\"potentialAction\":[{\"@type\":\"SearchAction\",\"target\":{\"@type\":\"EntryPoint\",\"urlTemplate\":\"https:\/\/www.avistahideawayphuketresort.com\/?s={search_term_string}\"},\"query-input\":{\"@type\":\"PropertyValueSpecification\",\"valueRequired\":true,\"valueName\":\"search_term_string\"}}],\"inLanguage\":\"es\"}]}<\/script>\n<!-- \/ Yoast SEO plugin. -->","yoast_head_json":{"title":"Tratamientos de Exfoliaci\u00f3n Corporal - Avista Hideaway Phuket Patong","robots":{"index":"index","follow":"follow","max-snippet":"max-snippet:-1","max-image-preview":"max-image-preview:large","max-video-preview":"max-video-preview:-1"},"canonical":"https:\/\/www.avistahideawayphuketresort.com\/es\/phuket-spa-wellness\/aqua-spa-in-phuket\/aqua-spa-menu\/body-scrub-treatments\/","og_locale":"es_ES","og_type":"article","og_title":"Tratamientos de Exfoliaci\u00f3n Corporal - Avista Hideaway Phuket Patong","og_description":"Nuestro cuerpo necesita el mismo cuidado que nuestro rostro y cuello, ya que las c\u00e9lulas de la piel de nuestro cuerpo se desprenden regularmente para dar lugar a una piel nueva y m\u00e1s saludable. A medida que envejecemos, este proceso se vuelve m\u00e1s lento, y para darle un impulso, debemos tratarnos con un exfoliante corporal. [&hellip;]","og_url":"https:\/\/www.avistahideawayphuketresort.com\/es\/phuket-spa-wellness\/aqua-spa-in-phuket\/aqua-spa-menu\/body-scrub-treatments\/","og_site_name":"Avista Hideaway Phuket Patong","article_modified_time":"2023-07-04T10:43:51+00:00","twitter_card":"summary_large_image","twitter_misc":{"Tiempo de lectura":"1 minuto"},"schema":{"@context":"https:\/\/schema.org","@graph":[{"@type":"WebPage","@id":"https:\/\/www.avistahideawayphuketresort.com\/es\/phuket-spa-wellness\/aqua-spa-in-phuket\/aqua-spa-menu\/body-scrub-treatments\/","url":"https:\/\/www.avistahideawayphuketresort.com\/es\/phuket-spa-wellness\/aqua-spa-in-phuket\/aqua-spa-menu\/body-scrub-treatments\/","name":"Tratamientos de Exfoliaci\u00f3n Corporal - Avista Hideaway Phuket Patong","isPartOf":{"@id":"https:\/\/www.avistahideawayphuketresort.com\/#website"},"datePublished":"2023-05-02T08:49:27+00:00","dateModified":"2023-07-04T10:43:51+00:00","breadcrumb":{"@id":"https:\/\/www.avistahideawayphuketresort.com\/es\/phuket-spa-wellness\/aqua-spa-in-phuket\/aqua-spa-menu\/body-scrub-treatments\/#breadcrumb"},"inLanguage":"es","potentialAction":[{"@type":"ReadAction","target":["https:\/\/www.avistahideawayphuketresort.com\/es\/phuket-spa-wellness\/aqua-spa-in-phuket\/aqua-spa-menu\/body-scrub-treatments\/"]}]},{"@type":"BreadcrumbList","@id":"https:\/\/www.avistahideawayphuketresort.com\/es\/phuket-spa-wellness\/aqua-spa-in-phuket\/aqua-spa-menu\/body-scrub-treatments\/#breadcrumb","itemListElement":[{"@type":"ListItem","position":1,"name":"Home","item":"https:\/\/www.avistahideawayphuketresort.com\/es\/"},{"@type":"ListItem","position":2,"name":"Spa &#038; Bienestar","item":"https:\/\/www.avistahideawayphuketresort.com\/es\/phuket-spa-wellness\/"},{"@type":"ListItem","position":3,"name":"Aqua Spa","item":"https:\/\/www.avistahideawayphuketresort.com\/es\/phuket-spa-wellness\/aqua-spa-in-phuket\/"},{"@type":"ListItem","position":4,"name":"Menu Aqua Spa","item":"https:\/\/www.avistahideawayphuketresort.com\/es\/phuket-spa-wellness\/aqua-spa-in-phuket\/aqua-spa-menu\/"},{"@type":"ListItem","position":5,"name":"Tratamientos de Exfoliaci\u00f3n Corporal"}]},{"@type":"WebSite","@id":"https:\/\/www.avistahideawayphuketresort.com\/#website","url":"https:\/\/www.avistahideawayphuketresort.com\/","name":"Avista Hideaway Phuket Patong","description":"","potentialAction":[{"@type":"SearchAction","target":{"@type":"EntryPoint","urlTemplate":"https:\/\/www.avistahideawayphuketresort.com\/?s={search_term_string}"},"query-input":{"@type":"PropertyValueSpecification","valueRequired":true,"valueName":"search_term_string"}}],"inLanguage":"es"}]}},"_links":{"self":[{"href":"https:\/\/www.avistahideawayphuketresort.com\/es\/wp-json\/wp\/v2\/pages\/1126","targetHints":{"allow":["GET"]}}],"collection":[{"href":"https:\/\/www.avistahideawayphuketresort.com\/es\/wp-json\/wp\/v2\/pages"}],"about":[{"href":"https:\/\/www.avistahideawayphuketresort.com\/es\/wp-json\/wp\/v2\/types\/page"}],"author":[{"embeddable":true,"href":"https:\/\/www.avistahideawayphuketresort.com\/es\/wp-json\/wp\/v2\/users\/55"}],"replies":[{"embeddable":true,"href":"https:\/\/www.avistahideawayphuketresort.com\/es\/wp-json\/wp\/v2\/comments?post=1126"}],"version-history":[{"count":0,"href":"https:\/\/www.avistahideawayphuketresort.com\/es\/wp-json\/wp\/v2\/pages\/1126\/revisions"}],"up":[{"embeddable":true,"href":"https:\/\/www.avistahideawayphuketresort.com\/es\/wp-json\/wp\/v2\/pages\/1071"}],"wp:attachment":[{"href":"https:\/\/www.avistahideawayphuketresort.com\/es\/wp-json\/wp\/v2\/media?parent=1126"}],"wp:term":[{"taxonomy":"category","embeddable":true,"href":"https:\/\/www.avistahideawayphuketresort.com\/es\/wp-json\/wp\/v2\/categories?post=1126"}],"curies":[{"name":"wp","href":"https:\/\/api.w.org\/{rel}","templated":true}]}}