{"id":1222,"date":"2023-05-02T06:57:28","date_gmt":"2023-05-02T06:57:28","guid":{"rendered":"https:\/\/www.avistahideawayphuketresort.com\/phuket-spa-wellness\/aqua-spa-in-phuket\/aqua-spa-menu\/body-massage-treatments\/"},"modified":"2023-07-04T10:59:30","modified_gmt":"2023-07-04T10:59:30","slug":"body-massage-treatments","status":"publish","type":"page","link":"https:\/\/www.avistahideawayphuketresort.com\/es\/phuket-spa-wellness\/aqua-spa-in-phuket\/aqua-spa-menu\/body-massage-treatments\/","title":{"rendered":"Tratamientos de Masaje Corporal"},"content":{"rendered":"<p style=\"text-align: center;\">Luces tenues, m\u00fasica suave, tranquilidad, es un para\u00edso mientras un masaje de cuerpo completo estimula nuestro sistema nervioso. Durante una sesi\u00f3n de masaje, se liberan endorfinas que nos hacen sentir felices y tranquilos. Nuestro cuerpo necesita masajes para renovarse y revertir los efectos del estr\u00e9s, despierta nuestros m\u00fasculos, \u00f3rganos, gl\u00e1ndulas y hace que multitud de c\u00e9lulas produzcan y liberen sustancias qu\u00edmicas y hormonas. El masaje no solo libera tensiones dentro del cuerpo, sino que reduce el dolor f\u00edsico y emocional, la ansiedad, la depresi\u00f3n, mejora la respiraci\u00f3n y tambi\u00e9n es bueno para nuestro coraz\u00f3n.<br \/>\nVisitar un spa puede ser un tratamiento de lujo, pero en realidad es un complemento para nuestra salud y bienestar. Relaja tu d\u00eda y complementa tu r\u00e9gimen de cuidado de la salud con masajes regulares en el Spa Avista Hideaway. Elige entre los diversos tipos de masajes que tenemos para ofrecer y nuestros masajistas, con sus t\u00e9cnicas, te dejar\u00e1n completamente tranquilo y relajado.<\/p>\n","protected":false},"excerpt":{"rendered":"<p>Luces tenues, m\u00fasica suave, tranquilidad, es un para\u00edso mientras un masaje de cuerpo completo estimula nuestro sistema nervioso. Durante una sesi\u00f3n de masaje, se liberan endorfinas que nos hacen sentir felices y tranquilos. Nuestro cuerpo necesita masajes para renovarse y revertir los efectos del estr\u00e9s, despierta nuestros m\u00fasculos, \u00f3rganos, gl\u00e1ndulas y hace que multitud de [&hellip;]<\/p>\n","protected":false},"author":55,"featured_media":0,"parent":1071,"menu_order":4,"comment_status":"closed","ping_status":"closed","template":"","meta":{"footnotes":""},"categories":[],"class_list":["post-1222","page","type-page","status-publish","hentry"],"acf":[],"yoast_head":"<!-- This site is optimized with the Yoast SEO plugin v26.9 - https:\/\/yoast.com\/product\/yoast-seo-wordpress\/ -->\n<title>Tratamientos de Masaje Corporal - Avista Hideaway Phuket Patong<\/title>\n<meta name=\"robots\" content=\"index, follow, max-snippet:-1, max-image-preview:large, max-video-preview:-1\" \/>\n<link rel=\"canonical\" href=\"https:\/\/www.avistahideawayphuketresort.com\/es\/phuket-spa-wellness\/aqua-spa-in-phuket\/aqua-spa-menu\/body-massage-treatments\/\" \/>\n<meta property=\"og:locale\" content=\"es_ES\" \/>\n<meta property=\"og:type\" content=\"article\" \/>\n<meta property=\"og:title\" content=\"Tratamientos de Masaje Corporal - Avista Hideaway Phuket Patong\" \/>\n<meta property=\"og:description\" content=\"Luces tenues, m\u00fasica suave, tranquilidad, es un para\u00edso mientras un masaje de cuerpo completo estimula nuestro sistema nervioso. Durante una sesi\u00f3n de masaje, se liberan endorfinas que nos hacen sentir felices y tranquilos. Nuestro cuerpo necesita masajes para renovarse y revertir los efectos del estr\u00e9s, despierta nuestros m\u00fasculos, \u00f3rganos, gl\u00e1ndulas y hace que multitud de [&hellip;]\" \/>\n<meta property=\"og:url\" content=\"https:\/\/www.avistahideawayphuketresort.com\/es\/phuket-spa-wellness\/aqua-spa-in-phuket\/aqua-spa-menu\/body-massage-treatments\/\" \/>\n<meta property=\"og:site_name\" content=\"Avista Hideaway Phuket Patong\" \/>\n<meta property=\"article:modified_time\" content=\"2023-07-04T10:59:30+00:00\" \/>\n<meta name=\"twitter:card\" content=\"summary_large_image\" \/>\n<meta name=\"twitter:label1\" content=\"Tiempo de lectura\" \/>\n\t<meta name=\"twitter:data1\" content=\"1 minuto\" \/>\n<script type=\"application\/ld+json\" class=\"yoast-schema-graph\">{\"@context\":\"https:\/\/schema.org\",\"@graph\":[{\"@type\":\"WebPage\",\"@id\":\"https:\/\/www.avistahideawayphuketresort.com\/es\/phuket-spa-wellness\/aqua-spa-in-phuket\/aqua-spa-menu\/body-massage-treatments\/\",\"url\":\"https:\/\/www.avistahideawayphuketresort.com\/es\/phuket-spa-wellness\/aqua-spa-in-phuket\/aqua-spa-menu\/body-massage-treatments\/\",\"name\":\"Tratamientos de Masaje Corporal - Avista Hideaway Phuket Patong\",\"isPartOf\":{\"@id\":\"https:\/\/www.avistahideawayphuketresort.com\/#website\"},\"datePublished\":\"2023-05-02T06:57:28+00:00\",\"dateModified\":\"2023-07-04T10:59:30+00:00\",\"breadcrumb\":{\"@id\":\"https:\/\/www.avistahideawayphuketresort.com\/es\/phuket-spa-wellness\/aqua-spa-in-phuket\/aqua-spa-menu\/body-massage-treatments\/#breadcrumb\"},\"inLanguage\":\"es\",\"potentialAction\":[{\"@type\":\"ReadAction\",\"target\":[\"https:\/\/www.avistahideawayphuketresort.com\/es\/phuket-spa-wellness\/aqua-spa-in-phuket\/aqua-spa-menu\/body-massage-treatments\/\"]}]},{\"@type\":\"BreadcrumbList\",\"@id\":\"https:\/\/www.avistahideawayphuketresort.com\/es\/phuket-spa-wellness\/aqua-spa-in-phuket\/aqua-spa-menu\/body-massage-treatments\/#breadcrumb\",\"itemListElement\":[{\"@type\":\"ListItem\",\"position\":1,\"name\":\"Home\",\"item\":\"https:\/\/www.avistahideawayphuketresort.com\/es\/\"},{\"@type\":\"ListItem\",\"position\":2,\"name\":\"Spa &#038; Bienestar\",\"item\":\"https:\/\/www.avistahideawayphuketresort.com\/es\/phuket-spa-wellness\/\"},{\"@type\":\"ListItem\",\"position\":3,\"name\":\"Aqua Spa\",\"item\":\"https:\/\/www.avistahideawayphuketresort.com\/es\/phuket-spa-wellness\/aqua-spa-in-phuket\/\"},{\"@type\":\"ListItem\",\"position\":4,\"name\":\"Menu Aqua Spa\",\"item\":\"https:\/\/www.avistahideawayphuketresort.com\/es\/phuket-spa-wellness\/aqua-spa-in-phuket\/aqua-spa-menu\/\"},{\"@type\":\"ListItem\",\"position\":5,\"name\":\"Tratamientos de Masaje Corporal\"}]},{\"@type\":\"WebSite\",\"@id\":\"https:\/\/www.avistahideawayphuketresort.com\/#website\",\"url\":\"https:\/\/www.avistahideawayphuketresort.com\/\",\"name\":\"Avista Hideaway Phuket Patong\",\"description\":\"\",\"potentialAction\":[{\"@type\":\"SearchAction\",\"target\":{\"@type\":\"EntryPoint\",\"urlTemplate\":\"https:\/\/www.avistahideawayphuketresort.com\/?s={search_term_string}\"},\"query-input\":{\"@type\":\"PropertyValueSpecification\",\"valueRequired\":true,\"valueName\":\"search_term_string\"}}],\"inLanguage\":\"es\"}]}<\/script>\n<!-- \/ Yoast SEO plugin. -->","yoast_head_json":{"title":"Tratamientos de Masaje Corporal - Avista Hideaway Phuket Patong","robots":{"index":"index","follow":"follow","max-snippet":"max-snippet:-1","max-image-preview":"max-image-preview:large","max-video-preview":"max-video-preview:-1"},"canonical":"https:\/\/www.avistahideawayphuketresort.com\/es\/phuket-spa-wellness\/aqua-spa-in-phuket\/aqua-spa-menu\/body-massage-treatments\/","og_locale":"es_ES","og_type":"article","og_title":"Tratamientos de Masaje Corporal - Avista Hideaway Phuket Patong","og_description":"Luces tenues, m\u00fasica suave, tranquilidad, es un para\u00edso mientras un masaje de cuerpo completo estimula nuestro sistema nervioso. Durante una sesi\u00f3n de masaje, se liberan endorfinas que nos hacen sentir felices y tranquilos. Nuestro cuerpo necesita masajes para renovarse y revertir los efectos del estr\u00e9s, despierta nuestros m\u00fasculos, \u00f3rganos, gl\u00e1ndulas y hace que multitud de [&hellip;]","og_url":"https:\/\/www.avistahideawayphuketresort.com\/es\/phuket-spa-wellness\/aqua-spa-in-phuket\/aqua-spa-menu\/body-massage-treatments\/","og_site_name":"Avista Hideaway Phuket Patong","article_modified_time":"2023-07-04T10:59:30+00:00","twitter_card":"summary_large_image","twitter_misc":{"Tiempo de lectura":"1 minuto"},"schema":{"@context":"https:\/\/schema.org","@graph":[{"@type":"WebPage","@id":"https:\/\/www.avistahideawayphuketresort.com\/es\/phuket-spa-wellness\/aqua-spa-in-phuket\/aqua-spa-menu\/body-massage-treatments\/","url":"https:\/\/www.avistahideawayphuketresort.com\/es\/phuket-spa-wellness\/aqua-spa-in-phuket\/aqua-spa-menu\/body-massage-treatments\/","name":"Tratamientos de Masaje Corporal - Avista Hideaway Phuket Patong","isPartOf":{"@id":"https:\/\/www.avistahideawayphuketresort.com\/#website"},"datePublished":"2023-05-02T06:57:28+00:00","dateModified":"2023-07-04T10:59:30+00:00","breadcrumb":{"@id":"https:\/\/www.avistahideawayphuketresort.com\/es\/phuket-spa-wellness\/aqua-spa-in-phuket\/aqua-spa-menu\/body-massage-treatments\/#breadcrumb"},"inLanguage":"es","potentialAction":[{"@type":"ReadAction","target":["https:\/\/www.avistahideawayphuketresort.com\/es\/phuket-spa-wellness\/aqua-spa-in-phuket\/aqua-spa-menu\/body-massage-treatments\/"]}]},{"@type":"BreadcrumbList","@id":"https:\/\/www.avistahideawayphuketresort.com\/es\/phuket-spa-wellness\/aqua-spa-in-phuket\/aqua-spa-menu\/body-massage-treatments\/#breadcrumb","itemListElement":[{"@type":"ListItem","position":1,"name":"Home","item":"https:\/\/www.avistahideawayphuketresort.com\/es\/"},{"@type":"ListItem","position":2,"name":"Spa &#038; Bienestar","item":"https:\/\/www.avistahideawayphuketresort.com\/es\/phuket-spa-wellness\/"},{"@type":"ListItem","position":3,"name":"Aqua Spa","item":"https:\/\/www.avistahideawayphuketresort.com\/es\/phuket-spa-wellness\/aqua-spa-in-phuket\/"},{"@type":"ListItem","position":4,"name":"Menu Aqua Spa","item":"https:\/\/www.avistahideawayphuketresort.com\/es\/phuket-spa-wellness\/aqua-spa-in-phuket\/aqua-spa-menu\/"},{"@type":"ListItem","position":5,"name":"Tratamientos de Masaje Corporal"}]},{"@type":"WebSite","@id":"https:\/\/www.avistahideawayphuketresort.com\/#website","url":"https:\/\/www.avistahideawayphuketresort.com\/","name":"Avista Hideaway Phuket Patong","description":"","potentialAction":[{"@type":"SearchAction","target":{"@type":"EntryPoint","urlTemplate":"https:\/\/www.avistahideawayphuketresort.com\/?s={search_term_string}"},"query-input":{"@type":"PropertyValueSpecification","valueRequired":true,"valueName":"search_term_string"}}],"inLanguage":"es"}]}},"_links":{"self":[{"href":"https:\/\/www.avistahideawayphuketresort.com\/es\/wp-json\/wp\/v2\/pages\/1222","targetHints":{"allow":["GET"]}}],"collection":[{"href":"https:\/\/www.avistahideawayphuketresort.com\/es\/wp-json\/wp\/v2\/pages"}],"about":[{"href":"https:\/\/www.avistahideawayphuketresort.com\/es\/wp-json\/wp\/v2\/types\/page"}],"author":[{"embeddable":true,"href":"https:\/\/www.avistahideawayphuketresort.com\/es\/wp-json\/wp\/v2\/users\/55"}],"replies":[{"embeddable":true,"href":"https:\/\/www.avistahideawayphuketresort.com\/es\/wp-json\/wp\/v2\/comments?post=1222"}],"version-history":[{"count":0,"href":"https:\/\/www.avistahideawayphuketresort.com\/es\/wp-json\/wp\/v2\/pages\/1222\/revisions"}],"up":[{"embeddable":true,"href":"https:\/\/www.avistahideawayphuketresort.com\/es\/wp-json\/wp\/v2\/pages\/1071"}],"wp:attachment":[{"href":"https:\/\/www.avistahideawayphuketresort.com\/es\/wp-json\/wp\/v2\/media?parent=1222"}],"wp:term":[{"taxonomy":"category","embeddable":true,"href":"https:\/\/www.avistahideawayphuketresort.com\/es\/wp-json\/wp\/v2\/categories?post=1222"}],"curies":[{"name":"wp","href":"https:\/\/api.w.org\/{rel}","templated":true}]}}