{"id":1264,"date":"2023-05-02T09:45:49","date_gmt":"2023-05-02T09:45:49","guid":{"rendered":"https:\/\/www.avistahideawayphuketresort.com\/phuket-spa-wellness\/aqua-spa-in-phuket\/aqua-spa-menu\/foot-massage-facial\/"},"modified":"2023-07-13T23:16:25","modified_gmt":"2023-07-13T23:16:25","slug":"foot-massage-facial","status":"publish","type":"page","link":"https:\/\/www.avistahideawayphuketresort.com\/es\/phuket-spa-wellness\/aqua-spa-in-phuket\/aqua-spa-menu\/foot-massage-facial\/","title":{"rendered":"Masaje de Pies y Cabeza"},"content":{"rendered":"<p style=\"text-align: center;\">\u00bfQui\u00e9n no quiere ser mimado en un spa donde el masajista aplica presi\u00f3n en puntos reflexol\u00f3gicos espec\u00edficos del pie? Ya sea un masaje de pies en casa o un tratamiento de un experto, un masaje de pies es definitivamente un masaje que vale la pena y que tiene un impacto positivo en todo nuestro cuerpo. Los pies suelen ser la parte m\u00e1s descuidada o ignorada del cuerpo y un breve masaje de pies realmente nos ayuda a relajarnos, especialmente despu\u00e9s de un largo d\u00eda, cuando nuestros pies tienden a hincharse por caminar o estar de pie. Un masaje regular mejora la circulaci\u00f3n, estimula los m\u00fasculos, reduce la tensi\u00f3n y a menudo alivia el dolor. As\u00ed como consentimos nuestro cuello, espalda y hombros con masajes regulares, nuestros pies tambi\u00e9n merecen ser mimados con un masaje regular.<\/p>\n<p style=\"text-align: center;\">\nEl masaje de cabeza indio suena realmente divino y una vez que est\u00e9s en Avista Hideaway, el terapeuta aplicar\u00e1 presi\u00f3n en los puntos de la parte superior de la espalda, los brazos y los hombros que liberar\u00e1n los m\u00fasculos y los nudos. La mejor parte del masaje de cabeza es que aumenta la nutrici\u00f3n y el ox\u00edgeno en el cuero cabelludo, lo que ayuda al crecimiento del cabello. Entra en nuestro spa y despeja tu mente con este masaje para relajarte y eliminar la fatiga causada por el estr\u00e9s mental.<\/p>\n","protected":false},"excerpt":{"rendered":"<p>\u00bfQui\u00e9n no quiere ser mimado en un spa donde el masajista aplica presi\u00f3n en puntos reflexol\u00f3gicos espec\u00edficos del pie? Ya sea un masaje de pies en casa o un tratamiento de un experto, un masaje de pies es definitivamente un masaje que vale la pena y que tiene un impacto positivo en todo nuestro cuerpo. [&hellip;]<\/p>\n","protected":false},"author":55,"featured_media":0,"parent":1071,"menu_order":6,"comment_status":"closed","ping_status":"closed","template":"","meta":{"footnotes":""},"categories":[],"class_list":["post-1264","page","type-page","status-publish","hentry"],"acf":[],"yoast_head":"<!-- This site is optimized with the Yoast SEO plugin v26.9 - https:\/\/yoast.com\/product\/yoast-seo-wordpress\/ -->\n<title>Masaje de Pies y Cabeza - Avista Hideaway Phuket Patong<\/title>\n<meta name=\"robots\" content=\"index, follow, max-snippet:-1, max-image-preview:large, max-video-preview:-1\" \/>\n<link rel=\"canonical\" href=\"https:\/\/www.avistahideawayphuketresort.com\/es\/phuket-spa-wellness\/aqua-spa-in-phuket\/aqua-spa-menu\/foot-massage-facial\/\" \/>\n<meta property=\"og:locale\" content=\"es_ES\" \/>\n<meta property=\"og:type\" content=\"article\" \/>\n<meta property=\"og:title\" content=\"Masaje de Pies y Cabeza - Avista Hideaway Phuket Patong\" \/>\n<meta property=\"og:description\" content=\"\u00bfQui\u00e9n no quiere ser mimado en un spa donde el masajista aplica presi\u00f3n en puntos reflexol\u00f3gicos espec\u00edficos del pie? Ya sea un masaje de pies en casa o un tratamiento de un experto, un masaje de pies es definitivamente un masaje que vale la pena y que tiene un impacto positivo en todo nuestro cuerpo. [&hellip;]\" \/>\n<meta property=\"og:url\" content=\"https:\/\/www.avistahideawayphuketresort.com\/es\/phuket-spa-wellness\/aqua-spa-in-phuket\/aqua-spa-menu\/foot-massage-facial\/\" \/>\n<meta property=\"og:site_name\" content=\"Avista Hideaway Phuket Patong\" \/>\n<meta property=\"article:modified_time\" content=\"2023-07-13T23:16:25+00:00\" \/>\n<meta name=\"twitter:card\" content=\"summary_large_image\" \/>\n<meta name=\"twitter:label1\" content=\"Tiempo de lectura\" \/>\n\t<meta name=\"twitter:data1\" content=\"1 minuto\" \/>\n<script type=\"application\/ld+json\" class=\"yoast-schema-graph\">{\"@context\":\"https:\/\/schema.org\",\"@graph\":[{\"@type\":\"WebPage\",\"@id\":\"https:\/\/www.avistahideawayphuketresort.com\/es\/phuket-spa-wellness\/aqua-spa-in-phuket\/aqua-spa-menu\/foot-massage-facial\/\",\"url\":\"https:\/\/www.avistahideawayphuketresort.com\/es\/phuket-spa-wellness\/aqua-spa-in-phuket\/aqua-spa-menu\/foot-massage-facial\/\",\"name\":\"Masaje de Pies y Cabeza - Avista Hideaway Phuket Patong\",\"isPartOf\":{\"@id\":\"https:\/\/www.avistahideawayphuketresort.com\/#website\"},\"datePublished\":\"2023-05-02T09:45:49+00:00\",\"dateModified\":\"2023-07-13T23:16:25+00:00\",\"breadcrumb\":{\"@id\":\"https:\/\/www.avistahideawayphuketresort.com\/es\/phuket-spa-wellness\/aqua-spa-in-phuket\/aqua-spa-menu\/foot-massage-facial\/#breadcrumb\"},\"inLanguage\":\"es\",\"potentialAction\":[{\"@type\":\"ReadAction\",\"target\":[\"https:\/\/www.avistahideawayphuketresort.com\/es\/phuket-spa-wellness\/aqua-spa-in-phuket\/aqua-spa-menu\/foot-massage-facial\/\"]}]},{\"@type\":\"BreadcrumbList\",\"@id\":\"https:\/\/www.avistahideawayphuketresort.com\/es\/phuket-spa-wellness\/aqua-spa-in-phuket\/aqua-spa-menu\/foot-massage-facial\/#breadcrumb\",\"itemListElement\":[{\"@type\":\"ListItem\",\"position\":1,\"name\":\"Home\",\"item\":\"https:\/\/www.avistahideawayphuketresort.com\/es\/\"},{\"@type\":\"ListItem\",\"position\":2,\"name\":\"Spa &#038; Bienestar\",\"item\":\"https:\/\/www.avistahideawayphuketresort.com\/es\/phuket-spa-wellness\/\"},{\"@type\":\"ListItem\",\"position\":3,\"name\":\"Aqua Spa\",\"item\":\"https:\/\/www.avistahideawayphuketresort.com\/es\/phuket-spa-wellness\/aqua-spa-in-phuket\/\"},{\"@type\":\"ListItem\",\"position\":4,\"name\":\"Menu Aqua Spa\",\"item\":\"https:\/\/www.avistahideawayphuketresort.com\/es\/phuket-spa-wellness\/aqua-spa-in-phuket\/aqua-spa-menu\/\"},{\"@type\":\"ListItem\",\"position\":5,\"name\":\"Masaje de Pies y Cabeza\"}]},{\"@type\":\"WebSite\",\"@id\":\"https:\/\/www.avistahideawayphuketresort.com\/#website\",\"url\":\"https:\/\/www.avistahideawayphuketresort.com\/\",\"name\":\"Avista Hideaway Phuket Patong\",\"description\":\"\",\"potentialAction\":[{\"@type\":\"SearchAction\",\"target\":{\"@type\":\"EntryPoint\",\"urlTemplate\":\"https:\/\/www.avistahideawayphuketresort.com\/?s={search_term_string}\"},\"query-input\":{\"@type\":\"PropertyValueSpecification\",\"valueRequired\":true,\"valueName\":\"search_term_string\"}}],\"inLanguage\":\"es\"}]}<\/script>\n<!-- \/ Yoast SEO plugin. -->","yoast_head_json":{"title":"Masaje de Pies y Cabeza - Avista Hideaway Phuket Patong","robots":{"index":"index","follow":"follow","max-snippet":"max-snippet:-1","max-image-preview":"max-image-preview:large","max-video-preview":"max-video-preview:-1"},"canonical":"https:\/\/www.avistahideawayphuketresort.com\/es\/phuket-spa-wellness\/aqua-spa-in-phuket\/aqua-spa-menu\/foot-massage-facial\/","og_locale":"es_ES","og_type":"article","og_title":"Masaje de Pies y Cabeza - Avista Hideaway Phuket Patong","og_description":"\u00bfQui\u00e9n no quiere ser mimado en un spa donde el masajista aplica presi\u00f3n en puntos reflexol\u00f3gicos espec\u00edficos del pie? Ya sea un masaje de pies en casa o un tratamiento de un experto, un masaje de pies es definitivamente un masaje que vale la pena y que tiene un impacto positivo en todo nuestro cuerpo. [&hellip;]","og_url":"https:\/\/www.avistahideawayphuketresort.com\/es\/phuket-spa-wellness\/aqua-spa-in-phuket\/aqua-spa-menu\/foot-massage-facial\/","og_site_name":"Avista Hideaway Phuket Patong","article_modified_time":"2023-07-13T23:16:25+00:00","twitter_card":"summary_large_image","twitter_misc":{"Tiempo de lectura":"1 minuto"},"schema":{"@context":"https:\/\/schema.org","@graph":[{"@type":"WebPage","@id":"https:\/\/www.avistahideawayphuketresort.com\/es\/phuket-spa-wellness\/aqua-spa-in-phuket\/aqua-spa-menu\/foot-massage-facial\/","url":"https:\/\/www.avistahideawayphuketresort.com\/es\/phuket-spa-wellness\/aqua-spa-in-phuket\/aqua-spa-menu\/foot-massage-facial\/","name":"Masaje de Pies y Cabeza - Avista Hideaway Phuket Patong","isPartOf":{"@id":"https:\/\/www.avistahideawayphuketresort.com\/#website"},"datePublished":"2023-05-02T09:45:49+00:00","dateModified":"2023-07-13T23:16:25+00:00","breadcrumb":{"@id":"https:\/\/www.avistahideawayphuketresort.com\/es\/phuket-spa-wellness\/aqua-spa-in-phuket\/aqua-spa-menu\/foot-massage-facial\/#breadcrumb"},"inLanguage":"es","potentialAction":[{"@type":"ReadAction","target":["https:\/\/www.avistahideawayphuketresort.com\/es\/phuket-spa-wellness\/aqua-spa-in-phuket\/aqua-spa-menu\/foot-massage-facial\/"]}]},{"@type":"BreadcrumbList","@id":"https:\/\/www.avistahideawayphuketresort.com\/es\/phuket-spa-wellness\/aqua-spa-in-phuket\/aqua-spa-menu\/foot-massage-facial\/#breadcrumb","itemListElement":[{"@type":"ListItem","position":1,"name":"Home","item":"https:\/\/www.avistahideawayphuketresort.com\/es\/"},{"@type":"ListItem","position":2,"name":"Spa &#038; Bienestar","item":"https:\/\/www.avistahideawayphuketresort.com\/es\/phuket-spa-wellness\/"},{"@type":"ListItem","position":3,"name":"Aqua Spa","item":"https:\/\/www.avistahideawayphuketresort.com\/es\/phuket-spa-wellness\/aqua-spa-in-phuket\/"},{"@type":"ListItem","position":4,"name":"Menu Aqua Spa","item":"https:\/\/www.avistahideawayphuketresort.com\/es\/phuket-spa-wellness\/aqua-spa-in-phuket\/aqua-spa-menu\/"},{"@type":"ListItem","position":5,"name":"Masaje de Pies y Cabeza"}]},{"@type":"WebSite","@id":"https:\/\/www.avistahideawayphuketresort.com\/#website","url":"https:\/\/www.avistahideawayphuketresort.com\/","name":"Avista Hideaway Phuket Patong","description":"","potentialAction":[{"@type":"SearchAction","target":{"@type":"EntryPoint","urlTemplate":"https:\/\/www.avistahideawayphuketresort.com\/?s={search_term_string}"},"query-input":{"@type":"PropertyValueSpecification","valueRequired":true,"valueName":"search_term_string"}}],"inLanguage":"es"}]}},"_links":{"self":[{"href":"https:\/\/www.avistahideawayphuketresort.com\/es\/wp-json\/wp\/v2\/pages\/1264","targetHints":{"allow":["GET"]}}],"collection":[{"href":"https:\/\/www.avistahideawayphuketresort.com\/es\/wp-json\/wp\/v2\/pages"}],"about":[{"href":"https:\/\/www.avistahideawayphuketresort.com\/es\/wp-json\/wp\/v2\/types\/page"}],"author":[{"embeddable":true,"href":"https:\/\/www.avistahideawayphuketresort.com\/es\/wp-json\/wp\/v2\/users\/55"}],"replies":[{"embeddable":true,"href":"https:\/\/www.avistahideawayphuketresort.com\/es\/wp-json\/wp\/v2\/comments?post=1264"}],"version-history":[{"count":0,"href":"https:\/\/www.avistahideawayphuketresort.com\/es\/wp-json\/wp\/v2\/pages\/1264\/revisions"}],"up":[{"embeddable":true,"href":"https:\/\/www.avistahideawayphuketresort.com\/es\/wp-json\/wp\/v2\/pages\/1071"}],"wp:attachment":[{"href":"https:\/\/www.avistahideawayphuketresort.com\/es\/wp-json\/wp\/v2\/media?parent=1264"}],"wp:term":[{"taxonomy":"category","embeddable":true,"href":"https:\/\/www.avistahideawayphuketresort.com\/es\/wp-json\/wp\/v2\/categories?post=1264"}],"curies":[{"name":"wp","href":"https:\/\/api.w.org\/{rel}","templated":true}]}}