{"id":1276,"date":"2023-05-02T09:46:50","date_gmt":"2023-05-02T09:46:50","guid":{"rendered":"https:\/\/www.avistahideawayphuketresort.com\/phuket-spa-wellness\/aqua-spa-in-phuket\/aqua-spa-menu\/foot-massage-facial\/tension-relief-massage\/"},"modified":"2023-07-04T11:19:32","modified_gmt":"2023-07-04T11:19:32","slug":"tension-relief-massage","status":"publish","type":"page","link":"https:\/\/www.avistahideawayphuketresort.com\/es\/phuket-spa-wellness\/aqua-spa-in-phuket\/aqua-spa-menu\/foot-massage-facial\/tension-relief-massage\/","title":{"rendered":"Masaje para Aliviar la Tensi\u00f3n &#8211; 1,300 TH"},"content":{"rendered":"<p style=\"text-align: center;\">Una experiencia recomendada para \u00e1reas contracturadas y dolorosas, especialmente en la parte superior de la espalda, el cuello y los hombros. Nuestro terapeuta trabajar\u00e1 para liberar la tensi\u00f3n y la restricci\u00f3n en esas \u00e1reas.<br \/>\n30 Minutos \u2013 \u0e3f1,300 THB<\/p>\n","protected":false},"excerpt":{"rendered":"<p>Una experiencia recomendada para \u00e1reas contracturadas y dolorosas, especialmente en la parte superior de la espalda, el cuello y los hombros. Nuestro terapeuta trabajar\u00e1 para liberar la tensi\u00f3n y la restricci\u00f3n en esas \u00e1reas. 30 Minutos \u2013 \u0e3f1,300 THB<\/p>\n","protected":false},"author":55,"featured_media":0,"parent":1264,"menu_order":1,"comment_status":"closed","ping_status":"closed","template":"","meta":{"footnotes":""},"categories":[],"class_list":["post-1276","page","type-page","status-publish","hentry"],"acf":[],"yoast_head":"<!-- This site is optimized with the Yoast SEO plugin v26.9 - https:\/\/yoast.com\/product\/yoast-seo-wordpress\/ -->\n<title>Masaje para Aliviar la Tensi\u00f3n - 1,300 TH - Avista Hideaway Phuket Patong<\/title>\n<meta name=\"robots\" content=\"index, follow, max-snippet:-1, max-image-preview:large, max-video-preview:-1\" \/>\n<link rel=\"canonical\" href=\"https:\/\/www.avistahideawayphuketresort.com\/es\/phuket-spa-wellness\/aqua-spa-in-phuket\/aqua-spa-menu\/foot-massage-facial\/tension-relief-massage\/\" \/>\n<meta property=\"og:locale\" content=\"es_ES\" \/>\n<meta property=\"og:type\" content=\"article\" \/>\n<meta property=\"og:title\" content=\"Masaje para Aliviar la Tensi\u00f3n - 1,300 TH - Avista Hideaway Phuket Patong\" \/>\n<meta property=\"og:description\" content=\"Una experiencia recomendada para \u00e1reas contracturadas y dolorosas, especialmente en la parte superior de la espalda, el cuello y los hombros. Nuestro terapeuta trabajar\u00e1 para liberar la tensi\u00f3n y la restricci\u00f3n en esas \u00e1reas. 30 Minutos \u2013 \u0e3f1,300 THB\" \/>\n<meta property=\"og:url\" content=\"https:\/\/www.avistahideawayphuketresort.com\/es\/phuket-spa-wellness\/aqua-spa-in-phuket\/aqua-spa-menu\/foot-massage-facial\/tension-relief-massage\/\" \/>\n<meta property=\"og:site_name\" content=\"Avista Hideaway Phuket Patong\" \/>\n<meta property=\"article:modified_time\" content=\"2023-07-04T11:19:32+00:00\" \/>\n<meta name=\"twitter:card\" content=\"summary_large_image\" \/>\n<meta name=\"twitter:label1\" content=\"Tiempo de lectura\" \/>\n\t<meta name=\"twitter:data1\" content=\"1 minuto\" \/>\n<script type=\"application\/ld+json\" class=\"yoast-schema-graph\">{\"@context\":\"https:\/\/schema.org\",\"@graph\":[{\"@type\":\"WebPage\",\"@id\":\"https:\/\/www.avistahideawayphuketresort.com\/es\/phuket-spa-wellness\/aqua-spa-in-phuket\/aqua-spa-menu\/foot-massage-facial\/tension-relief-massage\/\",\"url\":\"https:\/\/www.avistahideawayphuketresort.com\/es\/phuket-spa-wellness\/aqua-spa-in-phuket\/aqua-spa-menu\/foot-massage-facial\/tension-relief-massage\/\",\"name\":\"Masaje para Aliviar la Tensi\u00f3n - 1,300 TH - Avista Hideaway Phuket Patong\",\"isPartOf\":{\"@id\":\"https:\/\/www.avistahideawayphuketresort.com\/#website\"},\"datePublished\":\"2023-05-02T09:46:50+00:00\",\"dateModified\":\"2023-07-04T11:19:32+00:00\",\"breadcrumb\":{\"@id\":\"https:\/\/www.avistahideawayphuketresort.com\/es\/phuket-spa-wellness\/aqua-spa-in-phuket\/aqua-spa-menu\/foot-massage-facial\/tension-relief-massage\/#breadcrumb\"},\"inLanguage\":\"es\",\"potentialAction\":[{\"@type\":\"ReadAction\",\"target\":[\"https:\/\/www.avistahideawayphuketresort.com\/es\/phuket-spa-wellness\/aqua-spa-in-phuket\/aqua-spa-menu\/foot-massage-facial\/tension-relief-massage\/\"]}]},{\"@type\":\"BreadcrumbList\",\"@id\":\"https:\/\/www.avistahideawayphuketresort.com\/es\/phuket-spa-wellness\/aqua-spa-in-phuket\/aqua-spa-menu\/foot-massage-facial\/tension-relief-massage\/#breadcrumb\",\"itemListElement\":[{\"@type\":\"ListItem\",\"position\":1,\"name\":\"Home\",\"item\":\"https:\/\/www.avistahideawayphuketresort.com\/es\/\"},{\"@type\":\"ListItem\",\"position\":2,\"name\":\"Spa &#038; Bienestar\",\"item\":\"https:\/\/www.avistahideawayphuketresort.com\/es\/phuket-spa-wellness\/\"},{\"@type\":\"ListItem\",\"position\":3,\"name\":\"Aqua Spa\",\"item\":\"https:\/\/www.avistahideawayphuketresort.com\/es\/phuket-spa-wellness\/aqua-spa-in-phuket\/\"},{\"@type\":\"ListItem\",\"position\":4,\"name\":\"Menu Aqua Spa\",\"item\":\"https:\/\/www.avistahideawayphuketresort.com\/es\/phuket-spa-wellness\/aqua-spa-in-phuket\/aqua-spa-menu\/\"},{\"@type\":\"ListItem\",\"position\":5,\"name\":\"Masaje de Pies y Cabeza\",\"item\":\"https:\/\/www.avistahideawayphuketresort.com\/es\/phuket-spa-wellness\/aqua-spa-in-phuket\/aqua-spa-menu\/foot-massage-facial\/\"},{\"@type\":\"ListItem\",\"position\":6,\"name\":\"Masaje para Aliviar la Tensi\u00f3n &#8211; 1,300 TH\"}]},{\"@type\":\"WebSite\",\"@id\":\"https:\/\/www.avistahideawayphuketresort.com\/#website\",\"url\":\"https:\/\/www.avistahideawayphuketresort.com\/\",\"name\":\"Avista Hideaway Phuket Patong\",\"description\":\"\",\"potentialAction\":[{\"@type\":\"SearchAction\",\"target\":{\"@type\":\"EntryPoint\",\"urlTemplate\":\"https:\/\/www.avistahideawayphuketresort.com\/?s={search_term_string}\"},\"query-input\":{\"@type\":\"PropertyValueSpecification\",\"valueRequired\":true,\"valueName\":\"search_term_string\"}}],\"inLanguage\":\"es\"}]}<\/script>\n<!-- \/ Yoast SEO plugin. -->","yoast_head_json":{"title":"Masaje para Aliviar la Tensi\u00f3n - 1,300 TH - Avista Hideaway Phuket Patong","robots":{"index":"index","follow":"follow","max-snippet":"max-snippet:-1","max-image-preview":"max-image-preview:large","max-video-preview":"max-video-preview:-1"},"canonical":"https:\/\/www.avistahideawayphuketresort.com\/es\/phuket-spa-wellness\/aqua-spa-in-phuket\/aqua-spa-menu\/foot-massage-facial\/tension-relief-massage\/","og_locale":"es_ES","og_type":"article","og_title":"Masaje para Aliviar la Tensi\u00f3n - 1,300 TH - Avista Hideaway Phuket Patong","og_description":"Una experiencia recomendada para \u00e1reas contracturadas y dolorosas, especialmente en la parte superior de la espalda, el cuello y los hombros. Nuestro terapeuta trabajar\u00e1 para liberar la tensi\u00f3n y la restricci\u00f3n en esas \u00e1reas. 30 Minutos \u2013 \u0e3f1,300 THB","og_url":"https:\/\/www.avistahideawayphuketresort.com\/es\/phuket-spa-wellness\/aqua-spa-in-phuket\/aqua-spa-menu\/foot-massage-facial\/tension-relief-massage\/","og_site_name":"Avista Hideaway Phuket Patong","article_modified_time":"2023-07-04T11:19:32+00:00","twitter_card":"summary_large_image","twitter_misc":{"Tiempo de lectura":"1 minuto"},"schema":{"@context":"https:\/\/schema.org","@graph":[{"@type":"WebPage","@id":"https:\/\/www.avistahideawayphuketresort.com\/es\/phuket-spa-wellness\/aqua-spa-in-phuket\/aqua-spa-menu\/foot-massage-facial\/tension-relief-massage\/","url":"https:\/\/www.avistahideawayphuketresort.com\/es\/phuket-spa-wellness\/aqua-spa-in-phuket\/aqua-spa-menu\/foot-massage-facial\/tension-relief-massage\/","name":"Masaje para Aliviar la Tensi\u00f3n - 1,300 TH - Avista Hideaway Phuket Patong","isPartOf":{"@id":"https:\/\/www.avistahideawayphuketresort.com\/#website"},"datePublished":"2023-05-02T09:46:50+00:00","dateModified":"2023-07-04T11:19:32+00:00","breadcrumb":{"@id":"https:\/\/www.avistahideawayphuketresort.com\/es\/phuket-spa-wellness\/aqua-spa-in-phuket\/aqua-spa-menu\/foot-massage-facial\/tension-relief-massage\/#breadcrumb"},"inLanguage":"es","potentialAction":[{"@type":"ReadAction","target":["https:\/\/www.avistahideawayphuketresort.com\/es\/phuket-spa-wellness\/aqua-spa-in-phuket\/aqua-spa-menu\/foot-massage-facial\/tension-relief-massage\/"]}]},{"@type":"BreadcrumbList","@id":"https:\/\/www.avistahideawayphuketresort.com\/es\/phuket-spa-wellness\/aqua-spa-in-phuket\/aqua-spa-menu\/foot-massage-facial\/tension-relief-massage\/#breadcrumb","itemListElement":[{"@type":"ListItem","position":1,"name":"Home","item":"https:\/\/www.avistahideawayphuketresort.com\/es\/"},{"@type":"ListItem","position":2,"name":"Spa &#038; Bienestar","item":"https:\/\/www.avistahideawayphuketresort.com\/es\/phuket-spa-wellness\/"},{"@type":"ListItem","position":3,"name":"Aqua Spa","item":"https:\/\/www.avistahideawayphuketresort.com\/es\/phuket-spa-wellness\/aqua-spa-in-phuket\/"},{"@type":"ListItem","position":4,"name":"Menu Aqua Spa","item":"https:\/\/www.avistahideawayphuketresort.com\/es\/phuket-spa-wellness\/aqua-spa-in-phuket\/aqua-spa-menu\/"},{"@type":"ListItem","position":5,"name":"Masaje de Pies y Cabeza","item":"https:\/\/www.avistahideawayphuketresort.com\/es\/phuket-spa-wellness\/aqua-spa-in-phuket\/aqua-spa-menu\/foot-massage-facial\/"},{"@type":"ListItem","position":6,"name":"Masaje para Aliviar la Tensi\u00f3n &#8211; 1,300 TH"}]},{"@type":"WebSite","@id":"https:\/\/www.avistahideawayphuketresort.com\/#website","url":"https:\/\/www.avistahideawayphuketresort.com\/","name":"Avista Hideaway Phuket Patong","description":"","potentialAction":[{"@type":"SearchAction","target":{"@type":"EntryPoint","urlTemplate":"https:\/\/www.avistahideawayphuketresort.com\/?s={search_term_string}"},"query-input":{"@type":"PropertyValueSpecification","valueRequired":true,"valueName":"search_term_string"}}],"inLanguage":"es"}]}},"_links":{"self":[{"href":"https:\/\/www.avistahideawayphuketresort.com\/es\/wp-json\/wp\/v2\/pages\/1276","targetHints":{"allow":["GET"]}}],"collection":[{"href":"https:\/\/www.avistahideawayphuketresort.com\/es\/wp-json\/wp\/v2\/pages"}],"about":[{"href":"https:\/\/www.avistahideawayphuketresort.com\/es\/wp-json\/wp\/v2\/types\/page"}],"author":[{"embeddable":true,"href":"https:\/\/www.avistahideawayphuketresort.com\/es\/wp-json\/wp\/v2\/users\/55"}],"replies":[{"embeddable":true,"href":"https:\/\/www.avistahideawayphuketresort.com\/es\/wp-json\/wp\/v2\/comments?post=1276"}],"version-history":[{"count":0,"href":"https:\/\/www.avistahideawayphuketresort.com\/es\/wp-json\/wp\/v2\/pages\/1276\/revisions"}],"up":[{"embeddable":true,"href":"https:\/\/www.avistahideawayphuketresort.com\/es\/wp-json\/wp\/v2\/pages\/1264"}],"wp:attachment":[{"href":"https:\/\/www.avistahideawayphuketresort.com\/es\/wp-json\/wp\/v2\/media?parent=1276"}],"wp:term":[{"taxonomy":"category","embeddable":true,"href":"https:\/\/www.avistahideawayphuketresort.com\/es\/wp-json\/wp\/v2\/categories?post=1276"}],"curies":[{"name":"wp","href":"https:\/\/api.w.org\/{rel}","templated":true}]}}