{"id":1300,"date":"2023-05-02T07:16:47","date_gmt":"2023-05-02T07:16:47","guid":{"rendered":"https:\/\/www.avistahideawayphuketresort.com\/phuket-spa-wellness\/gym-patong-phuket-sculpt-fitness-center\/"},"modified":"2023-07-13T23:19:12","modified_gmt":"2023-07-13T23:19:12","slug":"gym-patong-phuket-sculpt-fitness-center","status":"publish","type":"page","link":"https:\/\/www.avistahideawayphuketresort.com\/es\/phuket-spa-wellness\/gym-patong-phuket-sculpt-fitness-center\/","title":{"rendered":"Centro de Fitness Sculpt"},"content":{"rendered":"<p style=\"text-align: center;\">Haz ejercicio con vistas a la piscina tropical en primer plano y a la jungla de Phuket m\u00e1s all\u00e1 en este gimnasio en Patong. El centro de fitness te ofrece la posibilidad de mantener tu rutina de ejercicios mientras est\u00e1s de vacaciones, en un entorno estimulante. Para una experiencia excepcional de bienestar, puedes esculpir, tonificar y hacer que tu coraz\u00f3n lata con m\u00e1quinas de fitness de \u00faltima generaci\u00f3n antes de relajarte en el Aqua Spa o refrescarte en una de las tres piscinas del resort.<br \/>\n\u00bfTe sientes aventurero? Lib\u00e9rate en medio de la naturaleza y prueba este sendero inexplorado.<br \/>\n\u00a1Mira nuestras habitaciones y suites y comienza a planificar tu pr\u00f3xima escapada hoy mismo!<\/p>\n","protected":false},"excerpt":{"rendered":"<p>Haz ejercicio con vistas a la piscina tropical en primer plano y a la jungla de Phuket m\u00e1s all\u00e1 en este gimnasio en Patong. El centro de fitness te ofrece la posibilidad de mantener tu rutina de ejercicios mientras est\u00e1s de vacaciones, en un entorno estimulante. Para una experiencia excepcional de bienestar, puedes esculpir, tonificar [&hellip;]<\/p>\n","protected":false},"author":55,"featured_media":0,"parent":1047,"menu_order":3,"comment_status":"closed","ping_status":"closed","template":"template-spa.php","meta":{"footnotes":""},"categories":[],"class_list":["post-1300","page","type-page","status-publish","hentry"],"acf":[],"yoast_head":"<!-- This site is optimized with the Yoast SEO plugin v26.9 - https:\/\/yoast.com\/product\/yoast-seo-wordpress\/ -->\n<title>Gym In Patong | Sculpt Fitness Center | Avista Hideaway Phuket Patong<\/title>\n<meta name=\"description\" content=\"Work out with views of Phuket&#039;s lush vegetation at Sculpt Fitness Center, equipped with cutting-edge fitness machines, the best gym in Patong.\" \/>\n<meta name=\"robots\" content=\"index, follow, max-snippet:-1, max-image-preview:large, max-video-preview:-1\" \/>\n<link rel=\"canonical\" href=\"https:\/\/www.avistahideawayphuketresort.com\/es\/phuket-spa-wellness\/gym-patong-phuket-sculpt-fitness-center\/\" \/>\n<meta property=\"og:locale\" content=\"es_ES\" \/>\n<meta property=\"og:type\" content=\"article\" \/>\n<meta property=\"og:title\" content=\"Gym In Patong | Sculpt Fitness Center | Avista Hideaway Phuket Patong\" \/>\n<meta property=\"og:description\" content=\"Work out with views of Phuket&#039;s lush vegetation at Sculpt Fitness Center, equipped with cutting-edge fitness machines, the best gym in Patong.\" \/>\n<meta property=\"og:url\" content=\"https:\/\/www.avistahideawayphuketresort.com\/es\/phuket-spa-wellness\/gym-patong-phuket-sculpt-fitness-center\/\" \/>\n<meta property=\"og:site_name\" content=\"Avista Hideaway Phuket Patong\" \/>\n<meta property=\"article:modified_time\" content=\"2023-07-13T23:19:12+00:00\" \/>\n<meta name=\"twitter:card\" content=\"summary_large_image\" \/>\n<meta name=\"twitter:label1\" content=\"Tiempo de lectura\" \/>\n\t<meta name=\"twitter:data1\" content=\"1 minuto\" \/>\n<script type=\"application\/ld+json\" class=\"yoast-schema-graph\">{\"@context\":\"https:\/\/schema.org\",\"@graph\":[{\"@type\":\"WebPage\",\"@id\":\"https:\/\/www.avistahideawayphuketresort.com\/es\/phuket-spa-wellness\/gym-patong-phuket-sculpt-fitness-center\/\",\"url\":\"https:\/\/www.avistahideawayphuketresort.com\/es\/phuket-spa-wellness\/gym-patong-phuket-sculpt-fitness-center\/\",\"name\":\"Gym In Patong | Sculpt Fitness Center | Avista Hideaway Phuket Patong\",\"isPartOf\":{\"@id\":\"https:\/\/www.avistahideawayphuketresort.com\/#website\"},\"datePublished\":\"2023-05-02T07:16:47+00:00\",\"dateModified\":\"2023-07-13T23:19:12+00:00\",\"description\":\"Work out with views of Phuket's lush vegetation at Sculpt Fitness Center, equipped with cutting-edge fitness machines, the best gym in Patong.\",\"breadcrumb\":{\"@id\":\"https:\/\/www.avistahideawayphuketresort.com\/es\/phuket-spa-wellness\/gym-patong-phuket-sculpt-fitness-center\/#breadcrumb\"},\"inLanguage\":\"es\",\"potentialAction\":[{\"@type\":\"ReadAction\",\"target\":[\"https:\/\/www.avistahideawayphuketresort.com\/es\/phuket-spa-wellness\/gym-patong-phuket-sculpt-fitness-center\/\"]}]},{\"@type\":\"BreadcrumbList\",\"@id\":\"https:\/\/www.avistahideawayphuketresort.com\/es\/phuket-spa-wellness\/gym-patong-phuket-sculpt-fitness-center\/#breadcrumb\",\"itemListElement\":[{\"@type\":\"ListItem\",\"position\":1,\"name\":\"Home\",\"item\":\"https:\/\/www.avistahideawayphuketresort.com\/es\/\"},{\"@type\":\"ListItem\",\"position\":2,\"name\":\"Spa &#038; Bienestar\",\"item\":\"https:\/\/www.avistahideawayphuketresort.com\/es\/phuket-spa-wellness\/\"},{\"@type\":\"ListItem\",\"position\":3,\"name\":\"Centro de Fitness Sculpt\"}]},{\"@type\":\"WebSite\",\"@id\":\"https:\/\/www.avistahideawayphuketresort.com\/#website\",\"url\":\"https:\/\/www.avistahideawayphuketresort.com\/\",\"name\":\"Avista Hideaway Phuket Patong\",\"description\":\"\",\"potentialAction\":[{\"@type\":\"SearchAction\",\"target\":{\"@type\":\"EntryPoint\",\"urlTemplate\":\"https:\/\/www.avistahideawayphuketresort.com\/?s={search_term_string}\"},\"query-input\":{\"@type\":\"PropertyValueSpecification\",\"valueRequired\":true,\"valueName\":\"search_term_string\"}}],\"inLanguage\":\"es\"}]}<\/script>\n<!-- \/ Yoast SEO plugin. -->","yoast_head_json":{"title":"Gym In Patong | Sculpt Fitness Center | Avista Hideaway Phuket Patong","description":"Work out with views of Phuket's lush vegetation at Sculpt Fitness Center, equipped with cutting-edge fitness machines, the best gym in Patong.","robots":{"index":"index","follow":"follow","max-snippet":"max-snippet:-1","max-image-preview":"max-image-preview:large","max-video-preview":"max-video-preview:-1"},"canonical":"https:\/\/www.avistahideawayphuketresort.com\/es\/phuket-spa-wellness\/gym-patong-phuket-sculpt-fitness-center\/","og_locale":"es_ES","og_type":"article","og_title":"Gym In Patong | Sculpt Fitness Center | Avista Hideaway Phuket Patong","og_description":"Work out with views of Phuket's lush vegetation at Sculpt Fitness Center, equipped with cutting-edge fitness machines, the best gym in Patong.","og_url":"https:\/\/www.avistahideawayphuketresort.com\/es\/phuket-spa-wellness\/gym-patong-phuket-sculpt-fitness-center\/","og_site_name":"Avista Hideaway Phuket Patong","article_modified_time":"2023-07-13T23:19:12+00:00","twitter_card":"summary_large_image","twitter_misc":{"Tiempo de lectura":"1 minuto"},"schema":{"@context":"https:\/\/schema.org","@graph":[{"@type":"WebPage","@id":"https:\/\/www.avistahideawayphuketresort.com\/es\/phuket-spa-wellness\/gym-patong-phuket-sculpt-fitness-center\/","url":"https:\/\/www.avistahideawayphuketresort.com\/es\/phuket-spa-wellness\/gym-patong-phuket-sculpt-fitness-center\/","name":"Gym In Patong | Sculpt Fitness Center | Avista Hideaway Phuket Patong","isPartOf":{"@id":"https:\/\/www.avistahideawayphuketresort.com\/#website"},"datePublished":"2023-05-02T07:16:47+00:00","dateModified":"2023-07-13T23:19:12+00:00","description":"Work out with views of Phuket's lush vegetation at Sculpt Fitness Center, equipped with cutting-edge fitness machines, the best gym in Patong.","breadcrumb":{"@id":"https:\/\/www.avistahideawayphuketresort.com\/es\/phuket-spa-wellness\/gym-patong-phuket-sculpt-fitness-center\/#breadcrumb"},"inLanguage":"es","potentialAction":[{"@type":"ReadAction","target":["https:\/\/www.avistahideawayphuketresort.com\/es\/phuket-spa-wellness\/gym-patong-phuket-sculpt-fitness-center\/"]}]},{"@type":"BreadcrumbList","@id":"https:\/\/www.avistahideawayphuketresort.com\/es\/phuket-spa-wellness\/gym-patong-phuket-sculpt-fitness-center\/#breadcrumb","itemListElement":[{"@type":"ListItem","position":1,"name":"Home","item":"https:\/\/www.avistahideawayphuketresort.com\/es\/"},{"@type":"ListItem","position":2,"name":"Spa &#038; Bienestar","item":"https:\/\/www.avistahideawayphuketresort.com\/es\/phuket-spa-wellness\/"},{"@type":"ListItem","position":3,"name":"Centro de Fitness Sculpt"}]},{"@type":"WebSite","@id":"https:\/\/www.avistahideawayphuketresort.com\/#website","url":"https:\/\/www.avistahideawayphuketresort.com\/","name":"Avista Hideaway Phuket Patong","description":"","potentialAction":[{"@type":"SearchAction","target":{"@type":"EntryPoint","urlTemplate":"https:\/\/www.avistahideawayphuketresort.com\/?s={search_term_string}"},"query-input":{"@type":"PropertyValueSpecification","valueRequired":true,"valueName":"search_term_string"}}],"inLanguage":"es"}]}},"_links":{"self":[{"href":"https:\/\/www.avistahideawayphuketresort.com\/es\/wp-json\/wp\/v2\/pages\/1300","targetHints":{"allow":["GET"]}}],"collection":[{"href":"https:\/\/www.avistahideawayphuketresort.com\/es\/wp-json\/wp\/v2\/pages"}],"about":[{"href":"https:\/\/www.avistahideawayphuketresort.com\/es\/wp-json\/wp\/v2\/types\/page"}],"author":[{"embeddable":true,"href":"https:\/\/www.avistahideawayphuketresort.com\/es\/wp-json\/wp\/v2\/users\/55"}],"replies":[{"embeddable":true,"href":"https:\/\/www.avistahideawayphuketresort.com\/es\/wp-json\/wp\/v2\/comments?post=1300"}],"version-history":[{"count":0,"href":"https:\/\/www.avistahideawayphuketresort.com\/es\/wp-json\/wp\/v2\/pages\/1300\/revisions"}],"up":[{"embeddable":true,"href":"https:\/\/www.avistahideawayphuketresort.com\/es\/wp-json\/wp\/v2\/pages\/1047"}],"wp:attachment":[{"href":"https:\/\/www.avistahideawayphuketresort.com\/es\/wp-json\/wp\/v2\/media?parent=1300"}],"wp:term":[{"taxonomy":"category","embeddable":true,"href":"https:\/\/www.avistahideawayphuketresort.com\/es\/wp-json\/wp\/v2\/categories?post=1300"}],"curies":[{"name":"wp","href":"https:\/\/api.w.org\/{rel}","templated":true}]}}