{"id":1316,"date":"2023-05-02T07:28:54","date_gmt":"2023-05-02T07:28:54","guid":{"rendered":"https:\/\/www.avistahideawayphuketresort.com\/phuket-spa-wellness\/swimming-pools\/main-pool\/"},"modified":"2023-07-04T11:26:08","modified_gmt":"2023-07-04T11:26:08","slug":"main-pool","status":"publish","type":"page","link":"https:\/\/www.avistahideawayphuketresort.com\/es\/phuket-spa-wellness\/swimming-pools\/main-pool\/","title":{"rendered":"Piscina Principal"},"content":{"rendered":"<p style=\"text-align: center;\">La Tropical Pool es una piscina infinita \u00fanica en Phuket, con vistas a las verdes colinas por un lado y al mar de Andam\u00e1n por el otro. S\u00f3lo aqu\u00ed es donde una vasta extensi\u00f3n de azul jade te invita a darte un refrescante chapuz\u00f3n.<br \/>\nEn la terraza superior se encuentra la Riverside Pool, con un borde infinito en la parte m\u00e1s profunda. Su superficie de cristal refleja los colores del cielo durante el d\u00eda, mientras que por la noche el interior de m\u00e1rmol se ilumina en un fascinante tono azul magenta. No dudes en participar en juegos de piscina mientras los ni\u00f1os disfrutan de la piscina infantil contigua. Tambi\u00e9n puedes tomar el sol y disfrutar de la vista en las c\u00f3modas tumbonas mientras lees un libro, tomas una copa o escuchas m\u00fasica.<br \/>\nPara que disfrutes de verdad del sol de Phuket mientras est\u00e1s en el complejo, te traemos un mont\u00f3n de diversi\u00f3n en forma de bar junto a la piscina. Deja que nuestros camareros del Chiva Pool Bar te preparen el brebaje ideal para tu estado de \u00e1nimo y, si quieres, \u00a1vu\u00e9lvete loco!<br \/>\nDisfruta del d\u00eda y rel\u00e1jate en nuestra piscina infinita \u00fanica en Phuket o d\u00e9jate llevar por el ambiente en nuestra Piscina Hillside.<br \/>\nVe nuestras Habitaciones &amp; Suites y empieza a planear tu pr\u00f3xima escapada hoy mismo.<\/p>\n","protected":false},"excerpt":{"rendered":"<p>La Tropical Pool es una piscina infinita \u00fanica en Phuket, con vistas a las verdes colinas por un lado y al mar de Andam\u00e1n por el otro. S\u00f3lo aqu\u00ed es donde una vasta extensi\u00f3n de azul jade te invita a darte un refrescante chapuz\u00f3n. En la terraza superior se encuentra la Riverside Pool, con un [&hellip;]<\/p>\n","protected":false},"author":55,"featured_media":0,"parent":1313,"menu_order":1,"comment_status":"closed","ping_status":"closed","template":"","meta":{"footnotes":""},"categories":[],"class_list":["post-1316","page","type-page","status-publish","hentry"],"acf":[],"yoast_head":"<!-- This site is optimized with the Yoast SEO plugin v26.9 - https:\/\/yoast.com\/product\/yoast-seo-wordpress\/ -->\n<title>Infinity Pool In Phuket - The Main Pool at Avista Hideaway Phuket Patong<\/title>\n<meta name=\"description\" content=\"The main pool at Avista Hideaway sits among breathtaking views and is the best infinity pool in Phuket. Enjoy three pools in three different settings.\" \/>\n<meta name=\"robots\" content=\"index, follow, max-snippet:-1, max-image-preview:large, max-video-preview:-1\" \/>\n<link rel=\"canonical\" href=\"https:\/\/www.avistahideawayphuketresort.com\/es\/phuket-spa-wellness\/swimming-pools\/main-pool\/\" \/>\n<meta property=\"og:locale\" content=\"es_ES\" \/>\n<meta property=\"og:type\" content=\"article\" \/>\n<meta property=\"og:title\" content=\"Infinity Pool In Phuket - The Main Pool at Avista Hideaway Phuket Patong\" \/>\n<meta property=\"og:description\" content=\"The main pool at Avista Hideaway sits among breathtaking views and is the best infinity pool in Phuket. Enjoy three pools in three different settings.\" \/>\n<meta property=\"og:url\" content=\"https:\/\/www.avistahideawayphuketresort.com\/es\/phuket-spa-wellness\/swimming-pools\/main-pool\/\" \/>\n<meta property=\"og:site_name\" content=\"Avista Hideaway Phuket Patong\" \/>\n<meta property=\"article:modified_time\" content=\"2023-07-04T11:26:08+00:00\" \/>\n<meta name=\"twitter:card\" content=\"summary_large_image\" \/>\n<meta name=\"twitter:label1\" content=\"Tiempo de lectura\" \/>\n\t<meta name=\"twitter:data1\" content=\"1 minuto\" \/>\n<script type=\"application\/ld+json\" class=\"yoast-schema-graph\">{\"@context\":\"https:\/\/schema.org\",\"@graph\":[{\"@type\":\"WebPage\",\"@id\":\"https:\/\/www.avistahideawayphuketresort.com\/es\/phuket-spa-wellness\/swimming-pools\/main-pool\/\",\"url\":\"https:\/\/www.avistahideawayphuketresort.com\/es\/phuket-spa-wellness\/swimming-pools\/main-pool\/\",\"name\":\"Infinity Pool In Phuket - The Main Pool at Avista Hideaway Phuket Patong\",\"isPartOf\":{\"@id\":\"https:\/\/www.avistahideawayphuketresort.com\/#website\"},\"datePublished\":\"2023-05-02T07:28:54+00:00\",\"dateModified\":\"2023-07-04T11:26:08+00:00\",\"description\":\"The main pool at Avista Hideaway sits among breathtaking views and is the best infinity pool in Phuket. Enjoy three pools in three different settings.\",\"breadcrumb\":{\"@id\":\"https:\/\/www.avistahideawayphuketresort.com\/es\/phuket-spa-wellness\/swimming-pools\/main-pool\/#breadcrumb\"},\"inLanguage\":\"es\",\"potentialAction\":[{\"@type\":\"ReadAction\",\"target\":[\"https:\/\/www.avistahideawayphuketresort.com\/es\/phuket-spa-wellness\/swimming-pools\/main-pool\/\"]}]},{\"@type\":\"BreadcrumbList\",\"@id\":\"https:\/\/www.avistahideawayphuketresort.com\/es\/phuket-spa-wellness\/swimming-pools\/main-pool\/#breadcrumb\",\"itemListElement\":[{\"@type\":\"ListItem\",\"position\":1,\"name\":\"Home\",\"item\":\"https:\/\/www.avistahideawayphuketresort.com\/es\/\"},{\"@type\":\"ListItem\",\"position\":2,\"name\":\"Spa &#038; Bienestar\",\"item\":\"https:\/\/www.avistahideawayphuketresort.com\/es\/phuket-spa-wellness\/\"},{\"@type\":\"ListItem\",\"position\":3,\"name\":\"Tres Piscinas\",\"item\":\"https:\/\/www.avistahideawayphuketresort.com\/es\/phuket-spa-wellness\/swimming-pools\/\"},{\"@type\":\"ListItem\",\"position\":4,\"name\":\"Piscina Principal\"}]},{\"@type\":\"WebSite\",\"@id\":\"https:\/\/www.avistahideawayphuketresort.com\/#website\",\"url\":\"https:\/\/www.avistahideawayphuketresort.com\/\",\"name\":\"Avista Hideaway Phuket Patong\",\"description\":\"\",\"potentialAction\":[{\"@type\":\"SearchAction\",\"target\":{\"@type\":\"EntryPoint\",\"urlTemplate\":\"https:\/\/www.avistahideawayphuketresort.com\/?s={search_term_string}\"},\"query-input\":{\"@type\":\"PropertyValueSpecification\",\"valueRequired\":true,\"valueName\":\"search_term_string\"}}],\"inLanguage\":\"es\"}]}<\/script>\n<!-- \/ Yoast SEO plugin. -->","yoast_head_json":{"title":"Infinity Pool In Phuket - The Main Pool at Avista Hideaway Phuket Patong","description":"The main pool at Avista Hideaway sits among breathtaking views and is the best infinity pool in Phuket. Enjoy three pools in three different settings.","robots":{"index":"index","follow":"follow","max-snippet":"max-snippet:-1","max-image-preview":"max-image-preview:large","max-video-preview":"max-video-preview:-1"},"canonical":"https:\/\/www.avistahideawayphuketresort.com\/es\/phuket-spa-wellness\/swimming-pools\/main-pool\/","og_locale":"es_ES","og_type":"article","og_title":"Infinity Pool In Phuket - The Main Pool at Avista Hideaway Phuket Patong","og_description":"The main pool at Avista Hideaway sits among breathtaking views and is the best infinity pool in Phuket. Enjoy three pools in three different settings.","og_url":"https:\/\/www.avistahideawayphuketresort.com\/es\/phuket-spa-wellness\/swimming-pools\/main-pool\/","og_site_name":"Avista Hideaway Phuket Patong","article_modified_time":"2023-07-04T11:26:08+00:00","twitter_card":"summary_large_image","twitter_misc":{"Tiempo de lectura":"1 minuto"},"schema":{"@context":"https:\/\/schema.org","@graph":[{"@type":"WebPage","@id":"https:\/\/www.avistahideawayphuketresort.com\/es\/phuket-spa-wellness\/swimming-pools\/main-pool\/","url":"https:\/\/www.avistahideawayphuketresort.com\/es\/phuket-spa-wellness\/swimming-pools\/main-pool\/","name":"Infinity Pool In Phuket - The Main Pool at Avista Hideaway Phuket Patong","isPartOf":{"@id":"https:\/\/www.avistahideawayphuketresort.com\/#website"},"datePublished":"2023-05-02T07:28:54+00:00","dateModified":"2023-07-04T11:26:08+00:00","description":"The main pool at Avista Hideaway sits among breathtaking views and is the best infinity pool in Phuket. Enjoy three pools in three different settings.","breadcrumb":{"@id":"https:\/\/www.avistahideawayphuketresort.com\/es\/phuket-spa-wellness\/swimming-pools\/main-pool\/#breadcrumb"},"inLanguage":"es","potentialAction":[{"@type":"ReadAction","target":["https:\/\/www.avistahideawayphuketresort.com\/es\/phuket-spa-wellness\/swimming-pools\/main-pool\/"]}]},{"@type":"BreadcrumbList","@id":"https:\/\/www.avistahideawayphuketresort.com\/es\/phuket-spa-wellness\/swimming-pools\/main-pool\/#breadcrumb","itemListElement":[{"@type":"ListItem","position":1,"name":"Home","item":"https:\/\/www.avistahideawayphuketresort.com\/es\/"},{"@type":"ListItem","position":2,"name":"Spa &#038; Bienestar","item":"https:\/\/www.avistahideawayphuketresort.com\/es\/phuket-spa-wellness\/"},{"@type":"ListItem","position":3,"name":"Tres Piscinas","item":"https:\/\/www.avistahideawayphuketresort.com\/es\/phuket-spa-wellness\/swimming-pools\/"},{"@type":"ListItem","position":4,"name":"Piscina Principal"}]},{"@type":"WebSite","@id":"https:\/\/www.avistahideawayphuketresort.com\/#website","url":"https:\/\/www.avistahideawayphuketresort.com\/","name":"Avista Hideaway Phuket Patong","description":"","potentialAction":[{"@type":"SearchAction","target":{"@type":"EntryPoint","urlTemplate":"https:\/\/www.avistahideawayphuketresort.com\/?s={search_term_string}"},"query-input":{"@type":"PropertyValueSpecification","valueRequired":true,"valueName":"search_term_string"}}],"inLanguage":"es"}]}},"_links":{"self":[{"href":"https:\/\/www.avistahideawayphuketresort.com\/es\/wp-json\/wp\/v2\/pages\/1316","targetHints":{"allow":["GET"]}}],"collection":[{"href":"https:\/\/www.avistahideawayphuketresort.com\/es\/wp-json\/wp\/v2\/pages"}],"about":[{"href":"https:\/\/www.avistahideawayphuketresort.com\/es\/wp-json\/wp\/v2\/types\/page"}],"author":[{"embeddable":true,"href":"https:\/\/www.avistahideawayphuketresort.com\/es\/wp-json\/wp\/v2\/users\/55"}],"replies":[{"embeddable":true,"href":"https:\/\/www.avistahideawayphuketresort.com\/es\/wp-json\/wp\/v2\/comments?post=1316"}],"version-history":[{"count":0,"href":"https:\/\/www.avistahideawayphuketresort.com\/es\/wp-json\/wp\/v2\/pages\/1316\/revisions"}],"up":[{"embeddable":true,"href":"https:\/\/www.avistahideawayphuketresort.com\/es\/wp-json\/wp\/v2\/pages\/1313"}],"wp:attachment":[{"href":"https:\/\/www.avistahideawayphuketresort.com\/es\/wp-json\/wp\/v2\/media?parent=1316"}],"wp:term":[{"taxonomy":"category","embeddable":true,"href":"https:\/\/www.avistahideawayphuketresort.com\/es\/wp-json\/wp\/v2\/categories?post=1316"}],"curies":[{"name":"wp","href":"https:\/\/api.w.org\/{rel}","templated":true}]}}