{"id":1322,"date":"2023-05-02T07:34:59","date_gmt":"2023-05-02T07:34:59","guid":{"rendered":"https:\/\/www.avistahideawayphuketresort.com\/phuket-spa-wellness\/swimming-pools\/hillside-pool\/"},"modified":"2023-07-04T11:27:33","modified_gmt":"2023-07-04T11:27:33","slug":"hillside-pool","status":"publish","type":"page","link":"https:\/\/www.avistahideawayphuketresort.com\/es\/phuket-spa-wellness\/swimming-pools\/hillside-pool\/","title":{"rendered":"Piscina Hillside"},"content":{"rendered":"<p style=\"text-align: center;\">La piscina Hillside de nivel superior es un santuario solo para adultos. Sumergirse en esta piscina infinita, salpicada de luces de fibra \u00f3ptica, es como nadar entre las estrellas. Estas \u00edntimas piscinas ofrecen una vista panor\u00e1mica de la monta\u00f1a y el mar de Andam\u00e1n. Por la noche, las luces crean una atm\u00f3sfera rom\u00e1ntica.<br \/>\n\u00a1Descubre nuestras Habitaciones &amp; Suites y comienza a planificar tu pr\u00f3xima escapada hoy mismo!<\/p>\n","protected":false},"excerpt":{"rendered":"<p>La piscina Hillside de nivel superior es un santuario solo para adultos. Sumergirse en esta piscina infinita, salpicada de luces de fibra \u00f3ptica, es como nadar entre las estrellas. Estas \u00edntimas piscinas ofrecen una vista panor\u00e1mica de la monta\u00f1a y el mar de Andam\u00e1n. Por la noche, las luces crean una atm\u00f3sfera rom\u00e1ntica. \u00a1Descubre nuestras [&hellip;]<\/p>\n","protected":false},"author":55,"featured_media":0,"parent":1313,"menu_order":3,"comment_status":"closed","ping_status":"closed","template":"","meta":{"footnotes":""},"categories":[],"class_list":["post-1322","page","type-page","status-publish","hentry"],"acf":[],"yoast_head":"<!-- This site is optimized with the Yoast SEO plugin v26.9 - https:\/\/yoast.com\/product\/yoast-seo-wordpress\/ -->\n<title>Piscina Hillside - Avista Hideaway Phuket Patong<\/title>\n<meta name=\"robots\" content=\"index, follow, max-snippet:-1, max-image-preview:large, max-video-preview:-1\" \/>\n<link rel=\"canonical\" href=\"https:\/\/www.avistahideawayphuketresort.com\/es\/phuket-spa-wellness\/swimming-pools\/hillside-pool\/\" \/>\n<meta property=\"og:locale\" content=\"es_ES\" \/>\n<meta property=\"og:type\" content=\"article\" \/>\n<meta property=\"og:title\" content=\"Piscina Hillside - Avista Hideaway Phuket Patong\" \/>\n<meta property=\"og:description\" content=\"La piscina Hillside de nivel superior es un santuario solo para adultos. Sumergirse en esta piscina infinita, salpicada de luces de fibra \u00f3ptica, es como nadar entre las estrellas. Estas \u00edntimas piscinas ofrecen una vista panor\u00e1mica de la monta\u00f1a y el mar de Andam\u00e1n. Por la noche, las luces crean una atm\u00f3sfera rom\u00e1ntica. \u00a1Descubre nuestras [&hellip;]\" \/>\n<meta property=\"og:url\" content=\"https:\/\/www.avistahideawayphuketresort.com\/es\/phuket-spa-wellness\/swimming-pools\/hillside-pool\/\" \/>\n<meta property=\"og:site_name\" content=\"Avista Hideaway Phuket Patong\" \/>\n<meta property=\"article:modified_time\" content=\"2023-07-04T11:27:33+00:00\" \/>\n<meta name=\"twitter:card\" content=\"summary_large_image\" \/>\n<meta name=\"twitter:label1\" content=\"Tiempo de lectura\" \/>\n\t<meta name=\"twitter:data1\" content=\"1 minuto\" \/>\n<script type=\"application\/ld+json\" class=\"yoast-schema-graph\">{\"@context\":\"https:\/\/schema.org\",\"@graph\":[{\"@type\":\"WebPage\",\"@id\":\"https:\/\/www.avistahideawayphuketresort.com\/es\/phuket-spa-wellness\/swimming-pools\/hillside-pool\/\",\"url\":\"https:\/\/www.avistahideawayphuketresort.com\/es\/phuket-spa-wellness\/swimming-pools\/hillside-pool\/\",\"name\":\"Piscina Hillside - Avista Hideaway Phuket Patong\",\"isPartOf\":{\"@id\":\"https:\/\/www.avistahideawayphuketresort.com\/#website\"},\"datePublished\":\"2023-05-02T07:34:59+00:00\",\"dateModified\":\"2023-07-04T11:27:33+00:00\",\"breadcrumb\":{\"@id\":\"https:\/\/www.avistahideawayphuketresort.com\/es\/phuket-spa-wellness\/swimming-pools\/hillside-pool\/#breadcrumb\"},\"inLanguage\":\"es\",\"potentialAction\":[{\"@type\":\"ReadAction\",\"target\":[\"https:\/\/www.avistahideawayphuketresort.com\/es\/phuket-spa-wellness\/swimming-pools\/hillside-pool\/\"]}]},{\"@type\":\"BreadcrumbList\",\"@id\":\"https:\/\/www.avistahideawayphuketresort.com\/es\/phuket-spa-wellness\/swimming-pools\/hillside-pool\/#breadcrumb\",\"itemListElement\":[{\"@type\":\"ListItem\",\"position\":1,\"name\":\"Home\",\"item\":\"https:\/\/www.avistahideawayphuketresort.com\/es\/\"},{\"@type\":\"ListItem\",\"position\":2,\"name\":\"Spa &#038; Bienestar\",\"item\":\"https:\/\/www.avistahideawayphuketresort.com\/es\/phuket-spa-wellness\/\"},{\"@type\":\"ListItem\",\"position\":3,\"name\":\"Tres Piscinas\",\"item\":\"https:\/\/www.avistahideawayphuketresort.com\/es\/phuket-spa-wellness\/swimming-pools\/\"},{\"@type\":\"ListItem\",\"position\":4,\"name\":\"Piscina Hillside\"}]},{\"@type\":\"WebSite\",\"@id\":\"https:\/\/www.avistahideawayphuketresort.com\/#website\",\"url\":\"https:\/\/www.avistahideawayphuketresort.com\/\",\"name\":\"Avista Hideaway Phuket Patong\",\"description\":\"\",\"potentialAction\":[{\"@type\":\"SearchAction\",\"target\":{\"@type\":\"EntryPoint\",\"urlTemplate\":\"https:\/\/www.avistahideawayphuketresort.com\/?s={search_term_string}\"},\"query-input\":{\"@type\":\"PropertyValueSpecification\",\"valueRequired\":true,\"valueName\":\"search_term_string\"}}],\"inLanguage\":\"es\"}]}<\/script>\n<!-- \/ Yoast SEO plugin. -->","yoast_head_json":{"title":"Piscina Hillside - Avista Hideaway Phuket Patong","robots":{"index":"index","follow":"follow","max-snippet":"max-snippet:-1","max-image-preview":"max-image-preview:large","max-video-preview":"max-video-preview:-1"},"canonical":"https:\/\/www.avistahideawayphuketresort.com\/es\/phuket-spa-wellness\/swimming-pools\/hillside-pool\/","og_locale":"es_ES","og_type":"article","og_title":"Piscina Hillside - Avista Hideaway Phuket Patong","og_description":"La piscina Hillside de nivel superior es un santuario solo para adultos. Sumergirse en esta piscina infinita, salpicada de luces de fibra \u00f3ptica, es como nadar entre las estrellas. Estas \u00edntimas piscinas ofrecen una vista panor\u00e1mica de la monta\u00f1a y el mar de Andam\u00e1n. Por la noche, las luces crean una atm\u00f3sfera rom\u00e1ntica. \u00a1Descubre nuestras [&hellip;]","og_url":"https:\/\/www.avistahideawayphuketresort.com\/es\/phuket-spa-wellness\/swimming-pools\/hillside-pool\/","og_site_name":"Avista Hideaway Phuket Patong","article_modified_time":"2023-07-04T11:27:33+00:00","twitter_card":"summary_large_image","twitter_misc":{"Tiempo de lectura":"1 minuto"},"schema":{"@context":"https:\/\/schema.org","@graph":[{"@type":"WebPage","@id":"https:\/\/www.avistahideawayphuketresort.com\/es\/phuket-spa-wellness\/swimming-pools\/hillside-pool\/","url":"https:\/\/www.avistahideawayphuketresort.com\/es\/phuket-spa-wellness\/swimming-pools\/hillside-pool\/","name":"Piscina Hillside - Avista Hideaway Phuket Patong","isPartOf":{"@id":"https:\/\/www.avistahideawayphuketresort.com\/#website"},"datePublished":"2023-05-02T07:34:59+00:00","dateModified":"2023-07-04T11:27:33+00:00","breadcrumb":{"@id":"https:\/\/www.avistahideawayphuketresort.com\/es\/phuket-spa-wellness\/swimming-pools\/hillside-pool\/#breadcrumb"},"inLanguage":"es","potentialAction":[{"@type":"ReadAction","target":["https:\/\/www.avistahideawayphuketresort.com\/es\/phuket-spa-wellness\/swimming-pools\/hillside-pool\/"]}]},{"@type":"BreadcrumbList","@id":"https:\/\/www.avistahideawayphuketresort.com\/es\/phuket-spa-wellness\/swimming-pools\/hillside-pool\/#breadcrumb","itemListElement":[{"@type":"ListItem","position":1,"name":"Home","item":"https:\/\/www.avistahideawayphuketresort.com\/es\/"},{"@type":"ListItem","position":2,"name":"Spa &#038; Bienestar","item":"https:\/\/www.avistahideawayphuketresort.com\/es\/phuket-spa-wellness\/"},{"@type":"ListItem","position":3,"name":"Tres Piscinas","item":"https:\/\/www.avistahideawayphuketresort.com\/es\/phuket-spa-wellness\/swimming-pools\/"},{"@type":"ListItem","position":4,"name":"Piscina Hillside"}]},{"@type":"WebSite","@id":"https:\/\/www.avistahideawayphuketresort.com\/#website","url":"https:\/\/www.avistahideawayphuketresort.com\/","name":"Avista Hideaway Phuket Patong","description":"","potentialAction":[{"@type":"SearchAction","target":{"@type":"EntryPoint","urlTemplate":"https:\/\/www.avistahideawayphuketresort.com\/?s={search_term_string}"},"query-input":{"@type":"PropertyValueSpecification","valueRequired":true,"valueName":"search_term_string"}}],"inLanguage":"es"}]}},"_links":{"self":[{"href":"https:\/\/www.avistahideawayphuketresort.com\/es\/wp-json\/wp\/v2\/pages\/1322","targetHints":{"allow":["GET"]}}],"collection":[{"href":"https:\/\/www.avistahideawayphuketresort.com\/es\/wp-json\/wp\/v2\/pages"}],"about":[{"href":"https:\/\/www.avistahideawayphuketresort.com\/es\/wp-json\/wp\/v2\/types\/page"}],"author":[{"embeddable":true,"href":"https:\/\/www.avistahideawayphuketresort.com\/es\/wp-json\/wp\/v2\/users\/55"}],"replies":[{"embeddable":true,"href":"https:\/\/www.avistahideawayphuketresort.com\/es\/wp-json\/wp\/v2\/comments?post=1322"}],"version-history":[{"count":0,"href":"https:\/\/www.avistahideawayphuketresort.com\/es\/wp-json\/wp\/v2\/pages\/1322\/revisions"}],"up":[{"embeddable":true,"href":"https:\/\/www.avistahideawayphuketresort.com\/es\/wp-json\/wp\/v2\/pages\/1313"}],"wp:attachment":[{"href":"https:\/\/www.avistahideawayphuketresort.com\/es\/wp-json\/wp\/v2\/media?parent=1322"}],"wp:term":[{"taxonomy":"category","embeddable":true,"href":"https:\/\/www.avistahideawayphuketresort.com\/es\/wp-json\/wp\/v2\/categories?post=1322"}],"curies":[{"name":"wp","href":"https:\/\/api.w.org\/{rel}","templated":true}]}}