{"id":1355,"date":"2023-05-03T06:42:17","date_gmt":"2023-05-03T06:42:17","guid":{"rendered":"https:\/\/www.avistahideawayphuketresort.com\/things-to-do-phuket\/"},"modified":"2023-07-14T00:21:43","modified_gmt":"2023-07-14T00:21:43","slug":"things-to-do-phuket","status":"publish","type":"page","link":"https:\/\/www.avistahideawayphuketresort.com\/es\/things-to-do-phuket\/","title":{"rendered":"Qu\u00e9 hacer en Phuket?"},"content":{"rendered":"<p style=\"text-align: center;\">\u00a1Phuket cuenta con magn\u00edficas playas, islas impresionantes y colinas incre\u00edbles! No es dif\u00edcil preguntarse por qu\u00e9 Phuket recibe millones de vacacionistas, incluyendo familias, reci\u00e9n casados y entusiastas de la emoci\u00f3n activa, de diferentes partes del mundo cada a\u00f1o.<br \/>\nLa isla m\u00e1s grande de Tailandia cuenta con m\u00e1s de 30 playas de diferentes tama\u00f1os y formas con hermosos entornos naturales. Patong, Kata, Karon, Kamala, Freedom y Laem Singh Beach son algunas de las playas de arena blanca de renombre internacional en Phuket. Con abundantes playas, naturaleza pr\u00edstina, paisajes e islas ex\u00f3ticas, los turistas tienen muchas cosas que hacer en Phuket durante las vacaciones. Las playas son un bullicioso centro de relajaci\u00f3n y actividades de aventura, como v\u00f3ley playa, tumbonas para tomar el sol, buceo y snorkel en las aguas turquesas.<br \/>\nDurante tu estancia, deja que nuestro equipo de conserjer\u00eda te gu\u00ede y te ayude a descubrir todos esos lugares y disfrutar del viaje seg\u00fan tus deseos. Nuestro equipo puede organizar viajes a algunos de los lugares imperdibles de Phuket, desde recorridos por las islas hasta visitas tur\u00edsticas.<br \/>\nDesde Avista Hideaway Phuket Patong, el mejor resort de 5 estrellas en Phuket, nuestros servicios de transporte gratuito te acercan a los mejores lugares para visitar en Patong, como el centro comercial Jungceylon, la calle Soi Bangla y la propia playa de Patong. La vida nocturna en la calle Soi Bangla es imperdible para los amantes de las fiestas con cerveza ex\u00f3tica y comida en el restaurante.<br \/>\nAdem\u00e1s, descubre otros de los mejores lugares para visitar en Phuket, como el ic\u00f3nico Gran Buda, el espect\u00e1culo de FantaSea, el espect\u00e1culo de cabaret, el mejor atardecer en Promthep Cape, y as\u00ed sucesivamente. Nuestro equipo tambi\u00e9n organiza una excursi\u00f3n a las islas Koh Phi Phi para explorar una naturaleza espectacular.<br \/>\nAntes de irte, no olvides comprar souvenirs en uno de los centros comerciales y duty-free.<\/p>\n","protected":false},"excerpt":{"rendered":"<p>\u00a1Phuket cuenta con magn\u00edficas playas, islas impresionantes y colinas incre\u00edbles! No es dif\u00edcil preguntarse por qu\u00e9 Phuket recibe millones de vacacionistas, incluyendo familias, reci\u00e9n casados y entusiastas de la emoci\u00f3n activa, de diferentes partes del mundo cada a\u00f1o. La isla m\u00e1s grande de Tailandia cuenta con m\u00e1s de 30 playas de diferentes tama\u00f1os y formas [&hellip;]<\/p>\n","protected":false},"author":55,"featured_media":0,"parent":0,"menu_order":0,"comment_status":"closed","ping_status":"closed","template":"","meta":{"footnotes":""},"categories":[],"class_list":["post-1355","page","type-page","status-publish","hentry"],"acf":[],"yoast_head":"<!-- This site is optimized with the Yoast SEO plugin v26.9 - https:\/\/yoast.com\/product\/yoast-seo-wordpress\/ -->\n<title>Things To Do In Phuket While Staying At Avista Hideaway Phuket Patong<\/title>\n<meta name=\"description\" content=\"Discover many things to do in Phuket with our guide of activities, beaches &amp; outstanding places to visit during your stay at Avista Hideaway Phuket Patong.\" \/>\n<meta name=\"robots\" content=\"index, follow, max-snippet:-1, max-image-preview:large, max-video-preview:-1\" \/>\n<link rel=\"canonical\" href=\"https:\/\/www.avistahideawayphuketresort.com\/es\/things-to-do-phuket\/\" \/>\n<meta property=\"og:locale\" content=\"es_ES\" \/>\n<meta property=\"og:type\" content=\"article\" \/>\n<meta property=\"og:title\" content=\"Things To Do In Phuket While Staying At Avista Hideaway Phuket Patong\" \/>\n<meta property=\"og:description\" content=\"Discover many things to do in Phuket with our guide of activities, beaches &amp; outstanding places to visit during your stay at Avista Hideaway Phuket Patong.\" \/>\n<meta property=\"og:url\" content=\"https:\/\/www.avistahideawayphuketresort.com\/es\/things-to-do-phuket\/\" \/>\n<meta property=\"og:site_name\" content=\"Avista Hideaway Phuket Patong\" \/>\n<meta property=\"article:modified_time\" content=\"2023-07-14T00:21:43+00:00\" \/>\n<meta name=\"twitter:card\" content=\"summary_large_image\" \/>\n<meta name=\"twitter:label1\" content=\"Tiempo de lectura\" \/>\n\t<meta name=\"twitter:data1\" content=\"2 minutos\" \/>\n<script type=\"application\/ld+json\" class=\"yoast-schema-graph\">{\"@context\":\"https:\/\/schema.org\",\"@graph\":[{\"@type\":\"WebPage\",\"@id\":\"https:\/\/www.avistahideawayphuketresort.com\/es\/things-to-do-phuket\/\",\"url\":\"https:\/\/www.avistahideawayphuketresort.com\/es\/things-to-do-phuket\/\",\"name\":\"Things To Do In Phuket While Staying At Avista Hideaway Phuket Patong\",\"isPartOf\":{\"@id\":\"https:\/\/www.avistahideawayphuketresort.com\/#website\"},\"datePublished\":\"2023-05-03T06:42:17+00:00\",\"dateModified\":\"2023-07-14T00:21:43+00:00\",\"description\":\"Discover many things to do in Phuket with our guide of activities, beaches & outstanding places to visit during your stay at Avista Hideaway Phuket Patong.\",\"breadcrumb\":{\"@id\":\"https:\/\/www.avistahideawayphuketresort.com\/es\/things-to-do-phuket\/#breadcrumb\"},\"inLanguage\":\"es\",\"potentialAction\":[{\"@type\":\"ReadAction\",\"target\":[\"https:\/\/www.avistahideawayphuketresort.com\/es\/things-to-do-phuket\/\"]}]},{\"@type\":\"BreadcrumbList\",\"@id\":\"https:\/\/www.avistahideawayphuketresort.com\/es\/things-to-do-phuket\/#breadcrumb\",\"itemListElement\":[{\"@type\":\"ListItem\",\"position\":1,\"name\":\"Home\",\"item\":\"https:\/\/www.avistahideawayphuketresort.com\/es\/\"},{\"@type\":\"ListItem\",\"position\":2,\"name\":\"Qu\u00e9 hacer en Phuket?\"}]},{\"@type\":\"WebSite\",\"@id\":\"https:\/\/www.avistahideawayphuketresort.com\/#website\",\"url\":\"https:\/\/www.avistahideawayphuketresort.com\/\",\"name\":\"Avista Hideaway Phuket Patong\",\"description\":\"\",\"potentialAction\":[{\"@type\":\"SearchAction\",\"target\":{\"@type\":\"EntryPoint\",\"urlTemplate\":\"https:\/\/www.avistahideawayphuketresort.com\/?s={search_term_string}\"},\"query-input\":{\"@type\":\"PropertyValueSpecification\",\"valueRequired\":true,\"valueName\":\"search_term_string\"}}],\"inLanguage\":\"es\"}]}<\/script>\n<!-- \/ Yoast SEO plugin. -->","yoast_head_json":{"title":"Things To Do In Phuket While Staying At Avista Hideaway Phuket Patong","description":"Discover many things to do in Phuket with our guide of activities, beaches & outstanding places to visit during your stay at Avista Hideaway Phuket Patong.","robots":{"index":"index","follow":"follow","max-snippet":"max-snippet:-1","max-image-preview":"max-image-preview:large","max-video-preview":"max-video-preview:-1"},"canonical":"https:\/\/www.avistahideawayphuketresort.com\/es\/things-to-do-phuket\/","og_locale":"es_ES","og_type":"article","og_title":"Things To Do In Phuket While Staying At Avista Hideaway Phuket Patong","og_description":"Discover many things to do in Phuket with our guide of activities, beaches & outstanding places to visit during your stay at Avista Hideaway Phuket Patong.","og_url":"https:\/\/www.avistahideawayphuketresort.com\/es\/things-to-do-phuket\/","og_site_name":"Avista Hideaway Phuket Patong","article_modified_time":"2023-07-14T00:21:43+00:00","twitter_card":"summary_large_image","twitter_misc":{"Tiempo de lectura":"2 minutos"},"schema":{"@context":"https:\/\/schema.org","@graph":[{"@type":"WebPage","@id":"https:\/\/www.avistahideawayphuketresort.com\/es\/things-to-do-phuket\/","url":"https:\/\/www.avistahideawayphuketresort.com\/es\/things-to-do-phuket\/","name":"Things To Do In Phuket While Staying At Avista Hideaway Phuket Patong","isPartOf":{"@id":"https:\/\/www.avistahideawayphuketresort.com\/#website"},"datePublished":"2023-05-03T06:42:17+00:00","dateModified":"2023-07-14T00:21:43+00:00","description":"Discover many things to do in Phuket with our guide of activities, beaches & outstanding places to visit during your stay at Avista Hideaway Phuket Patong.","breadcrumb":{"@id":"https:\/\/www.avistahideawayphuketresort.com\/es\/things-to-do-phuket\/#breadcrumb"},"inLanguage":"es","potentialAction":[{"@type":"ReadAction","target":["https:\/\/www.avistahideawayphuketresort.com\/es\/things-to-do-phuket\/"]}]},{"@type":"BreadcrumbList","@id":"https:\/\/www.avistahideawayphuketresort.com\/es\/things-to-do-phuket\/#breadcrumb","itemListElement":[{"@type":"ListItem","position":1,"name":"Home","item":"https:\/\/www.avistahideawayphuketresort.com\/es\/"},{"@type":"ListItem","position":2,"name":"Qu\u00e9 hacer en Phuket?"}]},{"@type":"WebSite","@id":"https:\/\/www.avistahideawayphuketresort.com\/#website","url":"https:\/\/www.avistahideawayphuketresort.com\/","name":"Avista Hideaway Phuket Patong","description":"","potentialAction":[{"@type":"SearchAction","target":{"@type":"EntryPoint","urlTemplate":"https:\/\/www.avistahideawayphuketresort.com\/?s={search_term_string}"},"query-input":{"@type":"PropertyValueSpecification","valueRequired":true,"valueName":"search_term_string"}}],"inLanguage":"es"}]}},"_links":{"self":[{"href":"https:\/\/www.avistahideawayphuketresort.com\/es\/wp-json\/wp\/v2\/pages\/1355","targetHints":{"allow":["GET"]}}],"collection":[{"href":"https:\/\/www.avistahideawayphuketresort.com\/es\/wp-json\/wp\/v2\/pages"}],"about":[{"href":"https:\/\/www.avistahideawayphuketresort.com\/es\/wp-json\/wp\/v2\/types\/page"}],"author":[{"embeddable":true,"href":"https:\/\/www.avistahideawayphuketresort.com\/es\/wp-json\/wp\/v2\/users\/55"}],"replies":[{"embeddable":true,"href":"https:\/\/www.avistahideawayphuketresort.com\/es\/wp-json\/wp\/v2\/comments?post=1355"}],"version-history":[{"count":0,"href":"https:\/\/www.avistahideawayphuketresort.com\/es\/wp-json\/wp\/v2\/pages\/1355\/revisions"}],"wp:attachment":[{"href":"https:\/\/www.avistahideawayphuketresort.com\/es\/wp-json\/wp\/v2\/media?parent=1355"}],"wp:term":[{"taxonomy":"category","embeddable":true,"href":"https:\/\/www.avistahideawayphuketresort.com\/es\/wp-json\/wp\/v2\/categories?post=1355"}],"curies":[{"name":"wp","href":"https:\/\/api.w.org\/{rel}","templated":true}]}}