{"id":1423,"date":"2023-05-04T06:25:55","date_gmt":"2023-05-04T06:25:55","guid":{"rendered":"https:\/\/www.avistahideawayphuketresort.com\/things-to-do-phuket\/animal-kingdom\/snake-show\/"},"modified":"2023-07-06T06:55:27","modified_gmt":"2023-07-06T06:55:27","slug":"snake-show","status":"publish","type":"page","link":"https:\/\/www.avistahideawayphuketresort.com\/es\/things-to-do-phuket\/animal-kingdom\/snake-show\/","title":{"rendered":"Show de Serpientes"},"content":{"rendered":"<p style=\"text-align: center;\">Un encantador Show de Serpientes demuestra acrobacias sorprendentes y el arte del entrenamiento de serpientes. La gran colecci\u00f3n de serpientes venenosas hizo del Show de Serpientes de Phuket una de las atracciones m\u00e1s visitadas. Ver\u00e1s: la cobra real y la cobra siamesa, pitones, la serpiente krait de bandas, la Gloydius halys, la serpiente de foso de labios blancos y muchas otras especies. La entrada al espect\u00e1culo es gratuita si compras algunos productos en la tienda por 500 THB por persona. Si no tienes nada, debes pagar 300 THB por adulto y 200 THB por ni\u00f1o por el boleto de entrada al espect\u00e1culo.<br \/>\n<strong>Distancia desde el hotel:<\/strong> 9 km<br \/>\n<strong>Tiempo necesario para visitar:<\/strong> 1-2 horas<br \/>\n<strong>Horario de visitas:<\/strong> de 9 a. m. a 6 p. m.<br \/>\n<strong>Precio:<\/strong> 400 THB por adulto y 200 THB por ni\u00f1o<\/p>\n","protected":false},"excerpt":{"rendered":"<p>Un encantador Show de Serpientes demuestra acrobacias sorprendentes y el arte del entrenamiento de serpientes. La gran colecci\u00f3n de serpientes venenosas hizo del Show de Serpientes de Phuket una de las atracciones m\u00e1s visitadas. Ver\u00e1s: la cobra real y la cobra siamesa, pitones, la serpiente krait de bandas, la Gloydius halys, la serpiente de foso [&hellip;]<\/p>\n","protected":false},"author":55,"featured_media":0,"parent":1420,"menu_order":1,"comment_status":"closed","ping_status":"closed","template":"","meta":{"footnotes":""},"categories":[],"class_list":["post-1423","page","type-page","status-publish","hentry"],"acf":[],"yoast_head":"<!-- This site is optimized with the Yoast SEO plugin v26.9 - https:\/\/yoast.com\/product\/yoast-seo-wordpress\/ -->\n<title>Show de Serpientes - Avista Hideaway Phuket Patong<\/title>\n<meta name=\"robots\" content=\"index, follow, max-snippet:-1, max-image-preview:large, max-video-preview:-1\" \/>\n<link rel=\"canonical\" href=\"https:\/\/www.avistahideawayphuketresort.com\/es\/things-to-do-phuket\/animal-kingdom\/snake-show\/\" \/>\n<meta property=\"og:locale\" content=\"es_ES\" \/>\n<meta property=\"og:type\" content=\"article\" \/>\n<meta property=\"og:title\" content=\"Show de Serpientes - Avista Hideaway Phuket Patong\" \/>\n<meta property=\"og:description\" content=\"Un encantador Show de Serpientes demuestra acrobacias sorprendentes y el arte del entrenamiento de serpientes. La gran colecci\u00f3n de serpientes venenosas hizo del Show de Serpientes de Phuket una de las atracciones m\u00e1s visitadas. Ver\u00e1s: la cobra real y la cobra siamesa, pitones, la serpiente krait de bandas, la Gloydius halys, la serpiente de foso [&hellip;]\" \/>\n<meta property=\"og:url\" content=\"https:\/\/www.avistahideawayphuketresort.com\/es\/things-to-do-phuket\/animal-kingdom\/snake-show\/\" \/>\n<meta property=\"og:site_name\" content=\"Avista Hideaway Phuket Patong\" \/>\n<meta property=\"article:modified_time\" content=\"2023-07-06T06:55:27+00:00\" \/>\n<meta name=\"twitter:card\" content=\"summary_large_image\" \/>\n<meta name=\"twitter:label1\" content=\"Tiempo de lectura\" \/>\n\t<meta name=\"twitter:data1\" content=\"1 minuto\" \/>\n<script type=\"application\/ld+json\" class=\"yoast-schema-graph\">{\"@context\":\"https:\/\/schema.org\",\"@graph\":[{\"@type\":\"WebPage\",\"@id\":\"https:\/\/www.avistahideawayphuketresort.com\/es\/things-to-do-phuket\/animal-kingdom\/snake-show\/\",\"url\":\"https:\/\/www.avistahideawayphuketresort.com\/es\/things-to-do-phuket\/animal-kingdom\/snake-show\/\",\"name\":\"Show de Serpientes - Avista Hideaway Phuket Patong\",\"isPartOf\":{\"@id\":\"https:\/\/www.avistahideawayphuketresort.com\/#website\"},\"datePublished\":\"2023-05-04T06:25:55+00:00\",\"dateModified\":\"2023-07-06T06:55:27+00:00\",\"breadcrumb\":{\"@id\":\"https:\/\/www.avistahideawayphuketresort.com\/es\/things-to-do-phuket\/animal-kingdom\/snake-show\/#breadcrumb\"},\"inLanguage\":\"es\",\"potentialAction\":[{\"@type\":\"ReadAction\",\"target\":[\"https:\/\/www.avistahideawayphuketresort.com\/es\/things-to-do-phuket\/animal-kingdom\/snake-show\/\"]}]},{\"@type\":\"BreadcrumbList\",\"@id\":\"https:\/\/www.avistahideawayphuketresort.com\/es\/things-to-do-phuket\/animal-kingdom\/snake-show\/#breadcrumb\",\"itemListElement\":[{\"@type\":\"ListItem\",\"position\":1,\"name\":\"Home\",\"item\":\"https:\/\/www.avistahideawayphuketresort.com\/es\/\"},{\"@type\":\"ListItem\",\"position\":2,\"name\":\"Qu\u00e9 hacer en Phuket?\",\"item\":\"https:\/\/www.avistahideawayphuketresort.com\/es\/things-to-do-phuket\/\"},{\"@type\":\"ListItem\",\"position\":3,\"name\":\"Animal Kingdom\",\"item\":\"https:\/\/www.avistahideawayphuketresort.com\/es\/things-to-do-phuket\/animal-kingdom\/\"},{\"@type\":\"ListItem\",\"position\":4,\"name\":\"Show de Serpientes\"}]},{\"@type\":\"WebSite\",\"@id\":\"https:\/\/www.avistahideawayphuketresort.com\/#website\",\"url\":\"https:\/\/www.avistahideawayphuketresort.com\/\",\"name\":\"Avista Hideaway Phuket Patong\",\"description\":\"\",\"potentialAction\":[{\"@type\":\"SearchAction\",\"target\":{\"@type\":\"EntryPoint\",\"urlTemplate\":\"https:\/\/www.avistahideawayphuketresort.com\/?s={search_term_string}\"},\"query-input\":{\"@type\":\"PropertyValueSpecification\",\"valueRequired\":true,\"valueName\":\"search_term_string\"}}],\"inLanguage\":\"es\"}]}<\/script>\n<!-- \/ Yoast SEO plugin. -->","yoast_head_json":{"title":"Show de Serpientes - Avista Hideaway Phuket Patong","robots":{"index":"index","follow":"follow","max-snippet":"max-snippet:-1","max-image-preview":"max-image-preview:large","max-video-preview":"max-video-preview:-1"},"canonical":"https:\/\/www.avistahideawayphuketresort.com\/es\/things-to-do-phuket\/animal-kingdom\/snake-show\/","og_locale":"es_ES","og_type":"article","og_title":"Show de Serpientes - Avista Hideaway Phuket Patong","og_description":"Un encantador Show de Serpientes demuestra acrobacias sorprendentes y el arte del entrenamiento de serpientes. La gran colecci\u00f3n de serpientes venenosas hizo del Show de Serpientes de Phuket una de las atracciones m\u00e1s visitadas. Ver\u00e1s: la cobra real y la cobra siamesa, pitones, la serpiente krait de bandas, la Gloydius halys, la serpiente de foso [&hellip;]","og_url":"https:\/\/www.avistahideawayphuketresort.com\/es\/things-to-do-phuket\/animal-kingdom\/snake-show\/","og_site_name":"Avista Hideaway Phuket Patong","article_modified_time":"2023-07-06T06:55:27+00:00","twitter_card":"summary_large_image","twitter_misc":{"Tiempo de lectura":"1 minuto"},"schema":{"@context":"https:\/\/schema.org","@graph":[{"@type":"WebPage","@id":"https:\/\/www.avistahideawayphuketresort.com\/es\/things-to-do-phuket\/animal-kingdom\/snake-show\/","url":"https:\/\/www.avistahideawayphuketresort.com\/es\/things-to-do-phuket\/animal-kingdom\/snake-show\/","name":"Show de Serpientes - Avista Hideaway Phuket Patong","isPartOf":{"@id":"https:\/\/www.avistahideawayphuketresort.com\/#website"},"datePublished":"2023-05-04T06:25:55+00:00","dateModified":"2023-07-06T06:55:27+00:00","breadcrumb":{"@id":"https:\/\/www.avistahideawayphuketresort.com\/es\/things-to-do-phuket\/animal-kingdom\/snake-show\/#breadcrumb"},"inLanguage":"es","potentialAction":[{"@type":"ReadAction","target":["https:\/\/www.avistahideawayphuketresort.com\/es\/things-to-do-phuket\/animal-kingdom\/snake-show\/"]}]},{"@type":"BreadcrumbList","@id":"https:\/\/www.avistahideawayphuketresort.com\/es\/things-to-do-phuket\/animal-kingdom\/snake-show\/#breadcrumb","itemListElement":[{"@type":"ListItem","position":1,"name":"Home","item":"https:\/\/www.avistahideawayphuketresort.com\/es\/"},{"@type":"ListItem","position":2,"name":"Qu\u00e9 hacer en Phuket?","item":"https:\/\/www.avistahideawayphuketresort.com\/es\/things-to-do-phuket\/"},{"@type":"ListItem","position":3,"name":"Animal Kingdom","item":"https:\/\/www.avistahideawayphuketresort.com\/es\/things-to-do-phuket\/animal-kingdom\/"},{"@type":"ListItem","position":4,"name":"Show de Serpientes"}]},{"@type":"WebSite","@id":"https:\/\/www.avistahideawayphuketresort.com\/#website","url":"https:\/\/www.avistahideawayphuketresort.com\/","name":"Avista Hideaway Phuket Patong","description":"","potentialAction":[{"@type":"SearchAction","target":{"@type":"EntryPoint","urlTemplate":"https:\/\/www.avistahideawayphuketresort.com\/?s={search_term_string}"},"query-input":{"@type":"PropertyValueSpecification","valueRequired":true,"valueName":"search_term_string"}}],"inLanguage":"es"}]}},"_links":{"self":[{"href":"https:\/\/www.avistahideawayphuketresort.com\/es\/wp-json\/wp\/v2\/pages\/1423","targetHints":{"allow":["GET"]}}],"collection":[{"href":"https:\/\/www.avistahideawayphuketresort.com\/es\/wp-json\/wp\/v2\/pages"}],"about":[{"href":"https:\/\/www.avistahideawayphuketresort.com\/es\/wp-json\/wp\/v2\/types\/page"}],"author":[{"embeddable":true,"href":"https:\/\/www.avistahideawayphuketresort.com\/es\/wp-json\/wp\/v2\/users\/55"}],"replies":[{"embeddable":true,"href":"https:\/\/www.avistahideawayphuketresort.com\/es\/wp-json\/wp\/v2\/comments?post=1423"}],"version-history":[{"count":0,"href":"https:\/\/www.avistahideawayphuketresort.com\/es\/wp-json\/wp\/v2\/pages\/1423\/revisions"}],"up":[{"embeddable":true,"href":"https:\/\/www.avistahideawayphuketresort.com\/es\/wp-json\/wp\/v2\/pages\/1420"}],"wp:attachment":[{"href":"https:\/\/www.avistahideawayphuketresort.com\/es\/wp-json\/wp\/v2\/media?parent=1423"}],"wp:term":[{"taxonomy":"category","embeddable":true,"href":"https:\/\/www.avistahideawayphuketresort.com\/es\/wp-json\/wp\/v2\/categories?post=1423"}],"curies":[{"name":"wp","href":"https:\/\/api.w.org\/{rel}","templated":true}]}}