{"id":1432,"date":"2023-05-04T06:30:48","date_gmt":"2023-05-04T06:30:48","guid":{"rendered":"https:\/\/www.avistahideawayphuketresort.com\/things-to-do-phuket\/animal-kingdom\/dolphin-show\/"},"modified":"2023-07-13T04:15:04","modified_gmt":"2023-07-13T04:15:04","slug":"dolphin-show","status":"publish","type":"page","link":"https:\/\/www.avistahideawayphuketresort.com\/es\/things-to-do-phuket\/animal-kingdom\/dolphin-show\/","title":{"rendered":"Show de Delfines"},"content":{"rendered":"<p style=\"text-align: center;\"><span style=\"font-weight: 400;\">Aqu\u00ed puedes sentirte como un ni\u00f1o y sorprenderte con el talento de nuestro equipo de delfines. Un sorprendente espect\u00e1culo de 45 minutos con muchas acrobacias y juegos realizados por delfines y focas.<\/span><\/p>\n<p style=\"text-align: center;\"><span style=\"font-weight: 400;\"><strong>Tiempo necesario para visitar:<\/strong> de 10:30 a. m. a 5:45 p. m.<\/span><\/p>\n<p style=\"text-align: center;\"><span style=\"font-weight: 400;\"><strong>Horario de visitas:<\/strong> 1 hora y 15 minutos<\/span><\/p>\n<p style=\"text-align: center;\"><span style=\"font-weight: 400;\"><strong>Distancia desde el hotel:<\/strong> 5 km.<\/span><\/p>\n<p style=\"text-align: center;\"><span style=\"font-weight: 400;\"><strong>Precio:<\/strong> 600 \u2013 1000 THB por adulto y 400 \u2013 600 THB por ni\u00f1o<\/span><\/p>\n<p style=\"text-align: center;\"><span style=\"font-weight: 400;\"><strong>Nadar con delfines:<\/strong> 5,000 THB por invitado<\/span><\/p>\n","protected":false},"excerpt":{"rendered":"<p>Aqu\u00ed puedes sentirte como un ni\u00f1o y sorprenderte con el talento de nuestro equipo de delfines. Un sorprendente espect\u00e1culo de 45 minutos con muchas acrobacias y juegos realizados por delfines y focas. Tiempo necesario para visitar: de 10:30 a. m. a 5:45 p. m. Horario de visitas: 1 hora y 15 minutos Distancia desde el [&hellip;]<\/p>\n","protected":false},"author":55,"featured_media":0,"parent":1420,"menu_order":4,"comment_status":"closed","ping_status":"closed","template":"","meta":{"footnotes":""},"categories":[],"class_list":["post-1432","page","type-page","status-publish","hentry"],"acf":[],"yoast_head":"<!-- This site is optimized with the Yoast SEO plugin v26.9 - https:\/\/yoast.com\/product\/yoast-seo-wordpress\/ -->\n<title>Show de Delfines - Avista Hideaway Phuket Patong<\/title>\n<meta name=\"robots\" content=\"index, follow, max-snippet:-1, max-image-preview:large, max-video-preview:-1\" \/>\n<link rel=\"canonical\" href=\"https:\/\/www.avistahideawayphuketresort.com\/es\/things-to-do-phuket\/animal-kingdom\/dolphin-show\/\" \/>\n<meta property=\"og:locale\" content=\"es_ES\" \/>\n<meta property=\"og:type\" content=\"article\" \/>\n<meta property=\"og:title\" content=\"Show de Delfines - Avista Hideaway Phuket Patong\" \/>\n<meta property=\"og:description\" content=\"Aqu\u00ed puedes sentirte como un ni\u00f1o y sorprenderte con el talento de nuestro equipo de delfines. Un sorprendente espect\u00e1culo de 45 minutos con muchas acrobacias y juegos realizados por delfines y focas. Tiempo necesario para visitar: de 10:30 a. m. a 5:45 p. m. Horario de visitas: 1 hora y 15 minutos Distancia desde el [&hellip;]\" \/>\n<meta property=\"og:url\" content=\"https:\/\/www.avistahideawayphuketresort.com\/es\/things-to-do-phuket\/animal-kingdom\/dolphin-show\/\" \/>\n<meta property=\"og:site_name\" content=\"Avista Hideaway Phuket Patong\" \/>\n<meta property=\"article:modified_time\" content=\"2023-07-13T04:15:04+00:00\" \/>\n<meta name=\"twitter:card\" content=\"summary_large_image\" \/>\n<meta name=\"twitter:label1\" content=\"Tiempo de lectura\" \/>\n\t<meta name=\"twitter:data1\" content=\"1 minuto\" \/>\n<script type=\"application\/ld+json\" class=\"yoast-schema-graph\">{\"@context\":\"https:\/\/schema.org\",\"@graph\":[{\"@type\":\"WebPage\",\"@id\":\"https:\/\/www.avistahideawayphuketresort.com\/es\/things-to-do-phuket\/animal-kingdom\/dolphin-show\/\",\"url\":\"https:\/\/www.avistahideawayphuketresort.com\/es\/things-to-do-phuket\/animal-kingdom\/dolphin-show\/\",\"name\":\"Show de Delfines - Avista Hideaway Phuket Patong\",\"isPartOf\":{\"@id\":\"https:\/\/www.avistahideawayphuketresort.com\/#website\"},\"datePublished\":\"2023-05-04T06:30:48+00:00\",\"dateModified\":\"2023-07-13T04:15:04+00:00\",\"breadcrumb\":{\"@id\":\"https:\/\/www.avistahideawayphuketresort.com\/es\/things-to-do-phuket\/animal-kingdom\/dolphin-show\/#breadcrumb\"},\"inLanguage\":\"es\",\"potentialAction\":[{\"@type\":\"ReadAction\",\"target\":[\"https:\/\/www.avistahideawayphuketresort.com\/es\/things-to-do-phuket\/animal-kingdom\/dolphin-show\/\"]}]},{\"@type\":\"BreadcrumbList\",\"@id\":\"https:\/\/www.avistahideawayphuketresort.com\/es\/things-to-do-phuket\/animal-kingdom\/dolphin-show\/#breadcrumb\",\"itemListElement\":[{\"@type\":\"ListItem\",\"position\":1,\"name\":\"Home\",\"item\":\"https:\/\/www.avistahideawayphuketresort.com\/es\/\"},{\"@type\":\"ListItem\",\"position\":2,\"name\":\"Qu\u00e9 hacer en Phuket?\",\"item\":\"https:\/\/www.avistahideawayphuketresort.com\/es\/things-to-do-phuket\/\"},{\"@type\":\"ListItem\",\"position\":3,\"name\":\"Animal Kingdom\",\"item\":\"https:\/\/www.avistahideawayphuketresort.com\/es\/things-to-do-phuket\/animal-kingdom\/\"},{\"@type\":\"ListItem\",\"position\":4,\"name\":\"Show de Delfines\"}]},{\"@type\":\"WebSite\",\"@id\":\"https:\/\/www.avistahideawayphuketresort.com\/#website\",\"url\":\"https:\/\/www.avistahideawayphuketresort.com\/\",\"name\":\"Avista Hideaway Phuket Patong\",\"description\":\"\",\"potentialAction\":[{\"@type\":\"SearchAction\",\"target\":{\"@type\":\"EntryPoint\",\"urlTemplate\":\"https:\/\/www.avistahideawayphuketresort.com\/?s={search_term_string}\"},\"query-input\":{\"@type\":\"PropertyValueSpecification\",\"valueRequired\":true,\"valueName\":\"search_term_string\"}}],\"inLanguage\":\"es\"}]}<\/script>\n<!-- \/ Yoast SEO plugin. -->","yoast_head_json":{"title":"Show de Delfines - Avista Hideaway Phuket Patong","robots":{"index":"index","follow":"follow","max-snippet":"max-snippet:-1","max-image-preview":"max-image-preview:large","max-video-preview":"max-video-preview:-1"},"canonical":"https:\/\/www.avistahideawayphuketresort.com\/es\/things-to-do-phuket\/animal-kingdom\/dolphin-show\/","og_locale":"es_ES","og_type":"article","og_title":"Show de Delfines - Avista Hideaway Phuket Patong","og_description":"Aqu\u00ed puedes sentirte como un ni\u00f1o y sorprenderte con el talento de nuestro equipo de delfines. Un sorprendente espect\u00e1culo de 45 minutos con muchas acrobacias y juegos realizados por delfines y focas. Tiempo necesario para visitar: de 10:30 a. m. a 5:45 p. m. Horario de visitas: 1 hora y 15 minutos Distancia desde el [&hellip;]","og_url":"https:\/\/www.avistahideawayphuketresort.com\/es\/things-to-do-phuket\/animal-kingdom\/dolphin-show\/","og_site_name":"Avista Hideaway Phuket Patong","article_modified_time":"2023-07-13T04:15:04+00:00","twitter_card":"summary_large_image","twitter_misc":{"Tiempo de lectura":"1 minuto"},"schema":{"@context":"https:\/\/schema.org","@graph":[{"@type":"WebPage","@id":"https:\/\/www.avistahideawayphuketresort.com\/es\/things-to-do-phuket\/animal-kingdom\/dolphin-show\/","url":"https:\/\/www.avistahideawayphuketresort.com\/es\/things-to-do-phuket\/animal-kingdom\/dolphin-show\/","name":"Show de Delfines - Avista Hideaway Phuket Patong","isPartOf":{"@id":"https:\/\/www.avistahideawayphuketresort.com\/#website"},"datePublished":"2023-05-04T06:30:48+00:00","dateModified":"2023-07-13T04:15:04+00:00","breadcrumb":{"@id":"https:\/\/www.avistahideawayphuketresort.com\/es\/things-to-do-phuket\/animal-kingdom\/dolphin-show\/#breadcrumb"},"inLanguage":"es","potentialAction":[{"@type":"ReadAction","target":["https:\/\/www.avistahideawayphuketresort.com\/es\/things-to-do-phuket\/animal-kingdom\/dolphin-show\/"]}]},{"@type":"BreadcrumbList","@id":"https:\/\/www.avistahideawayphuketresort.com\/es\/things-to-do-phuket\/animal-kingdom\/dolphin-show\/#breadcrumb","itemListElement":[{"@type":"ListItem","position":1,"name":"Home","item":"https:\/\/www.avistahideawayphuketresort.com\/es\/"},{"@type":"ListItem","position":2,"name":"Qu\u00e9 hacer en Phuket?","item":"https:\/\/www.avistahideawayphuketresort.com\/es\/things-to-do-phuket\/"},{"@type":"ListItem","position":3,"name":"Animal Kingdom","item":"https:\/\/www.avistahideawayphuketresort.com\/es\/things-to-do-phuket\/animal-kingdom\/"},{"@type":"ListItem","position":4,"name":"Show de Delfines"}]},{"@type":"WebSite","@id":"https:\/\/www.avistahideawayphuketresort.com\/#website","url":"https:\/\/www.avistahideawayphuketresort.com\/","name":"Avista Hideaway Phuket Patong","description":"","potentialAction":[{"@type":"SearchAction","target":{"@type":"EntryPoint","urlTemplate":"https:\/\/www.avistahideawayphuketresort.com\/?s={search_term_string}"},"query-input":{"@type":"PropertyValueSpecification","valueRequired":true,"valueName":"search_term_string"}}],"inLanguage":"es"}]}},"_links":{"self":[{"href":"https:\/\/www.avistahideawayphuketresort.com\/es\/wp-json\/wp\/v2\/pages\/1432","targetHints":{"allow":["GET"]}}],"collection":[{"href":"https:\/\/www.avistahideawayphuketresort.com\/es\/wp-json\/wp\/v2\/pages"}],"about":[{"href":"https:\/\/www.avistahideawayphuketresort.com\/es\/wp-json\/wp\/v2\/types\/page"}],"author":[{"embeddable":true,"href":"https:\/\/www.avistahideawayphuketresort.com\/es\/wp-json\/wp\/v2\/users\/55"}],"replies":[{"embeddable":true,"href":"https:\/\/www.avistahideawayphuketresort.com\/es\/wp-json\/wp\/v2\/comments?post=1432"}],"version-history":[{"count":0,"href":"https:\/\/www.avistahideawayphuketresort.com\/es\/wp-json\/wp\/v2\/pages\/1432\/revisions"}],"up":[{"embeddable":true,"href":"https:\/\/www.avistahideawayphuketresort.com\/es\/wp-json\/wp\/v2\/pages\/1420"}],"wp:attachment":[{"href":"https:\/\/www.avistahideawayphuketresort.com\/es\/wp-json\/wp\/v2\/media?parent=1432"}],"wp:term":[{"taxonomy":"category","embeddable":true,"href":"https:\/\/www.avistahideawayphuketresort.com\/es\/wp-json\/wp\/v2\/categories?post=1432"}],"curies":[{"name":"wp","href":"https:\/\/api.w.org\/{rel}","templated":true}]}}