{"id":1435,"date":"2023-05-04T06:32:07","date_gmt":"2023-05-04T06:32:07","guid":{"rendered":"https:\/\/www.avistahideawayphuketresort.com\/things-to-do-phuket\/animal-kingdom\/shower-with-elephants-at-tri-tang-beach\/"},"modified":"2023-07-06T07:05:36","modified_gmt":"2023-07-06T07:05:36","slug":"shower-with-elephants-at-tri-tang-beach","status":"publish","type":"page","link":"https:\/\/www.avistahideawayphuketresort.com\/es\/things-to-do-phuket\/animal-kingdom\/shower-with-elephants-at-tri-tang-beach\/","title":{"rendered":"Ba\u00f1arse con elefantes en la playa de Tri-Tang"},"content":{"rendered":"<p style=\"text-align: center;\">Ba\u00f1arse con elefantes en la playa de Tri-Tang<br \/>\nUna gran experiencia de ba\u00f1arse con elefantes en la naturaleza.<br \/>\n<strong>Distancia desde el hotel:<\/strong> 3.8 km<br \/>\n<strong>Tiempo necesario para visitar:<\/strong> de 9 a. m. a 5 p. m.<br \/>\n<strong>Precio:<\/strong> 700 THB por persona<\/p>\n","protected":false},"excerpt":{"rendered":"<p>Ba\u00f1arse con elefantes en la playa de Tri-Tang Una gran experiencia de ba\u00f1arse con elefantes en la naturaleza. Distancia desde el hotel: 3.8 km Tiempo necesario para visitar: de 9 a. m. a 5 p. m. Precio: 700 THB por persona<\/p>\n","protected":false},"author":55,"featured_media":0,"parent":1420,"menu_order":5,"comment_status":"closed","ping_status":"closed","template":"","meta":{"footnotes":""},"categories":[],"class_list":["post-1435","page","type-page","status-publish","hentry"],"acf":[],"yoast_head":"<!-- This site is optimized with the Yoast SEO plugin v26.9 - https:\/\/yoast.com\/product\/yoast-seo-wordpress\/ -->\n<title>Ba\u00f1arse con elefantes en la playa de Tri-Tang - Avista Hideaway Phuket Patong<\/title>\n<meta name=\"robots\" content=\"index, follow, max-snippet:-1, max-image-preview:large, max-video-preview:-1\" \/>\n<link rel=\"canonical\" href=\"https:\/\/www.avistahideawayphuketresort.com\/es\/things-to-do-phuket\/animal-kingdom\/shower-with-elephants-at-tri-tang-beach\/\" \/>\n<meta property=\"og:locale\" content=\"es_ES\" \/>\n<meta property=\"og:type\" content=\"article\" \/>\n<meta property=\"og:title\" content=\"Ba\u00f1arse con elefantes en la playa de Tri-Tang - Avista Hideaway Phuket Patong\" \/>\n<meta property=\"og:description\" content=\"Ba\u00f1arse con elefantes en la playa de Tri-Tang Una gran experiencia de ba\u00f1arse con elefantes en la naturaleza. Distancia desde el hotel: 3.8 km Tiempo necesario para visitar: de 9 a. m. a 5 p. m. Precio: 700 THB por persona\" \/>\n<meta property=\"og:url\" content=\"https:\/\/www.avistahideawayphuketresort.com\/es\/things-to-do-phuket\/animal-kingdom\/shower-with-elephants-at-tri-tang-beach\/\" \/>\n<meta property=\"og:site_name\" content=\"Avista Hideaway Phuket Patong\" \/>\n<meta property=\"article:modified_time\" content=\"2023-07-06T07:05:36+00:00\" \/>\n<meta name=\"twitter:card\" content=\"summary_large_image\" \/>\n<meta name=\"twitter:label1\" content=\"Tiempo de lectura\" \/>\n\t<meta name=\"twitter:data1\" content=\"1 minuto\" \/>\n<script type=\"application\/ld+json\" class=\"yoast-schema-graph\">{\"@context\":\"https:\/\/schema.org\",\"@graph\":[{\"@type\":\"WebPage\",\"@id\":\"https:\/\/www.avistahideawayphuketresort.com\/es\/things-to-do-phuket\/animal-kingdom\/shower-with-elephants-at-tri-tang-beach\/\",\"url\":\"https:\/\/www.avistahideawayphuketresort.com\/es\/things-to-do-phuket\/animal-kingdom\/shower-with-elephants-at-tri-tang-beach\/\",\"name\":\"Ba\u00f1arse con elefantes en la playa de Tri-Tang - Avista Hideaway Phuket Patong\",\"isPartOf\":{\"@id\":\"https:\/\/www.avistahideawayphuketresort.com\/#website\"},\"datePublished\":\"2023-05-04T06:32:07+00:00\",\"dateModified\":\"2023-07-06T07:05:36+00:00\",\"breadcrumb\":{\"@id\":\"https:\/\/www.avistahideawayphuketresort.com\/es\/things-to-do-phuket\/animal-kingdom\/shower-with-elephants-at-tri-tang-beach\/#breadcrumb\"},\"inLanguage\":\"es\",\"potentialAction\":[{\"@type\":\"ReadAction\",\"target\":[\"https:\/\/www.avistahideawayphuketresort.com\/es\/things-to-do-phuket\/animal-kingdom\/shower-with-elephants-at-tri-tang-beach\/\"]}]},{\"@type\":\"BreadcrumbList\",\"@id\":\"https:\/\/www.avistahideawayphuketresort.com\/es\/things-to-do-phuket\/animal-kingdom\/shower-with-elephants-at-tri-tang-beach\/#breadcrumb\",\"itemListElement\":[{\"@type\":\"ListItem\",\"position\":1,\"name\":\"Home\",\"item\":\"https:\/\/www.avistahideawayphuketresort.com\/es\/\"},{\"@type\":\"ListItem\",\"position\":2,\"name\":\"Qu\u00e9 hacer en Phuket?\",\"item\":\"https:\/\/www.avistahideawayphuketresort.com\/es\/things-to-do-phuket\/\"},{\"@type\":\"ListItem\",\"position\":3,\"name\":\"Animal Kingdom\",\"item\":\"https:\/\/www.avistahideawayphuketresort.com\/es\/things-to-do-phuket\/animal-kingdom\/\"},{\"@type\":\"ListItem\",\"position\":4,\"name\":\"Ba\u00f1arse con elefantes en la playa de Tri-Tang\"}]},{\"@type\":\"WebSite\",\"@id\":\"https:\/\/www.avistahideawayphuketresort.com\/#website\",\"url\":\"https:\/\/www.avistahideawayphuketresort.com\/\",\"name\":\"Avista Hideaway Phuket Patong\",\"description\":\"\",\"potentialAction\":[{\"@type\":\"SearchAction\",\"target\":{\"@type\":\"EntryPoint\",\"urlTemplate\":\"https:\/\/www.avistahideawayphuketresort.com\/?s={search_term_string}\"},\"query-input\":{\"@type\":\"PropertyValueSpecification\",\"valueRequired\":true,\"valueName\":\"search_term_string\"}}],\"inLanguage\":\"es\"}]}<\/script>\n<!-- \/ Yoast SEO plugin. -->","yoast_head_json":{"title":"Ba\u00f1arse con elefantes en la playa de Tri-Tang - Avista Hideaway Phuket Patong","robots":{"index":"index","follow":"follow","max-snippet":"max-snippet:-1","max-image-preview":"max-image-preview:large","max-video-preview":"max-video-preview:-1"},"canonical":"https:\/\/www.avistahideawayphuketresort.com\/es\/things-to-do-phuket\/animal-kingdom\/shower-with-elephants-at-tri-tang-beach\/","og_locale":"es_ES","og_type":"article","og_title":"Ba\u00f1arse con elefantes en la playa de Tri-Tang - Avista Hideaway Phuket Patong","og_description":"Ba\u00f1arse con elefantes en la playa de Tri-Tang Una gran experiencia de ba\u00f1arse con elefantes en la naturaleza. Distancia desde el hotel: 3.8 km Tiempo necesario para visitar: de 9 a. m. a 5 p. m. Precio: 700 THB por persona","og_url":"https:\/\/www.avistahideawayphuketresort.com\/es\/things-to-do-phuket\/animal-kingdom\/shower-with-elephants-at-tri-tang-beach\/","og_site_name":"Avista Hideaway Phuket Patong","article_modified_time":"2023-07-06T07:05:36+00:00","twitter_card":"summary_large_image","twitter_misc":{"Tiempo de lectura":"1 minuto"},"schema":{"@context":"https:\/\/schema.org","@graph":[{"@type":"WebPage","@id":"https:\/\/www.avistahideawayphuketresort.com\/es\/things-to-do-phuket\/animal-kingdom\/shower-with-elephants-at-tri-tang-beach\/","url":"https:\/\/www.avistahideawayphuketresort.com\/es\/things-to-do-phuket\/animal-kingdom\/shower-with-elephants-at-tri-tang-beach\/","name":"Ba\u00f1arse con elefantes en la playa de Tri-Tang - Avista Hideaway Phuket Patong","isPartOf":{"@id":"https:\/\/www.avistahideawayphuketresort.com\/#website"},"datePublished":"2023-05-04T06:32:07+00:00","dateModified":"2023-07-06T07:05:36+00:00","breadcrumb":{"@id":"https:\/\/www.avistahideawayphuketresort.com\/es\/things-to-do-phuket\/animal-kingdom\/shower-with-elephants-at-tri-tang-beach\/#breadcrumb"},"inLanguage":"es","potentialAction":[{"@type":"ReadAction","target":["https:\/\/www.avistahideawayphuketresort.com\/es\/things-to-do-phuket\/animal-kingdom\/shower-with-elephants-at-tri-tang-beach\/"]}]},{"@type":"BreadcrumbList","@id":"https:\/\/www.avistahideawayphuketresort.com\/es\/things-to-do-phuket\/animal-kingdom\/shower-with-elephants-at-tri-tang-beach\/#breadcrumb","itemListElement":[{"@type":"ListItem","position":1,"name":"Home","item":"https:\/\/www.avistahideawayphuketresort.com\/es\/"},{"@type":"ListItem","position":2,"name":"Qu\u00e9 hacer en Phuket?","item":"https:\/\/www.avistahideawayphuketresort.com\/es\/things-to-do-phuket\/"},{"@type":"ListItem","position":3,"name":"Animal Kingdom","item":"https:\/\/www.avistahideawayphuketresort.com\/es\/things-to-do-phuket\/animal-kingdom\/"},{"@type":"ListItem","position":4,"name":"Ba\u00f1arse con elefantes en la playa de Tri-Tang"}]},{"@type":"WebSite","@id":"https:\/\/www.avistahideawayphuketresort.com\/#website","url":"https:\/\/www.avistahideawayphuketresort.com\/","name":"Avista Hideaway Phuket Patong","description":"","potentialAction":[{"@type":"SearchAction","target":{"@type":"EntryPoint","urlTemplate":"https:\/\/www.avistahideawayphuketresort.com\/?s={search_term_string}"},"query-input":{"@type":"PropertyValueSpecification","valueRequired":true,"valueName":"search_term_string"}}],"inLanguage":"es"}]}},"_links":{"self":[{"href":"https:\/\/www.avistahideawayphuketresort.com\/es\/wp-json\/wp\/v2\/pages\/1435","targetHints":{"allow":["GET"]}}],"collection":[{"href":"https:\/\/www.avistahideawayphuketresort.com\/es\/wp-json\/wp\/v2\/pages"}],"about":[{"href":"https:\/\/www.avistahideawayphuketresort.com\/es\/wp-json\/wp\/v2\/types\/page"}],"author":[{"embeddable":true,"href":"https:\/\/www.avistahideawayphuketresort.com\/es\/wp-json\/wp\/v2\/users\/55"}],"replies":[{"embeddable":true,"href":"https:\/\/www.avistahideawayphuketresort.com\/es\/wp-json\/wp\/v2\/comments?post=1435"}],"version-history":[{"count":0,"href":"https:\/\/www.avistahideawayphuketresort.com\/es\/wp-json\/wp\/v2\/pages\/1435\/revisions"}],"up":[{"embeddable":true,"href":"https:\/\/www.avistahideawayphuketresort.com\/es\/wp-json\/wp\/v2\/pages\/1420"}],"wp:attachment":[{"href":"https:\/\/www.avistahideawayphuketresort.com\/es\/wp-json\/wp\/v2\/media?parent=1435"}],"wp:term":[{"taxonomy":"category","embeddable":true,"href":"https:\/\/www.avistahideawayphuketresort.com\/es\/wp-json\/wp\/v2\/categories?post=1435"}],"curies":[{"name":"wp","href":"https:\/\/api.w.org\/{rel}","templated":true}]}}