{"id":1438,"date":"2023-05-04T06:33:08","date_gmt":"2023-05-04T06:33:08","guid":{"rendered":"https:\/\/www.avistahideawayphuketresort.com\/things-to-do-phuket\/animal-kingdom\/phuket-aquarium\/"},"modified":"2023-07-06T07:06:33","modified_gmt":"2023-07-06T07:06:33","slug":"phuket-aquarium","status":"publish","type":"page","link":"https:\/\/www.avistahideawayphuketresort.com\/es\/things-to-do-phuket\/animal-kingdom\/phuket-aquarium\/","title":{"rendered":"Acuario de Phuket"},"content":{"rendered":"<p style=\"text-align: center;\">Acuario apto para ni\u00f1os con exhibiciones de peces y arrecifes de coral, adem\u00e1s de un t\u00fanel submarino y una piscina t\u00e1ctil.<br \/>\n<strong>Destacado:<\/strong> Experimenta las criaturas reales bajo el agua<br \/>\n<strong>Distancia desde el hotel:<\/strong> 32 km<br \/>\n<strong>Tiempo necesario para visitar:<\/strong> de 1 a 2 horas<br \/>\n<strong>Horario de visitas:<\/strong> de 8:30 a. m. a 4:30 p. m.<br \/>\n<strong>Precio:<\/strong><br \/>\nExtranjero 180 THB\/Adulto<br \/>\nNacional tailand\u00e9s 50 THB\/Adulto y 20 THB\/ni\u00f1o<br \/>\nNi\u00f1os con estatura menor a 108 cm tendr\u00e1n entrada gratis<\/p>\n","protected":false},"excerpt":{"rendered":"<p>Acuario apto para ni\u00f1os con exhibiciones de peces y arrecifes de coral, adem\u00e1s de un t\u00fanel submarino y una piscina t\u00e1ctil. Destacado: Experimenta las criaturas reales bajo el agua Distancia desde el hotel: 32 km Tiempo necesario para visitar: de 1 a 2 horas Horario de visitas: de 8:30 a. m. a 4:30 p. m. [&hellip;]<\/p>\n","protected":false},"author":55,"featured_media":0,"parent":1420,"menu_order":6,"comment_status":"closed","ping_status":"closed","template":"","meta":{"footnotes":""},"categories":[],"class_list":["post-1438","page","type-page","status-publish","hentry"],"acf":[],"yoast_head":"<!-- This site is optimized with the Yoast SEO plugin v26.9 - https:\/\/yoast.com\/product\/yoast-seo-wordpress\/ -->\n<title>Acuario de Phuket - Avista Hideaway Phuket Patong<\/title>\n<meta name=\"robots\" content=\"index, follow, max-snippet:-1, max-image-preview:large, max-video-preview:-1\" \/>\n<link rel=\"canonical\" href=\"https:\/\/www.avistahideawayphuketresort.com\/es\/things-to-do-phuket\/animal-kingdom\/phuket-aquarium\/\" \/>\n<meta property=\"og:locale\" content=\"es_ES\" \/>\n<meta property=\"og:type\" content=\"article\" \/>\n<meta property=\"og:title\" content=\"Acuario de Phuket - Avista Hideaway Phuket Patong\" \/>\n<meta property=\"og:description\" content=\"Acuario apto para ni\u00f1os con exhibiciones de peces y arrecifes de coral, adem\u00e1s de un t\u00fanel submarino y una piscina t\u00e1ctil. Destacado: Experimenta las criaturas reales bajo el agua Distancia desde el hotel: 32 km Tiempo necesario para visitar: de 1 a 2 horas Horario de visitas: de 8:30 a. m. a 4:30 p. m. [&hellip;]\" \/>\n<meta property=\"og:url\" content=\"https:\/\/www.avistahideawayphuketresort.com\/es\/things-to-do-phuket\/animal-kingdom\/phuket-aquarium\/\" \/>\n<meta property=\"og:site_name\" content=\"Avista Hideaway Phuket Patong\" \/>\n<meta property=\"article:modified_time\" content=\"2023-07-06T07:06:33+00:00\" \/>\n<meta name=\"twitter:card\" content=\"summary_large_image\" \/>\n<meta name=\"twitter:label1\" content=\"Tiempo de lectura\" \/>\n\t<meta name=\"twitter:data1\" content=\"1 minuto\" \/>\n<script type=\"application\/ld+json\" class=\"yoast-schema-graph\">{\"@context\":\"https:\/\/schema.org\",\"@graph\":[{\"@type\":\"WebPage\",\"@id\":\"https:\/\/www.avistahideawayphuketresort.com\/es\/things-to-do-phuket\/animal-kingdom\/phuket-aquarium\/\",\"url\":\"https:\/\/www.avistahideawayphuketresort.com\/es\/things-to-do-phuket\/animal-kingdom\/phuket-aquarium\/\",\"name\":\"Acuario de Phuket - Avista Hideaway Phuket Patong\",\"isPartOf\":{\"@id\":\"https:\/\/www.avistahideawayphuketresort.com\/#website\"},\"datePublished\":\"2023-05-04T06:33:08+00:00\",\"dateModified\":\"2023-07-06T07:06:33+00:00\",\"breadcrumb\":{\"@id\":\"https:\/\/www.avistahideawayphuketresort.com\/es\/things-to-do-phuket\/animal-kingdom\/phuket-aquarium\/#breadcrumb\"},\"inLanguage\":\"es\",\"potentialAction\":[{\"@type\":\"ReadAction\",\"target\":[\"https:\/\/www.avistahideawayphuketresort.com\/es\/things-to-do-phuket\/animal-kingdom\/phuket-aquarium\/\"]}]},{\"@type\":\"BreadcrumbList\",\"@id\":\"https:\/\/www.avistahideawayphuketresort.com\/es\/things-to-do-phuket\/animal-kingdom\/phuket-aquarium\/#breadcrumb\",\"itemListElement\":[{\"@type\":\"ListItem\",\"position\":1,\"name\":\"Home\",\"item\":\"https:\/\/www.avistahideawayphuketresort.com\/es\/\"},{\"@type\":\"ListItem\",\"position\":2,\"name\":\"Qu\u00e9 hacer en Phuket?\",\"item\":\"https:\/\/www.avistahideawayphuketresort.com\/es\/things-to-do-phuket\/\"},{\"@type\":\"ListItem\",\"position\":3,\"name\":\"Animal Kingdom\",\"item\":\"https:\/\/www.avistahideawayphuketresort.com\/es\/things-to-do-phuket\/animal-kingdom\/\"},{\"@type\":\"ListItem\",\"position\":4,\"name\":\"Acuario de Phuket\"}]},{\"@type\":\"WebSite\",\"@id\":\"https:\/\/www.avistahideawayphuketresort.com\/#website\",\"url\":\"https:\/\/www.avistahideawayphuketresort.com\/\",\"name\":\"Avista Hideaway Phuket Patong\",\"description\":\"\",\"potentialAction\":[{\"@type\":\"SearchAction\",\"target\":{\"@type\":\"EntryPoint\",\"urlTemplate\":\"https:\/\/www.avistahideawayphuketresort.com\/?s={search_term_string}\"},\"query-input\":{\"@type\":\"PropertyValueSpecification\",\"valueRequired\":true,\"valueName\":\"search_term_string\"}}],\"inLanguage\":\"es\"}]}<\/script>\n<!-- \/ Yoast SEO plugin. -->","yoast_head_json":{"title":"Acuario de Phuket - Avista Hideaway Phuket Patong","robots":{"index":"index","follow":"follow","max-snippet":"max-snippet:-1","max-image-preview":"max-image-preview:large","max-video-preview":"max-video-preview:-1"},"canonical":"https:\/\/www.avistahideawayphuketresort.com\/es\/things-to-do-phuket\/animal-kingdom\/phuket-aquarium\/","og_locale":"es_ES","og_type":"article","og_title":"Acuario de Phuket - Avista Hideaway Phuket Patong","og_description":"Acuario apto para ni\u00f1os con exhibiciones de peces y arrecifes de coral, adem\u00e1s de un t\u00fanel submarino y una piscina t\u00e1ctil. Destacado: Experimenta las criaturas reales bajo el agua Distancia desde el hotel: 32 km Tiempo necesario para visitar: de 1 a 2 horas Horario de visitas: de 8:30 a. m. a 4:30 p. m. [&hellip;]","og_url":"https:\/\/www.avistahideawayphuketresort.com\/es\/things-to-do-phuket\/animal-kingdom\/phuket-aquarium\/","og_site_name":"Avista Hideaway Phuket Patong","article_modified_time":"2023-07-06T07:06:33+00:00","twitter_card":"summary_large_image","twitter_misc":{"Tiempo de lectura":"1 minuto"},"schema":{"@context":"https:\/\/schema.org","@graph":[{"@type":"WebPage","@id":"https:\/\/www.avistahideawayphuketresort.com\/es\/things-to-do-phuket\/animal-kingdom\/phuket-aquarium\/","url":"https:\/\/www.avistahideawayphuketresort.com\/es\/things-to-do-phuket\/animal-kingdom\/phuket-aquarium\/","name":"Acuario de Phuket - Avista Hideaway Phuket Patong","isPartOf":{"@id":"https:\/\/www.avistahideawayphuketresort.com\/#website"},"datePublished":"2023-05-04T06:33:08+00:00","dateModified":"2023-07-06T07:06:33+00:00","breadcrumb":{"@id":"https:\/\/www.avistahideawayphuketresort.com\/es\/things-to-do-phuket\/animal-kingdom\/phuket-aquarium\/#breadcrumb"},"inLanguage":"es","potentialAction":[{"@type":"ReadAction","target":["https:\/\/www.avistahideawayphuketresort.com\/es\/things-to-do-phuket\/animal-kingdom\/phuket-aquarium\/"]}]},{"@type":"BreadcrumbList","@id":"https:\/\/www.avistahideawayphuketresort.com\/es\/things-to-do-phuket\/animal-kingdom\/phuket-aquarium\/#breadcrumb","itemListElement":[{"@type":"ListItem","position":1,"name":"Home","item":"https:\/\/www.avistahideawayphuketresort.com\/es\/"},{"@type":"ListItem","position":2,"name":"Qu\u00e9 hacer en Phuket?","item":"https:\/\/www.avistahideawayphuketresort.com\/es\/things-to-do-phuket\/"},{"@type":"ListItem","position":3,"name":"Animal Kingdom","item":"https:\/\/www.avistahideawayphuketresort.com\/es\/things-to-do-phuket\/animal-kingdom\/"},{"@type":"ListItem","position":4,"name":"Acuario de Phuket"}]},{"@type":"WebSite","@id":"https:\/\/www.avistahideawayphuketresort.com\/#website","url":"https:\/\/www.avistahideawayphuketresort.com\/","name":"Avista Hideaway Phuket Patong","description":"","potentialAction":[{"@type":"SearchAction","target":{"@type":"EntryPoint","urlTemplate":"https:\/\/www.avistahideawayphuketresort.com\/?s={search_term_string}"},"query-input":{"@type":"PropertyValueSpecification","valueRequired":true,"valueName":"search_term_string"}}],"inLanguage":"es"}]}},"_links":{"self":[{"href":"https:\/\/www.avistahideawayphuketresort.com\/es\/wp-json\/wp\/v2\/pages\/1438","targetHints":{"allow":["GET"]}}],"collection":[{"href":"https:\/\/www.avistahideawayphuketresort.com\/es\/wp-json\/wp\/v2\/pages"}],"about":[{"href":"https:\/\/www.avistahideawayphuketresort.com\/es\/wp-json\/wp\/v2\/types\/page"}],"author":[{"embeddable":true,"href":"https:\/\/www.avistahideawayphuketresort.com\/es\/wp-json\/wp\/v2\/users\/55"}],"replies":[{"embeddable":true,"href":"https:\/\/www.avistahideawayphuketresort.com\/es\/wp-json\/wp\/v2\/comments?post=1438"}],"version-history":[{"count":0,"href":"https:\/\/www.avistahideawayphuketresort.com\/es\/wp-json\/wp\/v2\/pages\/1438\/revisions"}],"up":[{"embeddable":true,"href":"https:\/\/www.avistahideawayphuketresort.com\/es\/wp-json\/wp\/v2\/pages\/1420"}],"wp:attachment":[{"href":"https:\/\/www.avistahideawayphuketresort.com\/es\/wp-json\/wp\/v2\/media?parent=1438"}],"wp:term":[{"taxonomy":"category","embeddable":true,"href":"https:\/\/www.avistahideawayphuketresort.com\/es\/wp-json\/wp\/v2\/categories?post=1438"}],"curies":[{"name":"wp","href":"https:\/\/api.w.org\/{rel}","templated":true}]}}