{"id":1441,"date":"2023-05-04T06:34:32","date_gmt":"2023-05-04T06:34:32","guid":{"rendered":"https:\/\/www.avistahideawayphuketresort.com\/things-to-do-phuket\/animal-kingdom\/tiger-kingdom\/"},"modified":"2023-07-06T07:09:18","modified_gmt":"2023-07-06T07:09:18","slug":"tiger-kingdom","status":"publish","type":"page","link":"https:\/\/www.avistahideawayphuketresort.com\/es\/things-to-do-phuket\/animal-kingdom\/tiger-kingdom\/","title":{"rendered":"Reino Tigre"},"content":{"rendered":"<p style=\"text-align: center;\">Atracci\u00f3n tur\u00edstica en la que interact\u00faan de cerca con tigres en recintos enjaulados.<br \/>\n<strong>Destacado:<\/strong> juega con tigres reales<br \/>\n<strong>Distancia desde el hotel:<\/strong> 10kms<br \/>\n<strong>Tiempo requerido para la visita:<\/strong> 1hr<br \/>\n<strong>Horario de visitas:<\/strong> 9am \u2013 6pm<br \/>\n<strong>Precio:<\/strong> De 900 a 1500 THB por persona. (Cargos por fotograf\u00eda extra)<\/p>\n","protected":false},"excerpt":{"rendered":"<p>Atracci\u00f3n tur\u00edstica en la que interact\u00faan de cerca con tigres en recintos enjaulados. Destacado: juega con tigres reales Distancia desde el hotel: 10kms Tiempo requerido para la visita: 1hr Horario de visitas: 9am \u2013 6pm Precio: De 900 a 1500 THB por persona. (Cargos por fotograf\u00eda extra)<\/p>\n","protected":false},"author":55,"featured_media":0,"parent":1420,"menu_order":7,"comment_status":"closed","ping_status":"closed","template":"","meta":{"footnotes":""},"categories":[],"class_list":["post-1441","page","type-page","status-publish","hentry"],"acf":[],"yoast_head":"<!-- This site is optimized with the Yoast SEO plugin v26.9 - https:\/\/yoast.com\/product\/yoast-seo-wordpress\/ -->\n<title>Reino Tigre - Avista Hideaway Phuket Patong<\/title>\n<meta name=\"robots\" content=\"index, follow, max-snippet:-1, max-image-preview:large, max-video-preview:-1\" \/>\n<link rel=\"canonical\" href=\"https:\/\/www.avistahideawayphuketresort.com\/es\/things-to-do-phuket\/animal-kingdom\/tiger-kingdom\/\" \/>\n<meta property=\"og:locale\" content=\"es_ES\" \/>\n<meta property=\"og:type\" content=\"article\" \/>\n<meta property=\"og:title\" content=\"Reino Tigre - Avista Hideaway Phuket Patong\" \/>\n<meta property=\"og:description\" content=\"Atracci\u00f3n tur\u00edstica en la que interact\u00faan de cerca con tigres en recintos enjaulados. Destacado: juega con tigres reales Distancia desde el hotel: 10kms Tiempo requerido para la visita: 1hr Horario de visitas: 9am \u2013 6pm Precio: De 900 a 1500 THB por persona. (Cargos por fotograf\u00eda extra)\" \/>\n<meta property=\"og:url\" content=\"https:\/\/www.avistahideawayphuketresort.com\/es\/things-to-do-phuket\/animal-kingdom\/tiger-kingdom\/\" \/>\n<meta property=\"og:site_name\" content=\"Avista Hideaway Phuket Patong\" \/>\n<meta property=\"article:modified_time\" content=\"2023-07-06T07:09:18+00:00\" \/>\n<meta name=\"twitter:card\" content=\"summary_large_image\" \/>\n<meta name=\"twitter:label1\" content=\"Tiempo de lectura\" \/>\n\t<meta name=\"twitter:data1\" content=\"1 minuto\" \/>\n<script type=\"application\/ld+json\" class=\"yoast-schema-graph\">{\"@context\":\"https:\/\/schema.org\",\"@graph\":[{\"@type\":\"WebPage\",\"@id\":\"https:\/\/www.avistahideawayphuketresort.com\/es\/things-to-do-phuket\/animal-kingdom\/tiger-kingdom\/\",\"url\":\"https:\/\/www.avistahideawayphuketresort.com\/es\/things-to-do-phuket\/animal-kingdom\/tiger-kingdom\/\",\"name\":\"Reino Tigre - Avista Hideaway Phuket Patong\",\"isPartOf\":{\"@id\":\"https:\/\/www.avistahideawayphuketresort.com\/#website\"},\"datePublished\":\"2023-05-04T06:34:32+00:00\",\"dateModified\":\"2023-07-06T07:09:18+00:00\",\"breadcrumb\":{\"@id\":\"https:\/\/www.avistahideawayphuketresort.com\/es\/things-to-do-phuket\/animal-kingdom\/tiger-kingdom\/#breadcrumb\"},\"inLanguage\":\"es\",\"potentialAction\":[{\"@type\":\"ReadAction\",\"target\":[\"https:\/\/www.avistahideawayphuketresort.com\/es\/things-to-do-phuket\/animal-kingdom\/tiger-kingdom\/\"]}]},{\"@type\":\"BreadcrumbList\",\"@id\":\"https:\/\/www.avistahideawayphuketresort.com\/es\/things-to-do-phuket\/animal-kingdom\/tiger-kingdom\/#breadcrumb\",\"itemListElement\":[{\"@type\":\"ListItem\",\"position\":1,\"name\":\"Home\",\"item\":\"https:\/\/www.avistahideawayphuketresort.com\/es\/\"},{\"@type\":\"ListItem\",\"position\":2,\"name\":\"Qu\u00e9 hacer en Phuket?\",\"item\":\"https:\/\/www.avistahideawayphuketresort.com\/es\/things-to-do-phuket\/\"},{\"@type\":\"ListItem\",\"position\":3,\"name\":\"Animal Kingdom\",\"item\":\"https:\/\/www.avistahideawayphuketresort.com\/es\/things-to-do-phuket\/animal-kingdom\/\"},{\"@type\":\"ListItem\",\"position\":4,\"name\":\"Reino Tigre\"}]},{\"@type\":\"WebSite\",\"@id\":\"https:\/\/www.avistahideawayphuketresort.com\/#website\",\"url\":\"https:\/\/www.avistahideawayphuketresort.com\/\",\"name\":\"Avista Hideaway Phuket Patong\",\"description\":\"\",\"potentialAction\":[{\"@type\":\"SearchAction\",\"target\":{\"@type\":\"EntryPoint\",\"urlTemplate\":\"https:\/\/www.avistahideawayphuketresort.com\/?s={search_term_string}\"},\"query-input\":{\"@type\":\"PropertyValueSpecification\",\"valueRequired\":true,\"valueName\":\"search_term_string\"}}],\"inLanguage\":\"es\"}]}<\/script>\n<!-- \/ Yoast SEO plugin. -->","yoast_head_json":{"title":"Reino Tigre - Avista Hideaway Phuket Patong","robots":{"index":"index","follow":"follow","max-snippet":"max-snippet:-1","max-image-preview":"max-image-preview:large","max-video-preview":"max-video-preview:-1"},"canonical":"https:\/\/www.avistahideawayphuketresort.com\/es\/things-to-do-phuket\/animal-kingdom\/tiger-kingdom\/","og_locale":"es_ES","og_type":"article","og_title":"Reino Tigre - Avista Hideaway Phuket Patong","og_description":"Atracci\u00f3n tur\u00edstica en la que interact\u00faan de cerca con tigres en recintos enjaulados. Destacado: juega con tigres reales Distancia desde el hotel: 10kms Tiempo requerido para la visita: 1hr Horario de visitas: 9am \u2013 6pm Precio: De 900 a 1500 THB por persona. (Cargos por fotograf\u00eda extra)","og_url":"https:\/\/www.avistahideawayphuketresort.com\/es\/things-to-do-phuket\/animal-kingdom\/tiger-kingdom\/","og_site_name":"Avista Hideaway Phuket Patong","article_modified_time":"2023-07-06T07:09:18+00:00","twitter_card":"summary_large_image","twitter_misc":{"Tiempo de lectura":"1 minuto"},"schema":{"@context":"https:\/\/schema.org","@graph":[{"@type":"WebPage","@id":"https:\/\/www.avistahideawayphuketresort.com\/es\/things-to-do-phuket\/animal-kingdom\/tiger-kingdom\/","url":"https:\/\/www.avistahideawayphuketresort.com\/es\/things-to-do-phuket\/animal-kingdom\/tiger-kingdom\/","name":"Reino Tigre - Avista Hideaway Phuket Patong","isPartOf":{"@id":"https:\/\/www.avistahideawayphuketresort.com\/#website"},"datePublished":"2023-05-04T06:34:32+00:00","dateModified":"2023-07-06T07:09:18+00:00","breadcrumb":{"@id":"https:\/\/www.avistahideawayphuketresort.com\/es\/things-to-do-phuket\/animal-kingdom\/tiger-kingdom\/#breadcrumb"},"inLanguage":"es","potentialAction":[{"@type":"ReadAction","target":["https:\/\/www.avistahideawayphuketresort.com\/es\/things-to-do-phuket\/animal-kingdom\/tiger-kingdom\/"]}]},{"@type":"BreadcrumbList","@id":"https:\/\/www.avistahideawayphuketresort.com\/es\/things-to-do-phuket\/animal-kingdom\/tiger-kingdom\/#breadcrumb","itemListElement":[{"@type":"ListItem","position":1,"name":"Home","item":"https:\/\/www.avistahideawayphuketresort.com\/es\/"},{"@type":"ListItem","position":2,"name":"Qu\u00e9 hacer en Phuket?","item":"https:\/\/www.avistahideawayphuketresort.com\/es\/things-to-do-phuket\/"},{"@type":"ListItem","position":3,"name":"Animal Kingdom","item":"https:\/\/www.avistahideawayphuketresort.com\/es\/things-to-do-phuket\/animal-kingdom\/"},{"@type":"ListItem","position":4,"name":"Reino Tigre"}]},{"@type":"WebSite","@id":"https:\/\/www.avistahideawayphuketresort.com\/#website","url":"https:\/\/www.avistahideawayphuketresort.com\/","name":"Avista Hideaway Phuket Patong","description":"","potentialAction":[{"@type":"SearchAction","target":{"@type":"EntryPoint","urlTemplate":"https:\/\/www.avistahideawayphuketresort.com\/?s={search_term_string}"},"query-input":{"@type":"PropertyValueSpecification","valueRequired":true,"valueName":"search_term_string"}}],"inLanguage":"es"}]}},"_links":{"self":[{"href":"https:\/\/www.avistahideawayphuketresort.com\/es\/wp-json\/wp\/v2\/pages\/1441","targetHints":{"allow":["GET"]}}],"collection":[{"href":"https:\/\/www.avistahideawayphuketresort.com\/es\/wp-json\/wp\/v2\/pages"}],"about":[{"href":"https:\/\/www.avistahideawayphuketresort.com\/es\/wp-json\/wp\/v2\/types\/page"}],"author":[{"embeddable":true,"href":"https:\/\/www.avistahideawayphuketresort.com\/es\/wp-json\/wp\/v2\/users\/55"}],"replies":[{"embeddable":true,"href":"https:\/\/www.avistahideawayphuketresort.com\/es\/wp-json\/wp\/v2\/comments?post=1441"}],"version-history":[{"count":0,"href":"https:\/\/www.avistahideawayphuketresort.com\/es\/wp-json\/wp\/v2\/pages\/1441\/revisions"}],"up":[{"embeddable":true,"href":"https:\/\/www.avistahideawayphuketresort.com\/es\/wp-json\/wp\/v2\/pages\/1420"}],"wp:attachment":[{"href":"https:\/\/www.avistahideawayphuketresort.com\/es\/wp-json\/wp\/v2\/media?parent=1441"}],"wp:term":[{"taxonomy":"category","embeddable":true,"href":"https:\/\/www.avistahideawayphuketresort.com\/es\/wp-json\/wp\/v2\/categories?post=1441"}],"curies":[{"name":"wp","href":"https:\/\/api.w.org\/{rel}","templated":true}]}}