{"id":1453,"date":"2023-05-04T06:38:12","date_gmt":"2023-05-04T06:38:12","guid":{"rendered":"https:\/\/www.avistahideawayphuketresort.com\/things-to-do-phuket\/island-hopping-tours\/koh-phi-phi-islands\/"},"modified":"2023-07-06T07:14:07","modified_gmt":"2023-07-06T07:14:07","slug":"koh-phi-phi-islands","status":"publish","type":"page","link":"https:\/\/www.avistahideawayphuketresort.com\/es\/things-to-do-phuket\/island-hopping-tours\/koh-phi-phi-islands\/","title":{"rendered":"Excursi\u00f3n a la isla Phi Phi"},"content":{"rendered":"<p style=\"text-align: center;\">Podr\u00eda decirse que es una de las islas m\u00e1s famosas del mundo, la isla Phi Phi se compone de 6 islas: Phi Phi Don, Phi Phi Leh, las islas Koh Bida, la isla Mosquito y la isla Bamboo.<\/p>\n<p style=\"text-align: center;\">Las playas de arena blanca, la impresionante selva, el mar azul y los arrecifes de coral son un para\u00edso para cualquier persona que visite esas islas. Tome un ferry de dos horas desde la ciudad de Phuket en el muelle de Rassada para unirse al muelle de Tonsai de Phi Phi Don. \u00a1Encuentre vendedores confiables de viajes en barco a su llegada para visitar de una isla a otra y disfrutar de toda la naturaleza pr\u00edstina para la postal m\u00e1s memorable!<\/p>\n<p style=\"text-align: center;\"><strong>Phi Phi Don<\/strong><br \/>\nPhi Phi Don es la isla principal, donde se concentran hoteles y bares para disfrutar de la vida nocturna dentro de los diferentes pueblos. Durante el d\u00eda, puede disfrutar de Phuket visitando m\u00faltiples bah\u00edas y playas como Monkey Beach y Loh Dalum Bay. Esta es una de las islas principales en el tour de la isla Phi Phi para turistas.<br \/>\n<strong>Phi Phi Leh<\/strong><br \/>\nAl sur de Phi Phi Don, este es un excelente lugar para actividades en Phuket como buceo y snorkeling. Loh Sama (Sama Bay) es un excelente lugar para descubrir hermosos corales y peces tropicales. Adem\u00e1s, Maya Bay, la bah\u00eda m\u00e1s famosa del mundo, el acceso indefinidamente no est\u00e1 permitido para proteger el ecosistema marino.<br \/>\n<strong>Islas de Koh Bida<\/strong><br \/>\nKoh Bida Nok y Koh Bida Nai son hermosas, donde se pueden ver tortugas y tiburones. El buceo es una visita obligada para ver los arrecifes y las especies incre\u00edbles.<br \/>\n<strong>Isla de los mosquitos<\/strong><br \/>\nLa isla bien nombrada al atardecer es, sin embargo, espl\u00e9ndida con su longitud de 1 kil\u00f3metro. Una vez m\u00e1s, la actividad principal es bucear a trav\u00e9s de arrecifes de coral blandos y observar la vida marina y los tiburones.<br \/>\n<strong>isla de bamb\u00fa<\/strong><br \/>\nSi buscas una playa lejos de las concurridas islas principales, Bamboo Island ofrece lo que esperas. Sin embargo, puede estar ocupado de diciembre a marzo, pero presenciar su maravillosa playa de arena blanca y agua turquesa vale la pena.<br \/>\nEl archipi\u00e9lago de la isla Phi Phi en Phuket tiene mucho que presenciar y explorar durante un recorrido tur\u00edstico.<\/p>\n","protected":false},"excerpt":{"rendered":"<p>Podr\u00eda decirse que es una de las islas m\u00e1s famosas del mundo, la isla Phi Phi se compone de 6 islas: Phi Phi Don, Phi Phi Leh, las islas Koh Bida, la isla Mosquito y la isla Bamboo. Las playas de arena blanca, la impresionante selva, el mar azul y los arrecifes de coral son [&hellip;]<\/p>\n","protected":false},"author":55,"featured_media":0,"parent":1450,"menu_order":1,"comment_status":"closed","ping_status":"closed","template":"","meta":{"footnotes":""},"categories":[],"class_list":["post-1453","page","type-page","status-publish","hentry"],"acf":[],"yoast_head":"<!-- This site is optimized with the Yoast SEO plugin v26.9 - https:\/\/yoast.com\/product\/yoast-seo-wordpress\/ -->\n<title>Excursi\u00f3n a la isla Phi Phi - Avista Hideaway Phuket Patong<\/title>\n<meta name=\"robots\" content=\"index, follow, max-snippet:-1, max-image-preview:large, max-video-preview:-1\" \/>\n<link rel=\"canonical\" href=\"https:\/\/www.avistahideawayphuketresort.com\/es\/things-to-do-phuket\/island-hopping-tours\/koh-phi-phi-islands\/\" \/>\n<meta property=\"og:locale\" content=\"es_ES\" \/>\n<meta property=\"og:type\" content=\"article\" \/>\n<meta property=\"og:title\" content=\"Excursi\u00f3n a la isla Phi Phi - Avista Hideaway Phuket Patong\" \/>\n<meta property=\"og:description\" content=\"Podr\u00eda decirse que es una de las islas m\u00e1s famosas del mundo, la isla Phi Phi se compone de 6 islas: Phi Phi Don, Phi Phi Leh, las islas Koh Bida, la isla Mosquito y la isla Bamboo. Las playas de arena blanca, la impresionante selva, el mar azul y los arrecifes de coral son [&hellip;]\" \/>\n<meta property=\"og:url\" content=\"https:\/\/www.avistahideawayphuketresort.com\/es\/things-to-do-phuket\/island-hopping-tours\/koh-phi-phi-islands\/\" \/>\n<meta property=\"og:site_name\" content=\"Avista Hideaway Phuket Patong\" \/>\n<meta property=\"article:modified_time\" content=\"2023-07-06T07:14:07+00:00\" \/>\n<meta name=\"twitter:card\" content=\"summary_large_image\" \/>\n<meta name=\"twitter:label1\" content=\"Tiempo de lectura\" \/>\n\t<meta name=\"twitter:data1\" content=\"2 minutos\" \/>\n<script type=\"application\/ld+json\" class=\"yoast-schema-graph\">{\"@context\":\"https:\/\/schema.org\",\"@graph\":[{\"@type\":\"WebPage\",\"@id\":\"https:\/\/www.avistahideawayphuketresort.com\/es\/things-to-do-phuket\/island-hopping-tours\/koh-phi-phi-islands\/\",\"url\":\"https:\/\/www.avistahideawayphuketresort.com\/es\/things-to-do-phuket\/island-hopping-tours\/koh-phi-phi-islands\/\",\"name\":\"Excursi\u00f3n a la isla Phi Phi - Avista Hideaway Phuket Patong\",\"isPartOf\":{\"@id\":\"https:\/\/www.avistahideawayphuketresort.com\/#website\"},\"datePublished\":\"2023-05-04T06:38:12+00:00\",\"dateModified\":\"2023-07-06T07:14:07+00:00\",\"breadcrumb\":{\"@id\":\"https:\/\/www.avistahideawayphuketresort.com\/es\/things-to-do-phuket\/island-hopping-tours\/koh-phi-phi-islands\/#breadcrumb\"},\"inLanguage\":\"es\",\"potentialAction\":[{\"@type\":\"ReadAction\",\"target\":[\"https:\/\/www.avistahideawayphuketresort.com\/es\/things-to-do-phuket\/island-hopping-tours\/koh-phi-phi-islands\/\"]}]},{\"@type\":\"BreadcrumbList\",\"@id\":\"https:\/\/www.avistahideawayphuketresort.com\/es\/things-to-do-phuket\/island-hopping-tours\/koh-phi-phi-islands\/#breadcrumb\",\"itemListElement\":[{\"@type\":\"ListItem\",\"position\":1,\"name\":\"Home\",\"item\":\"https:\/\/www.avistahideawayphuketresort.com\/es\/\"},{\"@type\":\"ListItem\",\"position\":2,\"name\":\"Qu\u00e9 hacer en Phuket?\",\"item\":\"https:\/\/www.avistahideawayphuketresort.com\/es\/things-to-do-phuket\/\"},{\"@type\":\"ListItem\",\"position\":3,\"name\":\"Tours de isla en isla\",\"item\":\"https:\/\/www.avistahideawayphuketresort.com\/es\/things-to-do-phuket\/island-hopping-tours\/\"},{\"@type\":\"ListItem\",\"position\":4,\"name\":\"Excursi\u00f3n a la isla Phi Phi\"}]},{\"@type\":\"WebSite\",\"@id\":\"https:\/\/www.avistahideawayphuketresort.com\/#website\",\"url\":\"https:\/\/www.avistahideawayphuketresort.com\/\",\"name\":\"Avista Hideaway Phuket Patong\",\"description\":\"\",\"potentialAction\":[{\"@type\":\"SearchAction\",\"target\":{\"@type\":\"EntryPoint\",\"urlTemplate\":\"https:\/\/www.avistahideawayphuketresort.com\/?s={search_term_string}\"},\"query-input\":{\"@type\":\"PropertyValueSpecification\",\"valueRequired\":true,\"valueName\":\"search_term_string\"}}],\"inLanguage\":\"es\"}]}<\/script>\n<!-- \/ Yoast SEO plugin. -->","yoast_head_json":{"title":"Excursi\u00f3n a la isla Phi Phi - Avista Hideaway Phuket Patong","robots":{"index":"index","follow":"follow","max-snippet":"max-snippet:-1","max-image-preview":"max-image-preview:large","max-video-preview":"max-video-preview:-1"},"canonical":"https:\/\/www.avistahideawayphuketresort.com\/es\/things-to-do-phuket\/island-hopping-tours\/koh-phi-phi-islands\/","og_locale":"es_ES","og_type":"article","og_title":"Excursi\u00f3n a la isla Phi Phi - Avista Hideaway Phuket Patong","og_description":"Podr\u00eda decirse que es una de las islas m\u00e1s famosas del mundo, la isla Phi Phi se compone de 6 islas: Phi Phi Don, Phi Phi Leh, las islas Koh Bida, la isla Mosquito y la isla Bamboo. Las playas de arena blanca, la impresionante selva, el mar azul y los arrecifes de coral son [&hellip;]","og_url":"https:\/\/www.avistahideawayphuketresort.com\/es\/things-to-do-phuket\/island-hopping-tours\/koh-phi-phi-islands\/","og_site_name":"Avista Hideaway Phuket Patong","article_modified_time":"2023-07-06T07:14:07+00:00","twitter_card":"summary_large_image","twitter_misc":{"Tiempo de lectura":"2 minutos"},"schema":{"@context":"https:\/\/schema.org","@graph":[{"@type":"WebPage","@id":"https:\/\/www.avistahideawayphuketresort.com\/es\/things-to-do-phuket\/island-hopping-tours\/koh-phi-phi-islands\/","url":"https:\/\/www.avistahideawayphuketresort.com\/es\/things-to-do-phuket\/island-hopping-tours\/koh-phi-phi-islands\/","name":"Excursi\u00f3n a la isla Phi Phi - Avista Hideaway Phuket Patong","isPartOf":{"@id":"https:\/\/www.avistahideawayphuketresort.com\/#website"},"datePublished":"2023-05-04T06:38:12+00:00","dateModified":"2023-07-06T07:14:07+00:00","breadcrumb":{"@id":"https:\/\/www.avistahideawayphuketresort.com\/es\/things-to-do-phuket\/island-hopping-tours\/koh-phi-phi-islands\/#breadcrumb"},"inLanguage":"es","potentialAction":[{"@type":"ReadAction","target":["https:\/\/www.avistahideawayphuketresort.com\/es\/things-to-do-phuket\/island-hopping-tours\/koh-phi-phi-islands\/"]}]},{"@type":"BreadcrumbList","@id":"https:\/\/www.avistahideawayphuketresort.com\/es\/things-to-do-phuket\/island-hopping-tours\/koh-phi-phi-islands\/#breadcrumb","itemListElement":[{"@type":"ListItem","position":1,"name":"Home","item":"https:\/\/www.avistahideawayphuketresort.com\/es\/"},{"@type":"ListItem","position":2,"name":"Qu\u00e9 hacer en Phuket?","item":"https:\/\/www.avistahideawayphuketresort.com\/es\/things-to-do-phuket\/"},{"@type":"ListItem","position":3,"name":"Tours de isla en isla","item":"https:\/\/www.avistahideawayphuketresort.com\/es\/things-to-do-phuket\/island-hopping-tours\/"},{"@type":"ListItem","position":4,"name":"Excursi\u00f3n a la isla Phi Phi"}]},{"@type":"WebSite","@id":"https:\/\/www.avistahideawayphuketresort.com\/#website","url":"https:\/\/www.avistahideawayphuketresort.com\/","name":"Avista Hideaway Phuket Patong","description":"","potentialAction":[{"@type":"SearchAction","target":{"@type":"EntryPoint","urlTemplate":"https:\/\/www.avistahideawayphuketresort.com\/?s={search_term_string}"},"query-input":{"@type":"PropertyValueSpecification","valueRequired":true,"valueName":"search_term_string"}}],"inLanguage":"es"}]}},"_links":{"self":[{"href":"https:\/\/www.avistahideawayphuketresort.com\/es\/wp-json\/wp\/v2\/pages\/1453","targetHints":{"allow":["GET"]}}],"collection":[{"href":"https:\/\/www.avistahideawayphuketresort.com\/es\/wp-json\/wp\/v2\/pages"}],"about":[{"href":"https:\/\/www.avistahideawayphuketresort.com\/es\/wp-json\/wp\/v2\/types\/page"}],"author":[{"embeddable":true,"href":"https:\/\/www.avistahideawayphuketresort.com\/es\/wp-json\/wp\/v2\/users\/55"}],"replies":[{"embeddable":true,"href":"https:\/\/www.avistahideawayphuketresort.com\/es\/wp-json\/wp\/v2\/comments?post=1453"}],"version-history":[{"count":0,"href":"https:\/\/www.avistahideawayphuketresort.com\/es\/wp-json\/wp\/v2\/pages\/1453\/revisions"}],"up":[{"embeddable":true,"href":"https:\/\/www.avistahideawayphuketresort.com\/es\/wp-json\/wp\/v2\/pages\/1450"}],"wp:attachment":[{"href":"https:\/\/www.avistahideawayphuketresort.com\/es\/wp-json\/wp\/v2\/media?parent=1453"}],"wp:term":[{"taxonomy":"category","embeddable":true,"href":"https:\/\/www.avistahideawayphuketresort.com\/es\/wp-json\/wp\/v2\/categories?post=1453"}],"curies":[{"name":"wp","href":"https:\/\/api.w.org\/{rel}","templated":true}]}}