{"id":1474,"date":"2023-05-04T06:39:38","date_gmt":"2023-05-04T06:39:38","guid":{"rendered":"https:\/\/www.avistahideawayphuketresort.com\/things-to-do-phuket\/nightlife-in-patong\/"},"modified":"2023-07-06T07:16:02","modified_gmt":"2023-07-06T07:16:02","slug":"nightlife-in-patong","status":"publish","type":"page","link":"https:\/\/www.avistahideawayphuketresort.com\/es\/things-to-do-phuket\/nightlife-in-patong\/","title":{"rendered":"Vida nocturna en Patong"},"content":{"rendered":"<p style=\"text-align: center;\">El tranquilo santuario del Avista Hideaway complementa la animada vida nocturna de Patong. Conocida como la capital de la fiesta de Asia, esta vibrante ciudad de la costa oeste de Phuket rebosa de restaurantes, bares, discotecas y complejos de ocio. El servicio de transporte del hotel le llevar\u00e1 a la acci\u00f3n en un abrir y cerrar de ojos. D\u00e9jese llevar por el ambiente hedonista o simplemente observe la emoci\u00f3n. Baile toda la noche en una de las numerosas y animadas playas, o disfrute del ambiente desde un lugar m\u00e1s apartado. Sea como sea, Patong es siempre deslumbrante y acogedora<\/p>\n","protected":false},"excerpt":{"rendered":"<p>El tranquilo santuario del Avista Hideaway complementa la animada vida nocturna de Patong. Conocida como la capital de la fiesta de Asia, esta vibrante ciudad de la costa oeste de Phuket rebosa de restaurantes, bares, discotecas y complejos de ocio. El servicio de transporte del hotel le llevar\u00e1 a la acci\u00f3n en un abrir y [&hellip;]<\/p>\n","protected":false},"author":55,"featured_media":0,"parent":1355,"menu_order":5,"comment_status":"closed","ping_status":"closed","template":"","meta":{"footnotes":""},"categories":[],"class_list":["post-1474","page","type-page","status-publish","hentry"],"acf":[],"yoast_head":"<!-- This site is optimized with the Yoast SEO plugin v26.9 - https:\/\/yoast.com\/product\/yoast-seo-wordpress\/ -->\n<title>Vida nocturna en Patong - Avista Hideaway Phuket Patong<\/title>\n<meta name=\"robots\" content=\"index, follow, max-snippet:-1, max-image-preview:large, max-video-preview:-1\" \/>\n<link rel=\"canonical\" href=\"https:\/\/www.avistahideawayphuketresort.com\/es\/things-to-do-phuket\/nightlife-in-patong\/\" \/>\n<meta property=\"og:locale\" content=\"es_ES\" \/>\n<meta property=\"og:type\" content=\"article\" \/>\n<meta property=\"og:title\" content=\"Vida nocturna en Patong - Avista Hideaway Phuket Patong\" \/>\n<meta property=\"og:description\" content=\"El tranquilo santuario del Avista Hideaway complementa la animada vida nocturna de Patong. Conocida como la capital de la fiesta de Asia, esta vibrante ciudad de la costa oeste de Phuket rebosa de restaurantes, bares, discotecas y complejos de ocio. El servicio de transporte del hotel le llevar\u00e1 a la acci\u00f3n en un abrir y [&hellip;]\" \/>\n<meta property=\"og:url\" content=\"https:\/\/www.avistahideawayphuketresort.com\/es\/things-to-do-phuket\/nightlife-in-patong\/\" \/>\n<meta property=\"og:site_name\" content=\"Avista Hideaway Phuket Patong\" \/>\n<meta property=\"article:modified_time\" content=\"2023-07-06T07:16:02+00:00\" \/>\n<meta name=\"twitter:card\" content=\"summary_large_image\" \/>\n<meta name=\"twitter:label1\" content=\"Tiempo de lectura\" \/>\n\t<meta name=\"twitter:data1\" content=\"1 minuto\" \/>\n<script type=\"application\/ld+json\" class=\"yoast-schema-graph\">{\"@context\":\"https:\/\/schema.org\",\"@graph\":[{\"@type\":\"WebPage\",\"@id\":\"https:\/\/www.avistahideawayphuketresort.com\/es\/things-to-do-phuket\/nightlife-in-patong\/\",\"url\":\"https:\/\/www.avistahideawayphuketresort.com\/es\/things-to-do-phuket\/nightlife-in-patong\/\",\"name\":\"Vida nocturna en Patong - Avista Hideaway Phuket Patong\",\"isPartOf\":{\"@id\":\"https:\/\/www.avistahideawayphuketresort.com\/#website\"},\"datePublished\":\"2023-05-04T06:39:38+00:00\",\"dateModified\":\"2023-07-06T07:16:02+00:00\",\"breadcrumb\":{\"@id\":\"https:\/\/www.avistahideawayphuketresort.com\/es\/things-to-do-phuket\/nightlife-in-patong\/#breadcrumb\"},\"inLanguage\":\"es\",\"potentialAction\":[{\"@type\":\"ReadAction\",\"target\":[\"https:\/\/www.avistahideawayphuketresort.com\/es\/things-to-do-phuket\/nightlife-in-patong\/\"]}]},{\"@type\":\"BreadcrumbList\",\"@id\":\"https:\/\/www.avistahideawayphuketresort.com\/es\/things-to-do-phuket\/nightlife-in-patong\/#breadcrumb\",\"itemListElement\":[{\"@type\":\"ListItem\",\"position\":1,\"name\":\"Home\",\"item\":\"https:\/\/www.avistahideawayphuketresort.com\/es\/\"},{\"@type\":\"ListItem\",\"position\":2,\"name\":\"Qu\u00e9 hacer en Phuket?\",\"item\":\"https:\/\/www.avistahideawayphuketresort.com\/es\/things-to-do-phuket\/\"},{\"@type\":\"ListItem\",\"position\":3,\"name\":\"Vida nocturna en Patong\"}]},{\"@type\":\"WebSite\",\"@id\":\"https:\/\/www.avistahideawayphuketresort.com\/#website\",\"url\":\"https:\/\/www.avistahideawayphuketresort.com\/\",\"name\":\"Avista Hideaway Phuket Patong\",\"description\":\"\",\"potentialAction\":[{\"@type\":\"SearchAction\",\"target\":{\"@type\":\"EntryPoint\",\"urlTemplate\":\"https:\/\/www.avistahideawayphuketresort.com\/?s={search_term_string}\"},\"query-input\":{\"@type\":\"PropertyValueSpecification\",\"valueRequired\":true,\"valueName\":\"search_term_string\"}}],\"inLanguage\":\"es\"}]}<\/script>\n<!-- \/ Yoast SEO plugin. -->","yoast_head_json":{"title":"Vida nocturna en Patong - Avista Hideaway Phuket Patong","robots":{"index":"index","follow":"follow","max-snippet":"max-snippet:-1","max-image-preview":"max-image-preview:large","max-video-preview":"max-video-preview:-1"},"canonical":"https:\/\/www.avistahideawayphuketresort.com\/es\/things-to-do-phuket\/nightlife-in-patong\/","og_locale":"es_ES","og_type":"article","og_title":"Vida nocturna en Patong - Avista Hideaway Phuket Patong","og_description":"El tranquilo santuario del Avista Hideaway complementa la animada vida nocturna de Patong. Conocida como la capital de la fiesta de Asia, esta vibrante ciudad de la costa oeste de Phuket rebosa de restaurantes, bares, discotecas y complejos de ocio. El servicio de transporte del hotel le llevar\u00e1 a la acci\u00f3n en un abrir y [&hellip;]","og_url":"https:\/\/www.avistahideawayphuketresort.com\/es\/things-to-do-phuket\/nightlife-in-patong\/","og_site_name":"Avista Hideaway Phuket Patong","article_modified_time":"2023-07-06T07:16:02+00:00","twitter_card":"summary_large_image","twitter_misc":{"Tiempo de lectura":"1 minuto"},"schema":{"@context":"https:\/\/schema.org","@graph":[{"@type":"WebPage","@id":"https:\/\/www.avistahideawayphuketresort.com\/es\/things-to-do-phuket\/nightlife-in-patong\/","url":"https:\/\/www.avistahideawayphuketresort.com\/es\/things-to-do-phuket\/nightlife-in-patong\/","name":"Vida nocturna en Patong - Avista Hideaway Phuket Patong","isPartOf":{"@id":"https:\/\/www.avistahideawayphuketresort.com\/#website"},"datePublished":"2023-05-04T06:39:38+00:00","dateModified":"2023-07-06T07:16:02+00:00","breadcrumb":{"@id":"https:\/\/www.avistahideawayphuketresort.com\/es\/things-to-do-phuket\/nightlife-in-patong\/#breadcrumb"},"inLanguage":"es","potentialAction":[{"@type":"ReadAction","target":["https:\/\/www.avistahideawayphuketresort.com\/es\/things-to-do-phuket\/nightlife-in-patong\/"]}]},{"@type":"BreadcrumbList","@id":"https:\/\/www.avistahideawayphuketresort.com\/es\/things-to-do-phuket\/nightlife-in-patong\/#breadcrumb","itemListElement":[{"@type":"ListItem","position":1,"name":"Home","item":"https:\/\/www.avistahideawayphuketresort.com\/es\/"},{"@type":"ListItem","position":2,"name":"Qu\u00e9 hacer en Phuket?","item":"https:\/\/www.avistahideawayphuketresort.com\/es\/things-to-do-phuket\/"},{"@type":"ListItem","position":3,"name":"Vida nocturna en Patong"}]},{"@type":"WebSite","@id":"https:\/\/www.avistahideawayphuketresort.com\/#website","url":"https:\/\/www.avistahideawayphuketresort.com\/","name":"Avista Hideaway Phuket Patong","description":"","potentialAction":[{"@type":"SearchAction","target":{"@type":"EntryPoint","urlTemplate":"https:\/\/www.avistahideawayphuketresort.com\/?s={search_term_string}"},"query-input":{"@type":"PropertyValueSpecification","valueRequired":true,"valueName":"search_term_string"}}],"inLanguage":"es"}]}},"_links":{"self":[{"href":"https:\/\/www.avistahideawayphuketresort.com\/es\/wp-json\/wp\/v2\/pages\/1474","targetHints":{"allow":["GET"]}}],"collection":[{"href":"https:\/\/www.avistahideawayphuketresort.com\/es\/wp-json\/wp\/v2\/pages"}],"about":[{"href":"https:\/\/www.avistahideawayphuketresort.com\/es\/wp-json\/wp\/v2\/types\/page"}],"author":[{"embeddable":true,"href":"https:\/\/www.avistahideawayphuketresort.com\/es\/wp-json\/wp\/v2\/users\/55"}],"replies":[{"embeddable":true,"href":"https:\/\/www.avistahideawayphuketresort.com\/es\/wp-json\/wp\/v2\/comments?post=1474"}],"version-history":[{"count":0,"href":"https:\/\/www.avistahideawayphuketresort.com\/es\/wp-json\/wp\/v2\/pages\/1474\/revisions"}],"up":[{"embeddable":true,"href":"https:\/\/www.avistahideawayphuketresort.com\/es\/wp-json\/wp\/v2\/pages\/1355"}],"wp:attachment":[{"href":"https:\/\/www.avistahideawayphuketresort.com\/es\/wp-json\/wp\/v2\/media?parent=1474"}],"wp:term":[{"taxonomy":"category","embeddable":true,"href":"https:\/\/www.avistahideawayphuketresort.com\/es\/wp-json\/wp\/v2\/categories?post=1474"}],"curies":[{"name":"wp","href":"https:\/\/api.w.org\/{rel}","templated":true}]}}