{"id":1477,"date":"2023-05-04T06:40:17","date_gmt":"2023-05-04T06:40:17","guid":{"rendered":"https:\/\/www.avistahideawayphuketresort.com\/things-to-do-phuket\/nightlife-in-patong\/thai-kickboxing\/"},"modified":"2023-07-06T07:17:07","modified_gmt":"2023-07-06T07:17:07","slug":"thai-kickboxing","status":"publish","type":"page","link":"https:\/\/www.avistahideawayphuketresort.com\/es\/things-to-do-phuket\/nightlife-in-patong\/thai-kickboxing\/","title":{"rendered":"Kickboxing tailand\u00e9s"},"content":{"rendered":"<p style=\"text-align: center;\">El Muay Thai es uno de los deportes m\u00e1s populares de espectadores en Tailandia. Aunque es lo suficientemente emocionante en la televisi\u00f3n, los golpes incansables, los impactantes codos, los poderosos golpes de pierna y las h\u00e1biles fintas son a\u00fan m\u00e1s cautivadores cuando se ven en vivo. Los viajeros a Phuket pueden disfrutar de combates de boxeo tailand\u00e9s en estadios especialmente construidos en Soi Sai Namyen, en Patong.<br \/>\n<strong>Estadio de boxeo bengal\u00ed:<\/strong><br \/>\nOperando todos los Miercoles, Viernes &amp; Domingos<br \/>\n<strong>Asiento VIP:<\/strong> 2500 THB<br \/>\n<strong>Lado del anillo:<\/strong> 2000 THB<br \/>\nEstadio \u2013 1.700 THB<br \/>\nHorario 9pm \u2013 11pm.<br \/>\nEstadio de Boxeo Patong<br \/>\nOperado todos los lunes, jueves y s\u00e1bados.<br \/>\nAsiento VIP &#8211; THB 1,800<br \/>\nLateral del Ring &#8211; THB 1,500<br \/>\nGradas &#8211; THB 1,300<br \/>\n<strong>Horario:<\/strong> 9pm &#8211; 11pm<\/p>\n","protected":false},"excerpt":{"rendered":"<p>El Muay Thai es uno de los deportes m\u00e1s populares de espectadores en Tailandia. Aunque es lo suficientemente emocionante en la televisi\u00f3n, los golpes incansables, los impactantes codos, los poderosos golpes de pierna y las h\u00e1biles fintas son a\u00fan m\u00e1s cautivadores cuando se ven en vivo. Los viajeros a Phuket pueden disfrutar de combates de [&hellip;]<\/p>\n","protected":false},"author":55,"featured_media":0,"parent":1474,"menu_order":1,"comment_status":"closed","ping_status":"closed","template":"","meta":{"footnotes":""},"categories":[],"class_list":["post-1477","page","type-page","status-publish","hentry"],"acf":[],"yoast_head":"<!-- This site is optimized with the Yoast SEO plugin v26.9 - https:\/\/yoast.com\/product\/yoast-seo-wordpress\/ -->\n<title>Kickboxing tailand\u00e9s - Avista Hideaway Phuket Patong<\/title>\n<meta name=\"robots\" content=\"index, follow, max-snippet:-1, max-image-preview:large, max-video-preview:-1\" \/>\n<link rel=\"canonical\" href=\"https:\/\/www.avistahideawayphuketresort.com\/es\/things-to-do-phuket\/nightlife-in-patong\/thai-kickboxing\/\" \/>\n<meta property=\"og:locale\" content=\"es_ES\" \/>\n<meta property=\"og:type\" content=\"article\" \/>\n<meta property=\"og:title\" content=\"Kickboxing tailand\u00e9s - Avista Hideaway Phuket Patong\" \/>\n<meta property=\"og:description\" content=\"El Muay Thai es uno de los deportes m\u00e1s populares de espectadores en Tailandia. Aunque es lo suficientemente emocionante en la televisi\u00f3n, los golpes incansables, los impactantes codos, los poderosos golpes de pierna y las h\u00e1biles fintas son a\u00fan m\u00e1s cautivadores cuando se ven en vivo. Los viajeros a Phuket pueden disfrutar de combates de [&hellip;]\" \/>\n<meta property=\"og:url\" content=\"https:\/\/www.avistahideawayphuketresort.com\/es\/things-to-do-phuket\/nightlife-in-patong\/thai-kickboxing\/\" \/>\n<meta property=\"og:site_name\" content=\"Avista Hideaway Phuket Patong\" \/>\n<meta property=\"article:modified_time\" content=\"2023-07-06T07:17:07+00:00\" \/>\n<meta name=\"twitter:card\" content=\"summary_large_image\" \/>\n<meta name=\"twitter:label1\" content=\"Tiempo de lectura\" \/>\n\t<meta name=\"twitter:data1\" content=\"1 minuto\" \/>\n<script type=\"application\/ld+json\" class=\"yoast-schema-graph\">{\"@context\":\"https:\/\/schema.org\",\"@graph\":[{\"@type\":\"WebPage\",\"@id\":\"https:\/\/www.avistahideawayphuketresort.com\/es\/things-to-do-phuket\/nightlife-in-patong\/thai-kickboxing\/\",\"url\":\"https:\/\/www.avistahideawayphuketresort.com\/es\/things-to-do-phuket\/nightlife-in-patong\/thai-kickboxing\/\",\"name\":\"Kickboxing tailand\u00e9s - Avista Hideaway Phuket Patong\",\"isPartOf\":{\"@id\":\"https:\/\/www.avistahideawayphuketresort.com\/#website\"},\"datePublished\":\"2023-05-04T06:40:17+00:00\",\"dateModified\":\"2023-07-06T07:17:07+00:00\",\"breadcrumb\":{\"@id\":\"https:\/\/www.avistahideawayphuketresort.com\/es\/things-to-do-phuket\/nightlife-in-patong\/thai-kickboxing\/#breadcrumb\"},\"inLanguage\":\"es\",\"potentialAction\":[{\"@type\":\"ReadAction\",\"target\":[\"https:\/\/www.avistahideawayphuketresort.com\/es\/things-to-do-phuket\/nightlife-in-patong\/thai-kickboxing\/\"]}]},{\"@type\":\"BreadcrumbList\",\"@id\":\"https:\/\/www.avistahideawayphuketresort.com\/es\/things-to-do-phuket\/nightlife-in-patong\/thai-kickboxing\/#breadcrumb\",\"itemListElement\":[{\"@type\":\"ListItem\",\"position\":1,\"name\":\"Home\",\"item\":\"https:\/\/www.avistahideawayphuketresort.com\/es\/\"},{\"@type\":\"ListItem\",\"position\":2,\"name\":\"Qu\u00e9 hacer en Phuket?\",\"item\":\"https:\/\/www.avistahideawayphuketresort.com\/es\/things-to-do-phuket\/\"},{\"@type\":\"ListItem\",\"position\":3,\"name\":\"Vida nocturna en Patong\",\"item\":\"https:\/\/www.avistahideawayphuketresort.com\/es\/things-to-do-phuket\/nightlife-in-patong\/\"},{\"@type\":\"ListItem\",\"position\":4,\"name\":\"Kickboxing tailand\u00e9s\"}]},{\"@type\":\"WebSite\",\"@id\":\"https:\/\/www.avistahideawayphuketresort.com\/#website\",\"url\":\"https:\/\/www.avistahideawayphuketresort.com\/\",\"name\":\"Avista Hideaway Phuket Patong\",\"description\":\"\",\"potentialAction\":[{\"@type\":\"SearchAction\",\"target\":{\"@type\":\"EntryPoint\",\"urlTemplate\":\"https:\/\/www.avistahideawayphuketresort.com\/?s={search_term_string}\"},\"query-input\":{\"@type\":\"PropertyValueSpecification\",\"valueRequired\":true,\"valueName\":\"search_term_string\"}}],\"inLanguage\":\"es\"}]}<\/script>\n<!-- \/ Yoast SEO plugin. -->","yoast_head_json":{"title":"Kickboxing tailand\u00e9s - Avista Hideaway Phuket Patong","robots":{"index":"index","follow":"follow","max-snippet":"max-snippet:-1","max-image-preview":"max-image-preview:large","max-video-preview":"max-video-preview:-1"},"canonical":"https:\/\/www.avistahideawayphuketresort.com\/es\/things-to-do-phuket\/nightlife-in-patong\/thai-kickboxing\/","og_locale":"es_ES","og_type":"article","og_title":"Kickboxing tailand\u00e9s - Avista Hideaway Phuket Patong","og_description":"El Muay Thai es uno de los deportes m\u00e1s populares de espectadores en Tailandia. Aunque es lo suficientemente emocionante en la televisi\u00f3n, los golpes incansables, los impactantes codos, los poderosos golpes de pierna y las h\u00e1biles fintas son a\u00fan m\u00e1s cautivadores cuando se ven en vivo. Los viajeros a Phuket pueden disfrutar de combates de [&hellip;]","og_url":"https:\/\/www.avistahideawayphuketresort.com\/es\/things-to-do-phuket\/nightlife-in-patong\/thai-kickboxing\/","og_site_name":"Avista Hideaway Phuket Patong","article_modified_time":"2023-07-06T07:17:07+00:00","twitter_card":"summary_large_image","twitter_misc":{"Tiempo de lectura":"1 minuto"},"schema":{"@context":"https:\/\/schema.org","@graph":[{"@type":"WebPage","@id":"https:\/\/www.avistahideawayphuketresort.com\/es\/things-to-do-phuket\/nightlife-in-patong\/thai-kickboxing\/","url":"https:\/\/www.avistahideawayphuketresort.com\/es\/things-to-do-phuket\/nightlife-in-patong\/thai-kickboxing\/","name":"Kickboxing tailand\u00e9s - Avista Hideaway Phuket Patong","isPartOf":{"@id":"https:\/\/www.avistahideawayphuketresort.com\/#website"},"datePublished":"2023-05-04T06:40:17+00:00","dateModified":"2023-07-06T07:17:07+00:00","breadcrumb":{"@id":"https:\/\/www.avistahideawayphuketresort.com\/es\/things-to-do-phuket\/nightlife-in-patong\/thai-kickboxing\/#breadcrumb"},"inLanguage":"es","potentialAction":[{"@type":"ReadAction","target":["https:\/\/www.avistahideawayphuketresort.com\/es\/things-to-do-phuket\/nightlife-in-patong\/thai-kickboxing\/"]}]},{"@type":"BreadcrumbList","@id":"https:\/\/www.avistahideawayphuketresort.com\/es\/things-to-do-phuket\/nightlife-in-patong\/thai-kickboxing\/#breadcrumb","itemListElement":[{"@type":"ListItem","position":1,"name":"Home","item":"https:\/\/www.avistahideawayphuketresort.com\/es\/"},{"@type":"ListItem","position":2,"name":"Qu\u00e9 hacer en Phuket?","item":"https:\/\/www.avistahideawayphuketresort.com\/es\/things-to-do-phuket\/"},{"@type":"ListItem","position":3,"name":"Vida nocturna en Patong","item":"https:\/\/www.avistahideawayphuketresort.com\/es\/things-to-do-phuket\/nightlife-in-patong\/"},{"@type":"ListItem","position":4,"name":"Kickboxing tailand\u00e9s"}]},{"@type":"WebSite","@id":"https:\/\/www.avistahideawayphuketresort.com\/#website","url":"https:\/\/www.avistahideawayphuketresort.com\/","name":"Avista Hideaway Phuket Patong","description":"","potentialAction":[{"@type":"SearchAction","target":{"@type":"EntryPoint","urlTemplate":"https:\/\/www.avistahideawayphuketresort.com\/?s={search_term_string}"},"query-input":{"@type":"PropertyValueSpecification","valueRequired":true,"valueName":"search_term_string"}}],"inLanguage":"es"}]}},"_links":{"self":[{"href":"https:\/\/www.avistahideawayphuketresort.com\/es\/wp-json\/wp\/v2\/pages\/1477","targetHints":{"allow":["GET"]}}],"collection":[{"href":"https:\/\/www.avistahideawayphuketresort.com\/es\/wp-json\/wp\/v2\/pages"}],"about":[{"href":"https:\/\/www.avistahideawayphuketresort.com\/es\/wp-json\/wp\/v2\/types\/page"}],"author":[{"embeddable":true,"href":"https:\/\/www.avistahideawayphuketresort.com\/es\/wp-json\/wp\/v2\/users\/55"}],"replies":[{"embeddable":true,"href":"https:\/\/www.avistahideawayphuketresort.com\/es\/wp-json\/wp\/v2\/comments?post=1477"}],"version-history":[{"count":0,"href":"https:\/\/www.avistahideawayphuketresort.com\/es\/wp-json\/wp\/v2\/pages\/1477\/revisions"}],"up":[{"embeddable":true,"href":"https:\/\/www.avistahideawayphuketresort.com\/es\/wp-json\/wp\/v2\/pages\/1474"}],"wp:attachment":[{"href":"https:\/\/www.avistahideawayphuketresort.com\/es\/wp-json\/wp\/v2\/media?parent=1477"}],"wp:term":[{"taxonomy":"category","embeddable":true,"href":"https:\/\/www.avistahideawayphuketresort.com\/es\/wp-json\/wp\/v2\/categories?post=1477"}],"curies":[{"name":"wp","href":"https:\/\/api.w.org\/{rel}","templated":true}]}}