{"id":1480,"date":"2023-05-04T06:41:09","date_gmt":"2023-05-04T06:41:09","guid":{"rendered":"https:\/\/www.avistahideawayphuketresort.com\/things-to-do-phuket\/nightlife-in-patong\/phuket-fantasea\/"},"modified":"2023-07-06T07:18:09","modified_gmt":"2023-07-06T07:18:09","slug":"phuket-fantasea","status":"publish","type":"page","link":"https:\/\/www.avistahideawayphuketresort.com\/es\/things-to-do-phuket\/nightlife-in-patong\/phuket-fantasea\/","title":{"rendered":"Phuket Fantasea"},"content":{"rendered":"<p style=\"text-align: center;\">Phuket Fantasea es el espect\u00e1culo m\u00e1s grande de la isla. Con artistas de trapecio, un elenco de cientos de personas, elefantes y otros animales que act\u00faan y una historia ex\u00f3tica que combina tradici\u00f3n con fantas\u00eda, tendr\u00e1s una maravillosa velada aqu\u00ed. Pero la extravagancia no se detiene ah\u00ed, ya que FantaSea tambi\u00e9n alberga uno de los buffets m\u00e1s grandes de Asia y se encuentra en un parque tem\u00e1tico que ofrece juegos tipo carnaval, muchas oportunidades de compras, un Palacio de los Elefantes, un centro de aventuras Similan y varios otros lugares de comida. Es espectacular, es extravagante, es impresionante y ofrece un gran valor de entretenimiento para todos.<br \/>\nDistancia desde el hotel: 12 km<br \/>\n<strong>Tiempo necesario para visitar:<\/strong> 3 horas<br \/>\n<strong>Hora del espect\u00e1culo:<\/strong> 9pm<\/p>\n<p style=\"text-align: center;\"><strong>Precio:<\/strong> Desde 2150 &#8211; 2900 THB por persona.<\/p>\n","protected":false},"excerpt":{"rendered":"<p>Phuket Fantasea es el espect\u00e1culo m\u00e1s grande de la isla. Con artistas de trapecio, un elenco de cientos de personas, elefantes y otros animales que act\u00faan y una historia ex\u00f3tica que combina tradici\u00f3n con fantas\u00eda, tendr\u00e1s una maravillosa velada aqu\u00ed. Pero la extravagancia no se detiene ah\u00ed, ya que FantaSea tambi\u00e9n alberga uno de los [&hellip;]<\/p>\n","protected":false},"author":55,"featured_media":0,"parent":1474,"menu_order":2,"comment_status":"closed","ping_status":"closed","template":"","meta":{"footnotes":""},"categories":[],"class_list":["post-1480","page","type-page","status-publish","hentry"],"acf":[],"yoast_head":"<!-- This site is optimized with the Yoast SEO plugin v26.9 - https:\/\/yoast.com\/product\/yoast-seo-wordpress\/ -->\n<title>Phuket Fantasea - Avista Hideaway Phuket Patong<\/title>\n<meta name=\"robots\" content=\"index, follow, max-snippet:-1, max-image-preview:large, max-video-preview:-1\" \/>\n<link rel=\"canonical\" href=\"https:\/\/www.avistahideawayphuketresort.com\/es\/things-to-do-phuket\/nightlife-in-patong\/phuket-fantasea\/\" \/>\n<meta property=\"og:locale\" content=\"es_ES\" \/>\n<meta property=\"og:type\" content=\"article\" \/>\n<meta property=\"og:title\" content=\"Phuket Fantasea - Avista Hideaway Phuket Patong\" \/>\n<meta property=\"og:description\" content=\"Phuket Fantasea es el espect\u00e1culo m\u00e1s grande de la isla. Con artistas de trapecio, un elenco de cientos de personas, elefantes y otros animales que act\u00faan y una historia ex\u00f3tica que combina tradici\u00f3n con fantas\u00eda, tendr\u00e1s una maravillosa velada aqu\u00ed. Pero la extravagancia no se detiene ah\u00ed, ya que FantaSea tambi\u00e9n alberga uno de los [&hellip;]\" \/>\n<meta property=\"og:url\" content=\"https:\/\/www.avistahideawayphuketresort.com\/es\/things-to-do-phuket\/nightlife-in-patong\/phuket-fantasea\/\" \/>\n<meta property=\"og:site_name\" content=\"Avista Hideaway Phuket Patong\" \/>\n<meta property=\"article:modified_time\" content=\"2023-07-06T07:18:09+00:00\" \/>\n<meta name=\"twitter:card\" content=\"summary_large_image\" \/>\n<meta name=\"twitter:label1\" content=\"Tiempo de lectura\" \/>\n\t<meta name=\"twitter:data1\" content=\"1 minuto\" \/>\n<script type=\"application\/ld+json\" class=\"yoast-schema-graph\">{\"@context\":\"https:\/\/schema.org\",\"@graph\":[{\"@type\":\"WebPage\",\"@id\":\"https:\/\/www.avistahideawayphuketresort.com\/es\/things-to-do-phuket\/nightlife-in-patong\/phuket-fantasea\/\",\"url\":\"https:\/\/www.avistahideawayphuketresort.com\/es\/things-to-do-phuket\/nightlife-in-patong\/phuket-fantasea\/\",\"name\":\"Phuket Fantasea - Avista Hideaway Phuket Patong\",\"isPartOf\":{\"@id\":\"https:\/\/www.avistahideawayphuketresort.com\/#website\"},\"datePublished\":\"2023-05-04T06:41:09+00:00\",\"dateModified\":\"2023-07-06T07:18:09+00:00\",\"breadcrumb\":{\"@id\":\"https:\/\/www.avistahideawayphuketresort.com\/es\/things-to-do-phuket\/nightlife-in-patong\/phuket-fantasea\/#breadcrumb\"},\"inLanguage\":\"es\",\"potentialAction\":[{\"@type\":\"ReadAction\",\"target\":[\"https:\/\/www.avistahideawayphuketresort.com\/es\/things-to-do-phuket\/nightlife-in-patong\/phuket-fantasea\/\"]}]},{\"@type\":\"BreadcrumbList\",\"@id\":\"https:\/\/www.avistahideawayphuketresort.com\/es\/things-to-do-phuket\/nightlife-in-patong\/phuket-fantasea\/#breadcrumb\",\"itemListElement\":[{\"@type\":\"ListItem\",\"position\":1,\"name\":\"Home\",\"item\":\"https:\/\/www.avistahideawayphuketresort.com\/es\/\"},{\"@type\":\"ListItem\",\"position\":2,\"name\":\"Qu\u00e9 hacer en Phuket?\",\"item\":\"https:\/\/www.avistahideawayphuketresort.com\/es\/things-to-do-phuket\/\"},{\"@type\":\"ListItem\",\"position\":3,\"name\":\"Vida nocturna en Patong\",\"item\":\"https:\/\/www.avistahideawayphuketresort.com\/es\/things-to-do-phuket\/nightlife-in-patong\/\"},{\"@type\":\"ListItem\",\"position\":4,\"name\":\"Phuket Fantasea\"}]},{\"@type\":\"WebSite\",\"@id\":\"https:\/\/www.avistahideawayphuketresort.com\/#website\",\"url\":\"https:\/\/www.avistahideawayphuketresort.com\/\",\"name\":\"Avista Hideaway Phuket Patong\",\"description\":\"\",\"potentialAction\":[{\"@type\":\"SearchAction\",\"target\":{\"@type\":\"EntryPoint\",\"urlTemplate\":\"https:\/\/www.avistahideawayphuketresort.com\/?s={search_term_string}\"},\"query-input\":{\"@type\":\"PropertyValueSpecification\",\"valueRequired\":true,\"valueName\":\"search_term_string\"}}],\"inLanguage\":\"es\"}]}<\/script>\n<!-- \/ Yoast SEO plugin. -->","yoast_head_json":{"title":"Phuket Fantasea - Avista Hideaway Phuket Patong","robots":{"index":"index","follow":"follow","max-snippet":"max-snippet:-1","max-image-preview":"max-image-preview:large","max-video-preview":"max-video-preview:-1"},"canonical":"https:\/\/www.avistahideawayphuketresort.com\/es\/things-to-do-phuket\/nightlife-in-patong\/phuket-fantasea\/","og_locale":"es_ES","og_type":"article","og_title":"Phuket Fantasea - Avista Hideaway Phuket Patong","og_description":"Phuket Fantasea es el espect\u00e1culo m\u00e1s grande de la isla. Con artistas de trapecio, un elenco de cientos de personas, elefantes y otros animales que act\u00faan y una historia ex\u00f3tica que combina tradici\u00f3n con fantas\u00eda, tendr\u00e1s una maravillosa velada aqu\u00ed. Pero la extravagancia no se detiene ah\u00ed, ya que FantaSea tambi\u00e9n alberga uno de los [&hellip;]","og_url":"https:\/\/www.avistahideawayphuketresort.com\/es\/things-to-do-phuket\/nightlife-in-patong\/phuket-fantasea\/","og_site_name":"Avista Hideaway Phuket Patong","article_modified_time":"2023-07-06T07:18:09+00:00","twitter_card":"summary_large_image","twitter_misc":{"Tiempo de lectura":"1 minuto"},"schema":{"@context":"https:\/\/schema.org","@graph":[{"@type":"WebPage","@id":"https:\/\/www.avistahideawayphuketresort.com\/es\/things-to-do-phuket\/nightlife-in-patong\/phuket-fantasea\/","url":"https:\/\/www.avistahideawayphuketresort.com\/es\/things-to-do-phuket\/nightlife-in-patong\/phuket-fantasea\/","name":"Phuket Fantasea - Avista Hideaway Phuket Patong","isPartOf":{"@id":"https:\/\/www.avistahideawayphuketresort.com\/#website"},"datePublished":"2023-05-04T06:41:09+00:00","dateModified":"2023-07-06T07:18:09+00:00","breadcrumb":{"@id":"https:\/\/www.avistahideawayphuketresort.com\/es\/things-to-do-phuket\/nightlife-in-patong\/phuket-fantasea\/#breadcrumb"},"inLanguage":"es","potentialAction":[{"@type":"ReadAction","target":["https:\/\/www.avistahideawayphuketresort.com\/es\/things-to-do-phuket\/nightlife-in-patong\/phuket-fantasea\/"]}]},{"@type":"BreadcrumbList","@id":"https:\/\/www.avistahideawayphuketresort.com\/es\/things-to-do-phuket\/nightlife-in-patong\/phuket-fantasea\/#breadcrumb","itemListElement":[{"@type":"ListItem","position":1,"name":"Home","item":"https:\/\/www.avistahideawayphuketresort.com\/es\/"},{"@type":"ListItem","position":2,"name":"Qu\u00e9 hacer en Phuket?","item":"https:\/\/www.avistahideawayphuketresort.com\/es\/things-to-do-phuket\/"},{"@type":"ListItem","position":3,"name":"Vida nocturna en Patong","item":"https:\/\/www.avistahideawayphuketresort.com\/es\/things-to-do-phuket\/nightlife-in-patong\/"},{"@type":"ListItem","position":4,"name":"Phuket Fantasea"}]},{"@type":"WebSite","@id":"https:\/\/www.avistahideawayphuketresort.com\/#website","url":"https:\/\/www.avistahideawayphuketresort.com\/","name":"Avista Hideaway Phuket Patong","description":"","potentialAction":[{"@type":"SearchAction","target":{"@type":"EntryPoint","urlTemplate":"https:\/\/www.avistahideawayphuketresort.com\/?s={search_term_string}"},"query-input":{"@type":"PropertyValueSpecification","valueRequired":true,"valueName":"search_term_string"}}],"inLanguage":"es"}]}},"_links":{"self":[{"href":"https:\/\/www.avistahideawayphuketresort.com\/es\/wp-json\/wp\/v2\/pages\/1480","targetHints":{"allow":["GET"]}}],"collection":[{"href":"https:\/\/www.avistahideawayphuketresort.com\/es\/wp-json\/wp\/v2\/pages"}],"about":[{"href":"https:\/\/www.avistahideawayphuketresort.com\/es\/wp-json\/wp\/v2\/types\/page"}],"author":[{"embeddable":true,"href":"https:\/\/www.avistahideawayphuketresort.com\/es\/wp-json\/wp\/v2\/users\/55"}],"replies":[{"embeddable":true,"href":"https:\/\/www.avistahideawayphuketresort.com\/es\/wp-json\/wp\/v2\/comments?post=1480"}],"version-history":[{"count":0,"href":"https:\/\/www.avistahideawayphuketresort.com\/es\/wp-json\/wp\/v2\/pages\/1480\/revisions"}],"up":[{"embeddable":true,"href":"https:\/\/www.avistahideawayphuketresort.com\/es\/wp-json\/wp\/v2\/pages\/1474"}],"wp:attachment":[{"href":"https:\/\/www.avistahideawayphuketresort.com\/es\/wp-json\/wp\/v2\/media?parent=1480"}],"wp:term":[{"taxonomy":"category","embeddable":true,"href":"https:\/\/www.avistahideawayphuketresort.com\/es\/wp-json\/wp\/v2\/categories?post=1480"}],"curies":[{"name":"wp","href":"https:\/\/api.w.org\/{rel}","templated":true}]}}