{"id":1483,"date":"2023-05-04T06:42:04","date_gmt":"2023-05-04T06:42:04","guid":{"rendered":"https:\/\/www.avistahideawayphuketresort.com\/things-to-do-phuket\/nightlife-in-patong\/siam-niramit\/"},"modified":"2023-07-06T07:19:13","modified_gmt":"2023-07-06T07:19:13","slug":"siam-niramit","status":"publish","type":"page","link":"https:\/\/www.avistahideawayphuketresort.com\/es\/things-to-do-phuket\/nightlife-in-patong\/siam-niramit\/","title":{"rendered":"Siam Niramit"},"content":{"rendered":"<p style=\"text-align: center;\">Es un espect\u00e1culo cultural muy bien hecho que agrega variedad y vitalidad a la escena de entretenimiento de la isla. Perfectamente ubicado justo al lado de la carretera By-Pass en las afueras de la ciudad de Phuket, se encuentra en una ubicaci\u00f3n privilegiada junto a un lago. El espect\u00e1culo cuenta con canciones, rutinas de baile y artes marciales tradicionales. Al igual que su teatro hermano en Siam Niramit Bangkok, el espect\u00e1culo de Phuket est\u00e1 muy bien organizado por un equipo profesional e inspirador; simplemente si\u00e9ntate, rel\u00e1jate y disfruta de las perspectivas hist\u00f3ricas de las artes y la cultura tailandesas durante esta fant\u00e1stica actuaci\u00f3n de 70 minutos.<br \/>\n<strong>Distancia desde el hotel:<\/strong> 5 km<br \/>\n<strong>Tiempo necesario para visitar:<\/strong> 30 horas<br \/>\n<strong>Hora del espect\u00e1culo:<\/strong> 30pm<\/p>\n<p style=\"text-align: center;\"><strong>Precio:<\/strong> Desde 1800 &#8211; 2550 THB por persona.<\/p>\n","protected":false},"excerpt":{"rendered":"<p>Es un espect\u00e1culo cultural muy bien hecho que agrega variedad y vitalidad a la escena de entretenimiento de la isla. Perfectamente ubicado justo al lado de la carretera By-Pass en las afueras de la ciudad de Phuket, se encuentra en una ubicaci\u00f3n privilegiada junto a un lago. El espect\u00e1culo cuenta con canciones, rutinas de baile [&hellip;]<\/p>\n","protected":false},"author":55,"featured_media":0,"parent":1474,"menu_order":3,"comment_status":"closed","ping_status":"closed","template":"","meta":{"footnotes":""},"categories":[],"class_list":["post-1483","page","type-page","status-publish","hentry"],"acf":[],"yoast_head":"<!-- This site is optimized with the Yoast SEO plugin v26.9 - https:\/\/yoast.com\/product\/yoast-seo-wordpress\/ -->\n<title>Siam Niramit - Avista Hideaway Phuket Patong<\/title>\n<meta name=\"robots\" content=\"index, follow, max-snippet:-1, max-image-preview:large, max-video-preview:-1\" \/>\n<link rel=\"canonical\" href=\"https:\/\/www.avistahideawayphuketresort.com\/es\/things-to-do-phuket\/nightlife-in-patong\/siam-niramit\/\" \/>\n<meta property=\"og:locale\" content=\"es_ES\" \/>\n<meta property=\"og:type\" content=\"article\" \/>\n<meta property=\"og:title\" content=\"Siam Niramit - Avista Hideaway Phuket Patong\" \/>\n<meta property=\"og:description\" content=\"Es un espect\u00e1culo cultural muy bien hecho que agrega variedad y vitalidad a la escena de entretenimiento de la isla. Perfectamente ubicado justo al lado de la carretera By-Pass en las afueras de la ciudad de Phuket, se encuentra en una ubicaci\u00f3n privilegiada junto a un lago. El espect\u00e1culo cuenta con canciones, rutinas de baile [&hellip;]\" \/>\n<meta property=\"og:url\" content=\"https:\/\/www.avistahideawayphuketresort.com\/es\/things-to-do-phuket\/nightlife-in-patong\/siam-niramit\/\" \/>\n<meta property=\"og:site_name\" content=\"Avista Hideaway Phuket Patong\" \/>\n<meta property=\"article:modified_time\" content=\"2023-07-06T07:19:13+00:00\" \/>\n<meta name=\"twitter:card\" content=\"summary_large_image\" \/>\n<meta name=\"twitter:label1\" content=\"Tiempo de lectura\" \/>\n\t<meta name=\"twitter:data1\" content=\"1 minuto\" \/>\n<script type=\"application\/ld+json\" class=\"yoast-schema-graph\">{\"@context\":\"https:\/\/schema.org\",\"@graph\":[{\"@type\":\"WebPage\",\"@id\":\"https:\/\/www.avistahideawayphuketresort.com\/es\/things-to-do-phuket\/nightlife-in-patong\/siam-niramit\/\",\"url\":\"https:\/\/www.avistahideawayphuketresort.com\/es\/things-to-do-phuket\/nightlife-in-patong\/siam-niramit\/\",\"name\":\"Siam Niramit - Avista Hideaway Phuket Patong\",\"isPartOf\":{\"@id\":\"https:\/\/www.avistahideawayphuketresort.com\/#website\"},\"datePublished\":\"2023-05-04T06:42:04+00:00\",\"dateModified\":\"2023-07-06T07:19:13+00:00\",\"breadcrumb\":{\"@id\":\"https:\/\/www.avistahideawayphuketresort.com\/es\/things-to-do-phuket\/nightlife-in-patong\/siam-niramit\/#breadcrumb\"},\"inLanguage\":\"es\",\"potentialAction\":[{\"@type\":\"ReadAction\",\"target\":[\"https:\/\/www.avistahideawayphuketresort.com\/es\/things-to-do-phuket\/nightlife-in-patong\/siam-niramit\/\"]}]},{\"@type\":\"BreadcrumbList\",\"@id\":\"https:\/\/www.avistahideawayphuketresort.com\/es\/things-to-do-phuket\/nightlife-in-patong\/siam-niramit\/#breadcrumb\",\"itemListElement\":[{\"@type\":\"ListItem\",\"position\":1,\"name\":\"Home\",\"item\":\"https:\/\/www.avistahideawayphuketresort.com\/es\/\"},{\"@type\":\"ListItem\",\"position\":2,\"name\":\"Qu\u00e9 hacer en Phuket?\",\"item\":\"https:\/\/www.avistahideawayphuketresort.com\/es\/things-to-do-phuket\/\"},{\"@type\":\"ListItem\",\"position\":3,\"name\":\"Vida nocturna en Patong\",\"item\":\"https:\/\/www.avistahideawayphuketresort.com\/es\/things-to-do-phuket\/nightlife-in-patong\/\"},{\"@type\":\"ListItem\",\"position\":4,\"name\":\"Siam Niramit\"}]},{\"@type\":\"WebSite\",\"@id\":\"https:\/\/www.avistahideawayphuketresort.com\/#website\",\"url\":\"https:\/\/www.avistahideawayphuketresort.com\/\",\"name\":\"Avista Hideaway Phuket Patong\",\"description\":\"\",\"potentialAction\":[{\"@type\":\"SearchAction\",\"target\":{\"@type\":\"EntryPoint\",\"urlTemplate\":\"https:\/\/www.avistahideawayphuketresort.com\/?s={search_term_string}\"},\"query-input\":{\"@type\":\"PropertyValueSpecification\",\"valueRequired\":true,\"valueName\":\"search_term_string\"}}],\"inLanguage\":\"es\"}]}<\/script>\n<!-- \/ Yoast SEO plugin. -->","yoast_head_json":{"title":"Siam Niramit - Avista Hideaway Phuket Patong","robots":{"index":"index","follow":"follow","max-snippet":"max-snippet:-1","max-image-preview":"max-image-preview:large","max-video-preview":"max-video-preview:-1"},"canonical":"https:\/\/www.avistahideawayphuketresort.com\/es\/things-to-do-phuket\/nightlife-in-patong\/siam-niramit\/","og_locale":"es_ES","og_type":"article","og_title":"Siam Niramit - Avista Hideaway Phuket Patong","og_description":"Es un espect\u00e1culo cultural muy bien hecho que agrega variedad y vitalidad a la escena de entretenimiento de la isla. Perfectamente ubicado justo al lado de la carretera By-Pass en las afueras de la ciudad de Phuket, se encuentra en una ubicaci\u00f3n privilegiada junto a un lago. El espect\u00e1culo cuenta con canciones, rutinas de baile [&hellip;]","og_url":"https:\/\/www.avistahideawayphuketresort.com\/es\/things-to-do-phuket\/nightlife-in-patong\/siam-niramit\/","og_site_name":"Avista Hideaway Phuket Patong","article_modified_time":"2023-07-06T07:19:13+00:00","twitter_card":"summary_large_image","twitter_misc":{"Tiempo de lectura":"1 minuto"},"schema":{"@context":"https:\/\/schema.org","@graph":[{"@type":"WebPage","@id":"https:\/\/www.avistahideawayphuketresort.com\/es\/things-to-do-phuket\/nightlife-in-patong\/siam-niramit\/","url":"https:\/\/www.avistahideawayphuketresort.com\/es\/things-to-do-phuket\/nightlife-in-patong\/siam-niramit\/","name":"Siam Niramit - Avista Hideaway Phuket Patong","isPartOf":{"@id":"https:\/\/www.avistahideawayphuketresort.com\/#website"},"datePublished":"2023-05-04T06:42:04+00:00","dateModified":"2023-07-06T07:19:13+00:00","breadcrumb":{"@id":"https:\/\/www.avistahideawayphuketresort.com\/es\/things-to-do-phuket\/nightlife-in-patong\/siam-niramit\/#breadcrumb"},"inLanguage":"es","potentialAction":[{"@type":"ReadAction","target":["https:\/\/www.avistahideawayphuketresort.com\/es\/things-to-do-phuket\/nightlife-in-patong\/siam-niramit\/"]}]},{"@type":"BreadcrumbList","@id":"https:\/\/www.avistahideawayphuketresort.com\/es\/things-to-do-phuket\/nightlife-in-patong\/siam-niramit\/#breadcrumb","itemListElement":[{"@type":"ListItem","position":1,"name":"Home","item":"https:\/\/www.avistahideawayphuketresort.com\/es\/"},{"@type":"ListItem","position":2,"name":"Qu\u00e9 hacer en Phuket?","item":"https:\/\/www.avistahideawayphuketresort.com\/es\/things-to-do-phuket\/"},{"@type":"ListItem","position":3,"name":"Vida nocturna en Patong","item":"https:\/\/www.avistahideawayphuketresort.com\/es\/things-to-do-phuket\/nightlife-in-patong\/"},{"@type":"ListItem","position":4,"name":"Siam Niramit"}]},{"@type":"WebSite","@id":"https:\/\/www.avistahideawayphuketresort.com\/#website","url":"https:\/\/www.avistahideawayphuketresort.com\/","name":"Avista Hideaway Phuket Patong","description":"","potentialAction":[{"@type":"SearchAction","target":{"@type":"EntryPoint","urlTemplate":"https:\/\/www.avistahideawayphuketresort.com\/?s={search_term_string}"},"query-input":{"@type":"PropertyValueSpecification","valueRequired":true,"valueName":"search_term_string"}}],"inLanguage":"es"}]}},"_links":{"self":[{"href":"https:\/\/www.avistahideawayphuketresort.com\/es\/wp-json\/wp\/v2\/pages\/1483","targetHints":{"allow":["GET"]}}],"collection":[{"href":"https:\/\/www.avistahideawayphuketresort.com\/es\/wp-json\/wp\/v2\/pages"}],"about":[{"href":"https:\/\/www.avistahideawayphuketresort.com\/es\/wp-json\/wp\/v2\/types\/page"}],"author":[{"embeddable":true,"href":"https:\/\/www.avistahideawayphuketresort.com\/es\/wp-json\/wp\/v2\/users\/55"}],"replies":[{"embeddable":true,"href":"https:\/\/www.avistahideawayphuketresort.com\/es\/wp-json\/wp\/v2\/comments?post=1483"}],"version-history":[{"count":0,"href":"https:\/\/www.avistahideawayphuketresort.com\/es\/wp-json\/wp\/v2\/pages\/1483\/revisions"}],"up":[{"embeddable":true,"href":"https:\/\/www.avistahideawayphuketresort.com\/es\/wp-json\/wp\/v2\/pages\/1474"}],"wp:attachment":[{"href":"https:\/\/www.avistahideawayphuketresort.com\/es\/wp-json\/wp\/v2\/media?parent=1483"}],"wp:term":[{"taxonomy":"category","embeddable":true,"href":"https:\/\/www.avistahideawayphuketresort.com\/es\/wp-json\/wp\/v2\/categories?post=1483"}],"curies":[{"name":"wp","href":"https:\/\/api.w.org\/{rel}","templated":true}]}}