{"id":1486,"date":"2023-05-04T06:42:49","date_gmt":"2023-05-04T06:42:49","guid":{"rendered":"https:\/\/www.avistahideawayphuketresort.com\/things-to-do-phuket\/nightlife-in-patong\/simon-cabaret\/"},"modified":"2023-07-06T07:20:10","modified_gmt":"2023-07-06T07:20:10","slug":"simon-cabaret","status":"publish","type":"page","link":"https:\/\/www.avistahideawayphuketresort.com\/es\/things-to-do-phuket\/nightlife-in-patong\/simon-cabaret\/","title":{"rendered":"Cabaret Simon"},"content":{"rendered":"<p style=\"text-align: center;\">La noche de entretenimiento glamoroso es sin duda una de las experiencias m\u00e1s populares de eventos de espect\u00e1culos en Phuket. Desde el momento en que ingresas al elegante y lujoso lugar, te das cuenta de que esta va a ser una noche muy diferente y especial. Ven y disfruta de este espect\u00e1culo \u00fanico, sorpr\u00e9ndete con el enfoque profesional de cada tema musical, r\u00ede con la comedia y la diversi\u00f3n, es un espect\u00e1culo visual espectacular que te har\u00e1 desear que hubiera m\u00e1s por ver.<br \/>\n<strong>Distancia desde el hotel:<\/strong> 8 km<br \/>\n<strong>Tiempo necesario para visitar:<\/strong> 2 horas<br \/>\n<strong>Hora del espect\u00e1culo:<\/strong> 6 pm, 7.30pm, 9pm<\/p>\n<p style=\"text-align: center;\"><strong>Precio:<\/strong> Desde 960 &#8211; 1160 THB por adulto y 760 &#8211; 960 THB por ni\u00f1o.<\/p>\n","protected":false},"excerpt":{"rendered":"<p>La noche de entretenimiento glamoroso es sin duda una de las experiencias m\u00e1s populares de eventos de espect\u00e1culos en Phuket. Desde el momento en que ingresas al elegante y lujoso lugar, te das cuenta de que esta va a ser una noche muy diferente y especial. Ven y disfruta de este espect\u00e1culo \u00fanico, sorpr\u00e9ndete con [&hellip;]<\/p>\n","protected":false},"author":55,"featured_media":0,"parent":1474,"menu_order":4,"comment_status":"closed","ping_status":"closed","template":"","meta":{"footnotes":""},"categories":[],"class_list":["post-1486","page","type-page","status-publish","hentry"],"acf":[],"yoast_head":"<!-- This site is optimized with the Yoast SEO plugin v26.9 - https:\/\/yoast.com\/product\/yoast-seo-wordpress\/ -->\n<title>Cabaret Simon - Avista Hideaway Phuket Patong<\/title>\n<meta name=\"robots\" content=\"index, follow, max-snippet:-1, max-image-preview:large, max-video-preview:-1\" \/>\n<link rel=\"canonical\" href=\"https:\/\/www.avistahideawayphuketresort.com\/es\/things-to-do-phuket\/nightlife-in-patong\/simon-cabaret\/\" \/>\n<meta property=\"og:locale\" content=\"es_ES\" \/>\n<meta property=\"og:type\" content=\"article\" \/>\n<meta property=\"og:title\" content=\"Cabaret Simon - Avista Hideaway Phuket Patong\" \/>\n<meta property=\"og:description\" content=\"La noche de entretenimiento glamoroso es sin duda una de las experiencias m\u00e1s populares de eventos de espect\u00e1culos en Phuket. Desde el momento en que ingresas al elegante y lujoso lugar, te das cuenta de que esta va a ser una noche muy diferente y especial. Ven y disfruta de este espect\u00e1culo \u00fanico, sorpr\u00e9ndete con [&hellip;]\" \/>\n<meta property=\"og:url\" content=\"https:\/\/www.avistahideawayphuketresort.com\/es\/things-to-do-phuket\/nightlife-in-patong\/simon-cabaret\/\" \/>\n<meta property=\"og:site_name\" content=\"Avista Hideaway Phuket Patong\" \/>\n<meta property=\"article:modified_time\" content=\"2023-07-06T07:20:10+00:00\" \/>\n<meta name=\"twitter:card\" content=\"summary_large_image\" \/>\n<meta name=\"twitter:label1\" content=\"Tiempo de lectura\" \/>\n\t<meta name=\"twitter:data1\" content=\"1 minuto\" \/>\n<script type=\"application\/ld+json\" class=\"yoast-schema-graph\">{\"@context\":\"https:\/\/schema.org\",\"@graph\":[{\"@type\":\"WebPage\",\"@id\":\"https:\/\/www.avistahideawayphuketresort.com\/es\/things-to-do-phuket\/nightlife-in-patong\/simon-cabaret\/\",\"url\":\"https:\/\/www.avistahideawayphuketresort.com\/es\/things-to-do-phuket\/nightlife-in-patong\/simon-cabaret\/\",\"name\":\"Cabaret Simon - Avista Hideaway Phuket Patong\",\"isPartOf\":{\"@id\":\"https:\/\/www.avistahideawayphuketresort.com\/#website\"},\"datePublished\":\"2023-05-04T06:42:49+00:00\",\"dateModified\":\"2023-07-06T07:20:10+00:00\",\"breadcrumb\":{\"@id\":\"https:\/\/www.avistahideawayphuketresort.com\/es\/things-to-do-phuket\/nightlife-in-patong\/simon-cabaret\/#breadcrumb\"},\"inLanguage\":\"es\",\"potentialAction\":[{\"@type\":\"ReadAction\",\"target\":[\"https:\/\/www.avistahideawayphuketresort.com\/es\/things-to-do-phuket\/nightlife-in-patong\/simon-cabaret\/\"]}]},{\"@type\":\"BreadcrumbList\",\"@id\":\"https:\/\/www.avistahideawayphuketresort.com\/es\/things-to-do-phuket\/nightlife-in-patong\/simon-cabaret\/#breadcrumb\",\"itemListElement\":[{\"@type\":\"ListItem\",\"position\":1,\"name\":\"Home\",\"item\":\"https:\/\/www.avistahideawayphuketresort.com\/es\/\"},{\"@type\":\"ListItem\",\"position\":2,\"name\":\"Qu\u00e9 hacer en Phuket?\",\"item\":\"https:\/\/www.avistahideawayphuketresort.com\/es\/things-to-do-phuket\/\"},{\"@type\":\"ListItem\",\"position\":3,\"name\":\"Vida nocturna en Patong\",\"item\":\"https:\/\/www.avistahideawayphuketresort.com\/es\/things-to-do-phuket\/nightlife-in-patong\/\"},{\"@type\":\"ListItem\",\"position\":4,\"name\":\"Cabaret Simon\"}]},{\"@type\":\"WebSite\",\"@id\":\"https:\/\/www.avistahideawayphuketresort.com\/#website\",\"url\":\"https:\/\/www.avistahideawayphuketresort.com\/\",\"name\":\"Avista Hideaway Phuket Patong\",\"description\":\"\",\"potentialAction\":[{\"@type\":\"SearchAction\",\"target\":{\"@type\":\"EntryPoint\",\"urlTemplate\":\"https:\/\/www.avistahideawayphuketresort.com\/?s={search_term_string}\"},\"query-input\":{\"@type\":\"PropertyValueSpecification\",\"valueRequired\":true,\"valueName\":\"search_term_string\"}}],\"inLanguage\":\"es\"}]}<\/script>\n<!-- \/ Yoast SEO plugin. -->","yoast_head_json":{"title":"Cabaret Simon - Avista Hideaway Phuket Patong","robots":{"index":"index","follow":"follow","max-snippet":"max-snippet:-1","max-image-preview":"max-image-preview:large","max-video-preview":"max-video-preview:-1"},"canonical":"https:\/\/www.avistahideawayphuketresort.com\/es\/things-to-do-phuket\/nightlife-in-patong\/simon-cabaret\/","og_locale":"es_ES","og_type":"article","og_title":"Cabaret Simon - Avista Hideaway Phuket Patong","og_description":"La noche de entretenimiento glamoroso es sin duda una de las experiencias m\u00e1s populares de eventos de espect\u00e1culos en Phuket. Desde el momento en que ingresas al elegante y lujoso lugar, te das cuenta de que esta va a ser una noche muy diferente y especial. Ven y disfruta de este espect\u00e1culo \u00fanico, sorpr\u00e9ndete con [&hellip;]","og_url":"https:\/\/www.avistahideawayphuketresort.com\/es\/things-to-do-phuket\/nightlife-in-patong\/simon-cabaret\/","og_site_name":"Avista Hideaway Phuket Patong","article_modified_time":"2023-07-06T07:20:10+00:00","twitter_card":"summary_large_image","twitter_misc":{"Tiempo de lectura":"1 minuto"},"schema":{"@context":"https:\/\/schema.org","@graph":[{"@type":"WebPage","@id":"https:\/\/www.avistahideawayphuketresort.com\/es\/things-to-do-phuket\/nightlife-in-patong\/simon-cabaret\/","url":"https:\/\/www.avistahideawayphuketresort.com\/es\/things-to-do-phuket\/nightlife-in-patong\/simon-cabaret\/","name":"Cabaret Simon - Avista Hideaway Phuket Patong","isPartOf":{"@id":"https:\/\/www.avistahideawayphuketresort.com\/#website"},"datePublished":"2023-05-04T06:42:49+00:00","dateModified":"2023-07-06T07:20:10+00:00","breadcrumb":{"@id":"https:\/\/www.avistahideawayphuketresort.com\/es\/things-to-do-phuket\/nightlife-in-patong\/simon-cabaret\/#breadcrumb"},"inLanguage":"es","potentialAction":[{"@type":"ReadAction","target":["https:\/\/www.avistahideawayphuketresort.com\/es\/things-to-do-phuket\/nightlife-in-patong\/simon-cabaret\/"]}]},{"@type":"BreadcrumbList","@id":"https:\/\/www.avistahideawayphuketresort.com\/es\/things-to-do-phuket\/nightlife-in-patong\/simon-cabaret\/#breadcrumb","itemListElement":[{"@type":"ListItem","position":1,"name":"Home","item":"https:\/\/www.avistahideawayphuketresort.com\/es\/"},{"@type":"ListItem","position":2,"name":"Qu\u00e9 hacer en Phuket?","item":"https:\/\/www.avistahideawayphuketresort.com\/es\/things-to-do-phuket\/"},{"@type":"ListItem","position":3,"name":"Vida nocturna en Patong","item":"https:\/\/www.avistahideawayphuketresort.com\/es\/things-to-do-phuket\/nightlife-in-patong\/"},{"@type":"ListItem","position":4,"name":"Cabaret Simon"}]},{"@type":"WebSite","@id":"https:\/\/www.avistahideawayphuketresort.com\/#website","url":"https:\/\/www.avistahideawayphuketresort.com\/","name":"Avista Hideaway Phuket Patong","description":"","potentialAction":[{"@type":"SearchAction","target":{"@type":"EntryPoint","urlTemplate":"https:\/\/www.avistahideawayphuketresort.com\/?s={search_term_string}"},"query-input":{"@type":"PropertyValueSpecification","valueRequired":true,"valueName":"search_term_string"}}],"inLanguage":"es"}]}},"_links":{"self":[{"href":"https:\/\/www.avistahideawayphuketresort.com\/es\/wp-json\/wp\/v2\/pages\/1486","targetHints":{"allow":["GET"]}}],"collection":[{"href":"https:\/\/www.avistahideawayphuketresort.com\/es\/wp-json\/wp\/v2\/pages"}],"about":[{"href":"https:\/\/www.avistahideawayphuketresort.com\/es\/wp-json\/wp\/v2\/types\/page"}],"author":[{"embeddable":true,"href":"https:\/\/www.avistahideawayphuketresort.com\/es\/wp-json\/wp\/v2\/users\/55"}],"replies":[{"embeddable":true,"href":"https:\/\/www.avistahideawayphuketresort.com\/es\/wp-json\/wp\/v2\/comments?post=1486"}],"version-history":[{"count":0,"href":"https:\/\/www.avistahideawayphuketresort.com\/es\/wp-json\/wp\/v2\/pages\/1486\/revisions"}],"up":[{"embeddable":true,"href":"https:\/\/www.avistahideawayphuketresort.com\/es\/wp-json\/wp\/v2\/pages\/1474"}],"wp:attachment":[{"href":"https:\/\/www.avistahideawayphuketresort.com\/es\/wp-json\/wp\/v2\/media?parent=1486"}],"wp:term":[{"taxonomy":"category","embeddable":true,"href":"https:\/\/www.avistahideawayphuketresort.com\/es\/wp-json\/wp\/v2\/categories?post=1486"}],"curies":[{"name":"wp","href":"https:\/\/api.w.org\/{rel}","templated":true}]}}