{"id":1516,"date":"2023-05-04T06:52:27","date_gmt":"2023-05-04T06:52:27","guid":{"rendered":"https:\/\/www.avistahideawayphuketresort.com\/things-to-do-phuket\/visit-phuket\/"},"modified":"2023-07-06T07:31:39","modified_gmt":"2023-07-06T07:31:39","slug":"visit-phuket","status":"publish","type":"page","link":"https:\/\/www.avistahideawayphuketresort.com\/es\/things-to-do-phuket\/visit-phuket\/","title":{"rendered":"Turismo en Phuket"},"content":{"rendered":"<p style=\"text-align: center;\">Sin duda alguna, Phuket es una de las islas m\u00e1s bonitas del mundo y es un destino de vacaciones popular en Tailandia tanto para familias como para reci\u00e9n casados y amantes de los deportes acu\u00e1ticos. La isla se ha convertido en un destino tur\u00edstico muy visitado en el sur de Asia por muchas buenas razones y recibe millones de visitantes de diferentes pa\u00edses cada a\u00f1o.<br \/>\nAdem\u00e1s del ambiente relajado y la vida nocturna, Phuket ofrece mucho para que los turistas exploren y disfruten durante sus vacaciones. Los hermosos paisajes, la belleza esc\u00e9nica, el pueblo cultural, los templos budistas y las playas blancas son los principales atractivos tur\u00edsticos de Phuket. Los turistas pueden decidir qu\u00e9 explorar y presenciar en sus vacaciones seg\u00fan sus preferencias personales.<\/p>\n<p style=\"text-align: center;\">Atracciones tur\u00edsticas imprescindibles en Phuket<br \/>\nCon tantos lugares y actividades \u00fanicas para disfrutar, no es dif\u00edcil preguntarse por qu\u00e9 el flujo tur\u00edstico en Phuket est\u00e1 aumentando d\u00eda a d\u00eda. Los turistas tienen muchos lugares para visitar en Phuket, que incluyen maravillas de la naturaleza y estructuras hechas por el hombre.<br \/>\nCuando se trata de la selecci\u00f3n de lugares naturales para visitar, el mirador de Karon, Promthep Cape, Phuket Orchid Farm, Phuket Butterfly Garden &amp; Insect world son las principales opciones para los turistas. La visita a las estructuras arquitect\u00f3nicas no estar\u00eda completa sin el Templo Wat Chalong, Phuket Town, el Gran Buda y la casa invertida de Baan Teelanka.<br \/>\nLas playas de arena blanca con un entorno ex\u00f3tico son los lugares m\u00e1s destacados para los turistas en la isla. Patong Beach, Karon, Kamala y Freedom Beach son algunos de los principales sitios para explorar en un viaje de salto de playa. Adem\u00e1s, las playas son aptas para familias y seguras, con aguas cristalinas y muchos lugares para bucear y presenciar la vida marina y los arrecifes de coral.<br \/>\nNo importa qu\u00e9 lugar visites, la belleza de esta isla nunca deja de sorprender a todos en los recorridos tur\u00edsticos de d\u00eda. Avista Hideaway Phuket Patong cuenta con un equipo de expertos en tours para ayudar a organizar un emocionante recorrido de un d\u00eda en Phuket durante las vacaciones.<\/p>\n","protected":false},"excerpt":{"rendered":"<p>Sin duda alguna, Phuket es una de las islas m\u00e1s bonitas del mundo y es un destino de vacaciones popular en Tailandia tanto para familias como para reci\u00e9n casados y amantes de los deportes acu\u00e1ticos. La isla se ha convertido en un destino tur\u00edstico muy visitado en el sur de Asia por muchas buenas razones [&hellip;]<\/p>\n","protected":false},"author":55,"featured_media":0,"parent":1355,"menu_order":6,"comment_status":"closed","ping_status":"closed","template":"","meta":{"footnotes":""},"categories":[],"class_list":["post-1516","page","type-page","status-publish","hentry"],"acf":[],"yoast_head":"<!-- This site is optimized with the Yoast SEO plugin v26.9 - https:\/\/yoast.com\/product\/yoast-seo-wordpress\/ -->\n<title>Turismo en Phuket - Avista Hideaway Phuket Patong<\/title>\n<meta name=\"robots\" content=\"index, follow, max-snippet:-1, max-image-preview:large, max-video-preview:-1\" \/>\n<link rel=\"canonical\" href=\"https:\/\/www.avistahideawayphuketresort.com\/es\/things-to-do-phuket\/visit-phuket\/\" \/>\n<meta property=\"og:locale\" content=\"es_ES\" \/>\n<meta property=\"og:type\" content=\"article\" \/>\n<meta property=\"og:title\" content=\"Turismo en Phuket - Avista Hideaway Phuket Patong\" \/>\n<meta property=\"og:description\" content=\"Sin duda alguna, Phuket es una de las islas m\u00e1s bonitas del mundo y es un destino de vacaciones popular en Tailandia tanto para familias como para reci\u00e9n casados y amantes de los deportes acu\u00e1ticos. La isla se ha convertido en un destino tur\u00edstico muy visitado en el sur de Asia por muchas buenas razones [&hellip;]\" \/>\n<meta property=\"og:url\" content=\"https:\/\/www.avistahideawayphuketresort.com\/es\/things-to-do-phuket\/visit-phuket\/\" \/>\n<meta property=\"og:site_name\" content=\"Avista Hideaway Phuket Patong\" \/>\n<meta property=\"article:modified_time\" content=\"2023-07-06T07:31:39+00:00\" \/>\n<meta name=\"twitter:card\" content=\"summary_large_image\" \/>\n<meta name=\"twitter:label1\" content=\"Tiempo de lectura\" \/>\n\t<meta name=\"twitter:data1\" content=\"2 minutos\" \/>\n<script type=\"application\/ld+json\" class=\"yoast-schema-graph\">{\"@context\":\"https:\/\/schema.org\",\"@graph\":[{\"@type\":\"WebPage\",\"@id\":\"https:\/\/www.avistahideawayphuketresort.com\/es\/things-to-do-phuket\/visit-phuket\/\",\"url\":\"https:\/\/www.avistahideawayphuketresort.com\/es\/things-to-do-phuket\/visit-phuket\/\",\"name\":\"Turismo en Phuket - Avista Hideaway Phuket Patong\",\"isPartOf\":{\"@id\":\"https:\/\/www.avistahideawayphuketresort.com\/#website\"},\"datePublished\":\"2023-05-04T06:52:27+00:00\",\"dateModified\":\"2023-07-06T07:31:39+00:00\",\"breadcrumb\":{\"@id\":\"https:\/\/www.avistahideawayphuketresort.com\/es\/things-to-do-phuket\/visit-phuket\/#breadcrumb\"},\"inLanguage\":\"es\",\"potentialAction\":[{\"@type\":\"ReadAction\",\"target\":[\"https:\/\/www.avistahideawayphuketresort.com\/es\/things-to-do-phuket\/visit-phuket\/\"]}]},{\"@type\":\"BreadcrumbList\",\"@id\":\"https:\/\/www.avistahideawayphuketresort.com\/es\/things-to-do-phuket\/visit-phuket\/#breadcrumb\",\"itemListElement\":[{\"@type\":\"ListItem\",\"position\":1,\"name\":\"Home\",\"item\":\"https:\/\/www.avistahideawayphuketresort.com\/es\/\"},{\"@type\":\"ListItem\",\"position\":2,\"name\":\"Qu\u00e9 hacer en Phuket?\",\"item\":\"https:\/\/www.avistahideawayphuketresort.com\/es\/things-to-do-phuket\/\"},{\"@type\":\"ListItem\",\"position\":3,\"name\":\"Turismo en Phuket\"}]},{\"@type\":\"WebSite\",\"@id\":\"https:\/\/www.avistahideawayphuketresort.com\/#website\",\"url\":\"https:\/\/www.avistahideawayphuketresort.com\/\",\"name\":\"Avista Hideaway Phuket Patong\",\"description\":\"\",\"potentialAction\":[{\"@type\":\"SearchAction\",\"target\":{\"@type\":\"EntryPoint\",\"urlTemplate\":\"https:\/\/www.avistahideawayphuketresort.com\/?s={search_term_string}\"},\"query-input\":{\"@type\":\"PropertyValueSpecification\",\"valueRequired\":true,\"valueName\":\"search_term_string\"}}],\"inLanguage\":\"es\"}]}<\/script>\n<!-- \/ Yoast SEO plugin. -->","yoast_head_json":{"title":"Turismo en Phuket - Avista Hideaway Phuket Patong","robots":{"index":"index","follow":"follow","max-snippet":"max-snippet:-1","max-image-preview":"max-image-preview:large","max-video-preview":"max-video-preview:-1"},"canonical":"https:\/\/www.avistahideawayphuketresort.com\/es\/things-to-do-phuket\/visit-phuket\/","og_locale":"es_ES","og_type":"article","og_title":"Turismo en Phuket - Avista Hideaway Phuket Patong","og_description":"Sin duda alguna, Phuket es una de las islas m\u00e1s bonitas del mundo y es un destino de vacaciones popular en Tailandia tanto para familias como para reci\u00e9n casados y amantes de los deportes acu\u00e1ticos. La isla se ha convertido en un destino tur\u00edstico muy visitado en el sur de Asia por muchas buenas razones [&hellip;]","og_url":"https:\/\/www.avistahideawayphuketresort.com\/es\/things-to-do-phuket\/visit-phuket\/","og_site_name":"Avista Hideaway Phuket Patong","article_modified_time":"2023-07-06T07:31:39+00:00","twitter_card":"summary_large_image","twitter_misc":{"Tiempo de lectura":"2 minutos"},"schema":{"@context":"https:\/\/schema.org","@graph":[{"@type":"WebPage","@id":"https:\/\/www.avistahideawayphuketresort.com\/es\/things-to-do-phuket\/visit-phuket\/","url":"https:\/\/www.avistahideawayphuketresort.com\/es\/things-to-do-phuket\/visit-phuket\/","name":"Turismo en Phuket - Avista Hideaway Phuket Patong","isPartOf":{"@id":"https:\/\/www.avistahideawayphuketresort.com\/#website"},"datePublished":"2023-05-04T06:52:27+00:00","dateModified":"2023-07-06T07:31:39+00:00","breadcrumb":{"@id":"https:\/\/www.avistahideawayphuketresort.com\/es\/things-to-do-phuket\/visit-phuket\/#breadcrumb"},"inLanguage":"es","potentialAction":[{"@type":"ReadAction","target":["https:\/\/www.avistahideawayphuketresort.com\/es\/things-to-do-phuket\/visit-phuket\/"]}]},{"@type":"BreadcrumbList","@id":"https:\/\/www.avistahideawayphuketresort.com\/es\/things-to-do-phuket\/visit-phuket\/#breadcrumb","itemListElement":[{"@type":"ListItem","position":1,"name":"Home","item":"https:\/\/www.avistahideawayphuketresort.com\/es\/"},{"@type":"ListItem","position":2,"name":"Qu\u00e9 hacer en Phuket?","item":"https:\/\/www.avistahideawayphuketresort.com\/es\/things-to-do-phuket\/"},{"@type":"ListItem","position":3,"name":"Turismo en Phuket"}]},{"@type":"WebSite","@id":"https:\/\/www.avistahideawayphuketresort.com\/#website","url":"https:\/\/www.avistahideawayphuketresort.com\/","name":"Avista Hideaway Phuket Patong","description":"","potentialAction":[{"@type":"SearchAction","target":{"@type":"EntryPoint","urlTemplate":"https:\/\/www.avistahideawayphuketresort.com\/?s={search_term_string}"},"query-input":{"@type":"PropertyValueSpecification","valueRequired":true,"valueName":"search_term_string"}}],"inLanguage":"es"}]}},"_links":{"self":[{"href":"https:\/\/www.avistahideawayphuketresort.com\/es\/wp-json\/wp\/v2\/pages\/1516","targetHints":{"allow":["GET"]}}],"collection":[{"href":"https:\/\/www.avistahideawayphuketresort.com\/es\/wp-json\/wp\/v2\/pages"}],"about":[{"href":"https:\/\/www.avistahideawayphuketresort.com\/es\/wp-json\/wp\/v2\/types\/page"}],"author":[{"embeddable":true,"href":"https:\/\/www.avistahideawayphuketresort.com\/es\/wp-json\/wp\/v2\/users\/55"}],"replies":[{"embeddable":true,"href":"https:\/\/www.avistahideawayphuketresort.com\/es\/wp-json\/wp\/v2\/comments?post=1516"}],"version-history":[{"count":0,"href":"https:\/\/www.avistahideawayphuketresort.com\/es\/wp-json\/wp\/v2\/pages\/1516\/revisions"}],"up":[{"embeddable":true,"href":"https:\/\/www.avistahideawayphuketresort.com\/es\/wp-json\/wp\/v2\/pages\/1355"}],"wp:attachment":[{"href":"https:\/\/www.avistahideawayphuketresort.com\/es\/wp-json\/wp\/v2\/media?parent=1516"}],"wp:term":[{"taxonomy":"category","embeddable":true,"href":"https:\/\/www.avistahideawayphuketresort.com\/es\/wp-json\/wp\/v2\/categories?post=1516"}],"curies":[{"name":"wp","href":"https:\/\/api.w.org\/{rel}","templated":true}]}}