{"id":1519,"date":"2023-05-04T06:53:16","date_gmt":"2023-05-04T06:53:16","guid":{"rendered":"https:\/\/www.avistahideawayphuketresort.com\/things-to-do-phuket\/visit-phuket\/cashew-nut-factory\/"},"modified":"2023-07-06T07:32:35","modified_gmt":"2023-07-06T07:32:35","slug":"cashew-nut-factory","status":"publish","type":"page","link":"https:\/\/www.avistahideawayphuketresort.com\/es\/things-to-do-phuket\/visit-phuket\/cashew-nut-factory\/","title":{"rendered":"F\u00e1brica de nueces de anacardo"},"content":{"rendered":"<p style=\"text-align: center;\">El anacardo es un producto aut\u00f3ctono que se cultiva en Phuket y otras provincias del sur de Tailandia, y es relativamente barato en comparaci\u00f3n con los precios en los pa\u00edses occidentales.<br \/>\n<strong>Distancia desde el hotel:<\/strong> 9 km<br \/>\n<strong>Tiempo necesario para visitar:<\/strong> 1 hora<br \/>\n<strong>Horario de visita:<\/strong> de 8 am a 7 pm<\/p>\n<p style=\"text-align: center;\"><strong>Precio:<\/strong> Entrada gratuita.<\/p>\n","protected":false},"excerpt":{"rendered":"<p>El anacardo es un producto aut\u00f3ctono que se cultiva en Phuket y otras provincias del sur de Tailandia, y es relativamente barato en comparaci\u00f3n con los precios en los pa\u00edses occidentales. Distancia desde el hotel: 9 km Tiempo necesario para visitar: 1 hora Horario de visita: de 8 am a 7 pm Precio: Entrada gratuita.<\/p>\n","protected":false},"author":55,"featured_media":0,"parent":1516,"menu_order":1,"comment_status":"closed","ping_status":"closed","template":"","meta":{"footnotes":""},"categories":[],"class_list":["post-1519","page","type-page","status-publish","hentry"],"acf":[],"yoast_head":"<!-- This site is optimized with the Yoast SEO plugin v26.9 - https:\/\/yoast.com\/product\/yoast-seo-wordpress\/ -->\n<title>F\u00e1brica de nueces de anacardo - Avista Hideaway Phuket Patong<\/title>\n<meta name=\"robots\" content=\"index, follow, max-snippet:-1, max-image-preview:large, max-video-preview:-1\" \/>\n<link rel=\"canonical\" href=\"https:\/\/www.avistahideawayphuketresort.com\/es\/things-to-do-phuket\/visit-phuket\/cashew-nut-factory\/\" \/>\n<meta property=\"og:locale\" content=\"es_ES\" \/>\n<meta property=\"og:type\" content=\"article\" \/>\n<meta property=\"og:title\" content=\"F\u00e1brica de nueces de anacardo - Avista Hideaway Phuket Patong\" \/>\n<meta property=\"og:description\" content=\"El anacardo es un producto aut\u00f3ctono que se cultiva en Phuket y otras provincias del sur de Tailandia, y es relativamente barato en comparaci\u00f3n con los precios en los pa\u00edses occidentales. Distancia desde el hotel: 9 km Tiempo necesario para visitar: 1 hora Horario de visita: de 8 am a 7 pm Precio: Entrada gratuita.\" \/>\n<meta property=\"og:url\" content=\"https:\/\/www.avistahideawayphuketresort.com\/es\/things-to-do-phuket\/visit-phuket\/cashew-nut-factory\/\" \/>\n<meta property=\"og:site_name\" content=\"Avista Hideaway Phuket Patong\" \/>\n<meta property=\"article:modified_time\" content=\"2023-07-06T07:32:35+00:00\" \/>\n<meta name=\"twitter:card\" content=\"summary_large_image\" \/>\n<meta name=\"twitter:label1\" content=\"Tiempo de lectura\" \/>\n\t<meta name=\"twitter:data1\" content=\"1 minuto\" \/>\n<script type=\"application\/ld+json\" class=\"yoast-schema-graph\">{\"@context\":\"https:\/\/schema.org\",\"@graph\":[{\"@type\":\"WebPage\",\"@id\":\"https:\/\/www.avistahideawayphuketresort.com\/es\/things-to-do-phuket\/visit-phuket\/cashew-nut-factory\/\",\"url\":\"https:\/\/www.avistahideawayphuketresort.com\/es\/things-to-do-phuket\/visit-phuket\/cashew-nut-factory\/\",\"name\":\"F\u00e1brica de nueces de anacardo - Avista Hideaway Phuket Patong\",\"isPartOf\":{\"@id\":\"https:\/\/www.avistahideawayphuketresort.com\/#website\"},\"datePublished\":\"2023-05-04T06:53:16+00:00\",\"dateModified\":\"2023-07-06T07:32:35+00:00\",\"breadcrumb\":{\"@id\":\"https:\/\/www.avistahideawayphuketresort.com\/es\/things-to-do-phuket\/visit-phuket\/cashew-nut-factory\/#breadcrumb\"},\"inLanguage\":\"es\",\"potentialAction\":[{\"@type\":\"ReadAction\",\"target\":[\"https:\/\/www.avistahideawayphuketresort.com\/es\/things-to-do-phuket\/visit-phuket\/cashew-nut-factory\/\"]}]},{\"@type\":\"BreadcrumbList\",\"@id\":\"https:\/\/www.avistahideawayphuketresort.com\/es\/things-to-do-phuket\/visit-phuket\/cashew-nut-factory\/#breadcrumb\",\"itemListElement\":[{\"@type\":\"ListItem\",\"position\":1,\"name\":\"Home\",\"item\":\"https:\/\/www.avistahideawayphuketresort.com\/es\/\"},{\"@type\":\"ListItem\",\"position\":2,\"name\":\"Qu\u00e9 hacer en Phuket?\",\"item\":\"https:\/\/www.avistahideawayphuketresort.com\/es\/things-to-do-phuket\/\"},{\"@type\":\"ListItem\",\"position\":3,\"name\":\"Turismo en Phuket\",\"item\":\"https:\/\/www.avistahideawayphuketresort.com\/es\/things-to-do-phuket\/visit-phuket\/\"},{\"@type\":\"ListItem\",\"position\":4,\"name\":\"F\u00e1brica de nueces de anacardo\"}]},{\"@type\":\"WebSite\",\"@id\":\"https:\/\/www.avistahideawayphuketresort.com\/#website\",\"url\":\"https:\/\/www.avistahideawayphuketresort.com\/\",\"name\":\"Avista Hideaway Phuket Patong\",\"description\":\"\",\"potentialAction\":[{\"@type\":\"SearchAction\",\"target\":{\"@type\":\"EntryPoint\",\"urlTemplate\":\"https:\/\/www.avistahideawayphuketresort.com\/?s={search_term_string}\"},\"query-input\":{\"@type\":\"PropertyValueSpecification\",\"valueRequired\":true,\"valueName\":\"search_term_string\"}}],\"inLanguage\":\"es\"}]}<\/script>\n<!-- \/ Yoast SEO plugin. -->","yoast_head_json":{"title":"F\u00e1brica de nueces de anacardo - Avista Hideaway Phuket Patong","robots":{"index":"index","follow":"follow","max-snippet":"max-snippet:-1","max-image-preview":"max-image-preview:large","max-video-preview":"max-video-preview:-1"},"canonical":"https:\/\/www.avistahideawayphuketresort.com\/es\/things-to-do-phuket\/visit-phuket\/cashew-nut-factory\/","og_locale":"es_ES","og_type":"article","og_title":"F\u00e1brica de nueces de anacardo - Avista Hideaway Phuket Patong","og_description":"El anacardo es un producto aut\u00f3ctono que se cultiva en Phuket y otras provincias del sur de Tailandia, y es relativamente barato en comparaci\u00f3n con los precios en los pa\u00edses occidentales. Distancia desde el hotel: 9 km Tiempo necesario para visitar: 1 hora Horario de visita: de 8 am a 7 pm Precio: Entrada gratuita.","og_url":"https:\/\/www.avistahideawayphuketresort.com\/es\/things-to-do-phuket\/visit-phuket\/cashew-nut-factory\/","og_site_name":"Avista Hideaway Phuket Patong","article_modified_time":"2023-07-06T07:32:35+00:00","twitter_card":"summary_large_image","twitter_misc":{"Tiempo de lectura":"1 minuto"},"schema":{"@context":"https:\/\/schema.org","@graph":[{"@type":"WebPage","@id":"https:\/\/www.avistahideawayphuketresort.com\/es\/things-to-do-phuket\/visit-phuket\/cashew-nut-factory\/","url":"https:\/\/www.avistahideawayphuketresort.com\/es\/things-to-do-phuket\/visit-phuket\/cashew-nut-factory\/","name":"F\u00e1brica de nueces de anacardo - Avista Hideaway Phuket Patong","isPartOf":{"@id":"https:\/\/www.avistahideawayphuketresort.com\/#website"},"datePublished":"2023-05-04T06:53:16+00:00","dateModified":"2023-07-06T07:32:35+00:00","breadcrumb":{"@id":"https:\/\/www.avistahideawayphuketresort.com\/es\/things-to-do-phuket\/visit-phuket\/cashew-nut-factory\/#breadcrumb"},"inLanguage":"es","potentialAction":[{"@type":"ReadAction","target":["https:\/\/www.avistahideawayphuketresort.com\/es\/things-to-do-phuket\/visit-phuket\/cashew-nut-factory\/"]}]},{"@type":"BreadcrumbList","@id":"https:\/\/www.avistahideawayphuketresort.com\/es\/things-to-do-phuket\/visit-phuket\/cashew-nut-factory\/#breadcrumb","itemListElement":[{"@type":"ListItem","position":1,"name":"Home","item":"https:\/\/www.avistahideawayphuketresort.com\/es\/"},{"@type":"ListItem","position":2,"name":"Qu\u00e9 hacer en Phuket?","item":"https:\/\/www.avistahideawayphuketresort.com\/es\/things-to-do-phuket\/"},{"@type":"ListItem","position":3,"name":"Turismo en Phuket","item":"https:\/\/www.avistahideawayphuketresort.com\/es\/things-to-do-phuket\/visit-phuket\/"},{"@type":"ListItem","position":4,"name":"F\u00e1brica de nueces de anacardo"}]},{"@type":"WebSite","@id":"https:\/\/www.avistahideawayphuketresort.com\/#website","url":"https:\/\/www.avistahideawayphuketresort.com\/","name":"Avista Hideaway Phuket Patong","description":"","potentialAction":[{"@type":"SearchAction","target":{"@type":"EntryPoint","urlTemplate":"https:\/\/www.avistahideawayphuketresort.com\/?s={search_term_string}"},"query-input":{"@type":"PropertyValueSpecification","valueRequired":true,"valueName":"search_term_string"}}],"inLanguage":"es"}]}},"_links":{"self":[{"href":"https:\/\/www.avistahideawayphuketresort.com\/es\/wp-json\/wp\/v2\/pages\/1519","targetHints":{"allow":["GET"]}}],"collection":[{"href":"https:\/\/www.avistahideawayphuketresort.com\/es\/wp-json\/wp\/v2\/pages"}],"about":[{"href":"https:\/\/www.avistahideawayphuketresort.com\/es\/wp-json\/wp\/v2\/types\/page"}],"author":[{"embeddable":true,"href":"https:\/\/www.avistahideawayphuketresort.com\/es\/wp-json\/wp\/v2\/users\/55"}],"replies":[{"embeddable":true,"href":"https:\/\/www.avistahideawayphuketresort.com\/es\/wp-json\/wp\/v2\/comments?post=1519"}],"version-history":[{"count":0,"href":"https:\/\/www.avistahideawayphuketresort.com\/es\/wp-json\/wp\/v2\/pages\/1519\/revisions"}],"up":[{"embeddable":true,"href":"https:\/\/www.avistahideawayphuketresort.com\/es\/wp-json\/wp\/v2\/pages\/1516"}],"wp:attachment":[{"href":"https:\/\/www.avistahideawayphuketresort.com\/es\/wp-json\/wp\/v2\/media?parent=1519"}],"wp:term":[{"taxonomy":"category","embeddable":true,"href":"https:\/\/www.avistahideawayphuketresort.com\/es\/wp-json\/wp\/v2\/categories?post=1519"}],"curies":[{"name":"wp","href":"https:\/\/api.w.org\/{rel}","templated":true}]}}