{"id":1522,"date":"2023-05-04T06:54:26","date_gmt":"2023-05-04T06:54:26","guid":{"rendered":"https:\/\/www.avistahideawayphuketresort.com\/things-to-do-phuket\/visit-phuket\/promthep-cape\/"},"modified":"2023-07-06T07:35:21","modified_gmt":"2023-07-06T07:35:21","slug":"promthep-cape","status":"publish","type":"page","link":"https:\/\/www.avistahideawayphuketresort.com\/es\/things-to-do-phuket\/visit-phuket\/promthep-cape\/","title":{"rendered":"Cabo Promthep"},"content":{"rendered":"<p style=\"text-align: center;\">Mirador para el mejor atardecer en Phuket<br \/>\nPromthep Cape es el punto m\u00e1s al sur de Phuket que ofrece vistas pintorescas del mar de Andam\u00e1n y la naturaleza. El cabo se ha convertido en un lugar popular para que los turistas capturen las vistas del atardecer en Phuket y ha alcanzado un estatus ic\u00f3nico. Tambi\u00e9n se conoce como Laem Promthep y el Cabo de Dios debido a su belleza ex\u00f3tica y las vistas hacia el sur en Phuket.<\/p>\n<p style=\"text-align: center;\">Laem Promthep es una porci\u00f3n de tierra rocosa que se eleva desde el mar de Andam\u00e1n y est\u00e1 rodeada por un acantilado. Cada tarde, los turistas acuden a este sitio para capturar las vistas espectaculares del atardecer en el Promthep Cape. Tambi\u00e9n es uno de los principales lugares tur\u00edsticos de Phuket para los amantes de la naturaleza y los artistas, que aprecian la belleza de los atardeceres deslumbrantes.<br \/>\nEn un d\u00eda despejado, se pueden ver las islas lejanas de Koh Racha Yai, Noi y Phi Phi desde Promthep Cape. Los turistas pueden subir al faro para echar un vistazo a las islas distantes adem\u00e1s de disfrutar de los atardeceres fascinantes.<br \/>\nPrincipales cosas para hacer en Promthep Cape<br \/>\nAdem\u00e1s del mirador, puedes visitar el santuario del elefante, que es un s\u00edmbolo de riqueza y prosperidad, para buscar bendiciones. En el faro, hay un museo con la estatua del pr\u00edncipe JumBorn, hijo del rey Rama V, para tomar fotos encantadoras. Adem\u00e1s, hay una peque\u00f1a tienda y tiendas para turistas frente al estacionamiento para comprar sombreros de marca, camisetas, billeteras, recuerdos locales, tazas y accesorios de playa.<br \/>\nLos turistas pueden saciar su hambre comiendo mariscos ex\u00f3ticos en el restaurante Promthep. Otros alimentos especiales disponibles aqu\u00ed son batidos de frutas, agua de coco y helado para disfrutar durante el viaje. Visita el Cabo Promthep en Tailandia, uno de los lugares m\u00e1s fotografiados de Phuket, para presenciar el atardecer m\u00e1s exquisito de la naturaleza.<br \/>\n<strong>Destacado:<\/strong> Hermoso atardecer en un lugar perfecto<br \/>\n<strong>Distancia desde el hotel:<\/strong> 22 km<br \/>\n<strong>Tiempo necesario para visitar:<\/strong> 1 hora<br \/>\n<strong>Horario de visita:<\/strong> de 5 pm a 6:30 pm<\/p>\n<p style=\"text-align: center;\"><strong>Tarifa de entrada:<\/strong> Ninguna<\/p>\n","protected":false},"excerpt":{"rendered":"<p>Mirador para el mejor atardecer en Phuket Promthep Cape es el punto m\u00e1s al sur de Phuket que ofrece vistas pintorescas del mar de Andam\u00e1n y la naturaleza. El cabo se ha convertido en un lugar popular para que los turistas capturen las vistas del atardecer en Phuket y ha alcanzado un estatus ic\u00f3nico. Tambi\u00e9n [&hellip;]<\/p>\n","protected":false},"author":55,"featured_media":0,"parent":1516,"menu_order":2,"comment_status":"closed","ping_status":"closed","template":"","meta":{"footnotes":""},"categories":[],"class_list":["post-1522","page","type-page","status-publish","hentry"],"acf":[],"yoast_head":"<!-- This site is optimized with the Yoast SEO plugin v26.9 - https:\/\/yoast.com\/product\/yoast-seo-wordpress\/ -->\n<title>Cabo Promthep - Avista Hideaway Phuket Patong<\/title>\n<meta name=\"robots\" content=\"index, follow, max-snippet:-1, max-image-preview:large, max-video-preview:-1\" \/>\n<link rel=\"canonical\" href=\"https:\/\/www.avistahideawayphuketresort.com\/es\/things-to-do-phuket\/visit-phuket\/promthep-cape\/\" \/>\n<meta property=\"og:locale\" content=\"es_ES\" \/>\n<meta property=\"og:type\" content=\"article\" \/>\n<meta property=\"og:title\" content=\"Cabo Promthep - Avista Hideaway Phuket Patong\" \/>\n<meta property=\"og:description\" content=\"Mirador para el mejor atardecer en Phuket Promthep Cape es el punto m\u00e1s al sur de Phuket que ofrece vistas pintorescas del mar de Andam\u00e1n y la naturaleza. El cabo se ha convertido en un lugar popular para que los turistas capturen las vistas del atardecer en Phuket y ha alcanzado un estatus ic\u00f3nico. Tambi\u00e9n [&hellip;]\" \/>\n<meta property=\"og:url\" content=\"https:\/\/www.avistahideawayphuketresort.com\/es\/things-to-do-phuket\/visit-phuket\/promthep-cape\/\" \/>\n<meta property=\"og:site_name\" content=\"Avista Hideaway Phuket Patong\" \/>\n<meta property=\"article:modified_time\" content=\"2023-07-06T07:35:21+00:00\" \/>\n<meta name=\"twitter:card\" content=\"summary_large_image\" \/>\n<meta name=\"twitter:label1\" content=\"Tiempo de lectura\" \/>\n\t<meta name=\"twitter:data1\" content=\"2 minutos\" \/>\n<script type=\"application\/ld+json\" class=\"yoast-schema-graph\">{\"@context\":\"https:\/\/schema.org\",\"@graph\":[{\"@type\":\"WebPage\",\"@id\":\"https:\/\/www.avistahideawayphuketresort.com\/es\/things-to-do-phuket\/visit-phuket\/promthep-cape\/\",\"url\":\"https:\/\/www.avistahideawayphuketresort.com\/es\/things-to-do-phuket\/visit-phuket\/promthep-cape\/\",\"name\":\"Cabo Promthep - Avista Hideaway Phuket Patong\",\"isPartOf\":{\"@id\":\"https:\/\/www.avistahideawayphuketresort.com\/#website\"},\"datePublished\":\"2023-05-04T06:54:26+00:00\",\"dateModified\":\"2023-07-06T07:35:21+00:00\",\"breadcrumb\":{\"@id\":\"https:\/\/www.avistahideawayphuketresort.com\/es\/things-to-do-phuket\/visit-phuket\/promthep-cape\/#breadcrumb\"},\"inLanguage\":\"es\",\"potentialAction\":[{\"@type\":\"ReadAction\",\"target\":[\"https:\/\/www.avistahideawayphuketresort.com\/es\/things-to-do-phuket\/visit-phuket\/promthep-cape\/\"]}]},{\"@type\":\"BreadcrumbList\",\"@id\":\"https:\/\/www.avistahideawayphuketresort.com\/es\/things-to-do-phuket\/visit-phuket\/promthep-cape\/#breadcrumb\",\"itemListElement\":[{\"@type\":\"ListItem\",\"position\":1,\"name\":\"Home\",\"item\":\"https:\/\/www.avistahideawayphuketresort.com\/es\/\"},{\"@type\":\"ListItem\",\"position\":2,\"name\":\"Qu\u00e9 hacer en Phuket?\",\"item\":\"https:\/\/www.avistahideawayphuketresort.com\/es\/things-to-do-phuket\/\"},{\"@type\":\"ListItem\",\"position\":3,\"name\":\"Turismo en Phuket\",\"item\":\"https:\/\/www.avistahideawayphuketresort.com\/es\/things-to-do-phuket\/visit-phuket\/\"},{\"@type\":\"ListItem\",\"position\":4,\"name\":\"Cabo Promthep\"}]},{\"@type\":\"WebSite\",\"@id\":\"https:\/\/www.avistahideawayphuketresort.com\/#website\",\"url\":\"https:\/\/www.avistahideawayphuketresort.com\/\",\"name\":\"Avista Hideaway Phuket Patong\",\"description\":\"\",\"potentialAction\":[{\"@type\":\"SearchAction\",\"target\":{\"@type\":\"EntryPoint\",\"urlTemplate\":\"https:\/\/www.avistahideawayphuketresort.com\/?s={search_term_string}\"},\"query-input\":{\"@type\":\"PropertyValueSpecification\",\"valueRequired\":true,\"valueName\":\"search_term_string\"}}],\"inLanguage\":\"es\"}]}<\/script>\n<!-- \/ Yoast SEO plugin. -->","yoast_head_json":{"title":"Cabo Promthep - Avista Hideaway Phuket Patong","robots":{"index":"index","follow":"follow","max-snippet":"max-snippet:-1","max-image-preview":"max-image-preview:large","max-video-preview":"max-video-preview:-1"},"canonical":"https:\/\/www.avistahideawayphuketresort.com\/es\/things-to-do-phuket\/visit-phuket\/promthep-cape\/","og_locale":"es_ES","og_type":"article","og_title":"Cabo Promthep - Avista Hideaway Phuket Patong","og_description":"Mirador para el mejor atardecer en Phuket Promthep Cape es el punto m\u00e1s al sur de Phuket que ofrece vistas pintorescas del mar de Andam\u00e1n y la naturaleza. El cabo se ha convertido en un lugar popular para que los turistas capturen las vistas del atardecer en Phuket y ha alcanzado un estatus ic\u00f3nico. Tambi\u00e9n [&hellip;]","og_url":"https:\/\/www.avistahideawayphuketresort.com\/es\/things-to-do-phuket\/visit-phuket\/promthep-cape\/","og_site_name":"Avista Hideaway Phuket Patong","article_modified_time":"2023-07-06T07:35:21+00:00","twitter_card":"summary_large_image","twitter_misc":{"Tiempo de lectura":"2 minutos"},"schema":{"@context":"https:\/\/schema.org","@graph":[{"@type":"WebPage","@id":"https:\/\/www.avistahideawayphuketresort.com\/es\/things-to-do-phuket\/visit-phuket\/promthep-cape\/","url":"https:\/\/www.avistahideawayphuketresort.com\/es\/things-to-do-phuket\/visit-phuket\/promthep-cape\/","name":"Cabo Promthep - Avista Hideaway Phuket Patong","isPartOf":{"@id":"https:\/\/www.avistahideawayphuketresort.com\/#website"},"datePublished":"2023-05-04T06:54:26+00:00","dateModified":"2023-07-06T07:35:21+00:00","breadcrumb":{"@id":"https:\/\/www.avistahideawayphuketresort.com\/es\/things-to-do-phuket\/visit-phuket\/promthep-cape\/#breadcrumb"},"inLanguage":"es","potentialAction":[{"@type":"ReadAction","target":["https:\/\/www.avistahideawayphuketresort.com\/es\/things-to-do-phuket\/visit-phuket\/promthep-cape\/"]}]},{"@type":"BreadcrumbList","@id":"https:\/\/www.avistahideawayphuketresort.com\/es\/things-to-do-phuket\/visit-phuket\/promthep-cape\/#breadcrumb","itemListElement":[{"@type":"ListItem","position":1,"name":"Home","item":"https:\/\/www.avistahideawayphuketresort.com\/es\/"},{"@type":"ListItem","position":2,"name":"Qu\u00e9 hacer en Phuket?","item":"https:\/\/www.avistahideawayphuketresort.com\/es\/things-to-do-phuket\/"},{"@type":"ListItem","position":3,"name":"Turismo en Phuket","item":"https:\/\/www.avistahideawayphuketresort.com\/es\/things-to-do-phuket\/visit-phuket\/"},{"@type":"ListItem","position":4,"name":"Cabo Promthep"}]},{"@type":"WebSite","@id":"https:\/\/www.avistahideawayphuketresort.com\/#website","url":"https:\/\/www.avistahideawayphuketresort.com\/","name":"Avista Hideaway Phuket Patong","description":"","potentialAction":[{"@type":"SearchAction","target":{"@type":"EntryPoint","urlTemplate":"https:\/\/www.avistahideawayphuketresort.com\/?s={search_term_string}"},"query-input":{"@type":"PropertyValueSpecification","valueRequired":true,"valueName":"search_term_string"}}],"inLanguage":"es"}]}},"_links":{"self":[{"href":"https:\/\/www.avistahideawayphuketresort.com\/es\/wp-json\/wp\/v2\/pages\/1522","targetHints":{"allow":["GET"]}}],"collection":[{"href":"https:\/\/www.avistahideawayphuketresort.com\/es\/wp-json\/wp\/v2\/pages"}],"about":[{"href":"https:\/\/www.avistahideawayphuketresort.com\/es\/wp-json\/wp\/v2\/types\/page"}],"author":[{"embeddable":true,"href":"https:\/\/www.avistahideawayphuketresort.com\/es\/wp-json\/wp\/v2\/users\/55"}],"replies":[{"embeddable":true,"href":"https:\/\/www.avistahideawayphuketresort.com\/es\/wp-json\/wp\/v2\/comments?post=1522"}],"version-history":[{"count":0,"href":"https:\/\/www.avistahideawayphuketresort.com\/es\/wp-json\/wp\/v2\/pages\/1522\/revisions"}],"up":[{"embeddable":true,"href":"https:\/\/www.avistahideawayphuketresort.com\/es\/wp-json\/wp\/v2\/pages\/1516"}],"wp:attachment":[{"href":"https:\/\/www.avistahideawayphuketresort.com\/es\/wp-json\/wp\/v2\/media?parent=1522"}],"wp:term":[{"taxonomy":"category","embeddable":true,"href":"https:\/\/www.avistahideawayphuketresort.com\/es\/wp-json\/wp\/v2\/categories?post=1522"}],"curies":[{"name":"wp","href":"https:\/\/api.w.org\/{rel}","templated":true}]}}