{"id":1525,"date":"2023-05-04T06:55:19","date_gmt":"2023-05-04T06:55:19","guid":{"rendered":"https:\/\/www.avistahideawayphuketresort.com\/things-to-do-phuket\/visit-phuket\/phuket-orchid-farm\/"},"modified":"2023-07-06T07:36:37","modified_gmt":"2023-07-06T07:36:37","slug":"phuket-orchid-farm","status":"publish","type":"page","link":"https:\/\/www.avistahideawayphuketresort.com\/es\/things-to-do-phuket\/visit-phuket\/phuket-orchid-farm\/","title":{"rendered":"Granja de Orqu\u00eddeas de Phuket"},"content":{"rendered":"<p style=\"text-align: center;\">Es la mayor exposici\u00f3n de orqu\u00eddeas de Phuket, con m\u00e1s de 1.500 h\u00edbridos y especies diferentes en exhibici\u00f3n. Desde 1975, la Granja de Orqu\u00eddeas de Phuket ha brindado una experiencia de vacaciones inolvidable y ciertamente es una de las grandes atracciones que se pueden ver en esta hermosa isla.<br \/>\nDestacado: Incre\u00edble Tailandia: diferentes tipos de flores<br \/>\n<strong>Distancia desde el hotel:<\/strong> 18 km<br \/>\n<strong>Tiempo necesario para visitar:<\/strong> de 9 am a 5:15 pm<\/p>\n<p style=\"text-align: center;\"><strong>Tarifa de entrada:<\/strong> 500 THB por persona.<\/p>\n","protected":false},"excerpt":{"rendered":"<p>Es la mayor exposici\u00f3n de orqu\u00eddeas de Phuket, con m\u00e1s de 1.500 h\u00edbridos y especies diferentes en exhibici\u00f3n. Desde 1975, la Granja de Orqu\u00eddeas de Phuket ha brindado una experiencia de vacaciones inolvidable y ciertamente es una de las grandes atracciones que se pueden ver en esta hermosa isla. Destacado: Incre\u00edble Tailandia: diferentes tipos de [&hellip;]<\/p>\n","protected":false},"author":55,"featured_media":0,"parent":1516,"menu_order":3,"comment_status":"closed","ping_status":"closed","template":"","meta":{"footnotes":""},"categories":[],"class_list":["post-1525","page","type-page","status-publish","hentry"],"acf":[],"yoast_head":"<!-- This site is optimized with the Yoast SEO plugin v26.9 - https:\/\/yoast.com\/product\/yoast-seo-wordpress\/ -->\n<title>Granja de Orqu\u00eddeas de Phuket - Avista Hideaway Phuket Patong<\/title>\n<meta name=\"robots\" content=\"index, follow, max-snippet:-1, max-image-preview:large, max-video-preview:-1\" \/>\n<link rel=\"canonical\" href=\"https:\/\/www.avistahideawayphuketresort.com\/es\/things-to-do-phuket\/visit-phuket\/phuket-orchid-farm\/\" \/>\n<meta property=\"og:locale\" content=\"es_ES\" \/>\n<meta property=\"og:type\" content=\"article\" \/>\n<meta property=\"og:title\" content=\"Granja de Orqu\u00eddeas de Phuket - Avista Hideaway Phuket Patong\" \/>\n<meta property=\"og:description\" content=\"Es la mayor exposici\u00f3n de orqu\u00eddeas de Phuket, con m\u00e1s de 1.500 h\u00edbridos y especies diferentes en exhibici\u00f3n. Desde 1975, la Granja de Orqu\u00eddeas de Phuket ha brindado una experiencia de vacaciones inolvidable y ciertamente es una de las grandes atracciones que se pueden ver en esta hermosa isla. Destacado: Incre\u00edble Tailandia: diferentes tipos de [&hellip;]\" \/>\n<meta property=\"og:url\" content=\"https:\/\/www.avistahideawayphuketresort.com\/es\/things-to-do-phuket\/visit-phuket\/phuket-orchid-farm\/\" \/>\n<meta property=\"og:site_name\" content=\"Avista Hideaway Phuket Patong\" \/>\n<meta property=\"article:modified_time\" content=\"2023-07-06T07:36:37+00:00\" \/>\n<meta name=\"twitter:card\" content=\"summary_large_image\" \/>\n<meta name=\"twitter:label1\" content=\"Tiempo de lectura\" \/>\n\t<meta name=\"twitter:data1\" content=\"1 minuto\" \/>\n<script type=\"application\/ld+json\" class=\"yoast-schema-graph\">{\"@context\":\"https:\/\/schema.org\",\"@graph\":[{\"@type\":\"WebPage\",\"@id\":\"https:\/\/www.avistahideawayphuketresort.com\/es\/things-to-do-phuket\/visit-phuket\/phuket-orchid-farm\/\",\"url\":\"https:\/\/www.avistahideawayphuketresort.com\/es\/things-to-do-phuket\/visit-phuket\/phuket-orchid-farm\/\",\"name\":\"Granja de Orqu\u00eddeas de Phuket - Avista Hideaway Phuket Patong\",\"isPartOf\":{\"@id\":\"https:\/\/www.avistahideawayphuketresort.com\/#website\"},\"datePublished\":\"2023-05-04T06:55:19+00:00\",\"dateModified\":\"2023-07-06T07:36:37+00:00\",\"breadcrumb\":{\"@id\":\"https:\/\/www.avistahideawayphuketresort.com\/es\/things-to-do-phuket\/visit-phuket\/phuket-orchid-farm\/#breadcrumb\"},\"inLanguage\":\"es\",\"potentialAction\":[{\"@type\":\"ReadAction\",\"target\":[\"https:\/\/www.avistahideawayphuketresort.com\/es\/things-to-do-phuket\/visit-phuket\/phuket-orchid-farm\/\"]}]},{\"@type\":\"BreadcrumbList\",\"@id\":\"https:\/\/www.avistahideawayphuketresort.com\/es\/things-to-do-phuket\/visit-phuket\/phuket-orchid-farm\/#breadcrumb\",\"itemListElement\":[{\"@type\":\"ListItem\",\"position\":1,\"name\":\"Home\",\"item\":\"https:\/\/www.avistahideawayphuketresort.com\/es\/\"},{\"@type\":\"ListItem\",\"position\":2,\"name\":\"Qu\u00e9 hacer en Phuket?\",\"item\":\"https:\/\/www.avistahideawayphuketresort.com\/es\/things-to-do-phuket\/\"},{\"@type\":\"ListItem\",\"position\":3,\"name\":\"Turismo en Phuket\",\"item\":\"https:\/\/www.avistahideawayphuketresort.com\/es\/things-to-do-phuket\/visit-phuket\/\"},{\"@type\":\"ListItem\",\"position\":4,\"name\":\"Granja de Orqu\u00eddeas de Phuket\"}]},{\"@type\":\"WebSite\",\"@id\":\"https:\/\/www.avistahideawayphuketresort.com\/#website\",\"url\":\"https:\/\/www.avistahideawayphuketresort.com\/\",\"name\":\"Avista Hideaway Phuket Patong\",\"description\":\"\",\"potentialAction\":[{\"@type\":\"SearchAction\",\"target\":{\"@type\":\"EntryPoint\",\"urlTemplate\":\"https:\/\/www.avistahideawayphuketresort.com\/?s={search_term_string}\"},\"query-input\":{\"@type\":\"PropertyValueSpecification\",\"valueRequired\":true,\"valueName\":\"search_term_string\"}}],\"inLanguage\":\"es\"}]}<\/script>\n<!-- \/ Yoast SEO plugin. -->","yoast_head_json":{"title":"Granja de Orqu\u00eddeas de Phuket - Avista Hideaway Phuket Patong","robots":{"index":"index","follow":"follow","max-snippet":"max-snippet:-1","max-image-preview":"max-image-preview:large","max-video-preview":"max-video-preview:-1"},"canonical":"https:\/\/www.avistahideawayphuketresort.com\/es\/things-to-do-phuket\/visit-phuket\/phuket-orchid-farm\/","og_locale":"es_ES","og_type":"article","og_title":"Granja de Orqu\u00eddeas de Phuket - Avista Hideaway Phuket Patong","og_description":"Es la mayor exposici\u00f3n de orqu\u00eddeas de Phuket, con m\u00e1s de 1.500 h\u00edbridos y especies diferentes en exhibici\u00f3n. Desde 1975, la Granja de Orqu\u00eddeas de Phuket ha brindado una experiencia de vacaciones inolvidable y ciertamente es una de las grandes atracciones que se pueden ver en esta hermosa isla. Destacado: Incre\u00edble Tailandia: diferentes tipos de [&hellip;]","og_url":"https:\/\/www.avistahideawayphuketresort.com\/es\/things-to-do-phuket\/visit-phuket\/phuket-orchid-farm\/","og_site_name":"Avista Hideaway Phuket Patong","article_modified_time":"2023-07-06T07:36:37+00:00","twitter_card":"summary_large_image","twitter_misc":{"Tiempo de lectura":"1 minuto"},"schema":{"@context":"https:\/\/schema.org","@graph":[{"@type":"WebPage","@id":"https:\/\/www.avistahideawayphuketresort.com\/es\/things-to-do-phuket\/visit-phuket\/phuket-orchid-farm\/","url":"https:\/\/www.avistahideawayphuketresort.com\/es\/things-to-do-phuket\/visit-phuket\/phuket-orchid-farm\/","name":"Granja de Orqu\u00eddeas de Phuket - Avista Hideaway Phuket Patong","isPartOf":{"@id":"https:\/\/www.avistahideawayphuketresort.com\/#website"},"datePublished":"2023-05-04T06:55:19+00:00","dateModified":"2023-07-06T07:36:37+00:00","breadcrumb":{"@id":"https:\/\/www.avistahideawayphuketresort.com\/es\/things-to-do-phuket\/visit-phuket\/phuket-orchid-farm\/#breadcrumb"},"inLanguage":"es","potentialAction":[{"@type":"ReadAction","target":["https:\/\/www.avistahideawayphuketresort.com\/es\/things-to-do-phuket\/visit-phuket\/phuket-orchid-farm\/"]}]},{"@type":"BreadcrumbList","@id":"https:\/\/www.avistahideawayphuketresort.com\/es\/things-to-do-phuket\/visit-phuket\/phuket-orchid-farm\/#breadcrumb","itemListElement":[{"@type":"ListItem","position":1,"name":"Home","item":"https:\/\/www.avistahideawayphuketresort.com\/es\/"},{"@type":"ListItem","position":2,"name":"Qu\u00e9 hacer en Phuket?","item":"https:\/\/www.avistahideawayphuketresort.com\/es\/things-to-do-phuket\/"},{"@type":"ListItem","position":3,"name":"Turismo en Phuket","item":"https:\/\/www.avistahideawayphuketresort.com\/es\/things-to-do-phuket\/visit-phuket\/"},{"@type":"ListItem","position":4,"name":"Granja de Orqu\u00eddeas de Phuket"}]},{"@type":"WebSite","@id":"https:\/\/www.avistahideawayphuketresort.com\/#website","url":"https:\/\/www.avistahideawayphuketresort.com\/","name":"Avista Hideaway Phuket Patong","description":"","potentialAction":[{"@type":"SearchAction","target":{"@type":"EntryPoint","urlTemplate":"https:\/\/www.avistahideawayphuketresort.com\/?s={search_term_string}"},"query-input":{"@type":"PropertyValueSpecification","valueRequired":true,"valueName":"search_term_string"}}],"inLanguage":"es"}]}},"_links":{"self":[{"href":"https:\/\/www.avistahideawayphuketresort.com\/es\/wp-json\/wp\/v2\/pages\/1525","targetHints":{"allow":["GET"]}}],"collection":[{"href":"https:\/\/www.avistahideawayphuketresort.com\/es\/wp-json\/wp\/v2\/pages"}],"about":[{"href":"https:\/\/www.avistahideawayphuketresort.com\/es\/wp-json\/wp\/v2\/types\/page"}],"author":[{"embeddable":true,"href":"https:\/\/www.avistahideawayphuketresort.com\/es\/wp-json\/wp\/v2\/users\/55"}],"replies":[{"embeddable":true,"href":"https:\/\/www.avistahideawayphuketresort.com\/es\/wp-json\/wp\/v2\/comments?post=1525"}],"version-history":[{"count":0,"href":"https:\/\/www.avistahideawayphuketresort.com\/es\/wp-json\/wp\/v2\/pages\/1525\/revisions"}],"up":[{"embeddable":true,"href":"https:\/\/www.avistahideawayphuketresort.com\/es\/wp-json\/wp\/v2\/pages\/1516"}],"wp:attachment":[{"href":"https:\/\/www.avistahideawayphuketresort.com\/es\/wp-json\/wp\/v2\/media?parent=1525"}],"wp:term":[{"taxonomy":"category","embeddable":true,"href":"https:\/\/www.avistahideawayphuketresort.com\/es\/wp-json\/wp\/v2\/categories?post=1525"}],"curies":[{"name":"wp","href":"https:\/\/api.w.org\/{rel}","templated":true}]}}