{"id":1531,"date":"2023-05-04T07:08:18","date_gmt":"2023-05-04T07:08:18","guid":{"rendered":"https:\/\/www.avistahideawayphuketresort.com\/things-to-do-phuket\/visit-phuket\/big-buddha-of-phuket\/"},"modified":"2023-07-06T07:38:42","modified_gmt":"2023-07-06T07:38:42","slug":"big-buddha-of-phuket","status":"publish","type":"page","link":"https:\/\/www.avistahideawayphuketresort.com\/es\/things-to-do-phuket\/visit-phuket\/big-buddha-of-phuket\/","title":{"rendered":"Gran Buda de Phuket"},"content":{"rendered":"<p style=\"text-align: center;\">El Gran Buda en Phuket es una estatua ic\u00f3nica y una de las principales atracciones tur\u00edsticas. El \u00edcono que se eleva 45 metros de altura y se encuentra en la cima de las colinas de Nakkerd entre la bah\u00eda de Chalong y Kata. Debido a su altura, la estatua es visible para las personas de la ciudad de Phut y la playa de Karon.<br \/>\nDesde la cima de este punto, los turistas pueden disfrutar de una vista de 360 grados de la ciudad de Phuket, Kata, Karon y muchos otros lugares de la isla. Los turistas pueden experimentar una atm\u00f3sfera tranquila con los \u00fanicos sonidos que provienen del aleteo de banderas y campanas budistas, aparte de la suave m\u00fasica dharma.<br \/>\nLa estatua del Gran Buda<br \/>\nConocida localmente como Phra Puttamingmongkol Akenakkiri Buddha, la base de esta estatua tiene aproximadamente 25 metros de ancho, est\u00e1 hecha de hormig\u00f3n armado y hermosos m\u00e1rmoles de jade blanco birmano. El \u00eddolo blanco brilla bajo el sol ofreciendo una vista espectacular a los espectadores.<br \/>\nJunto al Gran Buda de Phuket, hay una estatua m\u00e1s peque\u00f1a de color dorado pero en realidad est\u00e1 hecha de toneladas de lat\u00f3n, junto con estatuas m\u00e1s peque\u00f1as de Buda y de monjes venerados.<br \/>\nMiles de turistas visitan el sitio todos los meses y dejan mensajes conmovedores para sus seres queridos fallecidos en los ladrillos y losas de m\u00e1rmol blanco. Las personas donan dinero para el mantenimiento de esta estructura y escriben notas encantadoras de sus seres queridos.<br \/>\nEn la base de Buda en Phuket, hay escritos sobre la historia del proyecto y las ense\u00f1anzas budistas. Como una gran atracci\u00f3n tur\u00edstica, el sitio es accesible a trav\u00e9s de muchas carreteras. Con 1000 personas que visitan diariamente, se espera una gran afluencia alrededor del atardecer.<br \/>\nNota: Como este es un sitio religioso, los turistas, especialmente las mujeres, deben vestirse apropiadamente antes de ir all\u00ed. Las mujeres que usen ropa llamativa deben cubrirse con un sarong antes de ingresar al lugar para evitar ofender los sentimientos religiosos.<br \/>\nDestacado: Buda incre\u00edble con una vista incre\u00edble<br \/>\n<strong>Distancia desde el hotel:<\/strong> 23 km<br \/>\n<strong>Tiempo necesario para visitar:<\/strong> 1 hora<br \/>\n<strong>Horario de visita:<\/strong> de 6:00 a.m. a 5:00 p.m.<\/p>\n<p style=\"text-align: center;\"><strong>Tarifa de entrada:<\/strong> Nula<\/p>\n","protected":false},"excerpt":{"rendered":"<p>El Gran Buda en Phuket es una estatua ic\u00f3nica y una de las principales atracciones tur\u00edsticas. El \u00edcono que se eleva 45 metros de altura y se encuentra en la cima de las colinas de Nakkerd entre la bah\u00eda de Chalong y Kata. Debido a su altura, la estatua es visible para las personas de [&hellip;]<\/p>\n","protected":false},"author":55,"featured_media":0,"parent":1516,"menu_order":5,"comment_status":"closed","ping_status":"closed","template":"","meta":{"footnotes":""},"categories":[],"class_list":["post-1531","page","type-page","status-publish","hentry"],"acf":[],"yoast_head":"<!-- This site is optimized with the Yoast SEO plugin v26.9 - https:\/\/yoast.com\/product\/yoast-seo-wordpress\/ -->\n<title>Gran Buda de Phuket - Avista Hideaway Phuket Patong<\/title>\n<meta name=\"robots\" content=\"index, follow, max-snippet:-1, max-image-preview:large, max-video-preview:-1\" \/>\n<link rel=\"canonical\" href=\"https:\/\/www.avistahideawayphuketresort.com\/es\/things-to-do-phuket\/visit-phuket\/big-buddha-of-phuket\/\" \/>\n<meta property=\"og:locale\" content=\"es_ES\" \/>\n<meta property=\"og:type\" content=\"article\" \/>\n<meta property=\"og:title\" content=\"Gran Buda de Phuket - Avista Hideaway Phuket Patong\" \/>\n<meta property=\"og:description\" content=\"El Gran Buda en Phuket es una estatua ic\u00f3nica y una de las principales atracciones tur\u00edsticas. El \u00edcono que se eleva 45 metros de altura y se encuentra en la cima de las colinas de Nakkerd entre la bah\u00eda de Chalong y Kata. Debido a su altura, la estatua es visible para las personas de [&hellip;]\" \/>\n<meta property=\"og:url\" content=\"https:\/\/www.avistahideawayphuketresort.com\/es\/things-to-do-phuket\/visit-phuket\/big-buddha-of-phuket\/\" \/>\n<meta property=\"og:site_name\" content=\"Avista Hideaway Phuket Patong\" \/>\n<meta property=\"article:modified_time\" content=\"2023-07-06T07:38:42+00:00\" \/>\n<meta name=\"twitter:card\" content=\"summary_large_image\" \/>\n<meta name=\"twitter:label1\" content=\"Tiempo de lectura\" \/>\n\t<meta name=\"twitter:data1\" content=\"2 minutos\" \/>\n<script type=\"application\/ld+json\" class=\"yoast-schema-graph\">{\"@context\":\"https:\/\/schema.org\",\"@graph\":[{\"@type\":\"WebPage\",\"@id\":\"https:\/\/www.avistahideawayphuketresort.com\/es\/things-to-do-phuket\/visit-phuket\/big-buddha-of-phuket\/\",\"url\":\"https:\/\/www.avistahideawayphuketresort.com\/es\/things-to-do-phuket\/visit-phuket\/big-buddha-of-phuket\/\",\"name\":\"Gran Buda de Phuket - Avista Hideaway Phuket Patong\",\"isPartOf\":{\"@id\":\"https:\/\/www.avistahideawayphuketresort.com\/#website\"},\"datePublished\":\"2023-05-04T07:08:18+00:00\",\"dateModified\":\"2023-07-06T07:38:42+00:00\",\"breadcrumb\":{\"@id\":\"https:\/\/www.avistahideawayphuketresort.com\/es\/things-to-do-phuket\/visit-phuket\/big-buddha-of-phuket\/#breadcrumb\"},\"inLanguage\":\"es\",\"potentialAction\":[{\"@type\":\"ReadAction\",\"target\":[\"https:\/\/www.avistahideawayphuketresort.com\/es\/things-to-do-phuket\/visit-phuket\/big-buddha-of-phuket\/\"]}]},{\"@type\":\"BreadcrumbList\",\"@id\":\"https:\/\/www.avistahideawayphuketresort.com\/es\/things-to-do-phuket\/visit-phuket\/big-buddha-of-phuket\/#breadcrumb\",\"itemListElement\":[{\"@type\":\"ListItem\",\"position\":1,\"name\":\"Home\",\"item\":\"https:\/\/www.avistahideawayphuketresort.com\/es\/\"},{\"@type\":\"ListItem\",\"position\":2,\"name\":\"Qu\u00e9 hacer en Phuket?\",\"item\":\"https:\/\/www.avistahideawayphuketresort.com\/es\/things-to-do-phuket\/\"},{\"@type\":\"ListItem\",\"position\":3,\"name\":\"Turismo en Phuket\",\"item\":\"https:\/\/www.avistahideawayphuketresort.com\/es\/things-to-do-phuket\/visit-phuket\/\"},{\"@type\":\"ListItem\",\"position\":4,\"name\":\"Gran Buda de Phuket\"}]},{\"@type\":\"WebSite\",\"@id\":\"https:\/\/www.avistahideawayphuketresort.com\/#website\",\"url\":\"https:\/\/www.avistahideawayphuketresort.com\/\",\"name\":\"Avista Hideaway Phuket Patong\",\"description\":\"\",\"potentialAction\":[{\"@type\":\"SearchAction\",\"target\":{\"@type\":\"EntryPoint\",\"urlTemplate\":\"https:\/\/www.avistahideawayphuketresort.com\/?s={search_term_string}\"},\"query-input\":{\"@type\":\"PropertyValueSpecification\",\"valueRequired\":true,\"valueName\":\"search_term_string\"}}],\"inLanguage\":\"es\"}]}<\/script>\n<!-- \/ Yoast SEO plugin. -->","yoast_head_json":{"title":"Gran Buda de Phuket - Avista Hideaway Phuket Patong","robots":{"index":"index","follow":"follow","max-snippet":"max-snippet:-1","max-image-preview":"max-image-preview:large","max-video-preview":"max-video-preview:-1"},"canonical":"https:\/\/www.avistahideawayphuketresort.com\/es\/things-to-do-phuket\/visit-phuket\/big-buddha-of-phuket\/","og_locale":"es_ES","og_type":"article","og_title":"Gran Buda de Phuket - Avista Hideaway Phuket Patong","og_description":"El Gran Buda en Phuket es una estatua ic\u00f3nica y una de las principales atracciones tur\u00edsticas. El \u00edcono que se eleva 45 metros de altura y se encuentra en la cima de las colinas de Nakkerd entre la bah\u00eda de Chalong y Kata. Debido a su altura, la estatua es visible para las personas de [&hellip;]","og_url":"https:\/\/www.avistahideawayphuketresort.com\/es\/things-to-do-phuket\/visit-phuket\/big-buddha-of-phuket\/","og_site_name":"Avista Hideaway Phuket Patong","article_modified_time":"2023-07-06T07:38:42+00:00","twitter_card":"summary_large_image","twitter_misc":{"Tiempo de lectura":"2 minutos"},"schema":{"@context":"https:\/\/schema.org","@graph":[{"@type":"WebPage","@id":"https:\/\/www.avistahideawayphuketresort.com\/es\/things-to-do-phuket\/visit-phuket\/big-buddha-of-phuket\/","url":"https:\/\/www.avistahideawayphuketresort.com\/es\/things-to-do-phuket\/visit-phuket\/big-buddha-of-phuket\/","name":"Gran Buda de Phuket - Avista Hideaway Phuket Patong","isPartOf":{"@id":"https:\/\/www.avistahideawayphuketresort.com\/#website"},"datePublished":"2023-05-04T07:08:18+00:00","dateModified":"2023-07-06T07:38:42+00:00","breadcrumb":{"@id":"https:\/\/www.avistahideawayphuketresort.com\/es\/things-to-do-phuket\/visit-phuket\/big-buddha-of-phuket\/#breadcrumb"},"inLanguage":"es","potentialAction":[{"@type":"ReadAction","target":["https:\/\/www.avistahideawayphuketresort.com\/es\/things-to-do-phuket\/visit-phuket\/big-buddha-of-phuket\/"]}]},{"@type":"BreadcrumbList","@id":"https:\/\/www.avistahideawayphuketresort.com\/es\/things-to-do-phuket\/visit-phuket\/big-buddha-of-phuket\/#breadcrumb","itemListElement":[{"@type":"ListItem","position":1,"name":"Home","item":"https:\/\/www.avistahideawayphuketresort.com\/es\/"},{"@type":"ListItem","position":2,"name":"Qu\u00e9 hacer en Phuket?","item":"https:\/\/www.avistahideawayphuketresort.com\/es\/things-to-do-phuket\/"},{"@type":"ListItem","position":3,"name":"Turismo en Phuket","item":"https:\/\/www.avistahideawayphuketresort.com\/es\/things-to-do-phuket\/visit-phuket\/"},{"@type":"ListItem","position":4,"name":"Gran Buda de Phuket"}]},{"@type":"WebSite","@id":"https:\/\/www.avistahideawayphuketresort.com\/#website","url":"https:\/\/www.avistahideawayphuketresort.com\/","name":"Avista Hideaway Phuket Patong","description":"","potentialAction":[{"@type":"SearchAction","target":{"@type":"EntryPoint","urlTemplate":"https:\/\/www.avistahideawayphuketresort.com\/?s={search_term_string}"},"query-input":{"@type":"PropertyValueSpecification","valueRequired":true,"valueName":"search_term_string"}}],"inLanguage":"es"}]}},"_links":{"self":[{"href":"https:\/\/www.avistahideawayphuketresort.com\/es\/wp-json\/wp\/v2\/pages\/1531","targetHints":{"allow":["GET"]}}],"collection":[{"href":"https:\/\/www.avistahideawayphuketresort.com\/es\/wp-json\/wp\/v2\/pages"}],"about":[{"href":"https:\/\/www.avistahideawayphuketresort.com\/es\/wp-json\/wp\/v2\/types\/page"}],"author":[{"embeddable":true,"href":"https:\/\/www.avistahideawayphuketresort.com\/es\/wp-json\/wp\/v2\/users\/55"}],"replies":[{"embeddable":true,"href":"https:\/\/www.avistahideawayphuketresort.com\/es\/wp-json\/wp\/v2\/comments?post=1531"}],"version-history":[{"count":0,"href":"https:\/\/www.avistahideawayphuketresort.com\/es\/wp-json\/wp\/v2\/pages\/1531\/revisions"}],"up":[{"embeddable":true,"href":"https:\/\/www.avistahideawayphuketresort.com\/es\/wp-json\/wp\/v2\/pages\/1516"}],"wp:attachment":[{"href":"https:\/\/www.avistahideawayphuketresort.com\/es\/wp-json\/wp\/v2\/media?parent=1531"}],"wp:term":[{"taxonomy":"category","embeddable":true,"href":"https:\/\/www.avistahideawayphuketresort.com\/es\/wp-json\/wp\/v2\/categories?post=1531"}],"curies":[{"name":"wp","href":"https:\/\/api.w.org\/{rel}","templated":true}]}}