{"id":1534,"date":"2023-05-04T07:09:13","date_gmt":"2023-05-04T07:09:13","guid":{"rendered":"https:\/\/www.avistahideawayphuketresort.com\/things-to-do-phuket\/visit-phuket\/karon-view-point\/"},"modified":"2023-07-06T07:40:02","modified_gmt":"2023-07-06T07:40:02","slug":"karon-view-point","status":"publish","type":"page","link":"https:\/\/www.avistahideawayphuketresort.com\/es\/things-to-do-phuket\/visit-phuket\/karon-view-point\/","title":{"rendered":"Mirador de Karon"},"content":{"rendered":"<p style=\"text-align: center;\">Phuket es hogar de muchos lugares espectaculares de la naturaleza que los turistas pueden disfrutar durante sus vacaciones. La excursi\u00f3n tur\u00edstica en Phuket no estar\u00eda completa sin incluir el punto de vista de Karon en el itinerario.<br \/>\nUbicado en el distrito de Mueang Phuket, el punto de vista de Karon es uno de los lugares m\u00e1s frecuentados en la isla por muchas buenas razones. Se le llama localmente Khao Sam Haad, que se traduce como \u00abla colina de las tres playas\u00bb.<br \/>\nLa impresionante vista nunca deja de maravillar a los amantes de la naturaleza durante un recorrido. Las personas admiran la maravilla de la naturaleza, as\u00ed como la puesta de sol desde la cima de la colina en el punto de vista de Karon. Es un lugar que deleita a los fot\u00f3grafos y ofrece las vistas m\u00e1s impresionantes de las tres playas de la costa oeste con las colinas verdes oscuras. Por lo tanto, este punto es una de las im\u00e1genes m\u00e1s fotografiadas de Phuket.<br \/>\nLos principales puntos destacados del punto de vista de Karon<br \/>\nEl punto de vista de Karon es una de las im\u00e1genes m\u00e1s fotografiadas de Phuket. La imagen ic\u00f3nica contendr\u00e1 el mar de Andam\u00e1n de color turquesa, playas de arena blanca, arbustos verdes oscuros de las colinas y la isla ex\u00f3tica de Koh Pu. No hay otro punto que pueda resaltar tantas cosas en un solo cuadro, lo que lo convierte en una vista impresionante y rara para todos.<br \/>\nEl acceso a este punto es f\u00e1cil para los turistas, a solo 10 minutos en autom\u00f3vil desde la playa de Kata y la playa de Nai Harn. Hay un amplio espacio de estacionamiento en el punto de vista de Karon en Phuket para acomodar los veh\u00edculos de los turistas. Las instalaciones para bebidas y refrigerios est\u00e1n disponibles en los puestos cercanos a la sombra de los \u00e1rboles.<br \/>\nAvista Hideaway Phuket Patong, un resort de primer nivel en Phuket, puede organizar este viaje para los turistas. Est\u00e1 ubicado a una distancia de 15 km y se tarda solo aproximadamente una hora en llegar all\u00ed.<br \/>\nDestacado: Marav\u00edllate con las tres islas en el punto de vista de Karon<br \/>\n<strong>Distancia desde el hotel:<\/strong> 15 km<br \/>\n<strong>Tiempo necesario para visitar:<\/strong> 30 minutos &#8211; 1 hora<br \/>\n<strong>Horario de visita:<\/strong> de 6 a.m. a 7 p.m.<\/p>\n<p style=\"text-align: center;\"><strong>Tarifa de entrada:<\/strong> Nula<\/p>\n","protected":false},"excerpt":{"rendered":"<p>Phuket es hogar de muchos lugares espectaculares de la naturaleza que los turistas pueden disfrutar durante sus vacaciones. La excursi\u00f3n tur\u00edstica en Phuket no estar\u00eda completa sin incluir el punto de vista de Karon en el itinerario. Ubicado en el distrito de Mueang Phuket, el punto de vista de Karon es uno de los lugares [&hellip;]<\/p>\n","protected":false},"author":55,"featured_media":0,"parent":1516,"menu_order":6,"comment_status":"closed","ping_status":"closed","template":"","meta":{"footnotes":""},"categories":[],"class_list":["post-1534","page","type-page","status-publish","hentry"],"acf":[],"yoast_head":"<!-- This site is optimized with the Yoast SEO plugin v26.9 - https:\/\/yoast.com\/product\/yoast-seo-wordpress\/ -->\n<title>Mirador de Karon - Avista Hideaway Phuket Patong<\/title>\n<meta name=\"robots\" content=\"index, follow, max-snippet:-1, max-image-preview:large, max-video-preview:-1\" \/>\n<link rel=\"canonical\" href=\"https:\/\/www.avistahideawayphuketresort.com\/es\/things-to-do-phuket\/visit-phuket\/karon-view-point\/\" \/>\n<meta property=\"og:locale\" content=\"es_ES\" \/>\n<meta property=\"og:type\" content=\"article\" \/>\n<meta property=\"og:title\" content=\"Mirador de Karon - Avista Hideaway Phuket Patong\" \/>\n<meta property=\"og:description\" content=\"Phuket es hogar de muchos lugares espectaculares de la naturaleza que los turistas pueden disfrutar durante sus vacaciones. La excursi\u00f3n tur\u00edstica en Phuket no estar\u00eda completa sin incluir el punto de vista de Karon en el itinerario. Ubicado en el distrito de Mueang Phuket, el punto de vista de Karon es uno de los lugares [&hellip;]\" \/>\n<meta property=\"og:url\" content=\"https:\/\/www.avistahideawayphuketresort.com\/es\/things-to-do-phuket\/visit-phuket\/karon-view-point\/\" \/>\n<meta property=\"og:site_name\" content=\"Avista Hideaway Phuket Patong\" \/>\n<meta property=\"article:modified_time\" content=\"2023-07-06T07:40:02+00:00\" \/>\n<meta name=\"twitter:card\" content=\"summary_large_image\" \/>\n<meta name=\"twitter:label1\" content=\"Tiempo de lectura\" \/>\n\t<meta name=\"twitter:data1\" content=\"2 minutos\" \/>\n<script type=\"application\/ld+json\" class=\"yoast-schema-graph\">{\"@context\":\"https:\/\/schema.org\",\"@graph\":[{\"@type\":\"WebPage\",\"@id\":\"https:\/\/www.avistahideawayphuketresort.com\/es\/things-to-do-phuket\/visit-phuket\/karon-view-point\/\",\"url\":\"https:\/\/www.avistahideawayphuketresort.com\/es\/things-to-do-phuket\/visit-phuket\/karon-view-point\/\",\"name\":\"Mirador de Karon - Avista Hideaway Phuket Patong\",\"isPartOf\":{\"@id\":\"https:\/\/www.avistahideawayphuketresort.com\/#website\"},\"datePublished\":\"2023-05-04T07:09:13+00:00\",\"dateModified\":\"2023-07-06T07:40:02+00:00\",\"breadcrumb\":{\"@id\":\"https:\/\/www.avistahideawayphuketresort.com\/es\/things-to-do-phuket\/visit-phuket\/karon-view-point\/#breadcrumb\"},\"inLanguage\":\"es\",\"potentialAction\":[{\"@type\":\"ReadAction\",\"target\":[\"https:\/\/www.avistahideawayphuketresort.com\/es\/things-to-do-phuket\/visit-phuket\/karon-view-point\/\"]}]},{\"@type\":\"BreadcrumbList\",\"@id\":\"https:\/\/www.avistahideawayphuketresort.com\/es\/things-to-do-phuket\/visit-phuket\/karon-view-point\/#breadcrumb\",\"itemListElement\":[{\"@type\":\"ListItem\",\"position\":1,\"name\":\"Home\",\"item\":\"https:\/\/www.avistahideawayphuketresort.com\/es\/\"},{\"@type\":\"ListItem\",\"position\":2,\"name\":\"Qu\u00e9 hacer en Phuket?\",\"item\":\"https:\/\/www.avistahideawayphuketresort.com\/es\/things-to-do-phuket\/\"},{\"@type\":\"ListItem\",\"position\":3,\"name\":\"Turismo en Phuket\",\"item\":\"https:\/\/www.avistahideawayphuketresort.com\/es\/things-to-do-phuket\/visit-phuket\/\"},{\"@type\":\"ListItem\",\"position\":4,\"name\":\"Mirador de Karon\"}]},{\"@type\":\"WebSite\",\"@id\":\"https:\/\/www.avistahideawayphuketresort.com\/#website\",\"url\":\"https:\/\/www.avistahideawayphuketresort.com\/\",\"name\":\"Avista Hideaway Phuket Patong\",\"description\":\"\",\"potentialAction\":[{\"@type\":\"SearchAction\",\"target\":{\"@type\":\"EntryPoint\",\"urlTemplate\":\"https:\/\/www.avistahideawayphuketresort.com\/?s={search_term_string}\"},\"query-input\":{\"@type\":\"PropertyValueSpecification\",\"valueRequired\":true,\"valueName\":\"search_term_string\"}}],\"inLanguage\":\"es\"}]}<\/script>\n<!-- \/ Yoast SEO plugin. -->","yoast_head_json":{"title":"Mirador de Karon - Avista Hideaway Phuket Patong","robots":{"index":"index","follow":"follow","max-snippet":"max-snippet:-1","max-image-preview":"max-image-preview:large","max-video-preview":"max-video-preview:-1"},"canonical":"https:\/\/www.avistahideawayphuketresort.com\/es\/things-to-do-phuket\/visit-phuket\/karon-view-point\/","og_locale":"es_ES","og_type":"article","og_title":"Mirador de Karon - Avista Hideaway Phuket Patong","og_description":"Phuket es hogar de muchos lugares espectaculares de la naturaleza que los turistas pueden disfrutar durante sus vacaciones. La excursi\u00f3n tur\u00edstica en Phuket no estar\u00eda completa sin incluir el punto de vista de Karon en el itinerario. Ubicado en el distrito de Mueang Phuket, el punto de vista de Karon es uno de los lugares [&hellip;]","og_url":"https:\/\/www.avistahideawayphuketresort.com\/es\/things-to-do-phuket\/visit-phuket\/karon-view-point\/","og_site_name":"Avista Hideaway Phuket Patong","article_modified_time":"2023-07-06T07:40:02+00:00","twitter_card":"summary_large_image","twitter_misc":{"Tiempo de lectura":"2 minutos"},"schema":{"@context":"https:\/\/schema.org","@graph":[{"@type":"WebPage","@id":"https:\/\/www.avistahideawayphuketresort.com\/es\/things-to-do-phuket\/visit-phuket\/karon-view-point\/","url":"https:\/\/www.avistahideawayphuketresort.com\/es\/things-to-do-phuket\/visit-phuket\/karon-view-point\/","name":"Mirador de Karon - Avista Hideaway Phuket Patong","isPartOf":{"@id":"https:\/\/www.avistahideawayphuketresort.com\/#website"},"datePublished":"2023-05-04T07:09:13+00:00","dateModified":"2023-07-06T07:40:02+00:00","breadcrumb":{"@id":"https:\/\/www.avistahideawayphuketresort.com\/es\/things-to-do-phuket\/visit-phuket\/karon-view-point\/#breadcrumb"},"inLanguage":"es","potentialAction":[{"@type":"ReadAction","target":["https:\/\/www.avistahideawayphuketresort.com\/es\/things-to-do-phuket\/visit-phuket\/karon-view-point\/"]}]},{"@type":"BreadcrumbList","@id":"https:\/\/www.avistahideawayphuketresort.com\/es\/things-to-do-phuket\/visit-phuket\/karon-view-point\/#breadcrumb","itemListElement":[{"@type":"ListItem","position":1,"name":"Home","item":"https:\/\/www.avistahideawayphuketresort.com\/es\/"},{"@type":"ListItem","position":2,"name":"Qu\u00e9 hacer en Phuket?","item":"https:\/\/www.avistahideawayphuketresort.com\/es\/things-to-do-phuket\/"},{"@type":"ListItem","position":3,"name":"Turismo en Phuket","item":"https:\/\/www.avistahideawayphuketresort.com\/es\/things-to-do-phuket\/visit-phuket\/"},{"@type":"ListItem","position":4,"name":"Mirador de Karon"}]},{"@type":"WebSite","@id":"https:\/\/www.avistahideawayphuketresort.com\/#website","url":"https:\/\/www.avistahideawayphuketresort.com\/","name":"Avista Hideaway Phuket Patong","description":"","potentialAction":[{"@type":"SearchAction","target":{"@type":"EntryPoint","urlTemplate":"https:\/\/www.avistahideawayphuketresort.com\/?s={search_term_string}"},"query-input":{"@type":"PropertyValueSpecification","valueRequired":true,"valueName":"search_term_string"}}],"inLanguage":"es"}]}},"_links":{"self":[{"href":"https:\/\/www.avistahideawayphuketresort.com\/es\/wp-json\/wp\/v2\/pages\/1534","targetHints":{"allow":["GET"]}}],"collection":[{"href":"https:\/\/www.avistahideawayphuketresort.com\/es\/wp-json\/wp\/v2\/pages"}],"about":[{"href":"https:\/\/www.avistahideawayphuketresort.com\/es\/wp-json\/wp\/v2\/types\/page"}],"author":[{"embeddable":true,"href":"https:\/\/www.avistahideawayphuketresort.com\/es\/wp-json\/wp\/v2\/users\/55"}],"replies":[{"embeddable":true,"href":"https:\/\/www.avistahideawayphuketresort.com\/es\/wp-json\/wp\/v2\/comments?post=1534"}],"version-history":[{"count":0,"href":"https:\/\/www.avistahideawayphuketresort.com\/es\/wp-json\/wp\/v2\/pages\/1534\/revisions"}],"up":[{"embeddable":true,"href":"https:\/\/www.avistahideawayphuketresort.com\/es\/wp-json\/wp\/v2\/pages\/1516"}],"wp:attachment":[{"href":"https:\/\/www.avistahideawayphuketresort.com\/es\/wp-json\/wp\/v2\/media?parent=1534"}],"wp:term":[{"taxonomy":"category","embeddable":true,"href":"https:\/\/www.avistahideawayphuketresort.com\/es\/wp-json\/wp\/v2\/categories?post=1534"}],"curies":[{"name":"wp","href":"https:\/\/api.w.org\/{rel}","templated":true}]}}