{"id":1537,"date":"2023-05-04T07:10:07","date_gmt":"2023-05-04T07:10:07","guid":{"rendered":"https:\/\/www.avistahideawayphuketresort.com\/things-to-do-phuket\/visit-phuket\/baan-teelanka-upside-down-house\/"},"modified":"2023-07-06T07:43:14","modified_gmt":"2023-07-06T07:43:14","slug":"baan-teelanka-upside-down-house","status":"publish","type":"page","link":"https:\/\/www.avistahideawayphuketresort.com\/es\/things-to-do-phuket\/visit-phuket\/baan-teelanka-upside-down-house\/","title":{"rendered":"Casa al rev\u00e9s Baan Teelanka"},"content":{"rendered":"<p style=\"text-align: center;\">Lugar con atracciones interactivas como una casa invertida, un laberinto de jard\u00edn y un juego de escapar de la habitaci\u00f3n.<br \/>\nDestacado: Sorprende tu mente con la casa al rev\u00e9s<br \/>\n<strong>Distancia desde el hotel:<\/strong> 19 km<br \/>\n<strong>Tiempo necesario para visitar:<\/strong> 1-2 horas<br \/>\n<strong>Horario de visita:<\/strong> de 9:30 a.m. a 6 p.m.<\/p>\n<p style=\"text-align: center;\"><strong>Precio:<\/strong> Desde 350 &#8211; 1200 THB \/ Adulto y 190 &#8211; 510 THB \/ Ni\u00f1o.<\/p>\n","protected":false},"excerpt":{"rendered":"<p>Lugar con atracciones interactivas como una casa invertida, un laberinto de jard\u00edn y un juego de escapar de la habitaci\u00f3n. Destacado: Sorprende tu mente con la casa al rev\u00e9s Distancia desde el hotel: 19 km Tiempo necesario para visitar: 1-2 horas Horario de visita: de 9:30 a.m. a 6 p.m. Precio: Desde 350 &#8211; 1200 [&hellip;]<\/p>\n","protected":false},"author":55,"featured_media":0,"parent":1516,"menu_order":7,"comment_status":"closed","ping_status":"closed","template":"","meta":{"footnotes":""},"categories":[],"class_list":["post-1537","page","type-page","status-publish","hentry"],"acf":[],"yoast_head":"<!-- This site is optimized with the Yoast SEO plugin v26.9 - https:\/\/yoast.com\/product\/yoast-seo-wordpress\/ -->\n<title>Casa al rev\u00e9s Baan Teelanka - Avista Hideaway Phuket Patong<\/title>\n<meta name=\"robots\" content=\"index, follow, max-snippet:-1, max-image-preview:large, max-video-preview:-1\" \/>\n<link rel=\"canonical\" href=\"https:\/\/www.avistahideawayphuketresort.com\/es\/things-to-do-phuket\/visit-phuket\/baan-teelanka-upside-down-house\/\" \/>\n<meta property=\"og:locale\" content=\"es_ES\" \/>\n<meta property=\"og:type\" content=\"article\" \/>\n<meta property=\"og:title\" content=\"Casa al rev\u00e9s Baan Teelanka - Avista Hideaway Phuket Patong\" \/>\n<meta property=\"og:description\" content=\"Lugar con atracciones interactivas como una casa invertida, un laberinto de jard\u00edn y un juego de escapar de la habitaci\u00f3n. Destacado: Sorprende tu mente con la casa al rev\u00e9s Distancia desde el hotel: 19 km Tiempo necesario para visitar: 1-2 horas Horario de visita: de 9:30 a.m. a 6 p.m. Precio: Desde 350 &#8211; 1200 [&hellip;]\" \/>\n<meta property=\"og:url\" content=\"https:\/\/www.avistahideawayphuketresort.com\/es\/things-to-do-phuket\/visit-phuket\/baan-teelanka-upside-down-house\/\" \/>\n<meta property=\"og:site_name\" content=\"Avista Hideaway Phuket Patong\" \/>\n<meta property=\"article:modified_time\" content=\"2023-07-06T07:43:14+00:00\" \/>\n<meta name=\"twitter:card\" content=\"summary_large_image\" \/>\n<meta name=\"twitter:label1\" content=\"Tiempo de lectura\" \/>\n\t<meta name=\"twitter:data1\" content=\"1 minuto\" \/>\n<script type=\"application\/ld+json\" class=\"yoast-schema-graph\">{\"@context\":\"https:\/\/schema.org\",\"@graph\":[{\"@type\":\"WebPage\",\"@id\":\"https:\/\/www.avistahideawayphuketresort.com\/es\/things-to-do-phuket\/visit-phuket\/baan-teelanka-upside-down-house\/\",\"url\":\"https:\/\/www.avistahideawayphuketresort.com\/es\/things-to-do-phuket\/visit-phuket\/baan-teelanka-upside-down-house\/\",\"name\":\"Casa al rev\u00e9s Baan Teelanka - Avista Hideaway Phuket Patong\",\"isPartOf\":{\"@id\":\"https:\/\/www.avistahideawayphuketresort.com\/#website\"},\"datePublished\":\"2023-05-04T07:10:07+00:00\",\"dateModified\":\"2023-07-06T07:43:14+00:00\",\"breadcrumb\":{\"@id\":\"https:\/\/www.avistahideawayphuketresort.com\/es\/things-to-do-phuket\/visit-phuket\/baan-teelanka-upside-down-house\/#breadcrumb\"},\"inLanguage\":\"es\",\"potentialAction\":[{\"@type\":\"ReadAction\",\"target\":[\"https:\/\/www.avistahideawayphuketresort.com\/es\/things-to-do-phuket\/visit-phuket\/baan-teelanka-upside-down-house\/\"]}]},{\"@type\":\"BreadcrumbList\",\"@id\":\"https:\/\/www.avistahideawayphuketresort.com\/es\/things-to-do-phuket\/visit-phuket\/baan-teelanka-upside-down-house\/#breadcrumb\",\"itemListElement\":[{\"@type\":\"ListItem\",\"position\":1,\"name\":\"Home\",\"item\":\"https:\/\/www.avistahideawayphuketresort.com\/es\/\"},{\"@type\":\"ListItem\",\"position\":2,\"name\":\"Qu\u00e9 hacer en Phuket?\",\"item\":\"https:\/\/www.avistahideawayphuketresort.com\/es\/things-to-do-phuket\/\"},{\"@type\":\"ListItem\",\"position\":3,\"name\":\"Turismo en Phuket\",\"item\":\"https:\/\/www.avistahideawayphuketresort.com\/es\/things-to-do-phuket\/visit-phuket\/\"},{\"@type\":\"ListItem\",\"position\":4,\"name\":\"Casa al rev\u00e9s Baan Teelanka\"}]},{\"@type\":\"WebSite\",\"@id\":\"https:\/\/www.avistahideawayphuketresort.com\/#website\",\"url\":\"https:\/\/www.avistahideawayphuketresort.com\/\",\"name\":\"Avista Hideaway Phuket Patong\",\"description\":\"\",\"potentialAction\":[{\"@type\":\"SearchAction\",\"target\":{\"@type\":\"EntryPoint\",\"urlTemplate\":\"https:\/\/www.avistahideawayphuketresort.com\/?s={search_term_string}\"},\"query-input\":{\"@type\":\"PropertyValueSpecification\",\"valueRequired\":true,\"valueName\":\"search_term_string\"}}],\"inLanguage\":\"es\"}]}<\/script>\n<!-- \/ Yoast SEO plugin. -->","yoast_head_json":{"title":"Casa al rev\u00e9s Baan Teelanka - Avista Hideaway Phuket Patong","robots":{"index":"index","follow":"follow","max-snippet":"max-snippet:-1","max-image-preview":"max-image-preview:large","max-video-preview":"max-video-preview:-1"},"canonical":"https:\/\/www.avistahideawayphuketresort.com\/es\/things-to-do-phuket\/visit-phuket\/baan-teelanka-upside-down-house\/","og_locale":"es_ES","og_type":"article","og_title":"Casa al rev\u00e9s Baan Teelanka - Avista Hideaway Phuket Patong","og_description":"Lugar con atracciones interactivas como una casa invertida, un laberinto de jard\u00edn y un juego de escapar de la habitaci\u00f3n. Destacado: Sorprende tu mente con la casa al rev\u00e9s Distancia desde el hotel: 19 km Tiempo necesario para visitar: 1-2 horas Horario de visita: de 9:30 a.m. a 6 p.m. Precio: Desde 350 &#8211; 1200 [&hellip;]","og_url":"https:\/\/www.avistahideawayphuketresort.com\/es\/things-to-do-phuket\/visit-phuket\/baan-teelanka-upside-down-house\/","og_site_name":"Avista Hideaway Phuket Patong","article_modified_time":"2023-07-06T07:43:14+00:00","twitter_card":"summary_large_image","twitter_misc":{"Tiempo de lectura":"1 minuto"},"schema":{"@context":"https:\/\/schema.org","@graph":[{"@type":"WebPage","@id":"https:\/\/www.avistahideawayphuketresort.com\/es\/things-to-do-phuket\/visit-phuket\/baan-teelanka-upside-down-house\/","url":"https:\/\/www.avistahideawayphuketresort.com\/es\/things-to-do-phuket\/visit-phuket\/baan-teelanka-upside-down-house\/","name":"Casa al rev\u00e9s Baan Teelanka - Avista Hideaway Phuket Patong","isPartOf":{"@id":"https:\/\/www.avistahideawayphuketresort.com\/#website"},"datePublished":"2023-05-04T07:10:07+00:00","dateModified":"2023-07-06T07:43:14+00:00","breadcrumb":{"@id":"https:\/\/www.avistahideawayphuketresort.com\/es\/things-to-do-phuket\/visit-phuket\/baan-teelanka-upside-down-house\/#breadcrumb"},"inLanguage":"es","potentialAction":[{"@type":"ReadAction","target":["https:\/\/www.avistahideawayphuketresort.com\/es\/things-to-do-phuket\/visit-phuket\/baan-teelanka-upside-down-house\/"]}]},{"@type":"BreadcrumbList","@id":"https:\/\/www.avistahideawayphuketresort.com\/es\/things-to-do-phuket\/visit-phuket\/baan-teelanka-upside-down-house\/#breadcrumb","itemListElement":[{"@type":"ListItem","position":1,"name":"Home","item":"https:\/\/www.avistahideawayphuketresort.com\/es\/"},{"@type":"ListItem","position":2,"name":"Qu\u00e9 hacer en Phuket?","item":"https:\/\/www.avistahideawayphuketresort.com\/es\/things-to-do-phuket\/"},{"@type":"ListItem","position":3,"name":"Turismo en Phuket","item":"https:\/\/www.avistahideawayphuketresort.com\/es\/things-to-do-phuket\/visit-phuket\/"},{"@type":"ListItem","position":4,"name":"Casa al rev\u00e9s Baan Teelanka"}]},{"@type":"WebSite","@id":"https:\/\/www.avistahideawayphuketresort.com\/#website","url":"https:\/\/www.avistahideawayphuketresort.com\/","name":"Avista Hideaway Phuket Patong","description":"","potentialAction":[{"@type":"SearchAction","target":{"@type":"EntryPoint","urlTemplate":"https:\/\/www.avistahideawayphuketresort.com\/?s={search_term_string}"},"query-input":{"@type":"PropertyValueSpecification","valueRequired":true,"valueName":"search_term_string"}}],"inLanguage":"es"}]}},"_links":{"self":[{"href":"https:\/\/www.avistahideawayphuketresort.com\/es\/wp-json\/wp\/v2\/pages\/1537","targetHints":{"allow":["GET"]}}],"collection":[{"href":"https:\/\/www.avistahideawayphuketresort.com\/es\/wp-json\/wp\/v2\/pages"}],"about":[{"href":"https:\/\/www.avistahideawayphuketresort.com\/es\/wp-json\/wp\/v2\/types\/page"}],"author":[{"embeddable":true,"href":"https:\/\/www.avistahideawayphuketresort.com\/es\/wp-json\/wp\/v2\/users\/55"}],"replies":[{"embeddable":true,"href":"https:\/\/www.avistahideawayphuketresort.com\/es\/wp-json\/wp\/v2\/comments?post=1537"}],"version-history":[{"count":0,"href":"https:\/\/www.avistahideawayphuketresort.com\/es\/wp-json\/wp\/v2\/pages\/1537\/revisions"}],"up":[{"embeddable":true,"href":"https:\/\/www.avistahideawayphuketresort.com\/es\/wp-json\/wp\/v2\/pages\/1516"}],"wp:attachment":[{"href":"https:\/\/www.avistahideawayphuketresort.com\/es\/wp-json\/wp\/v2\/media?parent=1537"}],"wp:term":[{"taxonomy":"category","embeddable":true,"href":"https:\/\/www.avistahideawayphuketresort.com\/es\/wp-json\/wp\/v2\/categories?post=1537"}],"curies":[{"name":"wp","href":"https:\/\/api.w.org\/{rel}","templated":true}]}}