{"id":1564,"date":"2023-05-04T07:13:40","date_gmt":"2023-05-04T07:13:40","guid":{"rendered":"https:\/\/www.avistahideawayphuketresort.com\/things-to-do-phuket\/phuket-beaches\/kamala-beach\/"},"modified":"2023-07-06T07:49:16","modified_gmt":"2023-07-06T07:49:16","slug":"kamala-beach","status":"publish","type":"page","link":"https:\/\/www.avistahideawayphuketresort.com\/es\/things-to-do-phuket\/phuket-beaches\/kamala-beach\/","title":{"rendered":"Playa Kamala"},"content":{"rendered":"<p style=\"text-align: center;\">La playa Kamala es una playa amplia que se extiende aproximadamente 10 millas y se encuentra al norte de la playa de Patong. La playa de arena blanca es m\u00e1s tranquila que la ruidosa y brillante playa de Patong. Sin embargo, esta playa poco desarrollada es un lugar perfecto para los turistas que desean relajarse y disfrutar de la tranquilidad durante las vacaciones debido a su entorno relajado.<br \/>\nConsiderada una de las playas m\u00e1s hermosas de la isla tropical, la playa de Kamala es una bah\u00eda cerrada y un pueblo pesquero con bosques en los alrededores. Es un lugar favorito para practicar deportes acu\u00e1ticos como surf, snorkel y buceo para explorar arrecifes de coral ex\u00f3ticos en aguas turquesas. Antiguamente un pueblo pesquero, la playa de Kamala en Phuket cobra vida con actividades tur\u00edsticas durante la temporada alta, pero se duerme en temporada baja.<br \/>\nAlrededor de la bah\u00eda de Kamala, han surgido excelentes infraestructuras para que los turistas disfruten de una estad\u00eda prolongada sin ning\u00fan problema. Hay buenos hoteles, villas y apartamentos en alquiler disponibles alrededor del pueblo. Los turistas pueden encontrar opciones de alojamiento con instalaciones modernas y una gran vista de la bah\u00eda para pasar unas vacaciones.<br \/>\nLa playa de Kamala en Tailandia es larga y adecuada para familias, parejas y buscadores de emociones activas. El ambiente relajado permite que cualquiera se relaje bajo el sol o disfrute de un tiempo precioso con la familia o amigos. Al mismo tiempo, los amantes de la vida nocturna pueden asistir a espect\u00e1culos divertidos y disfrutar de bebidas sin excederse en restaurantes y caf\u00e9s de alta gama que sirven c\u00f3cteles y comidas ex\u00f3ticas. En cuanto a las compras, las opciones de productos son limitadas, pero se pueden comprar art\u00edculos locales a buen precio en el mercado local.<br \/>\nFantSea, el parque tem\u00e1tico cultural, es la atracci\u00f3n tur\u00edstica m\u00e1s famosa que se encuentra junto a la playa de Kamala. Las actuaciones nocturnas con elefantes, artistas de trapecio y otros animales cautivan a la audiencia con una emocionante historia durante el espect\u00e1culo. Otras atracciones populares en esta ciudad incluyen el mercado de los viernes de Kamala, Wat Baan Kamala y la playa de Laem Singh.<br \/>\n<strong>Tarifa de Entrada:<\/strong> Nada<br \/>\n<strong>Distancia desde el hotel:<\/strong> 12.5 km<\/p>\n","protected":false},"excerpt":{"rendered":"<p>La playa Kamala es una playa amplia que se extiende aproximadamente 10 millas y se encuentra al norte de la playa de Patong. La playa de arena blanca es m\u00e1s tranquila que la ruidosa y brillante playa de Patong. Sin embargo, esta playa poco desarrollada es un lugar perfecto para los turistas que desean relajarse [&hellip;]<\/p>\n","protected":false},"author":55,"featured_media":0,"parent":1561,"menu_order":1,"comment_status":"closed","ping_status":"closed","template":"","meta":{"footnotes":""},"categories":[],"class_list":["post-1564","page","type-page","status-publish","hentry"],"acf":[],"yoast_head":"<!-- This site is optimized with the Yoast SEO plugin v26.9 - https:\/\/yoast.com\/product\/yoast-seo-wordpress\/ -->\n<title>Playa Kamala - Avista Hideaway Phuket Patong<\/title>\n<meta name=\"robots\" content=\"index, follow, max-snippet:-1, max-image-preview:large, max-video-preview:-1\" \/>\n<link rel=\"canonical\" href=\"https:\/\/www.avistahideawayphuketresort.com\/es\/things-to-do-phuket\/phuket-beaches\/kamala-beach\/\" \/>\n<meta property=\"og:locale\" content=\"es_ES\" \/>\n<meta property=\"og:type\" content=\"article\" \/>\n<meta property=\"og:title\" content=\"Playa Kamala - Avista Hideaway Phuket Patong\" \/>\n<meta property=\"og:description\" content=\"La playa Kamala es una playa amplia que se extiende aproximadamente 10 millas y se encuentra al norte de la playa de Patong. La playa de arena blanca es m\u00e1s tranquila que la ruidosa y brillante playa de Patong. Sin embargo, esta playa poco desarrollada es un lugar perfecto para los turistas que desean relajarse [&hellip;]\" \/>\n<meta property=\"og:url\" content=\"https:\/\/www.avistahideawayphuketresort.com\/es\/things-to-do-phuket\/phuket-beaches\/kamala-beach\/\" \/>\n<meta property=\"og:site_name\" content=\"Avista Hideaway Phuket Patong\" \/>\n<meta property=\"article:modified_time\" content=\"2023-07-06T07:49:16+00:00\" \/>\n<meta name=\"twitter:card\" content=\"summary_large_image\" \/>\n<meta name=\"twitter:label1\" content=\"Tiempo de lectura\" \/>\n\t<meta name=\"twitter:data1\" content=\"2 minutos\" \/>\n<script type=\"application\/ld+json\" class=\"yoast-schema-graph\">{\"@context\":\"https:\/\/schema.org\",\"@graph\":[{\"@type\":\"WebPage\",\"@id\":\"https:\/\/www.avistahideawayphuketresort.com\/es\/things-to-do-phuket\/phuket-beaches\/kamala-beach\/\",\"url\":\"https:\/\/www.avistahideawayphuketresort.com\/es\/things-to-do-phuket\/phuket-beaches\/kamala-beach\/\",\"name\":\"Playa Kamala - Avista Hideaway Phuket Patong\",\"isPartOf\":{\"@id\":\"https:\/\/www.avistahideawayphuketresort.com\/#website\"},\"datePublished\":\"2023-05-04T07:13:40+00:00\",\"dateModified\":\"2023-07-06T07:49:16+00:00\",\"breadcrumb\":{\"@id\":\"https:\/\/www.avistahideawayphuketresort.com\/es\/things-to-do-phuket\/phuket-beaches\/kamala-beach\/#breadcrumb\"},\"inLanguage\":\"es\",\"potentialAction\":[{\"@type\":\"ReadAction\",\"target\":[\"https:\/\/www.avistahideawayphuketresort.com\/es\/things-to-do-phuket\/phuket-beaches\/kamala-beach\/\"]}]},{\"@type\":\"BreadcrumbList\",\"@id\":\"https:\/\/www.avistahideawayphuketresort.com\/es\/things-to-do-phuket\/phuket-beaches\/kamala-beach\/#breadcrumb\",\"itemListElement\":[{\"@type\":\"ListItem\",\"position\":1,\"name\":\"Home\",\"item\":\"https:\/\/www.avistahideawayphuketresort.com\/es\/\"},{\"@type\":\"ListItem\",\"position\":2,\"name\":\"Qu\u00e9 hacer en Phuket?\",\"item\":\"https:\/\/www.avistahideawayphuketresort.com\/es\/things-to-do-phuket\/\"},{\"@type\":\"ListItem\",\"position\":3,\"name\":\"Las Mejores Playas en Phuket\",\"item\":\"https:\/\/www.avistahideawayphuketresort.com\/es\/things-to-do-phuket\/phuket-beaches\/\"},{\"@type\":\"ListItem\",\"position\":4,\"name\":\"Playa Kamala\"}]},{\"@type\":\"WebSite\",\"@id\":\"https:\/\/www.avistahideawayphuketresort.com\/#website\",\"url\":\"https:\/\/www.avistahideawayphuketresort.com\/\",\"name\":\"Avista Hideaway Phuket Patong\",\"description\":\"\",\"potentialAction\":[{\"@type\":\"SearchAction\",\"target\":{\"@type\":\"EntryPoint\",\"urlTemplate\":\"https:\/\/www.avistahideawayphuketresort.com\/?s={search_term_string}\"},\"query-input\":{\"@type\":\"PropertyValueSpecification\",\"valueRequired\":true,\"valueName\":\"search_term_string\"}}],\"inLanguage\":\"es\"}]}<\/script>\n<!-- \/ Yoast SEO plugin. -->","yoast_head_json":{"title":"Playa Kamala - Avista Hideaway Phuket Patong","robots":{"index":"index","follow":"follow","max-snippet":"max-snippet:-1","max-image-preview":"max-image-preview:large","max-video-preview":"max-video-preview:-1"},"canonical":"https:\/\/www.avistahideawayphuketresort.com\/es\/things-to-do-phuket\/phuket-beaches\/kamala-beach\/","og_locale":"es_ES","og_type":"article","og_title":"Playa Kamala - Avista Hideaway Phuket Patong","og_description":"La playa Kamala es una playa amplia que se extiende aproximadamente 10 millas y se encuentra al norte de la playa de Patong. La playa de arena blanca es m\u00e1s tranquila que la ruidosa y brillante playa de Patong. Sin embargo, esta playa poco desarrollada es un lugar perfecto para los turistas que desean relajarse [&hellip;]","og_url":"https:\/\/www.avistahideawayphuketresort.com\/es\/things-to-do-phuket\/phuket-beaches\/kamala-beach\/","og_site_name":"Avista Hideaway Phuket Patong","article_modified_time":"2023-07-06T07:49:16+00:00","twitter_card":"summary_large_image","twitter_misc":{"Tiempo de lectura":"2 minutos"},"schema":{"@context":"https:\/\/schema.org","@graph":[{"@type":"WebPage","@id":"https:\/\/www.avistahideawayphuketresort.com\/es\/things-to-do-phuket\/phuket-beaches\/kamala-beach\/","url":"https:\/\/www.avistahideawayphuketresort.com\/es\/things-to-do-phuket\/phuket-beaches\/kamala-beach\/","name":"Playa Kamala - Avista Hideaway Phuket Patong","isPartOf":{"@id":"https:\/\/www.avistahideawayphuketresort.com\/#website"},"datePublished":"2023-05-04T07:13:40+00:00","dateModified":"2023-07-06T07:49:16+00:00","breadcrumb":{"@id":"https:\/\/www.avistahideawayphuketresort.com\/es\/things-to-do-phuket\/phuket-beaches\/kamala-beach\/#breadcrumb"},"inLanguage":"es","potentialAction":[{"@type":"ReadAction","target":["https:\/\/www.avistahideawayphuketresort.com\/es\/things-to-do-phuket\/phuket-beaches\/kamala-beach\/"]}]},{"@type":"BreadcrumbList","@id":"https:\/\/www.avistahideawayphuketresort.com\/es\/things-to-do-phuket\/phuket-beaches\/kamala-beach\/#breadcrumb","itemListElement":[{"@type":"ListItem","position":1,"name":"Home","item":"https:\/\/www.avistahideawayphuketresort.com\/es\/"},{"@type":"ListItem","position":2,"name":"Qu\u00e9 hacer en Phuket?","item":"https:\/\/www.avistahideawayphuketresort.com\/es\/things-to-do-phuket\/"},{"@type":"ListItem","position":3,"name":"Las Mejores Playas en Phuket","item":"https:\/\/www.avistahideawayphuketresort.com\/es\/things-to-do-phuket\/phuket-beaches\/"},{"@type":"ListItem","position":4,"name":"Playa Kamala"}]},{"@type":"WebSite","@id":"https:\/\/www.avistahideawayphuketresort.com\/#website","url":"https:\/\/www.avistahideawayphuketresort.com\/","name":"Avista Hideaway Phuket Patong","description":"","potentialAction":[{"@type":"SearchAction","target":{"@type":"EntryPoint","urlTemplate":"https:\/\/www.avistahideawayphuketresort.com\/?s={search_term_string}"},"query-input":{"@type":"PropertyValueSpecification","valueRequired":true,"valueName":"search_term_string"}}],"inLanguage":"es"}]}},"_links":{"self":[{"href":"https:\/\/www.avistahideawayphuketresort.com\/es\/wp-json\/wp\/v2\/pages\/1564","targetHints":{"allow":["GET"]}}],"collection":[{"href":"https:\/\/www.avistahideawayphuketresort.com\/es\/wp-json\/wp\/v2\/pages"}],"about":[{"href":"https:\/\/www.avistahideawayphuketresort.com\/es\/wp-json\/wp\/v2\/types\/page"}],"author":[{"embeddable":true,"href":"https:\/\/www.avistahideawayphuketresort.com\/es\/wp-json\/wp\/v2\/users\/55"}],"replies":[{"embeddable":true,"href":"https:\/\/www.avistahideawayphuketresort.com\/es\/wp-json\/wp\/v2\/comments?post=1564"}],"version-history":[{"count":0,"href":"https:\/\/www.avistahideawayphuketresort.com\/es\/wp-json\/wp\/v2\/pages\/1564\/revisions"}],"up":[{"embeddable":true,"href":"https:\/\/www.avistahideawayphuketresort.com\/es\/wp-json\/wp\/v2\/pages\/1561"}],"wp:attachment":[{"href":"https:\/\/www.avistahideawayphuketresort.com\/es\/wp-json\/wp\/v2\/media?parent=1564"}],"wp:term":[{"taxonomy":"category","embeddable":true,"href":"https:\/\/www.avistahideawayphuketresort.com\/es\/wp-json\/wp\/v2\/categories?post=1564"}],"curies":[{"name":"wp","href":"https:\/\/api.w.org\/{rel}","templated":true}]}}