{"id":1567,"date":"2023-05-04T07:14:20","date_gmt":"2023-05-04T07:14:20","guid":{"rendered":"https:\/\/www.avistahideawayphuketresort.com\/things-to-do-phuket\/phuket-beaches\/karon-beach\/"},"modified":"2023-07-06T07:52:38","modified_gmt":"2023-07-06T07:52:38","slug":"karon-beach","status":"publish","type":"page","link":"https:\/\/www.avistahideawayphuketresort.com\/es\/things-to-do-phuket\/phuket-beaches\/karon-beach\/","title":{"rendered":"Playa Karon"},"content":{"rendered":"<p style=\"text-align: center;\">Hat Karon (\u0e2b\u0e32\u0e14\u0e01\u0e30\u0e23\u0e19) es la segunda playa m\u00e1s larga de Phuket, situada en la costa oeste entre Patong al norte y Kata al sur. Karon es una gran playa para familias con ni\u00f1os peque\u00f1os, parejas y amantes de la emoci\u00f3n activa con aguas tranquilas y claras para disfrutar de deportes acu\u00e1ticos. Sin duda, uno de los destinos tur\u00edsticos m\u00e1s populares de Phuket, las playas de arena blanca ofrecen mucho a los turistas en vacaciones.<br \/>\nLa extensi\u00f3n de 3 km de arena suave es lo suficientemente amplia como para que los visitantes de la playa nunca se sientan abarrotados mientras se relajan al sol con una toalla de playa. La playa cuenta con excelentes lugares para practicar snorkel y buceo, y tambi\u00e9n es un lugar para jugar v\u00f3ley playa en la suave arena. En el extremo sur, hay un arrecife de coral que se extiende entre las islas Kata y Pool. Tambi\u00e9n tiene una playa hermana llamada Karon Noi.<br \/>\n<strong>M\u00e1s all\u00e1 de la Playa Karon<\/strong><br \/>\nLa playa Karon en Phuket tiene una mezcla de hermosa naturaleza e infraestructura para los turistas. Aunque la playa no tiene un gran desarrollo, a\u00fan hay mucho que explorar y presenciar m\u00e1s all\u00e1 de la playa en la regi\u00f3n vecina. Las principales \u00e1reas de Karon se pueden resumir en lo siguiente:<br \/>\nCentro de Karon: Es un lugar animado donde puedes encontrar buenos restaurantes, tiendas y bares para disfrutar de la vida nocturna. Este centro tambi\u00e9n tiene un hermoso templo budista que alberga un mercado quincenal.<br \/>\nCarretera de la Playa Karon: Un lugar ideal para paseos nocturnos y hogar de complejos tur\u00edsticos, restaurantes y tiendas para turistas.<br \/>\nCarretera Luang Poh Chuan: Situada en el extremo sur de esta playa, es un lugar ideal para la vida nocturna y fiestas en la playa.<br \/>\nOtras atracciones importantes de la playa Karon en Tailandia incluyen el templo Karon, el mini golf Dino Park, la estatua de la Naga en la playa Karon, el parque Karon y otros para los turistas. Por lo tanto, esta playa es un destino de vacaciones popular para turistas de diferentes partes del mundo.<br \/>\n<strong>Tarifa de Entrada:<\/strong> Nada<br \/>\n<strong>Distancia desde el hotel:<\/strong> 8.4 km<\/p>\n<p style=\"text-align: center;\">Playa Kata<\/p>\n<p style=\"text-align: center;\"><strong>Tarifa de Entrada:<\/strong> Nada<br \/>\n<strong>Distancia desde el hotel:<\/strong> 11.7 km<\/p>\n","protected":false},"excerpt":{"rendered":"<p>Hat Karon (\u0e2b\u0e32\u0e14\u0e01\u0e30\u0e23\u0e19) es la segunda playa m\u00e1s larga de Phuket, situada en la costa oeste entre Patong al norte y Kata al sur. Karon es una gran playa para familias con ni\u00f1os peque\u00f1os, parejas y amantes de la emoci\u00f3n activa con aguas tranquilas y claras para disfrutar de deportes acu\u00e1ticos. Sin duda, uno de [&hellip;]<\/p>\n","protected":false},"author":55,"featured_media":0,"parent":1561,"menu_order":2,"comment_status":"closed","ping_status":"closed","template":"","meta":{"footnotes":""},"categories":[],"class_list":["post-1567","page","type-page","status-publish","hentry"],"acf":[],"yoast_head":"<!-- This site is optimized with the Yoast SEO plugin v26.9 - https:\/\/yoast.com\/product\/yoast-seo-wordpress\/ -->\n<title>Playa Karon - Avista Hideaway Phuket Patong<\/title>\n<meta name=\"robots\" content=\"index, follow, max-snippet:-1, max-image-preview:large, max-video-preview:-1\" \/>\n<link rel=\"canonical\" href=\"https:\/\/www.avistahideawayphuketresort.com\/es\/things-to-do-phuket\/phuket-beaches\/karon-beach\/\" \/>\n<meta property=\"og:locale\" content=\"es_ES\" \/>\n<meta property=\"og:type\" content=\"article\" \/>\n<meta property=\"og:title\" content=\"Playa Karon - Avista Hideaway Phuket Patong\" \/>\n<meta property=\"og:description\" content=\"Hat Karon (\u0e2b\u0e32\u0e14\u0e01\u0e30\u0e23\u0e19) es la segunda playa m\u00e1s larga de Phuket, situada en la costa oeste entre Patong al norte y Kata al sur. Karon es una gran playa para familias con ni\u00f1os peque\u00f1os, parejas y amantes de la emoci\u00f3n activa con aguas tranquilas y claras para disfrutar de deportes acu\u00e1ticos. Sin duda, uno de [&hellip;]\" \/>\n<meta property=\"og:url\" content=\"https:\/\/www.avistahideawayphuketresort.com\/es\/things-to-do-phuket\/phuket-beaches\/karon-beach\/\" \/>\n<meta property=\"og:site_name\" content=\"Avista Hideaway Phuket Patong\" \/>\n<meta property=\"article:modified_time\" content=\"2023-07-06T07:52:38+00:00\" \/>\n<meta name=\"twitter:card\" content=\"summary_large_image\" \/>\n<meta name=\"twitter:label1\" content=\"Tiempo de lectura\" \/>\n\t<meta name=\"twitter:data1\" content=\"2 minutos\" \/>\n<script type=\"application\/ld+json\" class=\"yoast-schema-graph\">{\"@context\":\"https:\/\/schema.org\",\"@graph\":[{\"@type\":\"WebPage\",\"@id\":\"https:\/\/www.avistahideawayphuketresort.com\/es\/things-to-do-phuket\/phuket-beaches\/karon-beach\/\",\"url\":\"https:\/\/www.avistahideawayphuketresort.com\/es\/things-to-do-phuket\/phuket-beaches\/karon-beach\/\",\"name\":\"Playa Karon - Avista Hideaway Phuket Patong\",\"isPartOf\":{\"@id\":\"https:\/\/www.avistahideawayphuketresort.com\/#website\"},\"datePublished\":\"2023-05-04T07:14:20+00:00\",\"dateModified\":\"2023-07-06T07:52:38+00:00\",\"breadcrumb\":{\"@id\":\"https:\/\/www.avistahideawayphuketresort.com\/es\/things-to-do-phuket\/phuket-beaches\/karon-beach\/#breadcrumb\"},\"inLanguage\":\"es\",\"potentialAction\":[{\"@type\":\"ReadAction\",\"target\":[\"https:\/\/www.avistahideawayphuketresort.com\/es\/things-to-do-phuket\/phuket-beaches\/karon-beach\/\"]}]},{\"@type\":\"BreadcrumbList\",\"@id\":\"https:\/\/www.avistahideawayphuketresort.com\/es\/things-to-do-phuket\/phuket-beaches\/karon-beach\/#breadcrumb\",\"itemListElement\":[{\"@type\":\"ListItem\",\"position\":1,\"name\":\"Home\",\"item\":\"https:\/\/www.avistahideawayphuketresort.com\/es\/\"},{\"@type\":\"ListItem\",\"position\":2,\"name\":\"Qu\u00e9 hacer en Phuket?\",\"item\":\"https:\/\/www.avistahideawayphuketresort.com\/es\/things-to-do-phuket\/\"},{\"@type\":\"ListItem\",\"position\":3,\"name\":\"Las Mejores Playas en Phuket\",\"item\":\"https:\/\/www.avistahideawayphuketresort.com\/es\/things-to-do-phuket\/phuket-beaches\/\"},{\"@type\":\"ListItem\",\"position\":4,\"name\":\"Playa Karon\"}]},{\"@type\":\"WebSite\",\"@id\":\"https:\/\/www.avistahideawayphuketresort.com\/#website\",\"url\":\"https:\/\/www.avistahideawayphuketresort.com\/\",\"name\":\"Avista Hideaway Phuket Patong\",\"description\":\"\",\"potentialAction\":[{\"@type\":\"SearchAction\",\"target\":{\"@type\":\"EntryPoint\",\"urlTemplate\":\"https:\/\/www.avistahideawayphuketresort.com\/?s={search_term_string}\"},\"query-input\":{\"@type\":\"PropertyValueSpecification\",\"valueRequired\":true,\"valueName\":\"search_term_string\"}}],\"inLanguage\":\"es\"}]}<\/script>\n<!-- \/ Yoast SEO plugin. -->","yoast_head_json":{"title":"Playa Karon - Avista Hideaway Phuket Patong","robots":{"index":"index","follow":"follow","max-snippet":"max-snippet:-1","max-image-preview":"max-image-preview:large","max-video-preview":"max-video-preview:-1"},"canonical":"https:\/\/www.avistahideawayphuketresort.com\/es\/things-to-do-phuket\/phuket-beaches\/karon-beach\/","og_locale":"es_ES","og_type":"article","og_title":"Playa Karon - Avista Hideaway Phuket Patong","og_description":"Hat Karon (\u0e2b\u0e32\u0e14\u0e01\u0e30\u0e23\u0e19) es la segunda playa m\u00e1s larga de Phuket, situada en la costa oeste entre Patong al norte y Kata al sur. Karon es una gran playa para familias con ni\u00f1os peque\u00f1os, parejas y amantes de la emoci\u00f3n activa con aguas tranquilas y claras para disfrutar de deportes acu\u00e1ticos. Sin duda, uno de [&hellip;]","og_url":"https:\/\/www.avistahideawayphuketresort.com\/es\/things-to-do-phuket\/phuket-beaches\/karon-beach\/","og_site_name":"Avista Hideaway Phuket Patong","article_modified_time":"2023-07-06T07:52:38+00:00","twitter_card":"summary_large_image","twitter_misc":{"Tiempo de lectura":"2 minutos"},"schema":{"@context":"https:\/\/schema.org","@graph":[{"@type":"WebPage","@id":"https:\/\/www.avistahideawayphuketresort.com\/es\/things-to-do-phuket\/phuket-beaches\/karon-beach\/","url":"https:\/\/www.avistahideawayphuketresort.com\/es\/things-to-do-phuket\/phuket-beaches\/karon-beach\/","name":"Playa Karon - Avista Hideaway Phuket Patong","isPartOf":{"@id":"https:\/\/www.avistahideawayphuketresort.com\/#website"},"datePublished":"2023-05-04T07:14:20+00:00","dateModified":"2023-07-06T07:52:38+00:00","breadcrumb":{"@id":"https:\/\/www.avistahideawayphuketresort.com\/es\/things-to-do-phuket\/phuket-beaches\/karon-beach\/#breadcrumb"},"inLanguage":"es","potentialAction":[{"@type":"ReadAction","target":["https:\/\/www.avistahideawayphuketresort.com\/es\/things-to-do-phuket\/phuket-beaches\/karon-beach\/"]}]},{"@type":"BreadcrumbList","@id":"https:\/\/www.avistahideawayphuketresort.com\/es\/things-to-do-phuket\/phuket-beaches\/karon-beach\/#breadcrumb","itemListElement":[{"@type":"ListItem","position":1,"name":"Home","item":"https:\/\/www.avistahideawayphuketresort.com\/es\/"},{"@type":"ListItem","position":2,"name":"Qu\u00e9 hacer en Phuket?","item":"https:\/\/www.avistahideawayphuketresort.com\/es\/things-to-do-phuket\/"},{"@type":"ListItem","position":3,"name":"Las Mejores Playas en Phuket","item":"https:\/\/www.avistahideawayphuketresort.com\/es\/things-to-do-phuket\/phuket-beaches\/"},{"@type":"ListItem","position":4,"name":"Playa Karon"}]},{"@type":"WebSite","@id":"https:\/\/www.avistahideawayphuketresort.com\/#website","url":"https:\/\/www.avistahideawayphuketresort.com\/","name":"Avista Hideaway Phuket Patong","description":"","potentialAction":[{"@type":"SearchAction","target":{"@type":"EntryPoint","urlTemplate":"https:\/\/www.avistahideawayphuketresort.com\/?s={search_term_string}"},"query-input":{"@type":"PropertyValueSpecification","valueRequired":true,"valueName":"search_term_string"}}],"inLanguage":"es"}]}},"_links":{"self":[{"href":"https:\/\/www.avistahideawayphuketresort.com\/es\/wp-json\/wp\/v2\/pages\/1567","targetHints":{"allow":["GET"]}}],"collection":[{"href":"https:\/\/www.avistahideawayphuketresort.com\/es\/wp-json\/wp\/v2\/pages"}],"about":[{"href":"https:\/\/www.avistahideawayphuketresort.com\/es\/wp-json\/wp\/v2\/types\/page"}],"author":[{"embeddable":true,"href":"https:\/\/www.avistahideawayphuketresort.com\/es\/wp-json\/wp\/v2\/users\/55"}],"replies":[{"embeddable":true,"href":"https:\/\/www.avistahideawayphuketresort.com\/es\/wp-json\/wp\/v2\/comments?post=1567"}],"version-history":[{"count":0,"href":"https:\/\/www.avistahideawayphuketresort.com\/es\/wp-json\/wp\/v2\/pages\/1567\/revisions"}],"up":[{"embeddable":true,"href":"https:\/\/www.avistahideawayphuketresort.com\/es\/wp-json\/wp\/v2\/pages\/1561"}],"wp:attachment":[{"href":"https:\/\/www.avistahideawayphuketresort.com\/es\/wp-json\/wp\/v2\/media?parent=1567"}],"wp:term":[{"taxonomy":"category","embeddable":true,"href":"https:\/\/www.avistahideawayphuketresort.com\/es\/wp-json\/wp\/v2\/categories?post=1567"}],"curies":[{"name":"wp","href":"https:\/\/api.w.org\/{rel}","templated":true}]}}