{"id":1570,"date":"2023-05-04T07:15:10","date_gmt":"2023-05-04T07:15:10","guid":{"rendered":"https:\/\/www.avistahideawayphuketresort.com\/things-to-do-phuket\/phuket-beaches\/paradise-beach\/"},"modified":"2023-07-06T07:53:54","modified_gmt":"2023-07-06T07:53:54","slug":"paradise-beach","status":"publish","type":"page","link":"https:\/\/www.avistahideawayphuketresort.com\/es\/things-to-do-phuket\/phuket-beaches\/paradise-beach\/","title":{"rendered":"Playa Para\u00edso"},"content":{"rendered":"<p style=\"text-align: center;\">Desde el extremo sur de la Playa Patong, sigue un empinado y sinuoso camino hacia arriba hasta que desciende hacia esta encantadora cala de la playa Para\u00edso en Phuket. Tambi\u00e9n puedes alquilar un bote largo y llegar por la costa para un viaje menos vertiginoso. De cualquier manera que elijas llegar all\u00ed, la playa Para\u00edso cumple con creces su evocador nombre. Una tarifa de acceso significa que no hay multitudes, y el arrecife de coral justo frente a la orilla evita que las motos acu\u00e1ticas perturben la paz celestial.<br \/>\nEn realidad, obtienes dos hermosas playas en una en esta peque\u00f1a bah\u00eda protegida. La playa principal, apenas 150 metros de longitud, disfruta de vistas divinas a trav\u00e9s de la bah\u00eda de Patong. Sigue el camino que atraviesa un peque\u00f1o promontorio para llegar a una segunda franja de arena aterciopelada a\u00fan m\u00e1s \u00edntima. Rel\u00e1jate a la sombra generosa de las palmeras o haz snorkel alrededor de los cabos rocosos que rodean y protegen las playas.<br \/>\nEl arrecife de coral es un para\u00edso para los buceadores para disfrutar de snorkel, buceo y otros deportes acu\u00e1ticos y observar especies de animales marinos y arrecifes de coral. Inyecta algo de adrenalina en tu visita y prueba el bodyboard o realiza un relajante viaje en kayak alrededor de los promontorios para obtener una nueva perspectiva de tu hermoso entorno. No hay vendedores que ofrezcan sus productos en la playa Para\u00edso. En la amplia extensi\u00f3n de arena suave, puedes disfrutar balance\u00e1ndote en una cuerda atada a una rama de un \u00e1rbol sobre el agua turquesa y jugar v\u00f3ley playa.<br \/>\nPara los amantes de las fiestas en la playa, el Festival de la Luna Llena en la playa Para\u00edso es un evento al que no puedes dejar de asistir. En la noche de luna llena, la playa Para\u00edso en Tailandia se convierte en zonas de fiesta con DJs, comida y bebida para bailar toda la noche.<br \/>\nDir\u00edgete a uno de los restaurantes que se encuentran en la parte trasera de la playa para disfrutar de refrigerios al estilo tailand\u00e9s y platos internacionales que satisfar\u00e1n tu hambre.<\/p>\n<p style=\"text-align: center;\"><strong>Tarifa de Entrada:<\/strong> 100 Baht por persona.<br \/>\n<strong>Distancia desde el hotel:<\/strong> 3.2km<\/p>\n","protected":false},"excerpt":{"rendered":"<p>Desde el extremo sur de la Playa Patong, sigue un empinado y sinuoso camino hacia arriba hasta que desciende hacia esta encantadora cala de la playa Para\u00edso en Phuket. Tambi\u00e9n puedes alquilar un bote largo y llegar por la costa para un viaje menos vertiginoso. De cualquier manera que elijas llegar all\u00ed, la playa Para\u00edso [&hellip;]<\/p>\n","protected":false},"author":55,"featured_media":0,"parent":1561,"menu_order":3,"comment_status":"closed","ping_status":"closed","template":"","meta":{"footnotes":""},"categories":[],"class_list":["post-1570","page","type-page","status-publish","hentry"],"acf":[],"yoast_head":"<!-- This site is optimized with the Yoast SEO plugin v26.9 - https:\/\/yoast.com\/product\/yoast-seo-wordpress\/ -->\n<title>Playa Para\u00edso - Avista Hideaway Phuket Patong<\/title>\n<meta name=\"robots\" content=\"index, follow, max-snippet:-1, max-image-preview:large, max-video-preview:-1\" \/>\n<link rel=\"canonical\" href=\"https:\/\/www.avistahideawayphuketresort.com\/es\/things-to-do-phuket\/phuket-beaches\/paradise-beach\/\" \/>\n<meta property=\"og:locale\" content=\"es_ES\" \/>\n<meta property=\"og:type\" content=\"article\" \/>\n<meta property=\"og:title\" content=\"Playa Para\u00edso - Avista Hideaway Phuket Patong\" \/>\n<meta property=\"og:description\" content=\"Desde el extremo sur de la Playa Patong, sigue un empinado y sinuoso camino hacia arriba hasta que desciende hacia esta encantadora cala de la playa Para\u00edso en Phuket. Tambi\u00e9n puedes alquilar un bote largo y llegar por la costa para un viaje menos vertiginoso. De cualquier manera que elijas llegar all\u00ed, la playa Para\u00edso [&hellip;]\" \/>\n<meta property=\"og:url\" content=\"https:\/\/www.avistahideawayphuketresort.com\/es\/things-to-do-phuket\/phuket-beaches\/paradise-beach\/\" \/>\n<meta property=\"og:site_name\" content=\"Avista Hideaway Phuket Patong\" \/>\n<meta property=\"article:modified_time\" content=\"2023-07-06T07:53:54+00:00\" \/>\n<meta name=\"twitter:card\" content=\"summary_large_image\" \/>\n<meta name=\"twitter:label1\" content=\"Tiempo de lectura\" \/>\n\t<meta name=\"twitter:data1\" content=\"2 minutos\" \/>\n<script type=\"application\/ld+json\" class=\"yoast-schema-graph\">{\"@context\":\"https:\/\/schema.org\",\"@graph\":[{\"@type\":\"WebPage\",\"@id\":\"https:\/\/www.avistahideawayphuketresort.com\/es\/things-to-do-phuket\/phuket-beaches\/paradise-beach\/\",\"url\":\"https:\/\/www.avistahideawayphuketresort.com\/es\/things-to-do-phuket\/phuket-beaches\/paradise-beach\/\",\"name\":\"Playa Para\u00edso - Avista Hideaway Phuket Patong\",\"isPartOf\":{\"@id\":\"https:\/\/www.avistahideawayphuketresort.com\/#website\"},\"datePublished\":\"2023-05-04T07:15:10+00:00\",\"dateModified\":\"2023-07-06T07:53:54+00:00\",\"breadcrumb\":{\"@id\":\"https:\/\/www.avistahideawayphuketresort.com\/es\/things-to-do-phuket\/phuket-beaches\/paradise-beach\/#breadcrumb\"},\"inLanguage\":\"es\",\"potentialAction\":[{\"@type\":\"ReadAction\",\"target\":[\"https:\/\/www.avistahideawayphuketresort.com\/es\/things-to-do-phuket\/phuket-beaches\/paradise-beach\/\"]}]},{\"@type\":\"BreadcrumbList\",\"@id\":\"https:\/\/www.avistahideawayphuketresort.com\/es\/things-to-do-phuket\/phuket-beaches\/paradise-beach\/#breadcrumb\",\"itemListElement\":[{\"@type\":\"ListItem\",\"position\":1,\"name\":\"Home\",\"item\":\"https:\/\/www.avistahideawayphuketresort.com\/es\/\"},{\"@type\":\"ListItem\",\"position\":2,\"name\":\"Qu\u00e9 hacer en Phuket?\",\"item\":\"https:\/\/www.avistahideawayphuketresort.com\/es\/things-to-do-phuket\/\"},{\"@type\":\"ListItem\",\"position\":3,\"name\":\"Las Mejores Playas en Phuket\",\"item\":\"https:\/\/www.avistahideawayphuketresort.com\/es\/things-to-do-phuket\/phuket-beaches\/\"},{\"@type\":\"ListItem\",\"position\":4,\"name\":\"Playa Para\u00edso\"}]},{\"@type\":\"WebSite\",\"@id\":\"https:\/\/www.avistahideawayphuketresort.com\/#website\",\"url\":\"https:\/\/www.avistahideawayphuketresort.com\/\",\"name\":\"Avista Hideaway Phuket Patong\",\"description\":\"\",\"potentialAction\":[{\"@type\":\"SearchAction\",\"target\":{\"@type\":\"EntryPoint\",\"urlTemplate\":\"https:\/\/www.avistahideawayphuketresort.com\/?s={search_term_string}\"},\"query-input\":{\"@type\":\"PropertyValueSpecification\",\"valueRequired\":true,\"valueName\":\"search_term_string\"}}],\"inLanguage\":\"es\"}]}<\/script>\n<!-- \/ Yoast SEO plugin. -->","yoast_head_json":{"title":"Playa Para\u00edso - Avista Hideaway Phuket Patong","robots":{"index":"index","follow":"follow","max-snippet":"max-snippet:-1","max-image-preview":"max-image-preview:large","max-video-preview":"max-video-preview:-1"},"canonical":"https:\/\/www.avistahideawayphuketresort.com\/es\/things-to-do-phuket\/phuket-beaches\/paradise-beach\/","og_locale":"es_ES","og_type":"article","og_title":"Playa Para\u00edso - Avista Hideaway Phuket Patong","og_description":"Desde el extremo sur de la Playa Patong, sigue un empinado y sinuoso camino hacia arriba hasta que desciende hacia esta encantadora cala de la playa Para\u00edso en Phuket. Tambi\u00e9n puedes alquilar un bote largo y llegar por la costa para un viaje menos vertiginoso. De cualquier manera que elijas llegar all\u00ed, la playa Para\u00edso [&hellip;]","og_url":"https:\/\/www.avistahideawayphuketresort.com\/es\/things-to-do-phuket\/phuket-beaches\/paradise-beach\/","og_site_name":"Avista Hideaway Phuket Patong","article_modified_time":"2023-07-06T07:53:54+00:00","twitter_card":"summary_large_image","twitter_misc":{"Tiempo de lectura":"2 minutos"},"schema":{"@context":"https:\/\/schema.org","@graph":[{"@type":"WebPage","@id":"https:\/\/www.avistahideawayphuketresort.com\/es\/things-to-do-phuket\/phuket-beaches\/paradise-beach\/","url":"https:\/\/www.avistahideawayphuketresort.com\/es\/things-to-do-phuket\/phuket-beaches\/paradise-beach\/","name":"Playa Para\u00edso - Avista Hideaway Phuket Patong","isPartOf":{"@id":"https:\/\/www.avistahideawayphuketresort.com\/#website"},"datePublished":"2023-05-04T07:15:10+00:00","dateModified":"2023-07-06T07:53:54+00:00","breadcrumb":{"@id":"https:\/\/www.avistahideawayphuketresort.com\/es\/things-to-do-phuket\/phuket-beaches\/paradise-beach\/#breadcrumb"},"inLanguage":"es","potentialAction":[{"@type":"ReadAction","target":["https:\/\/www.avistahideawayphuketresort.com\/es\/things-to-do-phuket\/phuket-beaches\/paradise-beach\/"]}]},{"@type":"BreadcrumbList","@id":"https:\/\/www.avistahideawayphuketresort.com\/es\/things-to-do-phuket\/phuket-beaches\/paradise-beach\/#breadcrumb","itemListElement":[{"@type":"ListItem","position":1,"name":"Home","item":"https:\/\/www.avistahideawayphuketresort.com\/es\/"},{"@type":"ListItem","position":2,"name":"Qu\u00e9 hacer en Phuket?","item":"https:\/\/www.avistahideawayphuketresort.com\/es\/things-to-do-phuket\/"},{"@type":"ListItem","position":3,"name":"Las Mejores Playas en Phuket","item":"https:\/\/www.avistahideawayphuketresort.com\/es\/things-to-do-phuket\/phuket-beaches\/"},{"@type":"ListItem","position":4,"name":"Playa Para\u00edso"}]},{"@type":"WebSite","@id":"https:\/\/www.avistahideawayphuketresort.com\/#website","url":"https:\/\/www.avistahideawayphuketresort.com\/","name":"Avista Hideaway Phuket Patong","description":"","potentialAction":[{"@type":"SearchAction","target":{"@type":"EntryPoint","urlTemplate":"https:\/\/www.avistahideawayphuketresort.com\/?s={search_term_string}"},"query-input":{"@type":"PropertyValueSpecification","valueRequired":true,"valueName":"search_term_string"}}],"inLanguage":"es"}]}},"_links":{"self":[{"href":"https:\/\/www.avistahideawayphuketresort.com\/es\/wp-json\/wp\/v2\/pages\/1570","targetHints":{"allow":["GET"]}}],"collection":[{"href":"https:\/\/www.avistahideawayphuketresort.com\/es\/wp-json\/wp\/v2\/pages"}],"about":[{"href":"https:\/\/www.avistahideawayphuketresort.com\/es\/wp-json\/wp\/v2\/types\/page"}],"author":[{"embeddable":true,"href":"https:\/\/www.avistahideawayphuketresort.com\/es\/wp-json\/wp\/v2\/users\/55"}],"replies":[{"embeddable":true,"href":"https:\/\/www.avistahideawayphuketresort.com\/es\/wp-json\/wp\/v2\/comments?post=1570"}],"version-history":[{"count":0,"href":"https:\/\/www.avistahideawayphuketresort.com\/es\/wp-json\/wp\/v2\/pages\/1570\/revisions"}],"up":[{"embeddable":true,"href":"https:\/\/www.avistahideawayphuketresort.com\/es\/wp-json\/wp\/v2\/pages\/1561"}],"wp:attachment":[{"href":"https:\/\/www.avistahideawayphuketresort.com\/es\/wp-json\/wp\/v2\/media?parent=1570"}],"wp:term":[{"taxonomy":"category","embeddable":true,"href":"https:\/\/www.avistahideawayphuketresort.com\/es\/wp-json\/wp\/v2\/categories?post=1570"}],"curies":[{"name":"wp","href":"https:\/\/api.w.org\/{rel}","templated":true}]}}