{"id":1573,"date":"2023-05-04T07:15:49","date_gmt":"2023-05-04T07:15:49","guid":{"rendered":"https:\/\/www.avistahideawayphuketresort.com\/things-to-do-phuket\/phuket-beaches\/patong-beach\/"},"modified":"2023-07-06T07:54:53","modified_gmt":"2023-07-06T07:54:53","slug":"patong-beach","status":"publish","type":"page","link":"https:\/\/www.avistahideawayphuketresort.com\/es\/things-to-do-phuket\/phuket-beaches\/patong-beach\/","title":{"rendered":"Playa Patong"},"content":{"rendered":"<p style=\"text-align: center;\">Entre una cala arenosa y un pintoresco pueblo pesquero, un tramo de 3 kil\u00f3metros de arena dorada late al ritmo de millones de visitantes cada a\u00f1o. Esta es la playa de Patong m\u00e1s animada de Phuket, un hervidero de actividad que ofrece todo tipo de actividades y atracciones. Las aguas turquesas te invitan a nadar y participar en deportes acu\u00e1ticos de aventura. Puedes probar el jet ski o el parasailing, o realizar una excursi\u00f3n de buceo o en barco para descubrir la costa brillante desde un \u00e1ngulo diferente.<br \/>\nDescansa en la generosa sombra de las palmeras de coco que separan la playa de la carretera. A pocos metros de la playa, encontrar\u00e1s quioscos, restaurantes y hoteles en la playa de Patong donde hospedarte durante tus vacaciones. Disfruta de una comida en uno de los restaurantes junto a la playa o prueba un bocado en uno de los puestos de snacks y bebidas. Incluso puedes disfrutar de un relajante masaje sin tener que abandonar nunca tu toalla de playa en un spa cercano. El tratamiento de spa es mundialmente famoso por sus beneficios para la mente, el cuerpo y el esp\u00edritu.<br \/>\nVisita Phuket Town<br \/>\nPhuket Town se encuentra a solo 15 km de la playa de Patong.<br \/>\nLa ciudad cuenta con una gran cantidad de hoteles, restaurantes, cafeter\u00edas, discotecas y otras atracciones tur\u00edsticas.<br \/>\nLas actividades diurnas se centran principalmente en la playa, disfrutando de deportes acu\u00e1ticos, excursiones a las islas y tomando el sol.<br \/>\nKalim, en el extremo norte de la bah\u00eda de Patong, es un lugar adecuado para atrapar los \u00faltimos rayos del sol brillante en el horizonte.<\/p>\n<p style=\"text-align: center;\">A medida que cae la oscuridad, la vibrante vida nocturna alrededor de Soi Bangla comienza en la ciudad de Phuket.<br \/>\nEs el epicentro de una vibrante vida nocturna donde los caf\u00e9s, bares y discotecas organizan fiestas desde el anochecer hasta la ma\u00f1ana siguiente.<\/p>\n<p style=\"text-align: center;\">Los adictos a las compras pueden visitar Jungceylon, el complejo comercial, para comprar ropa de \u00faltima moda y aut\u00e9nticos recuerdos tailandeses.<br \/>\nTambi\u00e9n puedes ver peleas de Muay Thai en el Estadio de Bangla; sin embargo, esta lucha violenta no es apta para los de coraz\u00f3n d\u00e9bil.<\/p>\n<p style=\"text-align: center;\"><strong>Tarifa de entrada:<\/strong> Nada<br \/>\n<strong>Distancia desde el hotel:<\/strong> 4.6 km<\/p>\n","protected":false},"excerpt":{"rendered":"<p>Entre una cala arenosa y un pintoresco pueblo pesquero, un tramo de 3 kil\u00f3metros de arena dorada late al ritmo de millones de visitantes cada a\u00f1o. Esta es la playa de Patong m\u00e1s animada de Phuket, un hervidero de actividad que ofrece todo tipo de actividades y atracciones. Las aguas turquesas te invitan a nadar [&hellip;]<\/p>\n","protected":false},"author":55,"featured_media":0,"parent":1561,"menu_order":4,"comment_status":"closed","ping_status":"closed","template":"","meta":{"footnotes":""},"categories":[],"class_list":["post-1573","page","type-page","status-publish","hentry"],"acf":[],"yoast_head":"<!-- This site is optimized with the Yoast SEO plugin v26.9 - https:\/\/yoast.com\/product\/yoast-seo-wordpress\/ -->\n<title>Playa Patong - Avista Hideaway Phuket Patong<\/title>\n<meta name=\"robots\" content=\"index, follow, max-snippet:-1, max-image-preview:large, max-video-preview:-1\" \/>\n<link rel=\"canonical\" href=\"https:\/\/www.avistahideawayphuketresort.com\/es\/things-to-do-phuket\/phuket-beaches\/patong-beach\/\" \/>\n<meta property=\"og:locale\" content=\"es_ES\" \/>\n<meta property=\"og:type\" content=\"article\" \/>\n<meta property=\"og:title\" content=\"Playa Patong - Avista Hideaway Phuket Patong\" \/>\n<meta property=\"og:description\" content=\"Entre una cala arenosa y un pintoresco pueblo pesquero, un tramo de 3 kil\u00f3metros de arena dorada late al ritmo de millones de visitantes cada a\u00f1o. Esta es la playa de Patong m\u00e1s animada de Phuket, un hervidero de actividad que ofrece todo tipo de actividades y atracciones. Las aguas turquesas te invitan a nadar [&hellip;]\" \/>\n<meta property=\"og:url\" content=\"https:\/\/www.avistahideawayphuketresort.com\/es\/things-to-do-phuket\/phuket-beaches\/patong-beach\/\" \/>\n<meta property=\"og:site_name\" content=\"Avista Hideaway Phuket Patong\" \/>\n<meta property=\"article:modified_time\" content=\"2023-07-06T07:54:53+00:00\" \/>\n<meta name=\"twitter:card\" content=\"summary_large_image\" \/>\n<meta name=\"twitter:label1\" content=\"Tiempo de lectura\" \/>\n\t<meta name=\"twitter:data1\" content=\"2 minutos\" \/>\n<script type=\"application\/ld+json\" class=\"yoast-schema-graph\">{\"@context\":\"https:\/\/schema.org\",\"@graph\":[{\"@type\":\"WebPage\",\"@id\":\"https:\/\/www.avistahideawayphuketresort.com\/es\/things-to-do-phuket\/phuket-beaches\/patong-beach\/\",\"url\":\"https:\/\/www.avistahideawayphuketresort.com\/es\/things-to-do-phuket\/phuket-beaches\/patong-beach\/\",\"name\":\"Playa Patong - Avista Hideaway Phuket Patong\",\"isPartOf\":{\"@id\":\"https:\/\/www.avistahideawayphuketresort.com\/#website\"},\"datePublished\":\"2023-05-04T07:15:49+00:00\",\"dateModified\":\"2023-07-06T07:54:53+00:00\",\"breadcrumb\":{\"@id\":\"https:\/\/www.avistahideawayphuketresort.com\/es\/things-to-do-phuket\/phuket-beaches\/patong-beach\/#breadcrumb\"},\"inLanguage\":\"es\",\"potentialAction\":[{\"@type\":\"ReadAction\",\"target\":[\"https:\/\/www.avistahideawayphuketresort.com\/es\/things-to-do-phuket\/phuket-beaches\/patong-beach\/\"]}]},{\"@type\":\"BreadcrumbList\",\"@id\":\"https:\/\/www.avistahideawayphuketresort.com\/es\/things-to-do-phuket\/phuket-beaches\/patong-beach\/#breadcrumb\",\"itemListElement\":[{\"@type\":\"ListItem\",\"position\":1,\"name\":\"Home\",\"item\":\"https:\/\/www.avistahideawayphuketresort.com\/es\/\"},{\"@type\":\"ListItem\",\"position\":2,\"name\":\"Qu\u00e9 hacer en Phuket?\",\"item\":\"https:\/\/www.avistahideawayphuketresort.com\/es\/things-to-do-phuket\/\"},{\"@type\":\"ListItem\",\"position\":3,\"name\":\"Las Mejores Playas en Phuket\",\"item\":\"https:\/\/www.avistahideawayphuketresort.com\/es\/things-to-do-phuket\/phuket-beaches\/\"},{\"@type\":\"ListItem\",\"position\":4,\"name\":\"Playa Patong\"}]},{\"@type\":\"WebSite\",\"@id\":\"https:\/\/www.avistahideawayphuketresort.com\/#website\",\"url\":\"https:\/\/www.avistahideawayphuketresort.com\/\",\"name\":\"Avista Hideaway Phuket Patong\",\"description\":\"\",\"potentialAction\":[{\"@type\":\"SearchAction\",\"target\":{\"@type\":\"EntryPoint\",\"urlTemplate\":\"https:\/\/www.avistahideawayphuketresort.com\/?s={search_term_string}\"},\"query-input\":{\"@type\":\"PropertyValueSpecification\",\"valueRequired\":true,\"valueName\":\"search_term_string\"}}],\"inLanguage\":\"es\"}]}<\/script>\n<!-- \/ Yoast SEO plugin. -->","yoast_head_json":{"title":"Playa Patong - Avista Hideaway Phuket Patong","robots":{"index":"index","follow":"follow","max-snippet":"max-snippet:-1","max-image-preview":"max-image-preview:large","max-video-preview":"max-video-preview:-1"},"canonical":"https:\/\/www.avistahideawayphuketresort.com\/es\/things-to-do-phuket\/phuket-beaches\/patong-beach\/","og_locale":"es_ES","og_type":"article","og_title":"Playa Patong - Avista Hideaway Phuket Patong","og_description":"Entre una cala arenosa y un pintoresco pueblo pesquero, un tramo de 3 kil\u00f3metros de arena dorada late al ritmo de millones de visitantes cada a\u00f1o. Esta es la playa de Patong m\u00e1s animada de Phuket, un hervidero de actividad que ofrece todo tipo de actividades y atracciones. Las aguas turquesas te invitan a nadar [&hellip;]","og_url":"https:\/\/www.avistahideawayphuketresort.com\/es\/things-to-do-phuket\/phuket-beaches\/patong-beach\/","og_site_name":"Avista Hideaway Phuket Patong","article_modified_time":"2023-07-06T07:54:53+00:00","twitter_card":"summary_large_image","twitter_misc":{"Tiempo de lectura":"2 minutos"},"schema":{"@context":"https:\/\/schema.org","@graph":[{"@type":"WebPage","@id":"https:\/\/www.avistahideawayphuketresort.com\/es\/things-to-do-phuket\/phuket-beaches\/patong-beach\/","url":"https:\/\/www.avistahideawayphuketresort.com\/es\/things-to-do-phuket\/phuket-beaches\/patong-beach\/","name":"Playa Patong - Avista Hideaway Phuket Patong","isPartOf":{"@id":"https:\/\/www.avistahideawayphuketresort.com\/#website"},"datePublished":"2023-05-04T07:15:49+00:00","dateModified":"2023-07-06T07:54:53+00:00","breadcrumb":{"@id":"https:\/\/www.avistahideawayphuketresort.com\/es\/things-to-do-phuket\/phuket-beaches\/patong-beach\/#breadcrumb"},"inLanguage":"es","potentialAction":[{"@type":"ReadAction","target":["https:\/\/www.avistahideawayphuketresort.com\/es\/things-to-do-phuket\/phuket-beaches\/patong-beach\/"]}]},{"@type":"BreadcrumbList","@id":"https:\/\/www.avistahideawayphuketresort.com\/es\/things-to-do-phuket\/phuket-beaches\/patong-beach\/#breadcrumb","itemListElement":[{"@type":"ListItem","position":1,"name":"Home","item":"https:\/\/www.avistahideawayphuketresort.com\/es\/"},{"@type":"ListItem","position":2,"name":"Qu\u00e9 hacer en Phuket?","item":"https:\/\/www.avistahideawayphuketresort.com\/es\/things-to-do-phuket\/"},{"@type":"ListItem","position":3,"name":"Las Mejores Playas en Phuket","item":"https:\/\/www.avistahideawayphuketresort.com\/es\/things-to-do-phuket\/phuket-beaches\/"},{"@type":"ListItem","position":4,"name":"Playa Patong"}]},{"@type":"WebSite","@id":"https:\/\/www.avistahideawayphuketresort.com\/#website","url":"https:\/\/www.avistahideawayphuketresort.com\/","name":"Avista Hideaway Phuket Patong","description":"","potentialAction":[{"@type":"SearchAction","target":{"@type":"EntryPoint","urlTemplate":"https:\/\/www.avistahideawayphuketresort.com\/?s={search_term_string}"},"query-input":{"@type":"PropertyValueSpecification","valueRequired":true,"valueName":"search_term_string"}}],"inLanguage":"es"}]}},"_links":{"self":[{"href":"https:\/\/www.avistahideawayphuketresort.com\/es\/wp-json\/wp\/v2\/pages\/1573","targetHints":{"allow":["GET"]}}],"collection":[{"href":"https:\/\/www.avistahideawayphuketresort.com\/es\/wp-json\/wp\/v2\/pages"}],"about":[{"href":"https:\/\/www.avistahideawayphuketresort.com\/es\/wp-json\/wp\/v2\/types\/page"}],"author":[{"embeddable":true,"href":"https:\/\/www.avistahideawayphuketresort.com\/es\/wp-json\/wp\/v2\/users\/55"}],"replies":[{"embeddable":true,"href":"https:\/\/www.avistahideawayphuketresort.com\/es\/wp-json\/wp\/v2\/comments?post=1573"}],"version-history":[{"count":0,"href":"https:\/\/www.avistahideawayphuketresort.com\/es\/wp-json\/wp\/v2\/pages\/1573\/revisions"}],"up":[{"embeddable":true,"href":"https:\/\/www.avistahideawayphuketresort.com\/es\/wp-json\/wp\/v2\/pages\/1561"}],"wp:attachment":[{"href":"https:\/\/www.avistahideawayphuketresort.com\/es\/wp-json\/wp\/v2\/media?parent=1573"}],"wp:term":[{"taxonomy":"category","embeddable":true,"href":"https:\/\/www.avistahideawayphuketresort.com\/es\/wp-json\/wp\/v2\/categories?post=1573"}],"curies":[{"name":"wp","href":"https:\/\/api.w.org\/{rel}","templated":true}]}}