{"id":1577,"date":"2023-05-04T07:16:37","date_gmt":"2023-05-04T07:16:37","guid":{"rendered":"https:\/\/www.avistahideawayphuketresort.com\/things-to-do-phuket\/phuket-beaches\/freedom-beach\/"},"modified":"2023-07-06T08:04:33","modified_gmt":"2023-07-06T08:04:33","slug":"freedom-beach","status":"publish","type":"page","link":"https:\/\/www.avistahideawayphuketresort.com\/es\/things-to-do-phuket\/phuket-beaches\/freedom-beach\/","title":{"rendered":"Playa Freedom"},"content":{"rendered":"<p style=\"text-align: center;\">La playa Freedom en Phuket es una franja de 300 metros de incre\u00edble arena blanca suave y aguas azul turquesa.Freedom, una de las playas m\u00e1s bonitas de Phuket, tiene rocas de granito salpicadas y colinas cubiertas de exuberante vegetaci\u00f3n verde en los alrededores.<br \/>\nAdem\u00e1s de tomar el sol, puedes disfrutar de f\u00fatbol y v\u00f3ley playa en esta suave playa.<br \/>\nLa playa Freedom en Tailandia tiene aguas poco profundas que albergan muchas especies coloridas de peces y otros animales.<br \/>\nVale la pena practicar snorkel para presenciar arrecifes ex\u00f3ticos y especies entre los arrecifes.<\/p>\n<p style=\"text-align: center;\">Si deseas venir por la ma\u00f1ana, es cuando la playa est\u00e1 m\u00e1s fresca, a la sombra de los \u00e1rboles. Los restaurantes y bares est\u00e1n cerca para refrescarse si prefieres quedarte un rato. Avista Hideaway Phuket Patong se encuentra a solo 700 metros del estacionamiento de la playa.<br \/>\n<strong>C\u00f3mo llegar a Freedom Beach, Phuket<\/strong><br \/>\nEl acceso no es el m\u00e1s f\u00e1cil; sin embargo, \u00a1vale la pena el esfuerzo! Encontrar\u00e1s agua cristalina y arena blanca virgen despu\u00e9s de descender la colina. Sin embargo, ten cuidado, en tu camino de regreso, seguramente estar\u00e1s exhausto. Tambi\u00e9n se puede acceder desde la playa de Patong en barco de cola larga, muy recomendable si no se est\u00e1 en forma.<br \/>\n<strong>\u00bfCu\u00e1nto cuesta ir a Freedom Beach?<\/strong><br \/>\nA pie, el precio es de THB 200 por persona. Este precio es para cruzar terrenos privados desde la carretera principal hasta la playa. Para estacionar tu motocicleta, habr\u00e1 un costo adicional de THB 100. En barco desde Patong Beach, cuenta desde THB 1,000, pero este precio puede variar seg\u00fan el n\u00famero de personas y la temporada. El mejor momento para visitar Freedom Beach es de diciembre a junio.<\/p>\n","protected":false},"excerpt":{"rendered":"<p>La playa Freedom en Phuket es una franja de 300 metros de incre\u00edble arena blanca suave y aguas azul turquesa.Freedom, una de las playas m\u00e1s bonitas de Phuket, tiene rocas de granito salpicadas y colinas cubiertas de exuberante vegetaci\u00f3n verde en los alrededores. Adem\u00e1s de tomar el sol, puedes disfrutar de f\u00fatbol y v\u00f3ley playa [&hellip;]<\/p>\n","protected":false},"author":55,"featured_media":0,"parent":1561,"menu_order":5,"comment_status":"closed","ping_status":"closed","template":"","meta":{"footnotes":""},"categories":[],"class_list":["post-1577","page","type-page","status-publish","hentry"],"acf":[],"yoast_head":"<!-- This site is optimized with the Yoast SEO plugin v26.9 - https:\/\/yoast.com\/product\/yoast-seo-wordpress\/ -->\n<title>Playa Freedom - Avista Hideaway Phuket Patong<\/title>\n<meta name=\"robots\" content=\"index, follow, max-snippet:-1, max-image-preview:large, max-video-preview:-1\" \/>\n<link rel=\"canonical\" href=\"https:\/\/www.avistahideawayphuketresort.com\/es\/things-to-do-phuket\/phuket-beaches\/freedom-beach\/\" \/>\n<meta property=\"og:locale\" content=\"es_ES\" \/>\n<meta property=\"og:type\" content=\"article\" \/>\n<meta property=\"og:title\" content=\"Playa Freedom - Avista Hideaway Phuket Patong\" \/>\n<meta property=\"og:description\" content=\"La playa Freedom en Phuket es una franja de 300 metros de incre\u00edble arena blanca suave y aguas azul turquesa.Freedom, una de las playas m\u00e1s bonitas de Phuket, tiene rocas de granito salpicadas y colinas cubiertas de exuberante vegetaci\u00f3n verde en los alrededores. Adem\u00e1s de tomar el sol, puedes disfrutar de f\u00fatbol y v\u00f3ley playa [&hellip;]\" \/>\n<meta property=\"og:url\" content=\"https:\/\/www.avistahideawayphuketresort.com\/es\/things-to-do-phuket\/phuket-beaches\/freedom-beach\/\" \/>\n<meta property=\"og:site_name\" content=\"Avista Hideaway Phuket Patong\" \/>\n<meta property=\"article:modified_time\" content=\"2023-07-06T08:04:33+00:00\" \/>\n<meta name=\"twitter:card\" content=\"summary_large_image\" \/>\n<meta name=\"twitter:label1\" content=\"Tiempo de lectura\" \/>\n\t<meta name=\"twitter:data1\" content=\"2 minutos\" \/>\n<script type=\"application\/ld+json\" class=\"yoast-schema-graph\">{\"@context\":\"https:\/\/schema.org\",\"@graph\":[{\"@type\":\"WebPage\",\"@id\":\"https:\/\/www.avistahideawayphuketresort.com\/es\/things-to-do-phuket\/phuket-beaches\/freedom-beach\/\",\"url\":\"https:\/\/www.avistahideawayphuketresort.com\/es\/things-to-do-phuket\/phuket-beaches\/freedom-beach\/\",\"name\":\"Playa Freedom - Avista Hideaway Phuket Patong\",\"isPartOf\":{\"@id\":\"https:\/\/www.avistahideawayphuketresort.com\/#website\"},\"datePublished\":\"2023-05-04T07:16:37+00:00\",\"dateModified\":\"2023-07-06T08:04:33+00:00\",\"breadcrumb\":{\"@id\":\"https:\/\/www.avistahideawayphuketresort.com\/es\/things-to-do-phuket\/phuket-beaches\/freedom-beach\/#breadcrumb\"},\"inLanguage\":\"es\",\"potentialAction\":[{\"@type\":\"ReadAction\",\"target\":[\"https:\/\/www.avistahideawayphuketresort.com\/es\/things-to-do-phuket\/phuket-beaches\/freedom-beach\/\"]}]},{\"@type\":\"BreadcrumbList\",\"@id\":\"https:\/\/www.avistahideawayphuketresort.com\/es\/things-to-do-phuket\/phuket-beaches\/freedom-beach\/#breadcrumb\",\"itemListElement\":[{\"@type\":\"ListItem\",\"position\":1,\"name\":\"Home\",\"item\":\"https:\/\/www.avistahideawayphuketresort.com\/es\/\"},{\"@type\":\"ListItem\",\"position\":2,\"name\":\"Qu\u00e9 hacer en Phuket?\",\"item\":\"https:\/\/www.avistahideawayphuketresort.com\/es\/things-to-do-phuket\/\"},{\"@type\":\"ListItem\",\"position\":3,\"name\":\"Las Mejores Playas en Phuket\",\"item\":\"https:\/\/www.avistahideawayphuketresort.com\/es\/things-to-do-phuket\/phuket-beaches\/\"},{\"@type\":\"ListItem\",\"position\":4,\"name\":\"Playa Freedom\"}]},{\"@type\":\"WebSite\",\"@id\":\"https:\/\/www.avistahideawayphuketresort.com\/#website\",\"url\":\"https:\/\/www.avistahideawayphuketresort.com\/\",\"name\":\"Avista Hideaway Phuket Patong\",\"description\":\"\",\"potentialAction\":[{\"@type\":\"SearchAction\",\"target\":{\"@type\":\"EntryPoint\",\"urlTemplate\":\"https:\/\/www.avistahideawayphuketresort.com\/?s={search_term_string}\"},\"query-input\":{\"@type\":\"PropertyValueSpecification\",\"valueRequired\":true,\"valueName\":\"search_term_string\"}}],\"inLanguage\":\"es\"}]}<\/script>\n<!-- \/ Yoast SEO plugin. -->","yoast_head_json":{"title":"Playa Freedom - Avista Hideaway Phuket Patong","robots":{"index":"index","follow":"follow","max-snippet":"max-snippet:-1","max-image-preview":"max-image-preview:large","max-video-preview":"max-video-preview:-1"},"canonical":"https:\/\/www.avistahideawayphuketresort.com\/es\/things-to-do-phuket\/phuket-beaches\/freedom-beach\/","og_locale":"es_ES","og_type":"article","og_title":"Playa Freedom - Avista Hideaway Phuket Patong","og_description":"La playa Freedom en Phuket es una franja de 300 metros de incre\u00edble arena blanca suave y aguas azul turquesa.Freedom, una de las playas m\u00e1s bonitas de Phuket, tiene rocas de granito salpicadas y colinas cubiertas de exuberante vegetaci\u00f3n verde en los alrededores. Adem\u00e1s de tomar el sol, puedes disfrutar de f\u00fatbol y v\u00f3ley playa [&hellip;]","og_url":"https:\/\/www.avistahideawayphuketresort.com\/es\/things-to-do-phuket\/phuket-beaches\/freedom-beach\/","og_site_name":"Avista Hideaway Phuket Patong","article_modified_time":"2023-07-06T08:04:33+00:00","twitter_card":"summary_large_image","twitter_misc":{"Tiempo de lectura":"2 minutos"},"schema":{"@context":"https:\/\/schema.org","@graph":[{"@type":"WebPage","@id":"https:\/\/www.avistahideawayphuketresort.com\/es\/things-to-do-phuket\/phuket-beaches\/freedom-beach\/","url":"https:\/\/www.avistahideawayphuketresort.com\/es\/things-to-do-phuket\/phuket-beaches\/freedom-beach\/","name":"Playa Freedom - Avista Hideaway Phuket Patong","isPartOf":{"@id":"https:\/\/www.avistahideawayphuketresort.com\/#website"},"datePublished":"2023-05-04T07:16:37+00:00","dateModified":"2023-07-06T08:04:33+00:00","breadcrumb":{"@id":"https:\/\/www.avistahideawayphuketresort.com\/es\/things-to-do-phuket\/phuket-beaches\/freedom-beach\/#breadcrumb"},"inLanguage":"es","potentialAction":[{"@type":"ReadAction","target":["https:\/\/www.avistahideawayphuketresort.com\/es\/things-to-do-phuket\/phuket-beaches\/freedom-beach\/"]}]},{"@type":"BreadcrumbList","@id":"https:\/\/www.avistahideawayphuketresort.com\/es\/things-to-do-phuket\/phuket-beaches\/freedom-beach\/#breadcrumb","itemListElement":[{"@type":"ListItem","position":1,"name":"Home","item":"https:\/\/www.avistahideawayphuketresort.com\/es\/"},{"@type":"ListItem","position":2,"name":"Qu\u00e9 hacer en Phuket?","item":"https:\/\/www.avistahideawayphuketresort.com\/es\/things-to-do-phuket\/"},{"@type":"ListItem","position":3,"name":"Las Mejores Playas en Phuket","item":"https:\/\/www.avistahideawayphuketresort.com\/es\/things-to-do-phuket\/phuket-beaches\/"},{"@type":"ListItem","position":4,"name":"Playa Freedom"}]},{"@type":"WebSite","@id":"https:\/\/www.avistahideawayphuketresort.com\/#website","url":"https:\/\/www.avistahideawayphuketresort.com\/","name":"Avista Hideaway Phuket Patong","description":"","potentialAction":[{"@type":"SearchAction","target":{"@type":"EntryPoint","urlTemplate":"https:\/\/www.avistahideawayphuketresort.com\/?s={search_term_string}"},"query-input":{"@type":"PropertyValueSpecification","valueRequired":true,"valueName":"search_term_string"}}],"inLanguage":"es"}]}},"_links":{"self":[{"href":"https:\/\/www.avistahideawayphuketresort.com\/es\/wp-json\/wp\/v2\/pages\/1577","targetHints":{"allow":["GET"]}}],"collection":[{"href":"https:\/\/www.avistahideawayphuketresort.com\/es\/wp-json\/wp\/v2\/pages"}],"about":[{"href":"https:\/\/www.avistahideawayphuketresort.com\/es\/wp-json\/wp\/v2\/types\/page"}],"author":[{"embeddable":true,"href":"https:\/\/www.avistahideawayphuketresort.com\/es\/wp-json\/wp\/v2\/users\/55"}],"replies":[{"embeddable":true,"href":"https:\/\/www.avistahideawayphuketresort.com\/es\/wp-json\/wp\/v2\/comments?post=1577"}],"version-history":[{"count":0,"href":"https:\/\/www.avistahideawayphuketresort.com\/es\/wp-json\/wp\/v2\/pages\/1577\/revisions"}],"up":[{"embeddable":true,"href":"https:\/\/www.avistahideawayphuketresort.com\/es\/wp-json\/wp\/v2\/pages\/1561"}],"wp:attachment":[{"href":"https:\/\/www.avistahideawayphuketresort.com\/es\/wp-json\/wp\/v2\/media?parent=1577"}],"wp:term":[{"taxonomy":"category","embeddable":true,"href":"https:\/\/www.avistahideawayphuketresort.com\/es\/wp-json\/wp\/v2\/categories?post=1577"}],"curies":[{"name":"wp","href":"https:\/\/api.w.org\/{rel}","templated":true}]}}