{"id":881,"date":"2023-05-03T03:46:47","date_gmt":"2023-05-03T03:46:47","guid":{"rendered":"https:\/\/www.avistahideawayphuketresort.com\/weddings-meetings-in-phuket\/thai-weddings-in-phuket\/"},"modified":"2023-07-06T01:14:27","modified_gmt":"2023-07-06T01:14:27","slug":"thai-weddings-in-phuket","status":"publish","type":"page","link":"https:\/\/www.avistahideawayphuketresort.com\/es\/weddings-meetings-in-phuket\/thai-weddings-in-phuket\/","title":{"rendered":"BODAS &#038; OCASIONES ESPECIALES"},"content":{"rendered":"<p style=\"text-align: center;\">Celebra bodas, aniversarios o lunas de miel en el para\u00edso tropical puro de Phuket, conocido por su maravilloso entorno junto al mar junto con su encantador casco antiguo. Nuestra variedad de lugares encantadores y paquetes de bodas har\u00e1n que cada momento de tu experiencia de bodas encaje maravillosamente con la forma en que siempre lo imagin\u00f3. En la sagrada y tranquila ceremonia de la ma\u00f1ana, t\u00fa y tus invitados disfrutar\u00e1n de la maravillosa vista sobre las aguas de Phuket. Al anochecer, cuando los \u00faltimos rayos del sol toquen sus mejillas, sentir\u00e1s la suave brisa marina en su cabello. Estos momentos brindan una excelente oportunidad para celebrar su recepci\u00f3n de bodas con romance y alegr\u00eda, aprovechando al m\u00e1ximo el entorno memorable del hotel.<\/p>\n","protected":false},"excerpt":{"rendered":"<p>Celebra bodas, aniversarios o lunas de miel en el para\u00edso tropical puro de Phuket, conocido por su maravilloso entorno junto al mar junto con su encantador casco antiguo. Nuestra variedad de lugares encantadores y paquetes de bodas har\u00e1n que cada momento de tu experiencia de bodas encaje maravillosamente con la forma en que siempre lo [&hellip;]<\/p>\n","protected":false},"author":55,"featured_media":0,"parent":877,"menu_order":1,"comment_status":"closed","ping_status":"closed","template":"","meta":{"footnotes":""},"categories":[],"class_list":["post-881","page","type-page","status-publish","hentry"],"acf":[],"yoast_head":"<!-- This site is optimized with the Yoast SEO plugin v26.9 - https:\/\/yoast.com\/product\/yoast-seo-wordpress\/ -->\n<title>Thai Weddings in Phuket | Meetings | Avista Hideaway Phuket Patong<\/title>\n<meta name=\"description\" content=\"A superb venue for Thai weddings in Phuket &amp; ceremonies. Avista Hideaway Phuket Patong provides planners, catering and activities for a day to remember.\" \/>\n<meta name=\"robots\" content=\"index, follow, max-snippet:-1, max-image-preview:large, max-video-preview:-1\" \/>\n<link rel=\"canonical\" href=\"https:\/\/www.avistahideawayphuketresort.com\/es\/weddings-meetings-in-phuket\/thai-weddings-in-phuket\/\" \/>\n<meta property=\"og:locale\" content=\"es_ES\" \/>\n<meta property=\"og:type\" content=\"article\" \/>\n<meta property=\"og:title\" content=\"Thai Weddings in Phuket | Meetings | Avista Hideaway Phuket Patong\" \/>\n<meta property=\"og:description\" content=\"A superb venue for Thai weddings in Phuket &amp; ceremonies. Avista Hideaway Phuket Patong provides planners, catering and activities for a day to remember.\" \/>\n<meta property=\"og:url\" content=\"https:\/\/www.avistahideawayphuketresort.com\/es\/weddings-meetings-in-phuket\/thai-weddings-in-phuket\/\" \/>\n<meta property=\"og:site_name\" content=\"Avista Hideaway Phuket Patong\" \/>\n<meta property=\"article:modified_time\" content=\"2023-07-06T01:14:27+00:00\" \/>\n<meta name=\"twitter:card\" content=\"summary_large_image\" \/>\n<meta name=\"twitter:label1\" content=\"Tiempo de lectura\" \/>\n\t<meta name=\"twitter:data1\" content=\"1 minuto\" \/>\n<script type=\"application\/ld+json\" class=\"yoast-schema-graph\">{\"@context\":\"https:\/\/schema.org\",\"@graph\":[{\"@type\":\"WebPage\",\"@id\":\"https:\/\/www.avistahideawayphuketresort.com\/es\/weddings-meetings-in-phuket\/thai-weddings-in-phuket\/\",\"url\":\"https:\/\/www.avistahideawayphuketresort.com\/es\/weddings-meetings-in-phuket\/thai-weddings-in-phuket\/\",\"name\":\"Thai Weddings in Phuket | Meetings | Avista Hideaway Phuket Patong\",\"isPartOf\":{\"@id\":\"https:\/\/www.avistahideawayphuketresort.com\/#website\"},\"datePublished\":\"2023-05-03T03:46:47+00:00\",\"dateModified\":\"2023-07-06T01:14:27+00:00\",\"description\":\"A superb venue for Thai weddings in Phuket & ceremonies. Avista Hideaway Phuket Patong provides planners, catering and activities for a day to remember.\",\"breadcrumb\":{\"@id\":\"https:\/\/www.avistahideawayphuketresort.com\/es\/weddings-meetings-in-phuket\/thai-weddings-in-phuket\/#breadcrumb\"},\"inLanguage\":\"es\",\"potentialAction\":[{\"@type\":\"ReadAction\",\"target\":[\"https:\/\/www.avistahideawayphuketresort.com\/es\/weddings-meetings-in-phuket\/thai-weddings-in-phuket\/\"]}]},{\"@type\":\"BreadcrumbList\",\"@id\":\"https:\/\/www.avistahideawayphuketresort.com\/es\/weddings-meetings-in-phuket\/thai-weddings-in-phuket\/#breadcrumb\",\"itemListElement\":[{\"@type\":\"ListItem\",\"position\":1,\"name\":\"Home\",\"item\":\"https:\/\/www.avistahideawayphuketresort.com\/es\/\"},{\"@type\":\"ListItem\",\"position\":2,\"name\":\"Reuniones &#038; BODAS\",\"item\":\"https:\/\/www.avistahideawayphuketresort.com\/es\/weddings-meetings-in-phuket\/\"},{\"@type\":\"ListItem\",\"position\":3,\"name\":\"BODAS &#038; OCASIONES ESPECIALES\"}]},{\"@type\":\"WebSite\",\"@id\":\"https:\/\/www.avistahideawayphuketresort.com\/#website\",\"url\":\"https:\/\/www.avistahideawayphuketresort.com\/\",\"name\":\"Avista Hideaway Phuket Patong\",\"description\":\"\",\"potentialAction\":[{\"@type\":\"SearchAction\",\"target\":{\"@type\":\"EntryPoint\",\"urlTemplate\":\"https:\/\/www.avistahideawayphuketresort.com\/?s={search_term_string}\"},\"query-input\":{\"@type\":\"PropertyValueSpecification\",\"valueRequired\":true,\"valueName\":\"search_term_string\"}}],\"inLanguage\":\"es\"}]}<\/script>\n<!-- \/ Yoast SEO plugin. -->","yoast_head_json":{"title":"Thai Weddings in Phuket | Meetings | Avista Hideaway Phuket Patong","description":"A superb venue for Thai weddings in Phuket & ceremonies. Avista Hideaway Phuket Patong provides planners, catering and activities for a day to remember.","robots":{"index":"index","follow":"follow","max-snippet":"max-snippet:-1","max-image-preview":"max-image-preview:large","max-video-preview":"max-video-preview:-1"},"canonical":"https:\/\/www.avistahideawayphuketresort.com\/es\/weddings-meetings-in-phuket\/thai-weddings-in-phuket\/","og_locale":"es_ES","og_type":"article","og_title":"Thai Weddings in Phuket | Meetings | Avista Hideaway Phuket Patong","og_description":"A superb venue for Thai weddings in Phuket & ceremonies. Avista Hideaway Phuket Patong provides planners, catering and activities for a day to remember.","og_url":"https:\/\/www.avistahideawayphuketresort.com\/es\/weddings-meetings-in-phuket\/thai-weddings-in-phuket\/","og_site_name":"Avista Hideaway Phuket Patong","article_modified_time":"2023-07-06T01:14:27+00:00","twitter_card":"summary_large_image","twitter_misc":{"Tiempo de lectura":"1 minuto"},"schema":{"@context":"https:\/\/schema.org","@graph":[{"@type":"WebPage","@id":"https:\/\/www.avistahideawayphuketresort.com\/es\/weddings-meetings-in-phuket\/thai-weddings-in-phuket\/","url":"https:\/\/www.avistahideawayphuketresort.com\/es\/weddings-meetings-in-phuket\/thai-weddings-in-phuket\/","name":"Thai Weddings in Phuket | Meetings | Avista Hideaway Phuket Patong","isPartOf":{"@id":"https:\/\/www.avistahideawayphuketresort.com\/#website"},"datePublished":"2023-05-03T03:46:47+00:00","dateModified":"2023-07-06T01:14:27+00:00","description":"A superb venue for Thai weddings in Phuket & ceremonies. Avista Hideaway Phuket Patong provides planners, catering and activities for a day to remember.","breadcrumb":{"@id":"https:\/\/www.avistahideawayphuketresort.com\/es\/weddings-meetings-in-phuket\/thai-weddings-in-phuket\/#breadcrumb"},"inLanguage":"es","potentialAction":[{"@type":"ReadAction","target":["https:\/\/www.avistahideawayphuketresort.com\/es\/weddings-meetings-in-phuket\/thai-weddings-in-phuket\/"]}]},{"@type":"BreadcrumbList","@id":"https:\/\/www.avistahideawayphuketresort.com\/es\/weddings-meetings-in-phuket\/thai-weddings-in-phuket\/#breadcrumb","itemListElement":[{"@type":"ListItem","position":1,"name":"Home","item":"https:\/\/www.avistahideawayphuketresort.com\/es\/"},{"@type":"ListItem","position":2,"name":"Reuniones &#038; BODAS","item":"https:\/\/www.avistahideawayphuketresort.com\/es\/weddings-meetings-in-phuket\/"},{"@type":"ListItem","position":3,"name":"BODAS &#038; OCASIONES ESPECIALES"}]},{"@type":"WebSite","@id":"https:\/\/www.avistahideawayphuketresort.com\/#website","url":"https:\/\/www.avistahideawayphuketresort.com\/","name":"Avista Hideaway Phuket Patong","description":"","potentialAction":[{"@type":"SearchAction","target":{"@type":"EntryPoint","urlTemplate":"https:\/\/www.avistahideawayphuketresort.com\/?s={search_term_string}"},"query-input":{"@type":"PropertyValueSpecification","valueRequired":true,"valueName":"search_term_string"}}],"inLanguage":"es"}]}},"_links":{"self":[{"href":"https:\/\/www.avistahideawayphuketresort.com\/es\/wp-json\/wp\/v2\/pages\/881","targetHints":{"allow":["GET"]}}],"collection":[{"href":"https:\/\/www.avistahideawayphuketresort.com\/es\/wp-json\/wp\/v2\/pages"}],"about":[{"href":"https:\/\/www.avistahideawayphuketresort.com\/es\/wp-json\/wp\/v2\/types\/page"}],"author":[{"embeddable":true,"href":"https:\/\/www.avistahideawayphuketresort.com\/es\/wp-json\/wp\/v2\/users\/55"}],"replies":[{"embeddable":true,"href":"https:\/\/www.avistahideawayphuketresort.com\/es\/wp-json\/wp\/v2\/comments?post=881"}],"version-history":[{"count":0,"href":"https:\/\/www.avistahideawayphuketresort.com\/es\/wp-json\/wp\/v2\/pages\/881\/revisions"}],"up":[{"embeddable":true,"href":"https:\/\/www.avistahideawayphuketresort.com\/es\/wp-json\/wp\/v2\/pages\/877"}],"wp:attachment":[{"href":"https:\/\/www.avistahideawayphuketresort.com\/es\/wp-json\/wp\/v2\/media?parent=881"}],"wp:term":[{"taxonomy":"category","embeddable":true,"href":"https:\/\/www.avistahideawayphuketresort.com\/es\/wp-json\/wp\/v2\/categories?post=881"}],"curies":[{"name":"wp","href":"https:\/\/api.w.org\/{rel}","templated":true}]}}