{"id":886,"date":"2023-05-03T03:50:07","date_gmt":"2023-05-03T03:50:07","guid":{"rendered":"https:\/\/www.avistahideawayphuketresort.com\/weddings-meetings-in-phuket\/thai-weddings-in-phuket\/wedding-packages\/"},"modified":"2023-07-06T01:52:56","modified_gmt":"2023-07-06T01:52:56","slug":"wedding-packages","status":"publish","type":"page","link":"https:\/\/www.avistahideawayphuketresort.com\/es\/phuket-spa-wellness\/wedding-packages\/","title":{"rendered":"PAQUETES DE BODA"},"content":{"rendered":"<p style=\"text-align: center;\">Paquetes de bodas Avista: un mundo dise\u00f1ado para satisfacer tus sue\u00f1os m\u00e1s salvajes; sue\u00f1os de una boda rom\u00e1ntica y pintoresca en un entorno tropical donde cada momento precioso de tu d\u00eda especial es manejado con cuidado y afecto por nuestros apasionados y profesionales organizadores de bodas. Es un mundo que est\u00e1 al alcance de tu mano, haz realidad tus sue\u00f1os con las bodas de Avista y reg\u00e1late un d\u00eda para recordar el resto de tu vida con nuestros paquetes de bodas en Phuket.<\/p>\n","protected":false},"excerpt":{"rendered":"<p>Paquetes de bodas Avista: un mundo dise\u00f1ado para satisfacer tus sue\u00f1os m\u00e1s salvajes; sue\u00f1os de una boda rom\u00e1ntica y pintoresca en un entorno tropical donde cada momento precioso de tu d\u00eda especial es manejado con cuidado y afecto por nuestros apasionados y profesionales organizadores de bodas. Es un mundo que est\u00e1 al alcance de tu [&hellip;]<\/p>\n","protected":false},"author":55,"featured_media":0,"parent":1047,"menu_order":1,"comment_status":"closed","ping_status":"closed","template":"template-spa.php","meta":{"footnotes":""},"categories":[],"class_list":["post-886","page","type-page","status-publish","hentry"],"acf":[],"yoast_head":"<!-- This site is optimized with the Yoast SEO plugin v26.9 - https:\/\/yoast.com\/product\/yoast-seo-wordpress\/ -->\n<title>Wedding Packages | Avista Hideaway Phuket Patong<\/title>\n<meta name=\"description\" content=\"Wedding Packages - Your dreams come true with Avista weddings. Afford yourselves a day to remember for the rest of your lives with our wedding packages.\" \/>\n<meta name=\"robots\" content=\"index, follow, max-snippet:-1, max-image-preview:large, max-video-preview:-1\" \/>\n<link rel=\"canonical\" href=\"https:\/\/www.avistahideawayphuketresort.com\/es\/phuket-spa-wellness\/wedding-packages\/\" \/>\n<meta property=\"og:locale\" content=\"es_ES\" \/>\n<meta property=\"og:type\" content=\"article\" \/>\n<meta property=\"og:title\" content=\"Wedding Packages | Avista Hideaway Phuket Patong\" \/>\n<meta property=\"og:description\" content=\"Wedding Packages - Your dreams come true with Avista weddings. Afford yourselves a day to remember for the rest of your lives with our wedding packages.\" \/>\n<meta property=\"og:url\" content=\"https:\/\/www.avistahideawayphuketresort.com\/es\/phuket-spa-wellness\/wedding-packages\/\" \/>\n<meta property=\"og:site_name\" content=\"Avista Hideaway Phuket Patong\" \/>\n<meta property=\"article:modified_time\" content=\"2023-07-06T01:52:56+00:00\" \/>\n<meta name=\"twitter:card\" content=\"summary_large_image\" \/>\n<meta name=\"twitter:label1\" content=\"Tiempo de lectura\" \/>\n\t<meta name=\"twitter:data1\" content=\"1 minuto\" \/>\n<script type=\"application\/ld+json\" class=\"yoast-schema-graph\">{\"@context\":\"https:\/\/schema.org\",\"@graph\":[{\"@type\":\"WebPage\",\"@id\":\"https:\/\/www.avistahideawayphuketresort.com\/es\/phuket-spa-wellness\/wedding-packages\/\",\"url\":\"https:\/\/www.avistahideawayphuketresort.com\/es\/phuket-spa-wellness\/wedding-packages\/\",\"name\":\"Wedding Packages | Avista Hideaway Phuket Patong\",\"isPartOf\":{\"@id\":\"https:\/\/www.avistahideawayphuketresort.com\/#website\"},\"datePublished\":\"2023-05-03T03:50:07+00:00\",\"dateModified\":\"2023-07-06T01:52:56+00:00\",\"description\":\"Wedding Packages - Your dreams come true with Avista weddings. Afford yourselves a day to remember for the rest of your lives with our wedding packages.\",\"breadcrumb\":{\"@id\":\"https:\/\/www.avistahideawayphuketresort.com\/es\/phuket-spa-wellness\/wedding-packages\/#breadcrumb\"},\"inLanguage\":\"es\",\"potentialAction\":[{\"@type\":\"ReadAction\",\"target\":[\"https:\/\/www.avistahideawayphuketresort.com\/es\/phuket-spa-wellness\/wedding-packages\/\"]}]},{\"@type\":\"BreadcrumbList\",\"@id\":\"https:\/\/www.avistahideawayphuketresort.com\/es\/phuket-spa-wellness\/wedding-packages\/#breadcrumb\",\"itemListElement\":[{\"@type\":\"ListItem\",\"position\":1,\"name\":\"Home\",\"item\":\"https:\/\/www.avistahideawayphuketresort.com\/es\/\"},{\"@type\":\"ListItem\",\"position\":2,\"name\":\"Spa &#038; Bienestar\",\"item\":\"https:\/\/www.avistahideawayphuketresort.com\/es\/phuket-spa-wellness\/\"},{\"@type\":\"ListItem\",\"position\":3,\"name\":\"PAQUETES DE BODA\"}]},{\"@type\":\"WebSite\",\"@id\":\"https:\/\/www.avistahideawayphuketresort.com\/#website\",\"url\":\"https:\/\/www.avistahideawayphuketresort.com\/\",\"name\":\"Avista Hideaway Phuket Patong\",\"description\":\"\",\"potentialAction\":[{\"@type\":\"SearchAction\",\"target\":{\"@type\":\"EntryPoint\",\"urlTemplate\":\"https:\/\/www.avistahideawayphuketresort.com\/?s={search_term_string}\"},\"query-input\":{\"@type\":\"PropertyValueSpecification\",\"valueRequired\":true,\"valueName\":\"search_term_string\"}}],\"inLanguage\":\"es\"}]}<\/script>\n<!-- \/ Yoast SEO plugin. -->","yoast_head_json":{"title":"Wedding Packages | Avista Hideaway Phuket Patong","description":"Wedding Packages - Your dreams come true with Avista weddings. Afford yourselves a day to remember for the rest of your lives with our wedding packages.","robots":{"index":"index","follow":"follow","max-snippet":"max-snippet:-1","max-image-preview":"max-image-preview:large","max-video-preview":"max-video-preview:-1"},"canonical":"https:\/\/www.avistahideawayphuketresort.com\/es\/phuket-spa-wellness\/wedding-packages\/","og_locale":"es_ES","og_type":"article","og_title":"Wedding Packages | Avista Hideaway Phuket Patong","og_description":"Wedding Packages - Your dreams come true with Avista weddings. Afford yourselves a day to remember for the rest of your lives with our wedding packages.","og_url":"https:\/\/www.avistahideawayphuketresort.com\/es\/phuket-spa-wellness\/wedding-packages\/","og_site_name":"Avista Hideaway Phuket Patong","article_modified_time":"2023-07-06T01:52:56+00:00","twitter_card":"summary_large_image","twitter_misc":{"Tiempo de lectura":"1 minuto"},"schema":{"@context":"https:\/\/schema.org","@graph":[{"@type":"WebPage","@id":"https:\/\/www.avistahideawayphuketresort.com\/es\/phuket-spa-wellness\/wedding-packages\/","url":"https:\/\/www.avistahideawayphuketresort.com\/es\/phuket-spa-wellness\/wedding-packages\/","name":"Wedding Packages | Avista Hideaway Phuket Patong","isPartOf":{"@id":"https:\/\/www.avistahideawayphuketresort.com\/#website"},"datePublished":"2023-05-03T03:50:07+00:00","dateModified":"2023-07-06T01:52:56+00:00","description":"Wedding Packages - Your dreams come true with Avista weddings. Afford yourselves a day to remember for the rest of your lives with our wedding packages.","breadcrumb":{"@id":"https:\/\/www.avistahideawayphuketresort.com\/es\/phuket-spa-wellness\/wedding-packages\/#breadcrumb"},"inLanguage":"es","potentialAction":[{"@type":"ReadAction","target":["https:\/\/www.avistahideawayphuketresort.com\/es\/phuket-spa-wellness\/wedding-packages\/"]}]},{"@type":"BreadcrumbList","@id":"https:\/\/www.avistahideawayphuketresort.com\/es\/phuket-spa-wellness\/wedding-packages\/#breadcrumb","itemListElement":[{"@type":"ListItem","position":1,"name":"Home","item":"https:\/\/www.avistahideawayphuketresort.com\/es\/"},{"@type":"ListItem","position":2,"name":"Spa &#038; Bienestar","item":"https:\/\/www.avistahideawayphuketresort.com\/es\/phuket-spa-wellness\/"},{"@type":"ListItem","position":3,"name":"PAQUETES DE BODA"}]},{"@type":"WebSite","@id":"https:\/\/www.avistahideawayphuketresort.com\/#website","url":"https:\/\/www.avistahideawayphuketresort.com\/","name":"Avista Hideaway Phuket Patong","description":"","potentialAction":[{"@type":"SearchAction","target":{"@type":"EntryPoint","urlTemplate":"https:\/\/www.avistahideawayphuketresort.com\/?s={search_term_string}"},"query-input":{"@type":"PropertyValueSpecification","valueRequired":true,"valueName":"search_term_string"}}],"inLanguage":"es"}]}},"_links":{"self":[{"href":"https:\/\/www.avistahideawayphuketresort.com\/es\/wp-json\/wp\/v2\/pages\/886","targetHints":{"allow":["GET"]}}],"collection":[{"href":"https:\/\/www.avistahideawayphuketresort.com\/es\/wp-json\/wp\/v2\/pages"}],"about":[{"href":"https:\/\/www.avistahideawayphuketresort.com\/es\/wp-json\/wp\/v2\/types\/page"}],"author":[{"embeddable":true,"href":"https:\/\/www.avistahideawayphuketresort.com\/es\/wp-json\/wp\/v2\/users\/55"}],"replies":[{"embeddable":true,"href":"https:\/\/www.avistahideawayphuketresort.com\/es\/wp-json\/wp\/v2\/comments?post=886"}],"version-history":[{"count":0,"href":"https:\/\/www.avistahideawayphuketresort.com\/es\/wp-json\/wp\/v2\/pages\/886\/revisions"}],"up":[{"embeddable":true,"href":"https:\/\/www.avistahideawayphuketresort.com\/es\/wp-json\/wp\/v2\/pages\/1047"}],"wp:attachment":[{"href":"https:\/\/www.avistahideawayphuketresort.com\/es\/wp-json\/wp\/v2\/media?parent=886"}],"wp:term":[{"taxonomy":"category","embeddable":true,"href":"https:\/\/www.avistahideawayphuketresort.com\/es\/wp-json\/wp\/v2\/categories?post=886"}],"curies":[{"name":"wp","href":"https:\/\/api.w.org\/{rel}","templated":true}]}}