{"id":894,"date":"2023-05-03T03:54:18","date_gmt":"2023-05-03T03:54:18","guid":{"rendered":"https:\/\/www.avistahideawayphuketresort.com\/weddings-meetings-in-phuket\/thai-weddings-in-phuket\/wedding-packages\/destination-wedding-thai-theme\/"},"modified":"2023-07-06T01:57:55","modified_gmt":"2023-07-06T01:57:55","slug":"destination-wedding-thai-theme","status":"publish","type":"page","link":"https:\/\/www.avistahideawayphuketresort.com\/es\/phuket-spa-wellness\/wedding-packages\/destination-wedding-thai-theme\/","title":{"rendered":"Boda Tailandesa Tradicional"},"content":{"rendered":"<p style=\"text-align: center;\">Nuestros sensacionales paquetes de bodas tailandesas est\u00e1n disponibles durante todo el a\u00f1o para los hu\u00e9spedes de Avista Hideaway Patong y Novotel Phuket, Kata Avista Resort and Spa. Esta selecci\u00f3n popular est\u00e1 inspirada en ceremonias tradicionales tailandesas, presentando detalladas costumbres locales de bodas en un ambiente m\u00e1gico. Desde delicados rituales tailandeses hasta una maravillosa selecci\u00f3n de trajes disponibles para los participantes, nuestro resort se encargar\u00e1 de cada detalle con precisi\u00f3n y elegancia. La experiencia se ve mejorada por una amplia selecci\u00f3n de alimentos y bebidas para todos, manteniendo un ambiente de celebraci\u00f3n rico y animado durante toda la fiesta. Con habitaciones lujosas de todos los tipos y tama\u00f1os, nuestros resorts pueden acoger grupos de cualquier tama\u00f1o.<\/p>\n<p style=\"text-align: center;\"><strong>Inclusiones del paquete (hasta 70 invitados)<\/strong><\/p>\n","protected":false},"excerpt":{"rendered":"<p>Nuestros sensacionales paquetes de bodas tailandesas est\u00e1n disponibles durante todo el a\u00f1o para los hu\u00e9spedes de Avista Hideaway Patong y Novotel Phuket, Kata Avista Resort and Spa. Esta selecci\u00f3n popular est\u00e1 inspirada en ceremonias tradicionales tailandesas, presentando detalladas costumbres locales de bodas en un ambiente m\u00e1gico. Desde delicados rituales tailandeses hasta una maravillosa selecci\u00f3n de [&hellip;]<\/p>\n","protected":false},"author":55,"featured_media":0,"parent":886,"menu_order":1,"comment_status":"closed","ping_status":"closed","template":"template-wedding.php","meta":{"footnotes":""},"categories":[],"class_list":["post-894","page","type-page","status-publish","hentry"],"acf":[],"yoast_head":"<!-- This site is optimized with the Yoast SEO plugin v26.9 - https:\/\/yoast.com\/product\/yoast-seo-wordpress\/ -->\n<title>Boda Tailandesa Tradicional - Avista Hideaway Phuket Patong<\/title>\n<meta name=\"robots\" content=\"index, follow, max-snippet:-1, max-image-preview:large, max-video-preview:-1\" \/>\n<link rel=\"canonical\" href=\"https:\/\/www.avistahideawayphuketresort.com\/es\/phuket-spa-wellness\/wedding-packages\/destination-wedding-thai-theme\/\" \/>\n<meta property=\"og:locale\" content=\"es_ES\" \/>\n<meta property=\"og:type\" content=\"article\" \/>\n<meta property=\"og:title\" content=\"Boda Tailandesa Tradicional - Avista Hideaway Phuket Patong\" \/>\n<meta property=\"og:description\" content=\"Nuestros sensacionales paquetes de bodas tailandesas est\u00e1n disponibles durante todo el a\u00f1o para los hu\u00e9spedes de Avista Hideaway Patong y Novotel Phuket, Kata Avista Resort and Spa. Esta selecci\u00f3n popular est\u00e1 inspirada en ceremonias tradicionales tailandesas, presentando detalladas costumbres locales de bodas en un ambiente m\u00e1gico. Desde delicados rituales tailandeses hasta una maravillosa selecci\u00f3n de [&hellip;]\" \/>\n<meta property=\"og:url\" content=\"https:\/\/www.avistahideawayphuketresort.com\/es\/phuket-spa-wellness\/wedding-packages\/destination-wedding-thai-theme\/\" \/>\n<meta property=\"og:site_name\" content=\"Avista Hideaway Phuket Patong\" \/>\n<meta property=\"article:modified_time\" content=\"2023-07-06T01:57:55+00:00\" \/>\n<meta name=\"twitter:card\" content=\"summary_large_image\" \/>\n<meta name=\"twitter:label1\" content=\"Tiempo de lectura\" \/>\n\t<meta name=\"twitter:data1\" content=\"1 minuto\" \/>\n<script type=\"application\/ld+json\" class=\"yoast-schema-graph\">{\"@context\":\"https:\/\/schema.org\",\"@graph\":[{\"@type\":\"WebPage\",\"@id\":\"https:\/\/www.avistahideawayphuketresort.com\/es\/phuket-spa-wellness\/wedding-packages\/destination-wedding-thai-theme\/\",\"url\":\"https:\/\/www.avistahideawayphuketresort.com\/es\/phuket-spa-wellness\/wedding-packages\/destination-wedding-thai-theme\/\",\"name\":\"Boda Tailandesa Tradicional - Avista Hideaway Phuket Patong\",\"isPartOf\":{\"@id\":\"https:\/\/www.avistahideawayphuketresort.com\/#website\"},\"datePublished\":\"2023-05-03T03:54:18+00:00\",\"dateModified\":\"2023-07-06T01:57:55+00:00\",\"breadcrumb\":{\"@id\":\"https:\/\/www.avistahideawayphuketresort.com\/es\/phuket-spa-wellness\/wedding-packages\/destination-wedding-thai-theme\/#breadcrumb\"},\"inLanguage\":\"es\",\"potentialAction\":[{\"@type\":\"ReadAction\",\"target\":[\"https:\/\/www.avistahideawayphuketresort.com\/es\/phuket-spa-wellness\/wedding-packages\/destination-wedding-thai-theme\/\"]}]},{\"@type\":\"BreadcrumbList\",\"@id\":\"https:\/\/www.avistahideawayphuketresort.com\/es\/phuket-spa-wellness\/wedding-packages\/destination-wedding-thai-theme\/#breadcrumb\",\"itemListElement\":[{\"@type\":\"ListItem\",\"position\":1,\"name\":\"Home\",\"item\":\"https:\/\/www.avistahideawayphuketresort.com\/es\/\"},{\"@type\":\"ListItem\",\"position\":2,\"name\":\"Spa &#038; Bienestar\",\"item\":\"https:\/\/www.avistahideawayphuketresort.com\/es\/phuket-spa-wellness\/\"},{\"@type\":\"ListItem\",\"position\":3,\"name\":\"PAQUETES DE BODA\",\"item\":\"https:\/\/www.avistahideawayphuketresort.com\/es\/phuket-spa-wellness\/wedding-packages\/\"},{\"@type\":\"ListItem\",\"position\":4,\"name\":\"Boda Tailandesa Tradicional\"}]},{\"@type\":\"WebSite\",\"@id\":\"https:\/\/www.avistahideawayphuketresort.com\/#website\",\"url\":\"https:\/\/www.avistahideawayphuketresort.com\/\",\"name\":\"Avista Hideaway Phuket Patong\",\"description\":\"\",\"potentialAction\":[{\"@type\":\"SearchAction\",\"target\":{\"@type\":\"EntryPoint\",\"urlTemplate\":\"https:\/\/www.avistahideawayphuketresort.com\/?s={search_term_string}\"},\"query-input\":{\"@type\":\"PropertyValueSpecification\",\"valueRequired\":true,\"valueName\":\"search_term_string\"}}],\"inLanguage\":\"es\"}]}<\/script>\n<!-- \/ Yoast SEO plugin. -->","yoast_head_json":{"title":"Boda Tailandesa Tradicional - Avista Hideaway Phuket Patong","robots":{"index":"index","follow":"follow","max-snippet":"max-snippet:-1","max-image-preview":"max-image-preview:large","max-video-preview":"max-video-preview:-1"},"canonical":"https:\/\/www.avistahideawayphuketresort.com\/es\/phuket-spa-wellness\/wedding-packages\/destination-wedding-thai-theme\/","og_locale":"es_ES","og_type":"article","og_title":"Boda Tailandesa Tradicional - Avista Hideaway Phuket Patong","og_description":"Nuestros sensacionales paquetes de bodas tailandesas est\u00e1n disponibles durante todo el a\u00f1o para los hu\u00e9spedes de Avista Hideaway Patong y Novotel Phuket, Kata Avista Resort and Spa. Esta selecci\u00f3n popular est\u00e1 inspirada en ceremonias tradicionales tailandesas, presentando detalladas costumbres locales de bodas en un ambiente m\u00e1gico. Desde delicados rituales tailandeses hasta una maravillosa selecci\u00f3n de [&hellip;]","og_url":"https:\/\/www.avistahideawayphuketresort.com\/es\/phuket-spa-wellness\/wedding-packages\/destination-wedding-thai-theme\/","og_site_name":"Avista Hideaway Phuket Patong","article_modified_time":"2023-07-06T01:57:55+00:00","twitter_card":"summary_large_image","twitter_misc":{"Tiempo de lectura":"1 minuto"},"schema":{"@context":"https:\/\/schema.org","@graph":[{"@type":"WebPage","@id":"https:\/\/www.avistahideawayphuketresort.com\/es\/phuket-spa-wellness\/wedding-packages\/destination-wedding-thai-theme\/","url":"https:\/\/www.avistahideawayphuketresort.com\/es\/phuket-spa-wellness\/wedding-packages\/destination-wedding-thai-theme\/","name":"Boda Tailandesa Tradicional - Avista Hideaway Phuket Patong","isPartOf":{"@id":"https:\/\/www.avistahideawayphuketresort.com\/#website"},"datePublished":"2023-05-03T03:54:18+00:00","dateModified":"2023-07-06T01:57:55+00:00","breadcrumb":{"@id":"https:\/\/www.avistahideawayphuketresort.com\/es\/phuket-spa-wellness\/wedding-packages\/destination-wedding-thai-theme\/#breadcrumb"},"inLanguage":"es","potentialAction":[{"@type":"ReadAction","target":["https:\/\/www.avistahideawayphuketresort.com\/es\/phuket-spa-wellness\/wedding-packages\/destination-wedding-thai-theme\/"]}]},{"@type":"BreadcrumbList","@id":"https:\/\/www.avistahideawayphuketresort.com\/es\/phuket-spa-wellness\/wedding-packages\/destination-wedding-thai-theme\/#breadcrumb","itemListElement":[{"@type":"ListItem","position":1,"name":"Home","item":"https:\/\/www.avistahideawayphuketresort.com\/es\/"},{"@type":"ListItem","position":2,"name":"Spa &#038; Bienestar","item":"https:\/\/www.avistahideawayphuketresort.com\/es\/phuket-spa-wellness\/"},{"@type":"ListItem","position":3,"name":"PAQUETES DE BODA","item":"https:\/\/www.avistahideawayphuketresort.com\/es\/phuket-spa-wellness\/wedding-packages\/"},{"@type":"ListItem","position":4,"name":"Boda Tailandesa Tradicional"}]},{"@type":"WebSite","@id":"https:\/\/www.avistahideawayphuketresort.com\/#website","url":"https:\/\/www.avistahideawayphuketresort.com\/","name":"Avista Hideaway Phuket Patong","description":"","potentialAction":[{"@type":"SearchAction","target":{"@type":"EntryPoint","urlTemplate":"https:\/\/www.avistahideawayphuketresort.com\/?s={search_term_string}"},"query-input":{"@type":"PropertyValueSpecification","valueRequired":true,"valueName":"search_term_string"}}],"inLanguage":"es"}]}},"_links":{"self":[{"href":"https:\/\/www.avistahideawayphuketresort.com\/es\/wp-json\/wp\/v2\/pages\/894","targetHints":{"allow":["GET"]}}],"collection":[{"href":"https:\/\/www.avistahideawayphuketresort.com\/es\/wp-json\/wp\/v2\/pages"}],"about":[{"href":"https:\/\/www.avistahideawayphuketresort.com\/es\/wp-json\/wp\/v2\/types\/page"}],"author":[{"embeddable":true,"href":"https:\/\/www.avistahideawayphuketresort.com\/es\/wp-json\/wp\/v2\/users\/55"}],"replies":[{"embeddable":true,"href":"https:\/\/www.avistahideawayphuketresort.com\/es\/wp-json\/wp\/v2\/comments?post=894"}],"version-history":[{"count":0,"href":"https:\/\/www.avistahideawayphuketresort.com\/es\/wp-json\/wp\/v2\/pages\/894\/revisions"}],"up":[{"embeddable":true,"href":"https:\/\/www.avistahideawayphuketresort.com\/es\/wp-json\/wp\/v2\/pages\/886"}],"wp:attachment":[{"href":"https:\/\/www.avistahideawayphuketresort.com\/es\/wp-json\/wp\/v2\/media?parent=894"}],"wp:term":[{"taxonomy":"category","embeddable":true,"href":"https:\/\/www.avistahideawayphuketresort.com\/es\/wp-json\/wp\/v2\/categories?post=894"}],"curies":[{"name":"wp","href":"https:\/\/api.w.org\/{rel}","templated":true}]}}