{"id":928,"date":"2023-05-03T06:21:41","date_gmt":"2023-05-03T06:21:41","guid":{"rendered":"https:\/\/www.avistahideawayphuketresort.com\/weddings-meetings-in-phuket\/meetings-banquets\/bay-watch\/"},"modified":"2023-07-13T05:08:45","modified_gmt":"2023-07-13T05:08:45","slug":"bay-watch","status":"publish","type":"page","link":"https:\/\/www.avistahideawayphuketresort.com\/es\/weddings-meetings-in-phuket\/meetings-banquets\/bay-watch\/","title":{"rendered":"BAYWATCH"},"content":{"rendered":"<p style=\"text-align: center;\">Construye una compa\u00f1\u00eda saludable entre colegas y lleva la productividad al siguiente nivel, \u00bfqu\u00e9 mejor manera que planificar una escapada perfecta!<br \/>\nAvista Hideaway Phuket Patong &#8211; MGallery Hotel Collection es un lugar maravilloso para reuniones de trabajo, escapadas corporativas y actividades de construcci\u00f3n de equipos en un entorno tropical. Todo cambia cuando todos en el equipo est\u00e1n igualmente comprometidos con el prop\u00f3sito y objetivo general. Experimenta los mejores servicios, empaquetados a la perfecci\u00f3n para tu evento corporativo. Un ambiente relajado es justo lo que necesitas para conectar con tus colegas.<br \/>\nPonte manos a la obra en la sala de eventos Bay Watch, que se puede organizar para acomodar hasta 80 asistentes. Los elementos est\u00e1ndar incluyen un podio para tus presentaciones, equipos audiovisuales de \u00faltima generaci\u00f3n y soluciones de videoconferencia. Un lugar perfecto para relajarte despu\u00e9s de haber trabajado mucho. T\u00fa y tus compa\u00f1eros de trabajo se enamorar\u00e1n del amplio lugar y nuestra hospitalidad \u00f3ptima. Tiene el ambiente perfecto para relajarse y descansar.<br \/>\nConocer a los colegas fuera de las cuatro paredes de una oficina les ayuda a construir una mejor comprensi\u00f3n mutua. No solo hace que el trabajo colaborativo en la oficina sea m\u00e1s efectivo, sino que tambi\u00e9n rompe barreras entre diferentes departamentos. Prueba nuestras ofertas exclusivas de fidelidad.<br \/>\nEl personal s\u00faper eficiente se asegura de que todo funcione sin problemas, dej\u00e1ndote a ti y a tus colegas tiempo suficiente para conocerse fuera del contexto empresarial. Comer juntos mejora las relaciones, hace que las personas hablen entre s\u00ed sobre sus vidas personales y se conozcan fuera del trabajo. Con nuestra deliciosa comida, una variedad de bebidas y un magn\u00edfico ambiente, seguramente disfrutar\u00e1s de una experiencia de comida informal y relajante con un servicio amigable de clase mundial.<br \/>\nComparte una comida en Sizzle, el restaurante en la azotea, o toma c\u00f3cteles juntos mientras discuten estrategias junto a la piscina. Ya sea que est\u00e9s en una fecha l\u00edmite o agradeciendo a los mejores empleados por un trabajo bien hecho, MGallery est\u00e1 aqu\u00ed para satisfacer todas tus necesidades comerciales.<br \/>\nPara Paquetes De Reuniones, HAZ CLIC AQU\u00cd<\/p>\n","protected":false},"excerpt":{"rendered":"<p>Construye una compa\u00f1\u00eda saludable entre colegas y lleva la productividad al siguiente nivel, \u00bfqu\u00e9 mejor manera que planificar una escapada perfecta! Avista Hideaway Phuket Patong &#8211; MGallery Hotel Collection es un lugar maravilloso para reuniones de trabajo, escapadas corporativas y actividades de construcci\u00f3n de equipos en un entorno tropical. Todo cambia cuando todos en el [&hellip;]<\/p>\n","protected":false},"author":55,"featured_media":0,"parent":922,"menu_order":1,"comment_status":"closed","ping_status":"closed","template":"template-meeting-room.php","meta":{"footnotes":""},"categories":[],"class_list":["post-928","page","type-page","status-publish","hentry"],"acf":[],"yoast_head":"<!-- This site is optimized with the Yoast SEO plugin v26.9 - https:\/\/yoast.com\/product\/yoast-seo-wordpress\/ -->\n<title>BAYWATCH - Avista Hideaway Phuket Patong<\/title>\n<meta name=\"robots\" content=\"index, follow, max-snippet:-1, max-image-preview:large, max-video-preview:-1\" \/>\n<link rel=\"canonical\" href=\"https:\/\/www.avistahideawayphuketresort.com\/es\/weddings-meetings-in-phuket\/meetings-banquets\/bay-watch\/\" \/>\n<meta property=\"og:locale\" content=\"es_ES\" \/>\n<meta property=\"og:type\" content=\"article\" \/>\n<meta property=\"og:title\" content=\"BAYWATCH - Avista Hideaway Phuket Patong\" \/>\n<meta property=\"og:description\" content=\"Construye una compa\u00f1\u00eda saludable entre colegas y lleva la productividad al siguiente nivel, \u00bfqu\u00e9 mejor manera que planificar una escapada perfecta! Avista Hideaway Phuket Patong &#8211; MGallery Hotel Collection es un lugar maravilloso para reuniones de trabajo, escapadas corporativas y actividades de construcci\u00f3n de equipos en un entorno tropical. Todo cambia cuando todos en el [&hellip;]\" \/>\n<meta property=\"og:url\" content=\"https:\/\/www.avistahideawayphuketresort.com\/es\/weddings-meetings-in-phuket\/meetings-banquets\/bay-watch\/\" \/>\n<meta property=\"og:site_name\" content=\"Avista Hideaway Phuket Patong\" \/>\n<meta property=\"article:modified_time\" content=\"2023-07-13T05:08:45+00:00\" \/>\n<meta name=\"twitter:card\" content=\"summary_large_image\" \/>\n<meta name=\"twitter:label1\" content=\"Tiempo de lectura\" \/>\n\t<meta name=\"twitter:data1\" content=\"2 minutos\" \/>\n<script type=\"application\/ld+json\" class=\"yoast-schema-graph\">{\"@context\":\"https:\/\/schema.org\",\"@graph\":[{\"@type\":\"WebPage\",\"@id\":\"https:\/\/www.avistahideawayphuketresort.com\/es\/weddings-meetings-in-phuket\/meetings-banquets\/bay-watch\/\",\"url\":\"https:\/\/www.avistahideawayphuketresort.com\/es\/weddings-meetings-in-phuket\/meetings-banquets\/bay-watch\/\",\"name\":\"BAYWATCH - Avista Hideaway Phuket Patong\",\"isPartOf\":{\"@id\":\"https:\/\/www.avistahideawayphuketresort.com\/#website\"},\"datePublished\":\"2023-05-03T06:21:41+00:00\",\"dateModified\":\"2023-07-13T05:08:45+00:00\",\"breadcrumb\":{\"@id\":\"https:\/\/www.avistahideawayphuketresort.com\/es\/weddings-meetings-in-phuket\/meetings-banquets\/bay-watch\/#breadcrumb\"},\"inLanguage\":\"es\",\"potentialAction\":[{\"@type\":\"ReadAction\",\"target\":[\"https:\/\/www.avistahideawayphuketresort.com\/es\/weddings-meetings-in-phuket\/meetings-banquets\/bay-watch\/\"]}]},{\"@type\":\"BreadcrumbList\",\"@id\":\"https:\/\/www.avistahideawayphuketresort.com\/es\/weddings-meetings-in-phuket\/meetings-banquets\/bay-watch\/#breadcrumb\",\"itemListElement\":[{\"@type\":\"ListItem\",\"position\":1,\"name\":\"Home\",\"item\":\"https:\/\/www.avistahideawayphuketresort.com\/es\/\"},{\"@type\":\"ListItem\",\"position\":2,\"name\":\"Reuniones &#038; BODAS\",\"item\":\"https:\/\/www.avistahideawayphuketresort.com\/es\/weddings-meetings-in-phuket\/\"},{\"@type\":\"ListItem\",\"position\":3,\"name\":\"REUNIONES &#038; EVENTOS\",\"item\":\"https:\/\/www.avistahideawayphuketresort.com\/es\/weddings-meetings-in-phuket\/meetings-banquets\/\"},{\"@type\":\"ListItem\",\"position\":4,\"name\":\"BAYWATCH\"}]},{\"@type\":\"WebSite\",\"@id\":\"https:\/\/www.avistahideawayphuketresort.com\/#website\",\"url\":\"https:\/\/www.avistahideawayphuketresort.com\/\",\"name\":\"Avista Hideaway Phuket Patong\",\"description\":\"\",\"potentialAction\":[{\"@type\":\"SearchAction\",\"target\":{\"@type\":\"EntryPoint\",\"urlTemplate\":\"https:\/\/www.avistahideawayphuketresort.com\/?s={search_term_string}\"},\"query-input\":{\"@type\":\"PropertyValueSpecification\",\"valueRequired\":true,\"valueName\":\"search_term_string\"}}],\"inLanguage\":\"es\"}]}<\/script>\n<!-- \/ Yoast SEO plugin. -->","yoast_head_json":{"title":"BAYWATCH - Avista Hideaway Phuket Patong","robots":{"index":"index","follow":"follow","max-snippet":"max-snippet:-1","max-image-preview":"max-image-preview:large","max-video-preview":"max-video-preview:-1"},"canonical":"https:\/\/www.avistahideawayphuketresort.com\/es\/weddings-meetings-in-phuket\/meetings-banquets\/bay-watch\/","og_locale":"es_ES","og_type":"article","og_title":"BAYWATCH - Avista Hideaway Phuket Patong","og_description":"Construye una compa\u00f1\u00eda saludable entre colegas y lleva la productividad al siguiente nivel, \u00bfqu\u00e9 mejor manera que planificar una escapada perfecta! Avista Hideaway Phuket Patong &#8211; MGallery Hotel Collection es un lugar maravilloso para reuniones de trabajo, escapadas corporativas y actividades de construcci\u00f3n de equipos en un entorno tropical. Todo cambia cuando todos en el [&hellip;]","og_url":"https:\/\/www.avistahideawayphuketresort.com\/es\/weddings-meetings-in-phuket\/meetings-banquets\/bay-watch\/","og_site_name":"Avista Hideaway Phuket Patong","article_modified_time":"2023-07-13T05:08:45+00:00","twitter_card":"summary_large_image","twitter_misc":{"Tiempo de lectura":"2 minutos"},"schema":{"@context":"https:\/\/schema.org","@graph":[{"@type":"WebPage","@id":"https:\/\/www.avistahideawayphuketresort.com\/es\/weddings-meetings-in-phuket\/meetings-banquets\/bay-watch\/","url":"https:\/\/www.avistahideawayphuketresort.com\/es\/weddings-meetings-in-phuket\/meetings-banquets\/bay-watch\/","name":"BAYWATCH - Avista Hideaway Phuket Patong","isPartOf":{"@id":"https:\/\/www.avistahideawayphuketresort.com\/#website"},"datePublished":"2023-05-03T06:21:41+00:00","dateModified":"2023-07-13T05:08:45+00:00","breadcrumb":{"@id":"https:\/\/www.avistahideawayphuketresort.com\/es\/weddings-meetings-in-phuket\/meetings-banquets\/bay-watch\/#breadcrumb"},"inLanguage":"es","potentialAction":[{"@type":"ReadAction","target":["https:\/\/www.avistahideawayphuketresort.com\/es\/weddings-meetings-in-phuket\/meetings-banquets\/bay-watch\/"]}]},{"@type":"BreadcrumbList","@id":"https:\/\/www.avistahideawayphuketresort.com\/es\/weddings-meetings-in-phuket\/meetings-banquets\/bay-watch\/#breadcrumb","itemListElement":[{"@type":"ListItem","position":1,"name":"Home","item":"https:\/\/www.avistahideawayphuketresort.com\/es\/"},{"@type":"ListItem","position":2,"name":"Reuniones &#038; BODAS","item":"https:\/\/www.avistahideawayphuketresort.com\/es\/weddings-meetings-in-phuket\/"},{"@type":"ListItem","position":3,"name":"REUNIONES &#038; EVENTOS","item":"https:\/\/www.avistahideawayphuketresort.com\/es\/weddings-meetings-in-phuket\/meetings-banquets\/"},{"@type":"ListItem","position":4,"name":"BAYWATCH"}]},{"@type":"WebSite","@id":"https:\/\/www.avistahideawayphuketresort.com\/#website","url":"https:\/\/www.avistahideawayphuketresort.com\/","name":"Avista Hideaway Phuket Patong","description":"","potentialAction":[{"@type":"SearchAction","target":{"@type":"EntryPoint","urlTemplate":"https:\/\/www.avistahideawayphuketresort.com\/?s={search_term_string}"},"query-input":{"@type":"PropertyValueSpecification","valueRequired":true,"valueName":"search_term_string"}}],"inLanguage":"es"}]}},"_links":{"self":[{"href":"https:\/\/www.avistahideawayphuketresort.com\/es\/wp-json\/wp\/v2\/pages\/928","targetHints":{"allow":["GET"]}}],"collection":[{"href":"https:\/\/www.avistahideawayphuketresort.com\/es\/wp-json\/wp\/v2\/pages"}],"about":[{"href":"https:\/\/www.avistahideawayphuketresort.com\/es\/wp-json\/wp\/v2\/types\/page"}],"author":[{"embeddable":true,"href":"https:\/\/www.avistahideawayphuketresort.com\/es\/wp-json\/wp\/v2\/users\/55"}],"replies":[{"embeddable":true,"href":"https:\/\/www.avistahideawayphuketresort.com\/es\/wp-json\/wp\/v2\/comments?post=928"}],"version-history":[{"count":0,"href":"https:\/\/www.avistahideawayphuketresort.com\/es\/wp-json\/wp\/v2\/pages\/928\/revisions"}],"up":[{"embeddable":true,"href":"https:\/\/www.avistahideawayphuketresort.com\/es\/wp-json\/wp\/v2\/pages\/922"}],"wp:attachment":[{"href":"https:\/\/www.avistahideawayphuketresort.com\/es\/wp-json\/wp\/v2\/media?parent=928"}],"wp:term":[{"taxonomy":"category","embeddable":true,"href":"https:\/\/www.avistahideawayphuketresort.com\/es\/wp-json\/wp\/v2\/categories?post=928"}],"curies":[{"name":"wp","href":"https:\/\/api.w.org\/{rel}","templated":true}]}}