{"id":963,"date":"2023-05-10T03:25:12","date_gmt":"2023-05-10T03:25:12","guid":{"rendered":"https:\/\/www.avistahideawayphuketresort.com\/best-restaurants-in-phuket-patong\/sizzle-rooftop-restaurant-phuket\/"},"modified":"2023-07-04T05:03:51","modified_gmt":"2023-07-04T05:03:51","slug":"sizzle-rooftop-restaurant-phuket","status":"publish","type":"page","link":"https:\/\/www.avistahideawayphuketresort.com\/es\/best-restaurants-in-phuket-patong\/sizzle-rooftop-restaurant-phuket\/","title":{"rendered":"RESTAURANTE EN LA AZOTEA SIZZLE"},"content":{"rendered":"<p style=\"text-align: center\">Un elegante bar en la azotea de ambiente informal, un restaurante de filete y mariscos ubicado en las colinas de Patong, cerca de Freedom Beach. Mostrando los cl\u00e1sicos e innovaciones besados por la parrilla y sus llamas, Sizzle es el lugar perfecto para c\u00f3cteles al atardecer que se convierte en una cena social muy espont\u00e1nea. Puedes decidir mezclarte con la multitud o reservar una de nuestras salas de comedor privadas y disfrutar de una cena relajada bajo las estrellas.<\/p>\n<p style=\"text-align: center\">Prep\u00e1rate para deleitarte con una selecci\u00f3n de entrantes y ensaladas refrescantes o una experiencia de mariscos en vivo que te transportar\u00e1 directamente al borde del oc\u00e9ano. La parrilla de carb\u00f3n a\u00f1ade un toque r\u00fastico a nuestro proceso de cocci\u00f3n, infundiendo sabores audaces y ahumados en nuestros platos de tierra y mar. Para terminar, nuestra selecci\u00f3n de postres es la indulgencia perfecta para satisfacer los antojos dulces.<\/p>\n","protected":false},"excerpt":{"rendered":"<p>Un elegante bar en la azotea de ambiente informal, un restaurante de filete y mariscos ubicado en las colinas de Patong, cerca de Freedom Beach. Mostrando los cl\u00e1sicos e innovaciones besados por la parrilla y sus llamas, Sizzle es el lugar perfecto para c\u00f3cteles al atardecer que se convierte en una cena social muy espont\u00e1nea. [&hellip;]<\/p>\n","protected":false},"author":55,"featured_media":0,"parent":959,"menu_order":1,"comment_status":"closed","ping_status":"closed","template":"template-restaurant.php","meta":{"footnotes":""},"categories":[38],"class_list":["post-963","page","type-page","status-publish","hentry","category-restaurants-es"],"acf":[],"yoast_head":"<!-- This site is optimized with the Yoast SEO plugin v26.9 - https:\/\/yoast.com\/product\/yoast-seo-wordpress\/ -->\n<title>Best Rooftop Restaurant in Patong | Sizzle Rooftop Restaurant Phuket<\/title>\n<meta name=\"description\" content=\"Sizzle Rooftop Restaurant in Phuket by Avista Hideaway. Sizzle in Patong specializes in BBQ &amp; grilled seafood- the best rooftop restaurant.\" \/>\n<meta name=\"robots\" content=\"index, follow, max-snippet:-1, max-image-preview:large, max-video-preview:-1\" \/>\n<link rel=\"canonical\" href=\"https:\/\/www.avistahideawayphuketresort.com\/es\/best-restaurants-in-phuket-patong\/sizzle-rooftop-restaurant-phuket\/\" \/>\n<meta property=\"og:locale\" content=\"es_ES\" \/>\n<meta property=\"og:type\" content=\"article\" \/>\n<meta property=\"og:title\" content=\"Best Rooftop Restaurant in Patong | Sizzle Rooftop Restaurant Phuket\" \/>\n<meta property=\"og:description\" content=\"Sizzle Rooftop Restaurant in Phuket by Avista Hideaway. Sizzle in Patong specializes in BBQ &amp; grilled seafood- the best rooftop restaurant.\" \/>\n<meta property=\"og:url\" content=\"https:\/\/www.avistahideawayphuketresort.com\/es\/best-restaurants-in-phuket-patong\/sizzle-rooftop-restaurant-phuket\/\" \/>\n<meta property=\"og:site_name\" content=\"Avista Hideaway Phuket Patong\" \/>\n<meta property=\"article:modified_time\" content=\"2023-07-04T05:03:51+00:00\" \/>\n<meta name=\"twitter:card\" content=\"summary_large_image\" \/>\n<meta name=\"twitter:label1\" content=\"Tiempo de lectura\" \/>\n\t<meta name=\"twitter:data1\" content=\"1 minuto\" \/>\n<script type=\"application\/ld+json\" class=\"yoast-schema-graph\">{\"@context\":\"https:\/\/schema.org\",\"@graph\":[{\"@type\":\"WebPage\",\"@id\":\"https:\/\/www.avistahideawayphuketresort.com\/es\/best-restaurants-in-phuket-patong\/sizzle-rooftop-restaurant-phuket\/\",\"url\":\"https:\/\/www.avistahideawayphuketresort.com\/es\/best-restaurants-in-phuket-patong\/sizzle-rooftop-restaurant-phuket\/\",\"name\":\"Best Rooftop Restaurant in Patong | Sizzle Rooftop Restaurant Phuket\",\"isPartOf\":{\"@id\":\"https:\/\/www.avistahideawayphuketresort.com\/#website\"},\"datePublished\":\"2023-05-10T03:25:12+00:00\",\"dateModified\":\"2023-07-04T05:03:51+00:00\",\"description\":\"Sizzle Rooftop Restaurant in Phuket by Avista Hideaway. Sizzle in Patong specializes in BBQ & grilled seafood- the best rooftop restaurant.\",\"breadcrumb\":{\"@id\":\"https:\/\/www.avistahideawayphuketresort.com\/es\/best-restaurants-in-phuket-patong\/sizzle-rooftop-restaurant-phuket\/#breadcrumb\"},\"inLanguage\":\"es\",\"potentialAction\":[{\"@type\":\"ReadAction\",\"target\":[\"https:\/\/www.avistahideawayphuketresort.com\/es\/best-restaurants-in-phuket-patong\/sizzle-rooftop-restaurant-phuket\/\"]}]},{\"@type\":\"BreadcrumbList\",\"@id\":\"https:\/\/www.avistahideawayphuketresort.com\/es\/best-restaurants-in-phuket-patong\/sizzle-rooftop-restaurant-phuket\/#breadcrumb\",\"itemListElement\":[{\"@type\":\"ListItem\",\"position\":1,\"name\":\"Home\",\"item\":\"https:\/\/www.avistahideawayphuketresort.com\/es\/\"},{\"@type\":\"ListItem\",\"position\":2,\"name\":\"Restaurantes &#038; Bares\",\"item\":\"https:\/\/www.avistahideawayphuketresort.com\/es\/best-restaurants-in-phuket-patong\/\"},{\"@type\":\"ListItem\",\"position\":3,\"name\":\"RESTAURANTE EN LA AZOTEA SIZZLE\"}]},{\"@type\":\"WebSite\",\"@id\":\"https:\/\/www.avistahideawayphuketresort.com\/#website\",\"url\":\"https:\/\/www.avistahideawayphuketresort.com\/\",\"name\":\"Avista Hideaway Phuket Patong\",\"description\":\"\",\"potentialAction\":[{\"@type\":\"SearchAction\",\"target\":{\"@type\":\"EntryPoint\",\"urlTemplate\":\"https:\/\/www.avistahideawayphuketresort.com\/?s={search_term_string}\"},\"query-input\":{\"@type\":\"PropertyValueSpecification\",\"valueRequired\":true,\"valueName\":\"search_term_string\"}}],\"inLanguage\":\"es\"}]}<\/script>\n<!-- \/ Yoast SEO plugin. -->","yoast_head_json":{"title":"Best Rooftop Restaurant in Patong | Sizzle Rooftop Restaurant Phuket","description":"Sizzle Rooftop Restaurant in Phuket by Avista Hideaway. Sizzle in Patong specializes in BBQ & grilled seafood- the best rooftop restaurant.","robots":{"index":"index","follow":"follow","max-snippet":"max-snippet:-1","max-image-preview":"max-image-preview:large","max-video-preview":"max-video-preview:-1"},"canonical":"https:\/\/www.avistahideawayphuketresort.com\/es\/best-restaurants-in-phuket-patong\/sizzle-rooftop-restaurant-phuket\/","og_locale":"es_ES","og_type":"article","og_title":"Best Rooftop Restaurant in Patong | Sizzle Rooftop Restaurant Phuket","og_description":"Sizzle Rooftop Restaurant in Phuket by Avista Hideaway. Sizzle in Patong specializes in BBQ & grilled seafood- the best rooftop restaurant.","og_url":"https:\/\/www.avistahideawayphuketresort.com\/es\/best-restaurants-in-phuket-patong\/sizzle-rooftop-restaurant-phuket\/","og_site_name":"Avista Hideaway Phuket Patong","article_modified_time":"2023-07-04T05:03:51+00:00","twitter_card":"summary_large_image","twitter_misc":{"Tiempo de lectura":"1 minuto"},"schema":{"@context":"https:\/\/schema.org","@graph":[{"@type":"WebPage","@id":"https:\/\/www.avistahideawayphuketresort.com\/es\/best-restaurants-in-phuket-patong\/sizzle-rooftop-restaurant-phuket\/","url":"https:\/\/www.avistahideawayphuketresort.com\/es\/best-restaurants-in-phuket-patong\/sizzle-rooftop-restaurant-phuket\/","name":"Best Rooftop Restaurant in Patong | Sizzle Rooftop Restaurant Phuket","isPartOf":{"@id":"https:\/\/www.avistahideawayphuketresort.com\/#website"},"datePublished":"2023-05-10T03:25:12+00:00","dateModified":"2023-07-04T05:03:51+00:00","description":"Sizzle Rooftop Restaurant in Phuket by Avista Hideaway. Sizzle in Patong specializes in BBQ & grilled seafood- the best rooftop restaurant.","breadcrumb":{"@id":"https:\/\/www.avistahideawayphuketresort.com\/es\/best-restaurants-in-phuket-patong\/sizzle-rooftop-restaurant-phuket\/#breadcrumb"},"inLanguage":"es","potentialAction":[{"@type":"ReadAction","target":["https:\/\/www.avistahideawayphuketresort.com\/es\/best-restaurants-in-phuket-patong\/sizzle-rooftop-restaurant-phuket\/"]}]},{"@type":"BreadcrumbList","@id":"https:\/\/www.avistahideawayphuketresort.com\/es\/best-restaurants-in-phuket-patong\/sizzle-rooftop-restaurant-phuket\/#breadcrumb","itemListElement":[{"@type":"ListItem","position":1,"name":"Home","item":"https:\/\/www.avistahideawayphuketresort.com\/es\/"},{"@type":"ListItem","position":2,"name":"Restaurantes &#038; Bares","item":"https:\/\/www.avistahideawayphuketresort.com\/es\/best-restaurants-in-phuket-patong\/"},{"@type":"ListItem","position":3,"name":"RESTAURANTE EN LA AZOTEA SIZZLE"}]},{"@type":"WebSite","@id":"https:\/\/www.avistahideawayphuketresort.com\/#website","url":"https:\/\/www.avistahideawayphuketresort.com\/","name":"Avista Hideaway Phuket Patong","description":"","potentialAction":[{"@type":"SearchAction","target":{"@type":"EntryPoint","urlTemplate":"https:\/\/www.avistahideawayphuketresort.com\/?s={search_term_string}"},"query-input":{"@type":"PropertyValueSpecification","valueRequired":true,"valueName":"search_term_string"}}],"inLanguage":"es"}]}},"_links":{"self":[{"href":"https:\/\/www.avistahideawayphuketresort.com\/es\/wp-json\/wp\/v2\/pages\/963","targetHints":{"allow":["GET"]}}],"collection":[{"href":"https:\/\/www.avistahideawayphuketresort.com\/es\/wp-json\/wp\/v2\/pages"}],"about":[{"href":"https:\/\/www.avistahideawayphuketresort.com\/es\/wp-json\/wp\/v2\/types\/page"}],"author":[{"embeddable":true,"href":"https:\/\/www.avistahideawayphuketresort.com\/es\/wp-json\/wp\/v2\/users\/55"}],"replies":[{"embeddable":true,"href":"https:\/\/www.avistahideawayphuketresort.com\/es\/wp-json\/wp\/v2\/comments?post=963"}],"version-history":[{"count":0,"href":"https:\/\/www.avistahideawayphuketresort.com\/es\/wp-json\/wp\/v2\/pages\/963\/revisions"}],"up":[{"embeddable":true,"href":"https:\/\/www.avistahideawayphuketresort.com\/es\/wp-json\/wp\/v2\/pages\/959"}],"wp:attachment":[{"href":"https:\/\/www.avistahideawayphuketresort.com\/es\/wp-json\/wp\/v2\/media?parent=963"}],"wp:term":[{"taxonomy":"category","embeddable":true,"href":"https:\/\/www.avistahideawayphuketresort.com\/es\/wp-json\/wp\/v2\/categories?post=963"}],"curies":[{"name":"wp","href":"https:\/\/api.w.org\/{rel}","templated":true}]}}