{"id":973,"date":"2023-05-02T04:16:36","date_gmt":"2023-05-02T04:16:36","guid":{"rendered":"https:\/\/www.avistahideawayphuketresort.com\/best-restaurants-in-phuket-patong\/chiva-pool-bar-phuket\/"},"modified":"2023-07-04T05:27:16","modified_gmt":"2023-07-04T05:27:16","slug":"chiva-pool-bar-phuket","status":"publish","type":"page","link":"https:\/\/www.avistahideawayphuketresort.com\/es\/best-restaurants-in-phuket-patong\/chiva-pool-bar-phuket\/","title":{"rendered":"CHIVA POOL BAR"},"content":{"rendered":"<p style=\"text-align: center\">Rel\u00e1jate al borde de la piscina con vistas serenas y una bebida en la mano, no en uno, sino en tres bares en la piscina donde un ambiente lujoso diferente se adapta a tu estado de \u00e1nimo y lleva la relajaci\u00f3n en el bar de la piscina a nuevas alturas. El bar principal de Chiva tiene un impresionante tel\u00f3n de fondo de una piscina de monta\u00f1a infinita y tiene un ambiente divertido y familiar bajo el sol, con el club infantil justo detr\u00e1s para que los m\u00e1s peque\u00f1os puedan divertirse. Chiva Riverside sirve a la comunidad de la piscina de Riverside y tiene un ambiente ligeramente m\u00e1s exclusivo. En Chiva Hillside se respira una atm\u00f3sfera relajada y solo para adultos, donde la piscina de color negro \u00f3nix evoca serenidad y calma.<br \/>\nLa selecci\u00f3n mejorada del men\u00fa del bar de la piscina ofrece selecciones que nutren el alma, Krispy Kravings, bocadillos ligeros, s\u00e1ndwiches y delicias junto con c\u00f3cteles y mocktails helados, refrescantes jugos y batidos tropicales, batidos de leche cremosos y lassis, cervezas heladas y t\u00e9s e infusiones de caf\u00e9 que te reenergizan.<\/p>\n","protected":false},"excerpt":{"rendered":"<p>Rel\u00e1jate al borde de la piscina con vistas serenas y una bebida en la mano, no en uno, sino en tres bares en la piscina donde un ambiente lujoso diferente se adapta a tu estado de \u00e1nimo y lleva la relajaci\u00f3n en el bar de la piscina a nuevas alturas. El bar principal de Chiva [&hellip;]<\/p>\n","protected":false},"author":55,"featured_media":0,"parent":959,"menu_order":4,"comment_status":"closed","ping_status":"closed","template":"template-restaurant.php","meta":{"footnotes":""},"categories":[40],"class_list":["post-973","page","type-page","status-publish","hentry","category-bar-es"],"acf":[],"yoast_head":"<!-- This site is optimized with the Yoast SEO plugin v26.9 - https:\/\/yoast.com\/product\/yoast-seo-wordpress\/ -->\n<title>Chiva Pool Bar | Avista Hideaway Phuket Patong - MGallery<\/title>\n<meta name=\"description\" content=\"Refresh yourself by the pool and enjoy the delicious selection of food and drinks! Laze the day away at Chiva Pool Bar @ Avista Hideaway Phuket Patong.\" \/>\n<meta name=\"robots\" content=\"index, follow, max-snippet:-1, max-image-preview:large, max-video-preview:-1\" \/>\n<link rel=\"canonical\" href=\"https:\/\/www.avistahideawayphuketresort.com\/es\/best-restaurants-in-phuket-patong\/chiva-pool-bar-phuket\/\" \/>\n<meta property=\"og:locale\" content=\"es_ES\" \/>\n<meta property=\"og:type\" content=\"article\" \/>\n<meta property=\"og:title\" content=\"Chiva Pool Bar | Avista Hideaway Phuket Patong - MGallery\" \/>\n<meta property=\"og:description\" content=\"Refresh yourself by the pool and enjoy the delicious selection of food and drinks! Laze the day away at Chiva Pool Bar @ Avista Hideaway Phuket Patong.\" \/>\n<meta property=\"og:url\" content=\"https:\/\/www.avistahideawayphuketresort.com\/es\/best-restaurants-in-phuket-patong\/chiva-pool-bar-phuket\/\" \/>\n<meta property=\"og:site_name\" content=\"Avista Hideaway Phuket Patong\" \/>\n<meta property=\"article:modified_time\" content=\"2023-07-04T05:27:16+00:00\" \/>\n<meta name=\"twitter:card\" content=\"summary_large_image\" \/>\n<meta name=\"twitter:label1\" content=\"Tiempo de lectura\" \/>\n\t<meta name=\"twitter:data1\" content=\"1 minuto\" \/>\n<script type=\"application\/ld+json\" class=\"yoast-schema-graph\">{\"@context\":\"https:\/\/schema.org\",\"@graph\":[{\"@type\":\"WebPage\",\"@id\":\"https:\/\/www.avistahideawayphuketresort.com\/es\/best-restaurants-in-phuket-patong\/chiva-pool-bar-phuket\/\",\"url\":\"https:\/\/www.avistahideawayphuketresort.com\/es\/best-restaurants-in-phuket-patong\/chiva-pool-bar-phuket\/\",\"name\":\"Chiva Pool Bar | Avista Hideaway Phuket Patong - MGallery\",\"isPartOf\":{\"@id\":\"https:\/\/www.avistahideawayphuketresort.com\/#website\"},\"datePublished\":\"2023-05-02T04:16:36+00:00\",\"dateModified\":\"2023-07-04T05:27:16+00:00\",\"description\":\"Refresh yourself by the pool and enjoy the delicious selection of food and drinks! Laze the day away at Chiva Pool Bar @ Avista Hideaway Phuket Patong.\",\"breadcrumb\":{\"@id\":\"https:\/\/www.avistahideawayphuketresort.com\/es\/best-restaurants-in-phuket-patong\/chiva-pool-bar-phuket\/#breadcrumb\"},\"inLanguage\":\"es\",\"potentialAction\":[{\"@type\":\"ReadAction\",\"target\":[\"https:\/\/www.avistahideawayphuketresort.com\/es\/best-restaurants-in-phuket-patong\/chiva-pool-bar-phuket\/\"]}]},{\"@type\":\"BreadcrumbList\",\"@id\":\"https:\/\/www.avistahideawayphuketresort.com\/es\/best-restaurants-in-phuket-patong\/chiva-pool-bar-phuket\/#breadcrumb\",\"itemListElement\":[{\"@type\":\"ListItem\",\"position\":1,\"name\":\"Home\",\"item\":\"https:\/\/www.avistahideawayphuketresort.com\/es\/\"},{\"@type\":\"ListItem\",\"position\":2,\"name\":\"Restaurantes &#038; Bares\",\"item\":\"https:\/\/www.avistahideawayphuketresort.com\/es\/best-restaurants-in-phuket-patong\/\"},{\"@type\":\"ListItem\",\"position\":3,\"name\":\"CHIVA POOL BAR\"}]},{\"@type\":\"WebSite\",\"@id\":\"https:\/\/www.avistahideawayphuketresort.com\/#website\",\"url\":\"https:\/\/www.avistahideawayphuketresort.com\/\",\"name\":\"Avista Hideaway Phuket Patong\",\"description\":\"\",\"potentialAction\":[{\"@type\":\"SearchAction\",\"target\":{\"@type\":\"EntryPoint\",\"urlTemplate\":\"https:\/\/www.avistahideawayphuketresort.com\/?s={search_term_string}\"},\"query-input\":{\"@type\":\"PropertyValueSpecification\",\"valueRequired\":true,\"valueName\":\"search_term_string\"}}],\"inLanguage\":\"es\"}]}<\/script>\n<!-- \/ Yoast SEO plugin. -->","yoast_head_json":{"title":"Chiva Pool Bar | Avista Hideaway Phuket Patong - MGallery","description":"Refresh yourself by the pool and enjoy the delicious selection of food and drinks! Laze the day away at Chiva Pool Bar @ Avista Hideaway Phuket Patong.","robots":{"index":"index","follow":"follow","max-snippet":"max-snippet:-1","max-image-preview":"max-image-preview:large","max-video-preview":"max-video-preview:-1"},"canonical":"https:\/\/www.avistahideawayphuketresort.com\/es\/best-restaurants-in-phuket-patong\/chiva-pool-bar-phuket\/","og_locale":"es_ES","og_type":"article","og_title":"Chiva Pool Bar | Avista Hideaway Phuket Patong - MGallery","og_description":"Refresh yourself by the pool and enjoy the delicious selection of food and drinks! Laze the day away at Chiva Pool Bar @ Avista Hideaway Phuket Patong.","og_url":"https:\/\/www.avistahideawayphuketresort.com\/es\/best-restaurants-in-phuket-patong\/chiva-pool-bar-phuket\/","og_site_name":"Avista Hideaway Phuket Patong","article_modified_time":"2023-07-04T05:27:16+00:00","twitter_card":"summary_large_image","twitter_misc":{"Tiempo de lectura":"1 minuto"},"schema":{"@context":"https:\/\/schema.org","@graph":[{"@type":"WebPage","@id":"https:\/\/www.avistahideawayphuketresort.com\/es\/best-restaurants-in-phuket-patong\/chiva-pool-bar-phuket\/","url":"https:\/\/www.avistahideawayphuketresort.com\/es\/best-restaurants-in-phuket-patong\/chiva-pool-bar-phuket\/","name":"Chiva Pool Bar | Avista Hideaway Phuket Patong - MGallery","isPartOf":{"@id":"https:\/\/www.avistahideawayphuketresort.com\/#website"},"datePublished":"2023-05-02T04:16:36+00:00","dateModified":"2023-07-04T05:27:16+00:00","description":"Refresh yourself by the pool and enjoy the delicious selection of food and drinks! Laze the day away at Chiva Pool Bar @ Avista Hideaway Phuket Patong.","breadcrumb":{"@id":"https:\/\/www.avistahideawayphuketresort.com\/es\/best-restaurants-in-phuket-patong\/chiva-pool-bar-phuket\/#breadcrumb"},"inLanguage":"es","potentialAction":[{"@type":"ReadAction","target":["https:\/\/www.avistahideawayphuketresort.com\/es\/best-restaurants-in-phuket-patong\/chiva-pool-bar-phuket\/"]}]},{"@type":"BreadcrumbList","@id":"https:\/\/www.avistahideawayphuketresort.com\/es\/best-restaurants-in-phuket-patong\/chiva-pool-bar-phuket\/#breadcrumb","itemListElement":[{"@type":"ListItem","position":1,"name":"Home","item":"https:\/\/www.avistahideawayphuketresort.com\/es\/"},{"@type":"ListItem","position":2,"name":"Restaurantes &#038; Bares","item":"https:\/\/www.avistahideawayphuketresort.com\/es\/best-restaurants-in-phuket-patong\/"},{"@type":"ListItem","position":3,"name":"CHIVA POOL BAR"}]},{"@type":"WebSite","@id":"https:\/\/www.avistahideawayphuketresort.com\/#website","url":"https:\/\/www.avistahideawayphuketresort.com\/","name":"Avista Hideaway Phuket Patong","description":"","potentialAction":[{"@type":"SearchAction","target":{"@type":"EntryPoint","urlTemplate":"https:\/\/www.avistahideawayphuketresort.com\/?s={search_term_string}"},"query-input":{"@type":"PropertyValueSpecification","valueRequired":true,"valueName":"search_term_string"}}],"inLanguage":"es"}]}},"_links":{"self":[{"href":"https:\/\/www.avistahideawayphuketresort.com\/es\/wp-json\/wp\/v2\/pages\/973","targetHints":{"allow":["GET"]}}],"collection":[{"href":"https:\/\/www.avistahideawayphuketresort.com\/es\/wp-json\/wp\/v2\/pages"}],"about":[{"href":"https:\/\/www.avistahideawayphuketresort.com\/es\/wp-json\/wp\/v2\/types\/page"}],"author":[{"embeddable":true,"href":"https:\/\/www.avistahideawayphuketresort.com\/es\/wp-json\/wp\/v2\/users\/55"}],"replies":[{"embeddable":true,"href":"https:\/\/www.avistahideawayphuketresort.com\/es\/wp-json\/wp\/v2\/comments?post=973"}],"version-history":[{"count":0,"href":"https:\/\/www.avistahideawayphuketresort.com\/es\/wp-json\/wp\/v2\/pages\/973\/revisions"}],"up":[{"embeddable":true,"href":"https:\/\/www.avistahideawayphuketresort.com\/es\/wp-json\/wp\/v2\/pages\/959"}],"wp:attachment":[{"href":"https:\/\/www.avistahideawayphuketresort.com\/es\/wp-json\/wp\/v2\/media?parent=973"}],"wp:term":[{"taxonomy":"category","embeddable":true,"href":"https:\/\/www.avistahideawayphuketresort.com\/es\/wp-json\/wp\/v2\/categories?post=973"}],"curies":[{"name":"wp","href":"https:\/\/api.w.org\/{rel}","templated":true}]}}