{"id":985,"date":"2023-05-02T04:21:53","date_gmt":"2023-05-02T04:21:53","guid":{"rendered":"https:\/\/www.avistahideawayphuketresort.com\/best-restaurants-in-phuket-patong\/rendez-vue-bar\/"},"modified":"2023-07-04T05:30:40","modified_gmt":"2023-07-04T05:30:40","slug":"rendez-vue-bar","status":"publish","type":"page","link":"https:\/\/www.avistahideawayphuketresort.com\/es\/best-restaurants-in-phuket-patong\/rendez-vue-bar\/","title":{"rendered":"Terraza Bar Rendez-Vue"},"content":{"rendered":"<p style=\"text-align: center;\">Un lugar donde el tiempo se detiene y los t\u00eate-\u00e0-t\u00eates se crean con momentos preciosos. Rendez-Vue Rooftop Bar se encuentra en el mejor lugar al atardecer en Avista Hideaway Phuket Patong. Cuando los colores en remolino del cielo forman un tel\u00f3n de fondo v\u00edvido para las impresionantes vistas de Phuket. Alejado del bullicio de los ruidos ca\u00f3ticos, este lugar se encuentra en el regazo de la naturaleza que ofrece lo mejor de ambos mundos, lo artificial y lo natural, solo para ti.<br \/>\nDisfruta de las horas felices, saborea c\u00f3cteles y del\u00e9itate con cl\u00e1sicos de pubs revisitados mientras presencias el espect\u00e1culo que se despliega ante ti. Adem\u00e1s, un ambiente acogedor e \u00edntimo reina en el bar. De hecho, los sillones de cuero y los muebles de madera bellamente elaborados le dan una sensaci\u00f3n relajada y sofisticada al lugar. La hora dorada del atardecer hace que este lugar parezca un trance, un magn\u00edfico deleite para tus ojos.<br \/>\nCreemos firmemente que las bebidas y la comida saben mejor cuando disfrutas de nuestras ofertas especiales con amigos y conversaciones. La armonizaci\u00f3n de entornos elegantes con una iluminaci\u00f3n sutil, un entorno sereno y el m\u00e1s alto nivel de servicios han convertido a este lugar en un favorito de muchos. Un lugar con un centro de alimentos y bebidas idiosincr\u00e1sico que se compromete a ofrecer lo mejor de su potencial a todos los segmentos de los clientes habituales.<\/p>\n","protected":false},"excerpt":{"rendered":"<p>Un lugar donde el tiempo se detiene y los t\u00eate-\u00e0-t\u00eates se crean con momentos preciosos. Rendez-Vue Rooftop Bar se encuentra en el mejor lugar al atardecer en Avista Hideaway Phuket Patong. Cuando los colores en remolino del cielo forman un tel\u00f3n de fondo v\u00edvido para las impresionantes vistas de Phuket. Alejado del bullicio de los [&hellip;]<\/p>\n","protected":false},"author":55,"featured_media":0,"parent":959,"menu_order":5,"comment_status":"closed","ping_status":"closed","template":"template-restaurant.php","meta":{"footnotes":""},"categories":[40],"class_list":["post-985","page","type-page","status-publish","hentry","category-bar-es"],"acf":[],"yoast_head":"<!-- This site is optimized with the Yoast SEO plugin v26.9 - https:\/\/yoast.com\/product\/yoast-seo-wordpress\/ -->\n<title>Rendez-Vue Rooftop Bar | Bar in Patong | Avista Hideaway Phuket Patong<\/title>\n<meta name=\"description\" content=\"Rendez-Vue, a Rooftop Bar is the signature bar of Avista Hideaway in Phuket Thailand. Sip your drink as you enjoy the best sunset view in Phuket Patong.\" \/>\n<meta name=\"robots\" content=\"index, follow, max-snippet:-1, max-image-preview:large, max-video-preview:-1\" \/>\n<link rel=\"canonical\" href=\"https:\/\/www.avistahideawayphuketresort.com\/es\/best-restaurants-in-phuket-patong\/rendez-vue-bar\/\" \/>\n<meta property=\"og:locale\" content=\"es_ES\" \/>\n<meta property=\"og:type\" content=\"article\" \/>\n<meta property=\"og:title\" content=\"Rendez-Vue Rooftop Bar | Bar in Patong | Avista Hideaway Phuket Patong\" \/>\n<meta property=\"og:description\" content=\"Rendez-Vue, a Rooftop Bar is the signature bar of Avista Hideaway in Phuket Thailand. Sip your drink as you enjoy the best sunset view in Phuket Patong.\" \/>\n<meta property=\"og:url\" content=\"https:\/\/www.avistahideawayphuketresort.com\/es\/best-restaurants-in-phuket-patong\/rendez-vue-bar\/\" \/>\n<meta property=\"og:site_name\" content=\"Avista Hideaway Phuket Patong\" \/>\n<meta property=\"article:modified_time\" content=\"2023-07-04T05:30:40+00:00\" \/>\n<meta name=\"twitter:card\" content=\"summary_large_image\" \/>\n<meta name=\"twitter:label1\" content=\"Tiempo de lectura\" \/>\n\t<meta name=\"twitter:data1\" content=\"1 minuto\" \/>\n<script type=\"application\/ld+json\" class=\"yoast-schema-graph\">{\"@context\":\"https:\/\/schema.org\",\"@graph\":[{\"@type\":\"WebPage\",\"@id\":\"https:\/\/www.avistahideawayphuketresort.com\/es\/best-restaurants-in-phuket-patong\/rendez-vue-bar\/\",\"url\":\"https:\/\/www.avistahideawayphuketresort.com\/es\/best-restaurants-in-phuket-patong\/rendez-vue-bar\/\",\"name\":\"Rendez-Vue Rooftop Bar | Bar in Patong | Avista Hideaway Phuket Patong\",\"isPartOf\":{\"@id\":\"https:\/\/www.avistahideawayphuketresort.com\/#website\"},\"datePublished\":\"2023-05-02T04:21:53+00:00\",\"dateModified\":\"2023-07-04T05:30:40+00:00\",\"description\":\"Rendez-Vue, a Rooftop Bar is the signature bar of Avista Hideaway in Phuket Thailand. Sip your drink as you enjoy the best sunset view in Phuket Patong.\",\"breadcrumb\":{\"@id\":\"https:\/\/www.avistahideawayphuketresort.com\/es\/best-restaurants-in-phuket-patong\/rendez-vue-bar\/#breadcrumb\"},\"inLanguage\":\"es\",\"potentialAction\":[{\"@type\":\"ReadAction\",\"target\":[\"https:\/\/www.avistahideawayphuketresort.com\/es\/best-restaurants-in-phuket-patong\/rendez-vue-bar\/\"]}]},{\"@type\":\"BreadcrumbList\",\"@id\":\"https:\/\/www.avistahideawayphuketresort.com\/es\/best-restaurants-in-phuket-patong\/rendez-vue-bar\/#breadcrumb\",\"itemListElement\":[{\"@type\":\"ListItem\",\"position\":1,\"name\":\"Home\",\"item\":\"https:\/\/www.avistahideawayphuketresort.com\/es\/\"},{\"@type\":\"ListItem\",\"position\":2,\"name\":\"Restaurantes &#038; Bares\",\"item\":\"https:\/\/www.avistahideawayphuketresort.com\/es\/best-restaurants-in-phuket-patong\/\"},{\"@type\":\"ListItem\",\"position\":3,\"name\":\"Terraza Bar Rendez-Vue\"}]},{\"@type\":\"WebSite\",\"@id\":\"https:\/\/www.avistahideawayphuketresort.com\/#website\",\"url\":\"https:\/\/www.avistahideawayphuketresort.com\/\",\"name\":\"Avista Hideaway Phuket Patong\",\"description\":\"\",\"potentialAction\":[{\"@type\":\"SearchAction\",\"target\":{\"@type\":\"EntryPoint\",\"urlTemplate\":\"https:\/\/www.avistahideawayphuketresort.com\/?s={search_term_string}\"},\"query-input\":{\"@type\":\"PropertyValueSpecification\",\"valueRequired\":true,\"valueName\":\"search_term_string\"}}],\"inLanguage\":\"es\"}]}<\/script>\n<!-- \/ Yoast SEO plugin. -->","yoast_head_json":{"title":"Rendez-Vue Rooftop Bar | Bar in Patong | Avista Hideaway Phuket Patong","description":"Rendez-Vue, a Rooftop Bar is the signature bar of Avista Hideaway in Phuket Thailand. Sip your drink as you enjoy the best sunset view in Phuket Patong.","robots":{"index":"index","follow":"follow","max-snippet":"max-snippet:-1","max-image-preview":"max-image-preview:large","max-video-preview":"max-video-preview:-1"},"canonical":"https:\/\/www.avistahideawayphuketresort.com\/es\/best-restaurants-in-phuket-patong\/rendez-vue-bar\/","og_locale":"es_ES","og_type":"article","og_title":"Rendez-Vue Rooftop Bar | Bar in Patong | Avista Hideaway Phuket Patong","og_description":"Rendez-Vue, a Rooftop Bar is the signature bar of Avista Hideaway in Phuket Thailand. Sip your drink as you enjoy the best sunset view in Phuket Patong.","og_url":"https:\/\/www.avistahideawayphuketresort.com\/es\/best-restaurants-in-phuket-patong\/rendez-vue-bar\/","og_site_name":"Avista Hideaway Phuket Patong","article_modified_time":"2023-07-04T05:30:40+00:00","twitter_card":"summary_large_image","twitter_misc":{"Tiempo de lectura":"1 minuto"},"schema":{"@context":"https:\/\/schema.org","@graph":[{"@type":"WebPage","@id":"https:\/\/www.avistahideawayphuketresort.com\/es\/best-restaurants-in-phuket-patong\/rendez-vue-bar\/","url":"https:\/\/www.avistahideawayphuketresort.com\/es\/best-restaurants-in-phuket-patong\/rendez-vue-bar\/","name":"Rendez-Vue Rooftop Bar | Bar in Patong | Avista Hideaway Phuket Patong","isPartOf":{"@id":"https:\/\/www.avistahideawayphuketresort.com\/#website"},"datePublished":"2023-05-02T04:21:53+00:00","dateModified":"2023-07-04T05:30:40+00:00","description":"Rendez-Vue, a Rooftop Bar is the signature bar of Avista Hideaway in Phuket Thailand. Sip your drink as you enjoy the best sunset view in Phuket Patong.","breadcrumb":{"@id":"https:\/\/www.avistahideawayphuketresort.com\/es\/best-restaurants-in-phuket-patong\/rendez-vue-bar\/#breadcrumb"},"inLanguage":"es","potentialAction":[{"@type":"ReadAction","target":["https:\/\/www.avistahideawayphuketresort.com\/es\/best-restaurants-in-phuket-patong\/rendez-vue-bar\/"]}]},{"@type":"BreadcrumbList","@id":"https:\/\/www.avistahideawayphuketresort.com\/es\/best-restaurants-in-phuket-patong\/rendez-vue-bar\/#breadcrumb","itemListElement":[{"@type":"ListItem","position":1,"name":"Home","item":"https:\/\/www.avistahideawayphuketresort.com\/es\/"},{"@type":"ListItem","position":2,"name":"Restaurantes &#038; Bares","item":"https:\/\/www.avistahideawayphuketresort.com\/es\/best-restaurants-in-phuket-patong\/"},{"@type":"ListItem","position":3,"name":"Terraza Bar Rendez-Vue"}]},{"@type":"WebSite","@id":"https:\/\/www.avistahideawayphuketresort.com\/#website","url":"https:\/\/www.avistahideawayphuketresort.com\/","name":"Avista Hideaway Phuket Patong","description":"","potentialAction":[{"@type":"SearchAction","target":{"@type":"EntryPoint","urlTemplate":"https:\/\/www.avistahideawayphuketresort.com\/?s={search_term_string}"},"query-input":{"@type":"PropertyValueSpecification","valueRequired":true,"valueName":"search_term_string"}}],"inLanguage":"es"}]}},"_links":{"self":[{"href":"https:\/\/www.avistahideawayphuketresort.com\/es\/wp-json\/wp\/v2\/pages\/985","targetHints":{"allow":["GET"]}}],"collection":[{"href":"https:\/\/www.avistahideawayphuketresort.com\/es\/wp-json\/wp\/v2\/pages"}],"about":[{"href":"https:\/\/www.avistahideawayphuketresort.com\/es\/wp-json\/wp\/v2\/types\/page"}],"author":[{"embeddable":true,"href":"https:\/\/www.avistahideawayphuketresort.com\/es\/wp-json\/wp\/v2\/users\/55"}],"replies":[{"embeddable":true,"href":"https:\/\/www.avistahideawayphuketresort.com\/es\/wp-json\/wp\/v2\/comments?post=985"}],"version-history":[{"count":0,"href":"https:\/\/www.avistahideawayphuketresort.com\/es\/wp-json\/wp\/v2\/pages\/985\/revisions"}],"up":[{"embeddable":true,"href":"https:\/\/www.avistahideawayphuketresort.com\/es\/wp-json\/wp\/v2\/pages\/959"}],"wp:attachment":[{"href":"https:\/\/www.avistahideawayphuketresort.com\/es\/wp-json\/wp\/v2\/media?parent=985"}],"wp:term":[{"taxonomy":"category","embeddable":true,"href":"https:\/\/www.avistahideawayphuketresort.com\/es\/wp-json\/wp\/v2\/categories?post=985"}],"curies":[{"name":"wp","href":"https:\/\/api.w.org\/{rel}","templated":true}]}}