{"id":994,"date":"2023-04-26T07:33:58","date_gmt":"2023-04-26T07:33:58","guid":{"rendered":"https:\/\/www.avistahideawayphuketresort.com\/accommodations-in-phuket-luxury\/deluxe-room-garden-view\/"},"modified":"2023-07-04T02:16:25","modified_gmt":"2023-07-04T02:16:25","slug":"deluxe-room-garden-view","status":"publish","type":"page","link":"https:\/\/www.avistahideawayphuketresort.com\/es\/accommodations-in-phuket-luxury\/deluxe-room-garden-view\/","title":{"rendered":"HABITACI\u00d3N DELUXE, VISTA AL JARD\u00cdN"},"content":{"rendered":"<p style=\"text-align: center;\">La Habitaci\u00f3n Deluxe con vista al jard\u00edn est\u00e1 elegantemente y lujosamente decorada. Con m\u00e1s de 55 metros cuadrados de amplio espacio habitable y una vista espectacular de la exuberante vegetaci\u00f3n circundante, esta habitaci\u00f3n ofrece una experiencia sensorial tranquila y natural, y cuenta con 1 cama king-size o 1 king y 1 queen. La iluminaci\u00f3n cuidadosa y el azul profundo y pac\u00edfico de sus paredes inspiran una sensaci\u00f3n singular de serenidad. Un muro de ventanas conduce a un balc\u00f3n privado que ofrece una vista estupenda que no tiene igual en ning\u00fan alojamiento de Patong. Revital\u00edzate en la ducha de lluvia o sum\u00e9rgete en la ba\u00f1era independiente y suave. Esta habitaci\u00f3n de 5 estrellas sin duda te brindar\u00e1 privacidad, comodidad y conveniencia para una estancia m\u00e1gica y memorable.<\/p>\n<p>\u00a1Benef\u00edciate de la mejor tarifa garantizada al reservar directamente! Disfruta de un 10% adicional en tu estancia con Accor ALL.<\/p>\n","protected":false},"excerpt":{"rendered":"<p>La Habitaci\u00f3n Deluxe con vista al jard\u00edn est\u00e1 elegantemente y lujosamente decorada. Con m\u00e1s de 55 metros cuadrados de amplio espacio habitable y una vista espectacular de la exuberante vegetaci\u00f3n circundante, esta habitaci\u00f3n ofrece una experiencia sensorial tranquila y natural, y cuenta con 1 cama king-size o 1 king y 1 queen. La iluminaci\u00f3n cuidadosa [&hellip;]<\/p>\n","protected":false},"author":55,"featured_media":0,"parent":990,"menu_order":1,"comment_status":"closed","ping_status":"closed","template":"template-room.php","meta":{"footnotes":""},"categories":[42],"class_list":["post-994","page","type-page","status-publish","hentry","category-rooms-es"],"acf":[],"yoast_head":"<!-- This site is optimized with the Yoast SEO plugin v26.9 - https:\/\/yoast.com\/product\/yoast-seo-wordpress\/ -->\n<title>HABITACI\u00d3N DELUXE, VISTA AL JARD\u00cdN - Avista Hideaway Phuket Patong<\/title>\n<meta name=\"robots\" content=\"index, follow, max-snippet:-1, max-image-preview:large, max-video-preview:-1\" \/>\n<link rel=\"canonical\" href=\"https:\/\/www.avistahideawayphuketresort.com\/es\/accommodations-in-phuket-luxury\/deluxe-room-garden-view\/\" \/>\n<meta property=\"og:locale\" content=\"es_ES\" \/>\n<meta property=\"og:type\" content=\"article\" \/>\n<meta property=\"og:title\" content=\"HABITACI\u00d3N DELUXE, VISTA AL JARD\u00cdN - Avista Hideaway Phuket Patong\" \/>\n<meta property=\"og:description\" content=\"La Habitaci\u00f3n Deluxe con vista al jard\u00edn est\u00e1 elegantemente y lujosamente decorada. Con m\u00e1s de 55 metros cuadrados de amplio espacio habitable y una vista espectacular de la exuberante vegetaci\u00f3n circundante, esta habitaci\u00f3n ofrece una experiencia sensorial tranquila y natural, y cuenta con 1 cama king-size o 1 king y 1 queen. La iluminaci\u00f3n cuidadosa [&hellip;]\" \/>\n<meta property=\"og:url\" content=\"https:\/\/www.avistahideawayphuketresort.com\/es\/accommodations-in-phuket-luxury\/deluxe-room-garden-view\/\" \/>\n<meta property=\"og:site_name\" content=\"Avista Hideaway Phuket Patong\" \/>\n<meta property=\"article:modified_time\" content=\"2023-07-04T02:16:25+00:00\" \/>\n<meta name=\"twitter:card\" content=\"summary_large_image\" \/>\n<meta name=\"twitter:label1\" content=\"Tiempo de lectura\" \/>\n\t<meta name=\"twitter:data1\" content=\"1 minuto\" \/>\n<script type=\"application\/ld+json\" class=\"yoast-schema-graph\">{\"@context\":\"https:\/\/schema.org\",\"@graph\":[{\"@type\":\"WebPage\",\"@id\":\"https:\/\/www.avistahideawayphuketresort.com\/es\/accommodations-in-phuket-luxury\/deluxe-room-garden-view\/\",\"url\":\"https:\/\/www.avistahideawayphuketresort.com\/es\/accommodations-in-phuket-luxury\/deluxe-room-garden-view\/\",\"name\":\"HABITACI\u00d3N DELUXE, VISTA AL JARD\u00cdN - Avista Hideaway Phuket Patong\",\"isPartOf\":{\"@id\":\"https:\/\/www.avistahideawayphuketresort.com\/#website\"},\"datePublished\":\"2023-04-26T07:33:58+00:00\",\"dateModified\":\"2023-07-04T02:16:25+00:00\",\"breadcrumb\":{\"@id\":\"https:\/\/www.avistahideawayphuketresort.com\/es\/accommodations-in-phuket-luxury\/deluxe-room-garden-view\/#breadcrumb\"},\"inLanguage\":\"es\",\"potentialAction\":[{\"@type\":\"ReadAction\",\"target\":[\"https:\/\/www.avistahideawayphuketresort.com\/es\/accommodations-in-phuket-luxury\/deluxe-room-garden-view\/\"]}]},{\"@type\":\"BreadcrumbList\",\"@id\":\"https:\/\/www.avistahideawayphuketresort.com\/es\/accommodations-in-phuket-luxury\/deluxe-room-garden-view\/#breadcrumb\",\"itemListElement\":[{\"@type\":\"ListItem\",\"position\":1,\"name\":\"Home\",\"item\":\"https:\/\/www.avistahideawayphuketresort.com\/es\/\"},{\"@type\":\"ListItem\",\"position\":2,\"name\":\"Habitaciones &#038; Suites\",\"item\":\"https:\/\/www.avistahideawayphuketresort.com\/es\/accommodations-in-phuket-luxury\/\"},{\"@type\":\"ListItem\",\"position\":3,\"name\":\"HABITACI\u00d3N DELUXE, VISTA AL JARD\u00cdN\"}]},{\"@type\":\"WebSite\",\"@id\":\"https:\/\/www.avistahideawayphuketresort.com\/#website\",\"url\":\"https:\/\/www.avistahideawayphuketresort.com\/\",\"name\":\"Avista Hideaway Phuket Patong\",\"description\":\"\",\"potentialAction\":[{\"@type\":\"SearchAction\",\"target\":{\"@type\":\"EntryPoint\",\"urlTemplate\":\"https:\/\/www.avistahideawayphuketresort.com\/?s={search_term_string}\"},\"query-input\":{\"@type\":\"PropertyValueSpecification\",\"valueRequired\":true,\"valueName\":\"search_term_string\"}}],\"inLanguage\":\"es\"}]}<\/script>\n<!-- \/ Yoast SEO plugin. -->","yoast_head_json":{"title":"HABITACI\u00d3N DELUXE, VISTA AL JARD\u00cdN - Avista Hideaway Phuket Patong","robots":{"index":"index","follow":"follow","max-snippet":"max-snippet:-1","max-image-preview":"max-image-preview:large","max-video-preview":"max-video-preview:-1"},"canonical":"https:\/\/www.avistahideawayphuketresort.com\/es\/accommodations-in-phuket-luxury\/deluxe-room-garden-view\/","og_locale":"es_ES","og_type":"article","og_title":"HABITACI\u00d3N DELUXE, VISTA AL JARD\u00cdN - Avista Hideaway Phuket Patong","og_description":"La Habitaci\u00f3n Deluxe con vista al jard\u00edn est\u00e1 elegantemente y lujosamente decorada. Con m\u00e1s de 55 metros cuadrados de amplio espacio habitable y una vista espectacular de la exuberante vegetaci\u00f3n circundante, esta habitaci\u00f3n ofrece una experiencia sensorial tranquila y natural, y cuenta con 1 cama king-size o 1 king y 1 queen. La iluminaci\u00f3n cuidadosa [&hellip;]","og_url":"https:\/\/www.avistahideawayphuketresort.com\/es\/accommodations-in-phuket-luxury\/deluxe-room-garden-view\/","og_site_name":"Avista Hideaway Phuket Patong","article_modified_time":"2023-07-04T02:16:25+00:00","twitter_card":"summary_large_image","twitter_misc":{"Tiempo de lectura":"1 minuto"},"schema":{"@context":"https:\/\/schema.org","@graph":[{"@type":"WebPage","@id":"https:\/\/www.avistahideawayphuketresort.com\/es\/accommodations-in-phuket-luxury\/deluxe-room-garden-view\/","url":"https:\/\/www.avistahideawayphuketresort.com\/es\/accommodations-in-phuket-luxury\/deluxe-room-garden-view\/","name":"HABITACI\u00d3N DELUXE, VISTA AL JARD\u00cdN - Avista Hideaway Phuket Patong","isPartOf":{"@id":"https:\/\/www.avistahideawayphuketresort.com\/#website"},"datePublished":"2023-04-26T07:33:58+00:00","dateModified":"2023-07-04T02:16:25+00:00","breadcrumb":{"@id":"https:\/\/www.avistahideawayphuketresort.com\/es\/accommodations-in-phuket-luxury\/deluxe-room-garden-view\/#breadcrumb"},"inLanguage":"es","potentialAction":[{"@type":"ReadAction","target":["https:\/\/www.avistahideawayphuketresort.com\/es\/accommodations-in-phuket-luxury\/deluxe-room-garden-view\/"]}]},{"@type":"BreadcrumbList","@id":"https:\/\/www.avistahideawayphuketresort.com\/es\/accommodations-in-phuket-luxury\/deluxe-room-garden-view\/#breadcrumb","itemListElement":[{"@type":"ListItem","position":1,"name":"Home","item":"https:\/\/www.avistahideawayphuketresort.com\/es\/"},{"@type":"ListItem","position":2,"name":"Habitaciones &#038; Suites","item":"https:\/\/www.avistahideawayphuketresort.com\/es\/accommodations-in-phuket-luxury\/"},{"@type":"ListItem","position":3,"name":"HABITACI\u00d3N DELUXE, VISTA AL JARD\u00cdN"}]},{"@type":"WebSite","@id":"https:\/\/www.avistahideawayphuketresort.com\/#website","url":"https:\/\/www.avistahideawayphuketresort.com\/","name":"Avista Hideaway Phuket Patong","description":"","potentialAction":[{"@type":"SearchAction","target":{"@type":"EntryPoint","urlTemplate":"https:\/\/www.avistahideawayphuketresort.com\/?s={search_term_string}"},"query-input":{"@type":"PropertyValueSpecification","valueRequired":true,"valueName":"search_term_string"}}],"inLanguage":"es"}]}},"_links":{"self":[{"href":"https:\/\/www.avistahideawayphuketresort.com\/es\/wp-json\/wp\/v2\/pages\/994","targetHints":{"allow":["GET"]}}],"collection":[{"href":"https:\/\/www.avistahideawayphuketresort.com\/es\/wp-json\/wp\/v2\/pages"}],"about":[{"href":"https:\/\/www.avistahideawayphuketresort.com\/es\/wp-json\/wp\/v2\/types\/page"}],"author":[{"embeddable":true,"href":"https:\/\/www.avistahideawayphuketresort.com\/es\/wp-json\/wp\/v2\/users\/55"}],"replies":[{"embeddable":true,"href":"https:\/\/www.avistahideawayphuketresort.com\/es\/wp-json\/wp\/v2\/comments?post=994"}],"version-history":[{"count":0,"href":"https:\/\/www.avistahideawayphuketresort.com\/es\/wp-json\/wp\/v2\/pages\/994\/revisions"}],"up":[{"embeddable":true,"href":"https:\/\/www.avistahideawayphuketresort.com\/es\/wp-json\/wp\/v2\/pages\/990"}],"wp:attachment":[{"href":"https:\/\/www.avistahideawayphuketresort.com\/es\/wp-json\/wp\/v2\/media?parent=994"}],"wp:term":[{"taxonomy":"category","embeddable":true,"href":"https:\/\/www.avistahideawayphuketresort.com\/es\/wp-json\/wp\/v2\/categories?post=994"}],"curies":[{"name":"wp","href":"https:\/\/api.w.org\/{rel}","templated":true}]}}